{"id":833,"date":"2024-12-09T07:53:43","date_gmt":"2024-12-09T07:53:43","guid":{"rendered":"https:\/\/africansecuritynetwork.org\/HSGO4\/?page_id=833"},"modified":"2025-09-25T18:33:09","modified_gmt":"2025-09-25T18:33:09","slug":"en-savoir-sur-la-rdc","status":"publish","type":"page","link":"https:\/\/africansecuritynetwork.org\/HSGO4\/index.php\/en-savoir-sur-la-rdc\/","title":{"rendered":"En savoir + sur la RDC"},"content":{"rendered":"\t\t<div data-elementor-type=\"wp-page\" data-elementor-id=\"833\" class=\"elementor elementor-833\" data-elementor-post-type=\"page\">\n\t\t\t\t<div class=\"elementor-element elementor-element-2bdc27d e-flex e-con-boxed e-con e-parent\" data-id=\"2bdc27d\" data-element_type=\"container\">\n\t\t\t\t\t<div class=\"e-con-inner\">\n\t\t\t\t<div class=\"elementor-element elementor-element-1527095 elementor-widget-divider--view-line elementor-widget elementor-widget-divider\" data-id=\"1527095\" data-element_type=\"widget\" data-widget_type=\"divider.default\">\n\t\t\t\t\t\t\t<div class=\"elementor-divider\">\n\t\t\t<span class=\"elementor-divider-separator\">\n\t\t\t\t\t\t<\/span>\n\t\t<\/div>\n\t\t\t\t\t\t<\/div>\n\t\t\t\t\t<\/div>\n\t\t\t\t<\/div>\n\t\t<div class=\"elementor-element elementor-element-e16b0fb e-flex e-con-boxed e-con e-parent\" data-id=\"e16b0fb\" data-element_type=\"container\">\n\t\t\t\t\t<div class=\"e-con-inner\">\n\t\t<div class=\"elementor-element elementor-element-f64ec0d e-con-full e-flex e-con e-child\" data-id=\"f64ec0d\" data-element_type=\"container\">\n\t\t\t\t<div class=\"elementor-element elementor-element-689025e elementor-widget elementor-widget-heading\" data-id=\"689025e\" data-element_type=\"widget\" data-widget_type=\"heading.default\">\n\t\t\t\t\t<h2 class=\"elementor-heading-title elementor-size-default\">En savoir + sur la RDC<\/h2>\t\t\t\t<\/div>\n\t\t\t\t<\/div>\n\t\t<div class=\"elementor-element elementor-element-f10505c e-con-full e-flex e-con e-child\" data-id=\"f10505c\" data-element_type=\"container\">\n\t\t\t\t<div class=\"elementor-element elementor-element-21f521a elementor-widget elementor-widget-image\" data-id=\"21f521a\" data-element_type=\"widget\" data-widget_type=\"image.default\">\n\t\t\t\t\t\t\t\t\t\t\t\t\t\t\t<img fetchpriority=\"high\" decoding=\"async\" width=\"800\" height=\"534\" src=\"https:\/\/africansecuritynetwork.org\/HSGO4\/wp-content\/uploads\/2024\/12\/FlagRDC-1024x683.jpg\" class=\"attachment-large size-large wp-image-162\" alt=\"\" srcset=\"https:\/\/africansecuritynetwork.org\/HSGO4\/wp-content\/uploads\/2024\/12\/FlagRDC-1024x683.jpg 1024w, https:\/\/africansecuritynetwork.org\/HSGO4\/wp-content\/uploads\/2024\/12\/FlagRDC-300x200.jpg 300w, https:\/\/africansecuritynetwork.org\/HSGO4\/wp-content\/uploads\/2024\/12\/FlagRDC-768x512.jpg 768w, https:\/\/africansecuritynetwork.org\/HSGO4\/wp-content\/uploads\/2024\/12\/FlagRDC.jpg 1200w\" sizes=\"(max-width: 800px) 100vw, 800px\" \/>\t\t\t\t\t\t\t\t\t\t\t\t\t\t\t<\/div>\n\t\t\t\t<\/div>\n\t\t\t\t\t<\/div>\n\t\t\t\t<\/div>\n\t\t<div class=\"elementor-element elementor-element-801fe1c e-flex e-con-boxed e-con e-parent\" data-id=\"801fe1c\" data-element_type=\"container\" data-settings=\"{&quot;background_background&quot;:&quot;classic&quot;}\">\n\t\t\t\t\t<div class=\"e-con-inner\">\n\t\t\t\t<div class=\"elementor-element elementor-element-656121c elementor-align-justify elementor-widget elementor-widget-button\" data-id=\"656121c\" data-element_type=\"widget\" data-widget_type=\"button.default\">\n\t\t\t\t\t\t\t\t\t\t<a class=\"elementor-button elementor-button-link elementor-size-sm\" href=\"https:\/\/africansecuritynetwork.org\/HSGO4\/index.php\/rdc\/\">\n\t\t\t\t\t\t<span class=\"elementor-button-content-wrapper\">\n\t\t\t\t\t\t\t\t\t<span class=\"elementor-button-text\">| retour  |<\/span>\n\t\t\t\t\t<\/span>\n\t\t\t\t\t<\/a>\n\t\t\t\t\t\t\t\t<\/div>\n\t\t\t\t\t<\/div>\n\t\t\t\t<\/div>\n\t\t<div class=\"elementor-element elementor-element-44aa2e3 e-flex e-con-boxed e-con e-parent\" data-id=\"44aa2e3\" data-element_type=\"container\">\n\t\t\t\t\t<div class=\"e-con-inner\">\n\t\t\t\t<div class=\"elementor-element elementor-element-c7321e9 elementor-widget elementor-widget-text-editor\" data-id=\"c7321e9\" data-element_type=\"widget\" data-widget_type=\"text-editor.default\">\n\t\t\t\t\t\t\t\t\t<h5><strong>En savoir + sur la RDC<\/strong><\/h5>\t\t\t\t\t\t\t\t<\/div>\n\t\t\t\t\t<\/div>\n\t\t\t\t<\/div>\n\t\t<div class=\"elementor-element elementor-element-cd03749 e-flex e-con-boxed e-con e-parent\" data-id=\"cd03749\" data-element_type=\"container\">\n\t\t\t\t\t<div class=\"e-con-inner\">\n\t\t\t\t<div class=\"elementor-element elementor-element-ea71fd1 elementor-widget elementor-widget-image\" data-id=\"ea71fd1\" data-element_type=\"widget\" data-widget_type=\"image.default\">\n\t\t\t\t\t\t\t\t\t\t\t\t\t\t\t<img decoding=\"async\" width=\"400\" height=\"378\" src=\"https:\/\/africansecuritynetwork.org\/HSGO4\/wp-content\/uploads\/2024\/12\/population-1.jpg\" class=\"attachment-large size-large wp-image-835\" alt=\"\" srcset=\"https:\/\/africansecuritynetwork.org\/HSGO4\/wp-content\/uploads\/2024\/12\/population-1.jpg 400w, https:\/\/africansecuritynetwork.org\/HSGO4\/wp-content\/uploads\/2024\/12\/population-1-300x284.jpg 300w\" sizes=\"(max-width: 400px) 100vw, 400px\" \/>\t\t\t\t\t\t\t\t\t\t\t\t\t\t\t<\/div>\n\t\t\t\t\t<\/div>\n\t\t\t\t<\/div>\n\t\t<div class=\"elementor-element elementor-element-3170196 e-flex e-con-boxed e-con e-parent\" data-id=\"3170196\" data-element_type=\"container\">\n\t\t\t\t\t<div class=\"e-con-inner\">\n\t\t<div class=\"elementor-element elementor-element-04422d6 e-con-full e-flex e-con e-child\" data-id=\"04422d6\" data-element_type=\"container\">\n\t\t\t\t<div class=\"elementor-element elementor-element-8a9e209 elementor-widget elementor-widget-video\" data-id=\"8a9e209\" data-element_type=\"widget\" data-settings=\"{&quot;youtube_url&quot;:&quot;https:\\\/\\\/youtu.be\\\/eaPg8hWLiRU?si=V2UdsQlJbT3kLgGx&quot;,&quot;video_type&quot;:&quot;youtube&quot;,&quot;controls&quot;:&quot;yes&quot;}\" data-widget_type=\"video.default\">\n\t\t\t\t\t\t\t<div class=\"elementor-wrapper elementor-open-inline\">\n\t\t\t<div class=\"elementor-video\"><\/div>\t\t<\/div>\n\t\t\t\t\t\t<\/div>\n\t\t\t\t<\/div>\n\t\t<div class=\"elementor-element elementor-element-4a68f6f e-con-full e-flex e-con e-child\" data-id=\"4a68f6f\" data-element_type=\"container\">\n\t\t\t\t<div class=\"elementor-element elementor-element-02510d2 elementor-widget elementor-widget-text-editor\" data-id=\"02510d2\" data-element_type=\"widget\" data-widget_type=\"text-editor.default\">\n\t\t\t\t\t\t\t\t\t<p><span style=\"color: #131313; font-family: arial, sans-serif; font-size: small; white-space-collapse: preserve;\">Plong\u00e9e in\u00e9dite dans l\u2019\u00e9volution de l\u2019arm\u00e9e congolaise depuis la fin de la Deuxi\u00e8me guerre du Congo jusqu\u2019\u00e0 aujourd\u2019hui. Comment les FARDC ont-elles \u00e9t\u00e9 form\u00e9es apr\u00e8s le chaos ? Quel r\u00f4le ont jou\u00e9 les r\u00e9bellions du CNDP, du M23 ou encore les ADF affili\u00e9s \u00e0 l\u2019\u00c9tat islamique ? Pourquoi l\u2019arm\u00e9e peine-t-elle \u00e0 s\u00e9curiser l\u2019est du pays malgr\u00e9 l\u2019\u00e9tat de si\u00e8ge d\u00e9cr\u00e9t\u00e9 en 2021 ? <\/span><\/p><p><span style=\"color: #131313; font-family: arial, sans-serif; font-size: small; white-space-collapse: preserve;\">Dans cette vid\u00e9o r\u00e9alis\u00e9e dans le cadre de <\/span><b style=\"color: #131313; font-family: arial, sans-serif; font-size: small; white-space-collapse: preserve;\">notre<\/b> <b style=\"color: #131313; font-family: arial, sans-serif; font-size: small; white-space-collapse: preserve;\">partenariat avec Dunia Kongo Media<\/b><span style=\"color: #131313; font-family: arial, sans-serif; font-size: small; white-space-collapse: preserve;\">, on explore : <\/span><\/p><p><img decoding=\"async\" class=\"an1\" style=\"height: 1.2em; width: 1.2em; vertical-align: middle; color: #131313; font-family: arial, sans-serif; font-size: small; white-space-collapse: preserve;\" draggable=\"false\" src=\"https:\/\/fonts.gstatic.com\/s\/e\/notoemoji\/16.0\/2694_fe0f\/32.png\" alt=\"\u2694\ufe0f\" data-emoji=\"\u2694\ufe0f\" aria-label=\"\u2694\ufe0f\" \/><span style=\"color: #131313; font-family: arial, sans-serif; font-size: small; white-space-collapse: preserve;\"> Le processus de brassage et l\u2019unification rat\u00e9e des ex-rebelles,<\/span><\/p><p><img decoding=\"async\" class=\"an1\" style=\"height: 1.2em; width: 1.2em; vertical-align: middle; color: #131313; font-family: arial, sans-serif; font-size: small; white-space-collapse: preserve;\" draggable=\"false\" src=\"https:\/\/fonts.gstatic.com\/s\/e\/notoemoji\/16.0\/1f3f4_200d_2620_fe0f\/32.png\" alt=\"\ud83c\udff4\u200d\u2620\ufe0f\" data-emoji=\"\ud83c\udff4\u200d\u2620\ufe0f\" aria-label=\"\ud83c\udff4\u200d\u2620\ufe0f\" \/><span style=\"color: #131313; font-family: arial, sans-serif; font-size: small; white-space-collapse: preserve;\"> Les combats contre le CNDP, le M23, les ADF et la CODECO, <\/span><\/p><p><img decoding=\"async\" class=\"an1\" style=\"height: 1.2em; width: 1.2em; vertical-align: middle; color: #131313; font-family: arial, sans-serif; font-size: small; white-space-collapse: preserve;\" draggable=\"false\" src=\"https:\/\/fonts.gstatic.com\/s\/e\/notoemoji\/16.0\/1f4b0\/32.png\" alt=\"\ud83d\udcb0\" data-emoji=\"\ud83d\udcb0\" aria-label=\"\ud83d\udcb0\" \/><span style=\"color: #131313; font-family: arial, sans-serif; font-size: small; white-space-collapse: preserve;\"> Les enjeux de corruption, des mines militaris\u00e9es et du non-paiement des soldats, <\/span><\/p><p><img decoding=\"async\" class=\"an1\" style=\"height: 1.2em; width: 1.2em; vertical-align: middle; color: #131313; font-family: arial, sans-serif; font-size: small; white-space-collapse: preserve;\" draggable=\"false\" src=\"https:\/\/fonts.gstatic.com\/s\/e\/notoemoji\/16.0\/1f396_fe0f\/32.png\" alt=\"\ud83c\udf96\ufe0f\" data-emoji=\"\ud83c\udf96\ufe0f\" aria-label=\"\ud83c\udf96\ufe0f\" \/><span style=\"color: #131313; font-family: arial, sans-serif; font-size: small; white-space-collapse: preserve;\"> Le r\u00f4le d\u2019officiers cl\u00e9s comme Mamadou Ndala, Lucien Bahuma, et Mbuza Mabe<\/span><\/p><p><img decoding=\"async\" class=\"an1\" style=\"height: 1.2em; width: 1.2em; vertical-align: middle; color: #131313; font-family: arial, sans-serif; font-size: small; white-space-collapse: preserve;\" draggable=\"false\" src=\"https:\/\/fonts.gstatic.com\/s\/e\/notoemoji\/16.0\/1f30d\/32.png\" alt=\"\ud83c\udf0d\" data-emoji=\"\ud83c\udf0d\" aria-label=\"\ud83c\udf0d\" \/><span style=\"color: #131313; font-family: arial, sans-serif; font-size: small; white-space-collapse: preserve;\"> Les partenariats militaires avec la Chine, les USA, l\u2019Afrique du Sud\u2026 <\/span><\/p><p><img decoding=\"async\" class=\"an1\" style=\"height: 1.2em; width: 1.2em; vertical-align: middle; color: #131313; font-family: arial, sans-serif; font-size: small; white-space-collapse: preserve;\" draggable=\"false\" src=\"https:\/\/fonts.gstatic.com\/s\/e\/notoemoji\/16.0\/1f9ed\/32.png\" alt=\"\ud83e\udded\" data-emoji=\"\ud83e\udded\" aria-label=\"\ud83e\udded\" \/><span style=\"color: #131313; font-family: arial, sans-serif; font-size: small; white-space-collapse: preserve;\"> L&#8217;organisation des FARDC : zones de d\u00e9fense, r\u00e9gions militaires, centres d\u2019instruction <\/span><\/p><p><img decoding=\"async\" class=\"an1\" style=\"height: 1.2em; width: 1.2em; vertical-align: middle; color: #131313; font-family: arial, sans-serif; font-size: small; white-space-collapse: preserve;\" draggable=\"false\" src=\"https:\/\/fonts.gstatic.com\/s\/e\/notoemoji\/16.0\/1f449_1f3fe\/32.png\" alt=\"\ud83d\udc49\ud83c\udffe\" data-emoji=\"\ud83d\udc49\ud83c\udffe\" aria-label=\"\ud83d\udc49\ud83c\udffe\" \/><span style=\"color: #131313; font-family: arial, sans-serif; font-size: small; white-space-collapse: preserve;\"> Une analyse claire, document\u00e9e et sans langue de bois sur les failles, les espoirs, et les d\u00e9fis d\u2019une arm\u00e9e au c\u0153ur de tous les conflits de la RDC.<\/span><\/p>\t\t\t\t\t\t\t\t<\/div>\n\t\t\t\t<\/div>\n\t\t\t\t\t<\/div>\n\t\t\t\t<\/div>\n\t\t<div class=\"elementor-element elementor-element-5c8b69b e-flex e-con-boxed e-con e-parent\" data-id=\"5c8b69b\" data-element_type=\"container\">\n\t\t\t\t\t<div class=\"e-con-inner\">\n\t\t\t\t<div class=\"elementor-element elementor-element-ef0fe3b elementor-widget elementor-widget-text-editor\" data-id=\"ef0fe3b\" data-element_type=\"widget\" data-widget_type=\"text-editor.default\">\n\t\t\t\t\t\t\t\t\t<h5 class=\"p1\"><b>Population<\/b><\/h5><p class=\"p2\">La R\u00e9publique d\u00e9mocratique du Congo [RDC] est un pays d&#8217;Afrique centrale. Elle compte environ 99 millions d&#8217;habitants en 2023 et est le troisi\u00e8me pays le plus peupl\u00e9 d&#8217;Afrique (derri\u00e8re le Nigeria et l&#8217;\u00c9thiopie), ainsi que le pays francophone le plus peupl\u00e9.<\/p><p class=\"p2\">La R\u00e9publique d\u00e9mocratique du Congo couvre \u00e0 elle seule 62 % des for\u00eats du Bassin du Congo. Reconnu comme l&#8217;un des grands poumons de la plan\u00e8te, ce bassin fait r\u00e9guli\u00e8rement l&#8217;objet de sommets internationaux plaidant pour sa pr\u00e9servation. \u00a0<\/p><p class=\"p2\">La densit\u00e9 de sa population est comparable \u00e0 la moyenne africaine. La population se concentre sur les plateaux, dans la savane pr\u00e8s des fleuves et des lacs ; le Nord et le centre du pays, domaine de la jungle, sont quasiment vides. L&#8217;exode rural a gonfl\u00e9 les villes.<\/p><p class=\"p2\">Les plus grandes agglom\u00e9rations sont : Kinshasa, Lubumbashi, Mbujimayi, Kisangani, Bukavu. La population est caract\u00e9ris\u00e9e par sa grande jeunesse, 60 % des habitants ont moins de 20 ans, l&#8217;\u00e2ge m\u00e9dian est de 17 ans. \u00a0Les plus grandes agglom\u00e9rations sont : Kinshasa, Lubumbashi, Mbujimayi, Kisangani, Bukavu. La population est caract\u00e9ris\u00e9e par sa grande jeunesse, 60 % des habitants ont moins de 20 ans, l&#8217;\u00e2ge m\u00e9dian est de 17 ans. \u00a0<\/p><p class=\"p2\">La R\u00e9publique d\u00e9mocratique du Congo dispose de 450 tribus et de 4 langues nationales, \u00e0 savoir le Lingala, le Tshiluba, le Kikongo et le swahili. Le fran\u00e7ais est la langue officielle [langue de travail]. \u00a0<\/p><p class=\"p1\"><b>\u00a0<\/b><\/p><h5 class=\"p1\"><b>ECONOMIE\u00a0<\/b><\/h5><p class=\"p2\">L&#8217;\u00e9conomie est essentiellement agricole (70 % des actifs) ou tourn\u00e9e vers l&#8217;exportation. La majeure partie de la population reste active dans l\u2019agriculture bien que les terres cultiv\u00e9es ne repr\u00e9sentent que 3 % du territoire. Les principales ressources agricoles sont le caf\u00e9, le bois (afrormosia, \u00e9b\u00e8ne, weng\u00e9, iroko, sapelli, sipro, tiama, tola, kambala, lifaki\u2026) et le caoutchouc\u00a0<\/p><p class=\"p2\">Les minerais sont d\u2019importantes ressources de l\u2019\u00e9conomie. Dans le d\u00e9tail, la R\u00e9publique d\u00e9mocratique du Congo poss\u00e8de un important potentiel de ressources naturelles et min\u00e9rales. Son \u00e9conomie s\u2019est cependant drastiquement ralentie depuis le milieu des ann\u00e9es 1980 \u00e0 cause de d\u00e9tournements de fonds. Ce qui explique le fort taux de contrebande, d&#8217;exportation illicite et d&#8217;activit\u00e9 mini\u00e8re clandestine. Les recettes gouvernementales et les exportations ont fortement diminu\u00e9 depuis 40 ans. L&#8217;\u00e9conomie a \u00e9t\u00e9 ravag\u00e9e par la guerre (1997-2005 : 5 millions de morts). Le plus gros partenaire commercial est depuis 2010 la Chine (importation, exportation, cr\u00e9dit).\u00a0<\/p><p class=\"p2\">Depuis la colonisation belge, l\u2019\u00e9conomie est fortement tourn\u00e9e vers l\u2019exportation, notamment gr\u00e2ce aux produits miniers. Aucune industrie de pointe n\u2019a \u00e9t\u00e9 d\u00e9velopp\u00e9e par les colonisateurs ni par les gouvernements du Congo ind\u00e9pendant. Par exemple, le cuivre est extrait en grandes quantit\u00e9s, mais il doit \u00eatre export\u00e9 pour \u00eatre trait\u00e9, avant de revenir import\u00e9 sous des formes finies (c\u00e2bles, fils \u00e9lectriques\u2026). \u00a0<\/p><h5 class=\"p1\"><b>Histoire et cr\u00e9ation de l\u2019\u00c9tat de la RDC\u00a0<\/b><\/h5><p class=\"p2\">Le territoire devient la propri\u00e9t\u00e9 priv\u00e9e du roi des Belges L\u00e9opold II en 1885. Au cours des 23 ans suivants, le territoire est le lieu des atrocit\u00e9s g\u00e9n\u00e9ralis\u00e9es commises par les forces coloniales de L\u00e9opold qui forcent la population indig\u00e8ne \u00e0 produire le caoutchouc sauvage. Le territoire devient par la suite une colonie belge en 1908. Le pays obtient son ind\u00e9pendance en 1960 et est confront\u00e9 imm\u00e9diatement \u00e0 une s\u00e9rie de mouvements de s\u00e9cession qui aboutit \u00e0 la prise de pouvoir de Mobutu dans un coup d&#8217;\u00c9tat, le 24 novembre 1965. MOBUTU SESE SEKO rebaptise le pays le Za\u00efre, en 1971. \u00a0<\/p><p class=\"p2\">Dans les ann\u00e9es qui suivent la prise du pouvoir par le G\u00e9n\u00e9ral MOBUTU SESE SEKO, ce dernier entame, \u00e0 partir de 1972, une campagne d\u2019\u00ab authenticit\u00e9 \u00bb afin de maintenir sa popularit\u00e9. Le pays est renomm\u00e9 r\u00e9publique du Za\u00efre le 27 octobre 1971 d\u2019apr\u00e8s un mot local pour rivi\u00e8re, et portera ce nom jusqu\u2019en 1997. D\u00e8s lors il n\u2019y aura plus de confusion avec la \u00ab R\u00e9publique congolaise \u00bb voisine dont le nom va aussi \u00eatre modifi\u00e9 en \u00ab R\u00e9publique du Congo \u00bb, mais les deux r\u00e9publiques du Congo \u00e9taient g\u00e9n\u00e9ralement distingu\u00e9es par leur capitale : on parlait de Congo-L\u00e9opoldville et de Congo-Brazzaville. De m\u00eame, le fleuve Congo est rebaptis\u00e9 Za\u00efre et une nouvelle monnaie, le za\u00efre, divis\u00e9 en 100 makuta (singulier likuta), remplace le franc.\u00a0<\/p><p class=\"p2\">Les noms des personnes sont africanis\u00e9s. Le g\u00e9n\u00e9ral Mobutu prend le nom de MOBUTU SESE SEKO et oblige tous ses concitoyens \u00e0 supprimer les pr\u00e9noms \u00e0 connotation occidentale et \u00e0 rajouter un \u00ab postnom \u00bb. L\u2019abacost est promulgu\u00e9, interdisant le port de costumes occidentaux, et de nombreuses villes sont rebaptis\u00e9es. \u00a0<\/p><p class=\"p2\">C\u2019est \u00e0 l\u2019issue d\u2019une r\u00e9bellion, men\u00e9e par l\u2019Alliance de Forces D\u00e9mocratiques pour la Lib\u00e9ration du Congo-Kinshasa [AFDL], avec comme chef de file Laurent-D\u00e9sir\u00e9 KABILA, que le pays a repris \u2013 en mai 1997 \u2013 son ancienne appellation de R\u00e9publique d\u00e9mocratique du Congo.\u00a0<\/p>\t\t\t\t\t\t\t\t<\/div>\n\t\t\t\t<div class=\"elementor-element elementor-element-e132b80 elementor-widget elementor-widget-image\" data-id=\"e132b80\" data-element_type=\"widget\" data-widget_type=\"image.default\">\n\t\t\t\t\t\t\t\t\t\t\t\t\t\t\t<img decoding=\"async\" width=\"724\" height=\"1024\" src=\"https:\/\/africansecuritynetwork.org\/HSGO4\/wp-content\/uploads\/2024\/12\/Yellow-and-Blue-Business-Startup-Infographic-Poster-1-724x1024.jpg\" class=\"attachment-large size-large wp-image-846\" alt=\"\" srcset=\"https:\/\/africansecuritynetwork.org\/HSGO4\/wp-content\/uploads\/2024\/12\/Yellow-and-Blue-Business-Startup-Infographic-Poster-1-724x1024.jpg 724w, https:\/\/africansecuritynetwork.org\/HSGO4\/wp-content\/uploads\/2024\/12\/Yellow-and-Blue-Business-Startup-Infographic-Poster-1-212x300.jpg 212w, https:\/\/africansecuritynetwork.org\/HSGO4\/wp-content\/uploads\/2024\/12\/Yellow-and-Blue-Business-Startup-Infographic-Poster-1-768x1087.jpg 768w, https:\/\/africansecuritynetwork.org\/HSGO4\/wp-content\/uploads\/2024\/12\/Yellow-and-Blue-Business-Startup-Infographic-Poster-1-scaled.jpg 1809w\" sizes=\"(max-width: 724px) 100vw, 724px\" \/>\t\t\t\t\t\t\t\t\t\t\t\t\t\t\t<\/div>\n\t\t\t\t\t<\/div>\n\t\t\t\t<\/div>\n\t\t\t\t<\/div>\n\t\t","protected":false},"excerpt":{"rendered":"<p>En savoir + sur la RDC | retour | En savoir + sur la RDC https:\/\/youtu.be\/eaPg8hWLiRU?si=V2UdsQlJbT3kLgGx Plong\u00e9e in\u00e9dite dans l\u2019\u00e9volution de l\u2019arm\u00e9e congolaise depuis la fin de la Deuxi\u00e8me guerre du Congo jusqu\u2019\u00e0 aujourd\u2019hui. Comment les FARDC ont-elles \u00e9t\u00e9 form\u00e9es apr\u00e8s le chaos ? Quel r\u00f4le ont jou\u00e9 les r\u00e9bellions du CNDP, du M23 ou [&hellip;]<\/p>\n","protected":false},"author":1,"featured_media":0,"parent":0,"menu_order":0,"comment_status":"closed","ping_status":"closed","template":"elementor_header_footer","meta":{"footnotes":""},"class_list":["post-833","page","type-page","status-publish","hentry"],"aioseo_notices":[],"_links":{"self":[{"href":"https:\/\/africansecuritynetwork.org\/HSGO4\/index.php\/wp-json\/wp\/v2\/pages\/833","targetHints":{"allow":["GET"]}}],"collection":[{"href":"https:\/\/africansecuritynetwork.org\/HSGO4\/index.php\/wp-json\/wp\/v2\/pages"}],"about":[{"href":"https:\/\/africansecuritynetwork.org\/HSGO4\/index.php\/wp-json\/wp\/v2\/types\/page"}],"author":[{"embeddable":true,"href":"https:\/\/africansecuritynetwork.org\/HSGO4\/index.php\/wp-json\/wp\/v2\/users\/1"}],"replies":[{"embeddable":true,"href":"https:\/\/africansecuritynetwork.org\/HSGO4\/index.php\/wp-json\/wp\/v2\/comments?post=833"}],"version-history":[{"count":55,"href":"https:\/\/africansecuritynetwork.org\/HSGO4\/index.php\/wp-json\/wp\/v2\/pages\/833\/revisions"}],"predecessor-version":[{"id":5384,"href":"https:\/\/africansecuritynetwork.org\/HSGO4\/index.php\/wp-json\/wp\/v2\/pages\/833\/revisions\/5384"}],"wp:attachment":[{"href":"https:\/\/africansecuritynetwork.org\/HSGO4\/index.php\/wp-json\/wp\/v2\/media?parent=833"}],"curies":[{"name":"wp","href":"https:\/\/api.w.org\/{rel}","templated":true}]}}