{"id":8166,"date":"2026-04-21T17:35:09","date_gmt":"2026-04-21T17:35:09","guid":{"rendered":"https:\/\/africansecuritynetwork.org\/HSGO4\/?page_id=8166"},"modified":"2026-04-21T17:44:23","modified_gmt":"2026-04-21T17:44:23","slug":"al-shabaab-en-somalie","status":"publish","type":"page","link":"https:\/\/africansecuritynetwork.org\/HSGO4\/index.php\/al-shabaab-en-somalie\/","title":{"rendered":"Al-Shabaab en Somalie"},"content":{"rendered":"\t\t<div data-elementor-type=\"wp-page\" data-elementor-id=\"8166\" class=\"elementor elementor-8166\" data-elementor-post-type=\"page\">\n\t\t\t\t<div class=\"elementor-element elementor-element-2ffed6b e-flex e-con-boxed e-con e-parent\" data-id=\"2ffed6b\" data-element_type=\"container\">\n\t\t\t\t\t<div class=\"e-con-inner\">\n\t\t\t\t<div class=\"elementor-element elementor-element-be40ebe elementor-widget elementor-widget-elementskit-blog-posts\" data-id=\"be40ebe\" data-element_type=\"widget\" data-widget_type=\"elementskit-blog-posts.default\">\n\t\t\t\t\t<div class=\"ekit-wid-con\" >        <div id=\"post-items--be40ebe\" class=\"row post-items\">\n                    <div class=\"col-lg-6 col-md-6\">\n\n                                    <div class=\"elementskit-post-image-card\">\n                        <div class=\"elementskit-entry-header\">\n                                                            <a href=\"https:\/\/africansecuritynetwork.org\/HSGO4\/index.php\/2026\/04\/22\/episode-8-groupes-dissidents\/\" class=\"elementskit-entry-thumb\">\n                                    <img decoding=\"async\" src=\"https:\/\/africansecuritynetwork.org\/HSGO4\/wp-content\/uploads\/2026\/04\/Al-shabaab-episode-8_page-0001-1024x576.jpg\" alt=\"\u00c9pisode 8 : Groupes dissidents\">\n                                <\/a><!-- .elementskit-entry-thumb END -->\n                                                            \n                            \n\t\t\t\t\t\t\t\t\t\t\t\t\t<\/div><!-- .elementskit-entry-header END -->\n\n\t\t\t\t\t\t<div class=\"elementskit-post-body \">\n\t\t\t\t\t\t\t\n\t\t\t\t\t\t\t\t\t\t\t\t\t\t\t\t\t\t\t\t\t\t\t\t\t\t\t\t\t\t\n\t\t\t\t\t\t\t\t\n\t\t\t\t\t\t\t\t\t\t\t\t\t\t\t\t\t\t\t\t\t<h2 class=\"entry-title\">\n\t\t\t\t\t<a href=\"https:\/\/africansecuritynetwork.org\/HSGO4\/index.php\/2026\/04\/22\/episode-8-groupes-dissidents\/\">\n\t\t\t\t\t\t\u00c9pisode 8 : Groupes dissidents\t\t\t\t\t<\/a>\n\t\t\t\t<\/h2>\n\t\t\t\t\t\t\t\t\t\t\t\t\t\t\t\t\t\t\t\t\t\t\t\t\t\t\t\t\t\t\t\t\t\t\t\t\t\t\t\t\t\t<p>Al-Shabaab, malgr\u00e9 son image de bloc monolithique, est travers\u00e9 par des tensions internes persistantes qui fragilisent sa coh\u00e9sion. Des rivalit\u00e9s historiques entre figures de la direction, aux dissensions actuelles entre l&#8217;\u00e9mir Diriye et le chef de l&#8217;Amniyat Karate sur la strat\u00e9gie \u00e0 adopter face aux offensives gouvernementales, en passant par les frictions claniques que l&#8217;id\u00e9ologie [&hellip;]<\/p>\n\t\t\t\t\t\t\t\t\t\t\t\t\t\t\t\t\t\t\t\t\t\t                                                            <div class=\"btn-wraper\">\n                                    \n                                                                            <a class=\"elementskit-btn whitespace--normal\" id=\"\" href=\"https:\/\/africansecuritynetwork.org\/HSGO4\/index.php\/2026\/04\/22\/episode-8-groupes-dissidents\/\">\n                                        \t                                            Learn more                                         <\/a>\n                                                                    <\/div>\n                                                    <\/div><!-- .elementskit-post-body END -->\n                    <\/div>\n                \n            <\/div>\n                    <div class=\"col-lg-6 col-md-6\">\n\n                                    <div class=\"elementskit-post-image-card\">\n                        <div class=\"elementskit-entry-header\">\n                                                            <a href=\"https:\/\/africansecuritynetwork.org\/HSGO4\/index.php\/2026\/04\/16\/episode-7-organigramme-dal-shabaab\/\" class=\"elementskit-entry-thumb\">\n                                    <img decoding=\"async\" src=\"https:\/\/africansecuritynetwork.org\/HSGO4\/wp-content\/uploads\/2026\/04\/Al-shabaab-episode-7-_page-0001-1024x576.jpg\" alt=\"\u00c9pisode 7: Organigramme D&#8217;Al-shabaab\">\n                                <\/a><!-- .elementskit-entry-thumb END -->\n                                                            \n                            \n\t\t\t\t\t\t\t\t\t\t\t\t\t<\/div><!-- .elementskit-entry-header END -->\n\n\t\t\t\t\t\t<div class=\"elementskit-post-body \">\n\t\t\t\t\t\t\t\n\t\t\t\t\t\t\t\t\t\t\t\t\t\t\t\t\t\t\t\t\t\t\t\t\t\t\t\t\t\t\n\t\t\t\t\t\t\t\t\n\t\t\t\t\t\t\t\t\t\t\t\t\t\t\t\t\t\t\t\t\t<h2 class=\"entry-title\">\n\t\t\t\t\t<a href=\"https:\/\/africansecuritynetwork.org\/HSGO4\/index.php\/2026\/04\/16\/episode-7-organigramme-dal-shabaab\/\">\n\t\t\t\t\t\t\u00c9pisode 7: Organigramme D&#8217;Al-shabaab\t\t\t\t\t<\/a>\n\t\t\t\t<\/h2>\n\t\t\t\t\t\t\t\t\t\t\t\t\t\t\t\t\t\t\t\t\t\t\t\t\t\t\t\t\t\t\t\t\t\t\t\t\t\t\t\t\t\t<p>Al-Shabaab dispose d&#8217;un r\u00e9seau de cadres et commandants aux profils vari\u00e9s, refl\u00e9tant la dimension \u00e0 la fois locale et transnationale du groupe. De l&#8217;\u00e9mir Abu Ubaidah et du chef de l&#8217;Amniyat Mahad Karate au sommet, jusqu&#8217;aux \u00e9mirs r\u00e9gionaux, collecteurs de zakat et commandants de la Hisbah sur le terrain, chaque figure occupe une fonction pr\u00e9cise [&hellip;]<\/p>\n\t\t\t\t\t\t\t\t\t\t\t\t\t\t\t\t\t\t\t\t\t\t                                                            <div class=\"btn-wraper\">\n                                    \n                                                                            <a class=\"elementskit-btn whitespace--normal\" id=\"\" href=\"https:\/\/africansecuritynetwork.org\/HSGO4\/index.php\/2026\/04\/16\/episode-7-organigramme-dal-shabaab\/\">\n                                        \t                                            Learn more                                         <\/a>\n                                                                    <\/div>\n                                                    <\/div><!-- .elementskit-post-body END -->\n                    <\/div>\n                \n            <\/div>\n                    <div class=\"col-lg-6 col-md-6\">\n\n                                    <div class=\"elementskit-post-image-card\">\n                        <div class=\"elementskit-entry-header\">\n                                                            <a href=\"https:\/\/africansecuritynetwork.org\/HSGO4\/index.php\/2026\/04\/09\/episode-6-les-departements-internes-dal-shabaab-comment-fonctionne-le-groupe\/\" class=\"elementskit-entry-thumb\">\n                                    <img decoding=\"async\" src=\"https:\/\/africansecuritynetwork.org\/HSGO4\/wp-content\/uploads\/2026\/04\/Al-Shabaab-6_page-0001-e1775752682871-977x1024.jpg\" alt=\"\u00c9pisode 6 : les d\u00e9partements internes d&#8217;Al-Shabaab :\u00a0comment fonctionne le groupe ?\u00a0\">\n                                <\/a><!-- .elementskit-entry-thumb END -->\n                                                            \n                            \n\t\t\t\t\t\t\t\t\t\t\t\t\t<\/div><!-- .elementskit-entry-header END -->\n\n\t\t\t\t\t\t<div class=\"elementskit-post-body \">\n\t\t\t\t\t\t\t\n\t\t\t\t\t\t\t\t\t\t\t\t\t\t\t\t\t\t\t\t\t\t\t\t\t\t\t\t\t\t\n\t\t\t\t\t\t\t\t\n\t\t\t\t\t\t\t\t\t\t\t\t\t\t\t\t\t\t\t\t\t<h2 class=\"entry-title\">\n\t\t\t\t\t<a href=\"https:\/\/africansecuritynetwork.org\/HSGO4\/index.php\/2026\/04\/09\/episode-6-les-departements-internes-dal-shabaab-comment-fonctionne-le-groupe\/\">\n\t\t\t\t\t\t\u00c9pisode 6 : les d\u00e9partements internes d&#8217;Al-Shabaab :\u00a0comment fonctionne le groupe ?\u00a0\t\t\t\t\t<\/a>\n\t\t\t\t<\/h2>\n\t\t\t\t\t\t\t\t\t\t\t\t\t\t\t\t\t\t\t\t\t\t\t\t\t\t\t\t\t\t\t\t\t\t\t\t\t\t\t\t\t\t<p>Al-Shabaab s&#8217;appuie sur un ensemble de d\u00e9partements internes \u2014 les Makhtab \u2014 qui structurent l&#8217;ensemble de ses fonctions, des op\u00e9rations militaires \u00e0 la gouvernance civile, en passant par le renseignement et l&#8217;endoctrinement. Du Jabhat, charg\u00e9 de la planification des op\u00e9rations militaires, au Sanaaca, responsable de la fabrication d&#8217;engins explosifs, en passant par le Da&#8217;wa pour [&hellip;]<\/p>\n\t\t\t\t\t\t\t\t\t\t\t\t\t\t\t\t\t\t\t\t\t\t                                                            <div class=\"btn-wraper\">\n                                    \n                                                                            <a class=\"elementskit-btn whitespace--normal\" id=\"\" href=\"https:\/\/africansecuritynetwork.org\/HSGO4\/index.php\/2026\/04\/09\/episode-6-les-departements-internes-dal-shabaab-comment-fonctionne-le-groupe\/\">\n                                        \t                                            Learn more                                         <\/a>\n                                                                    <\/div>\n                                                    <\/div><!-- .elementskit-post-body END -->\n                    <\/div>\n                \n            <\/div>\n                    <div class=\"col-lg-6 col-md-6\">\n\n                                    <div class=\"elementskit-post-image-card\">\n                        <div class=\"elementskit-entry-header\">\n                                                            <a href=\"https:\/\/africansecuritynetwork.org\/HSGO4\/index.php\/2026\/04\/02\/episode-5-la-structure-de-commandement-dal-shabaab-qui-dirige-le-groupe\/\" class=\"elementskit-entry-thumb\">\n                                    <img decoding=\"async\" src=\"https:\/\/africansecuritynetwork.org\/HSGO4\/wp-content\/uploads\/2026\/04\/Al-Shabaab-5-1024x724.png\" alt=\"\u00c9pisode 5 : La structure de commandement d\u2019Al-Shabaab : Qui dirige le groupe ?\">\n                                <\/a><!-- .elementskit-entry-thumb END -->\n                                                            \n                            \n\t\t\t\t\t\t\t\t\t\t\t\t\t<\/div><!-- .elementskit-entry-header END -->\n\n\t\t\t\t\t\t<div class=\"elementskit-post-body \">\n\t\t\t\t\t\t\t\n\t\t\t\t\t\t\t\t\t\t\t\t\t\t\t\t\t\t\t\t\t\t\t\t\t\t\t\t\t\t\n\t\t\t\t\t\t\t\t\n\t\t\t\t\t\t\t\t\t\t\t\t\t\t\t\t\t\t\t\t\t<h2 class=\"entry-title\">\n\t\t\t\t\t<a href=\"https:\/\/africansecuritynetwork.org\/HSGO4\/index.php\/2026\/04\/02\/episode-5-la-structure-de-commandement-dal-shabaab-qui-dirige-le-groupe\/\">\n\t\t\t\t\t\t\u00c9pisode 5 : La structure de commandement d\u2019Al-Shabaab : Qui dirige le groupe ?\t\t\t\t\t<\/a>\n\t\t\t\t<\/h2>\n\t\t\t\t\t\t\t\t\t\t\t\t\t\t\t\t\t\t\t\t\t\t\t\t\t\t\t\t\t\t\t\t\t\t\t\t\t\t\t\t\t\t<p>Al-Shabaab repose sur une structure de commandement hi\u00e9rarchis\u00e9e et d\u00e9lib\u00e9r\u00e9ment opaque, combinant centralisation id\u00e9ologique et d\u00e9centralisation op\u00e9rationnelle. \u00c0 sa t\u00eate, un \u00e9mir et un vice-\u00e9mir s&#8217;appuient sur deux instances compl\u00e9mentaires \u2014 le Conseil ex\u00e9cutif (Tanfid) et le Conseil consultatif (Shura) \u2014 pour superviser les d\u00e9cisions strat\u00e9giques et encadrer les commandants r\u00e9gionaux. Plusieurs cadres cl\u00e9s se [&hellip;]<\/p>\n\t\t\t\t\t\t\t\t\t\t\t\t\t\t\t\t\t\t\t\t\t\t                                                            <div class=\"btn-wraper\">\n                                    \n                                                                            <a class=\"elementskit-btn whitespace--normal\" id=\"\" href=\"https:\/\/africansecuritynetwork.org\/HSGO4\/index.php\/2026\/04\/02\/episode-5-la-structure-de-commandement-dal-shabaab-qui-dirige-le-groupe\/\">\n                                        \t                                            Learn more                                         <\/a>\n                                                                    <\/div>\n                                                    <\/div><!-- .elementskit-post-body END -->\n                    <\/div>\n                \n            <\/div>\n                    <div class=\"col-lg-6 col-md-6\">\n\n                                    <div class=\"elementskit-post-image-card\">\n                        <div class=\"elementskit-entry-header\">\n                                                            <a href=\"https:\/\/africansecuritynetwork.org\/HSGO4\/index.php\/2026\/03\/26\/episode-4-evolution-des-methodes-daction-dal-shabaab-2017-2025\/\" class=\"elementskit-entry-thumb\">\n                                    <img decoding=\"async\" src=\"https:\/\/africansecuritynetwork.org\/HSGO4\/wp-content\/uploads\/2026\/03\/Al-Shabaab-evolution-des-methodes-daction_page-0001-1024x724.jpg\" alt=\"\u00c9pisode 4 : \u00e9volution des m\u00e9thodes d&#8217;action d&#8217;Al-Shabaab : 2017\u20132025\">\n                                <\/a><!-- .elementskit-entry-thumb END -->\n                                                            \n                            \n\t\t\t\t\t\t\t\t\t\t\t\t\t<\/div><!-- .elementskit-entry-header END -->\n\n\t\t\t\t\t\t<div class=\"elementskit-post-body \">\n\t\t\t\t\t\t\t\n\t\t\t\t\t\t\t\t\t\t\t\t\t\t\t\t\t\t\t\t\t\t\t\t\t\t\t\t\t\t\n\t\t\t\t\t\t\t\t\n\t\t\t\t\t\t\t\t\t\t\t\t\t\t\t\t\t\t\t\t\t<h2 class=\"entry-title\">\n\t\t\t\t\t<a href=\"https:\/\/africansecuritynetwork.org\/HSGO4\/index.php\/2026\/03\/26\/episode-4-evolution-des-methodes-daction-dal-shabaab-2017-2025\/\">\n\t\t\t\t\t\t\u00c9pisode 4 : \u00e9volution des m\u00e9thodes d&#8217;action d&#8217;Al-Shabaab : 2017\u20132025\t\t\t\t\t<\/a>\n\t\t\t\t<\/h2>\n\t\t\t\t\t\t\t\t\t\t\t\t\t\t\t\t\t\t\t\t\t\t\t\t\t\t\t\t\t\t\t\t\t\t\t\t\t\t\t\t\t\t<p>Al-Shabaab fait preuve d&#8217;une capacit\u00e9 d&#8217;adaptation constante dans ses m\u00e9thodes d&#8217;action, combinant innovations tactiques et exploitation syst\u00e9matique des failles s\u00e9curitaires. Du perfectionnement de ses engins explosifs et de ses r\u00e9seaux logistiques \u00e0 Mogadiscio, au d\u00e9ploiement de bataillons sp\u00e9ciaux organis\u00e9s en petites cellules, en passant par l&#8217;usage croissant de drones de reconnaissance et la pression sur [&hellip;]<\/p>\n\t\t\t\t\t\t\t\t\t\t\t\t\t\t\t\t\t\t\t\t\t\t                                                            <div class=\"btn-wraper\">\n                                    \n                                                                            <a class=\"elementskit-btn whitespace--normal\" id=\"\" href=\"https:\/\/africansecuritynetwork.org\/HSGO4\/index.php\/2026\/03\/26\/episode-4-evolution-des-methodes-daction-dal-shabaab-2017-2025\/\">\n                                        \t                                            Learn more                                         <\/a>\n                                                                    <\/div>\n                                                    <\/div><!-- .elementskit-post-body END -->\n                    <\/div>\n                \n            <\/div>\n                    <div class=\"col-lg-6 col-md-6\">\n\n                                    <div class=\"elementskit-post-image-card\">\n                        <div class=\"elementskit-entry-header\">\n                                                            <a href=\"https:\/\/africansecuritynetwork.org\/HSGO4\/index.php\/2026\/03\/19\/episode-3-les-principales-attaques-menees-par-al-shabaab-attaques-a-mogadiscio-et-environs\/\" class=\"elementskit-entry-thumb\">\n                                    <img decoding=\"async\" src=\"https:\/\/africansecuritynetwork.org\/HSGO4\/wp-content\/uploads\/2026\/03\/Al-Shabaab-episode-3_page-0001-1024x576.jpg\" alt=\"\u00c9pisode 3 : Les principales attaques men\u00e9es par Al-Shabaab : attaques \u00e0 Mogadiscio et environs\">\n                                <\/a><!-- .elementskit-entry-thumb END -->\n                                                            \n                            \n\t\t\t\t\t\t\t\t\t\t\t\t\t<\/div><!-- .elementskit-entry-header END -->\n\n\t\t\t\t\t\t<div class=\"elementskit-post-body \">\n\t\t\t\t\t\t\t\n\t\t\t\t\t\t\t\t\t\t\t\t\t\t\t\t\t\t\t\t\t\t\t\t\t\t\t\t\t\t\n\t\t\t\t\t\t\t\t\n\t\t\t\t\t\t\t\t\t\t\t\t\t\t\t\t\t\t\t\t\t<h2 class=\"entry-title\">\n\t\t\t\t\t<a href=\"https:\/\/africansecuritynetwork.org\/HSGO4\/index.php\/2026\/03\/19\/episode-3-les-principales-attaques-menees-par-al-shabaab-attaques-a-mogadiscio-et-environs\/\">\n\t\t\t\t\t\t\u00c9pisode 3 : Les principales attaques men\u00e9es par Al-Shabaab : attaques \u00e0 Mogadiscio et environs\t\t\t\t\t<\/a>\n\t\t\t\t<\/h2>\n\t\t\t\t\t\t\t\t\t\t\t\t\t\t\t\t\t\t\t\t\t\t\t\t\t\t\t\t\t\t\t\t\t\t\t\t\t\t\t\t\t\t<p>Al-Shabaab frappe au c\u0153ur de Mogadiscio avec une diversit\u00e9 de modes op\u00e9ratoires : camions pi\u00e9g\u00e9s, attentats-suicides, prises d&#8217;otages et assauts combin\u00e9s. Les h\u00f4tels, plages et infrastructures militaires constituent des cibles r\u00e9currentes, comme en t\u00e9moignent les attaques r\u00e9p\u00e9t\u00e9es contre les h\u00f4tels Nasa-Hablod, Hayat et Pearl Beach, ou encore la plage de Lido. Le groupe s&#8217;en prend [&hellip;]<\/p>\n\t\t\t\t\t\t\t\t\t\t\t\t\t\t\t\t\t\t\t\t\t\t                                                            <div class=\"btn-wraper\">\n                                    \n                                                                            <a class=\"elementskit-btn whitespace--normal\" id=\"\" href=\"https:\/\/africansecuritynetwork.org\/HSGO4\/index.php\/2026\/03\/19\/episode-3-les-principales-attaques-menees-par-al-shabaab-attaques-a-mogadiscio-et-environs\/\">\n                                        \t                                            Learn more                                         <\/a>\n                                                                    <\/div>\n                                                    <\/div><!-- .elementskit-post-body END -->\n                    <\/div>\n                \n            <\/div>\n                    <div class=\"col-lg-6 col-md-6\">\n\n                                    <div class=\"elementskit-post-image-card\">\n                        <div class=\"elementskit-entry-header\">\n                                                            <a href=\"https:\/\/africansecuritynetwork.org\/HSGO4\/index.php\/2026\/03\/12\/episode-2-les-principales-attaques-menees-par-al-shabaab-en-somalie\/\" class=\"elementskit-entry-thumb\">\n                                    <img decoding=\"async\" src=\"https:\/\/africansecuritynetwork.org\/HSGO4\/wp-content\/uploads\/2026\/03\/Episode-2-al-shabaab_page-0001-1024x576.jpg\" alt=\"\u00c9pisode 2 : Les principales attaques men\u00e9es par Al-Shabaab en Somalie\">\n                                <\/a><!-- .elementskit-entry-thumb END -->\n                                                            \n                            \n\t\t\t\t\t\t\t\t\t\t\t\t\t<\/div><!-- .elementskit-entry-header END -->\n\n\t\t\t\t\t\t<div class=\"elementskit-post-body \">\n\t\t\t\t\t\t\t\n\t\t\t\t\t\t\t\t\t\t\t\t\t\t\t\t\t\t\t\t\t\t\t\t\t\t\t\t\t\t\n\t\t\t\t\t\t\t\t\n\t\t\t\t\t\t\t\t\t\t\t\t\t\t\t\t\t\t\t\t\t<h2 class=\"entry-title\">\n\t\t\t\t\t<a href=\"https:\/\/africansecuritynetwork.org\/HSGO4\/index.php\/2026\/03\/12\/episode-2-les-principales-attaques-menees-par-al-shabaab-en-somalie\/\">\n\t\t\t\t\t\t\u00c9pisode 2 : Les principales attaques men\u00e9es par Al-Shabaab en Somalie\t\t\t\t\t<\/a>\n\t\t\t\t<\/h2>\n\t\t\t\t\t\t\t\t\t\t\t\t\t\t\t\t\t\t\t\t\t\t\t\t\t\t\t\t\t\t\t\t\t\t\t\t\t\t\t\t\t\t<p>Al-Shabaab m\u00e8ne ses offensives sur plusieurs fronts simultan\u00e9ment : h\u00f4tels, a\u00e9roports, bases des forces de l&#8217;AMISOM, contingents k\u00e9nyans et ougandais, mais aussi des cibles civiles dans des march\u00e9s locaux. En s&#8217;appuyant sur des zones logistiques cl\u00e9s dans le centre et le sud du pays, le groupe dispose de points de d\u00e9part strat\u00e9giques pour ses op\u00e9rations, [&hellip;]<\/p>\n\t\t\t\t\t\t\t\t\t\t\t\t\t\t\t\t\t\t\t\t\t\t                                                            <div class=\"btn-wraper\">\n                                    \n                                                                            <a class=\"elementskit-btn whitespace--normal\" id=\"\" href=\"https:\/\/africansecuritynetwork.org\/HSGO4\/index.php\/2026\/03\/12\/episode-2-les-principales-attaques-menees-par-al-shabaab-en-somalie\/\">\n                                        \t                                            Learn more                                         <\/a>\n                                                                    <\/div>\n                                                    <\/div><!-- .elementskit-post-body END -->\n                    <\/div>\n                \n            <\/div>\n                <\/div>\n       <\/div>\t\t\t\t<\/div>\n\t\t\t\t\t<\/div>\n\t\t\t\t<\/div>\n\t\t\t\t<\/div>\n\t\t","protected":false},"excerpt":{"rendered":"<p>\u00c9pisode 7: Organigramme D&#8217;Al-shabaab Al-Shabaab dispose d&#8217;un r\u00e9seau de cadres et commandants aux profils vari\u00e9s, refl\u00e9tant la dimension \u00e0 la fois locale et transnationale du groupe. De l&#8217;\u00e9mir Abu Ubaidah et du chef de l&#8217;Amniyat Mahad Karate au sommet, jusqu&#8217;aux \u00e9mirs r\u00e9gionaux, collecteurs de zakat et commandants de la Hisbah sur le terrain, chaque figure [&hellip;]<\/p>\n","protected":false},"author":1,"featured_media":0,"parent":0,"menu_order":0,"comment_status":"closed","ping_status":"closed","template":"","meta":{"footnotes":""},"class_list":["post-8166","page","type-page","status-publish","hentry"],"aioseo_notices":[],"_links":{"self":[{"href":"https:\/\/africansecuritynetwork.org\/HSGO4\/index.php\/wp-json\/wp\/v2\/pages\/8166","targetHints":{"allow":["GET"]}}],"collection":[{"href":"https:\/\/africansecuritynetwork.org\/HSGO4\/index.php\/wp-json\/wp\/v2\/pages"}],"about":[{"href":"https:\/\/africansecuritynetwork.org\/HSGO4\/index.php\/wp-json\/wp\/v2\/types\/page"}],"author":[{"embeddable":true,"href":"https:\/\/africansecuritynetwork.org\/HSGO4\/index.php\/wp-json\/wp\/v2\/users\/1"}],"replies":[{"embeddable":true,"href":"https:\/\/africansecuritynetwork.org\/HSGO4\/index.php\/wp-json\/wp\/v2\/comments?post=8166"}],"version-history":[{"count":4,"href":"https:\/\/africansecuritynetwork.org\/HSGO4\/index.php\/wp-json\/wp\/v2\/pages\/8166\/revisions"}],"predecessor-version":[{"id":8175,"href":"https:\/\/africansecuritynetwork.org\/HSGO4\/index.php\/wp-json\/wp\/v2\/pages\/8166\/revisions\/8175"}],"wp:attachment":[{"href":"https:\/\/africansecuritynetwork.org\/HSGO4\/index.php\/wp-json\/wp\/v2\/media?parent=8166"}],"curies":[{"name":"wp","href":"https:\/\/api.w.org\/{rel}","templated":true}]}}