{"id":5950,"date":"2025-10-28T18:43:49","date_gmt":"2025-10-28T18:43:49","guid":{"rendered":"https:\/\/africansecuritynetwork.org\/HSGO4\/?page_id=5950"},"modified":"2025-11-03T12:38:51","modified_gmt":"2025-11-03T12:38:51","slug":"religions-et-reseaux-religieux","status":"publish","type":"page","link":"https:\/\/africansecuritynetwork.org\/HSGO4\/index.php\/religions-et-reseaux-religieux\/","title":{"rendered":"Religions et r\u00e9seaux religieux"},"content":{"rendered":"\t\t<div data-elementor-type=\"wp-page\" data-elementor-id=\"5950\" class=\"elementor elementor-5950\" data-elementor-post-type=\"page\">\n\t\t\t\t<div class=\"elementor-element elementor-element-723ff9f e-flex e-con-boxed e-con e-parent\" data-id=\"723ff9f\" data-element_type=\"container\">\n\t\t\t\t\t<div class=\"e-con-inner\">\n\t\t\t\t<div class=\"elementor-element elementor-element-6421103 elementor-widget-divider--view-line elementor-widget elementor-widget-divider\" data-id=\"6421103\" data-element_type=\"widget\" data-widget_type=\"divider.default\">\n\t\t\t\t\t\t\t<div class=\"elementor-divider\">\n\t\t\t<span class=\"elementor-divider-separator\">\n\t\t\t\t\t\t<\/span>\n\t\t<\/div>\n\t\t\t\t\t\t<\/div>\n\t\t\t\t\t<\/div>\n\t\t\t\t<\/div>\n\t\t<div class=\"elementor-element elementor-element-ce926c9 e-flex e-con-boxed e-con e-parent\" data-id=\"ce926c9\" data-element_type=\"container\">\n\t\t\t\t\t<div class=\"e-con-inner\">\n\t\t\t\t<div class=\"elementor-element elementor-element-5c46044 elementor-widget elementor-widget-heading\" data-id=\"5c46044\" data-element_type=\"widget\" data-widget_type=\"heading.default\">\n\t\t\t\t\t<h2 class=\"elementor-heading-title elementor-size-default\">Religions et r\u00e9seaux religieux<\/h2>\t\t\t\t<\/div>\n\t\t\t\t\t<\/div>\n\t\t\t\t<\/div>\n\t\t<div class=\"elementor-element elementor-element-f3d3723 e-flex e-con-boxed e-con e-parent\" data-id=\"f3d3723\" data-element_type=\"container\">\n\t\t\t\t\t<div class=\"e-con-inner\">\n\t\t\t\t<div class=\"elementor-element elementor-element-227e053 elementor-widget-divider--view-line elementor-widget elementor-widget-divider\" data-id=\"227e053\" data-element_type=\"widget\" data-widget_type=\"divider.default\">\n\t\t\t\t\t\t\t<div class=\"elementor-divider\">\n\t\t\t<span class=\"elementor-divider-separator\">\n\t\t\t\t\t\t<\/span>\n\t\t<\/div>\n\t\t\t\t\t\t<\/div>\n\t\t\t\t\t<\/div>\n\t\t\t\t<\/div>\n\t\t<div class=\"elementor-element elementor-element-0cac3ef e-flex e-con-boxed e-con e-parent\" data-id=\"0cac3ef\" data-element_type=\"container\">\n\t\t\t\t\t<div class=\"e-con-inner\">\n\t\t\t\t<div class=\"elementor-element elementor-element-403bf99 elementor-widget elementor-widget-text-editor\" data-id=\"403bf99\" data-element_type=\"widget\" data-widget_type=\"text-editor.default\">\n\t\t\t\t\t\t\t\t\t<p>Ce p\u00f4le d\u2019expertise vise \u00e0 s\u2019int\u00e9resser \u00e0 l\u2019ensemble des ph\u00e9nom\u00e8nes religieux en Afrique, qu\u2019il s\u2019agisse des religions r\u00e9v\u00e9l\u00e9es, de religions telles ou le bouddhisme ou encore de la progression de l\u2019agnosticisme sur le continent.<\/p><p>Les cartographies institutionnelles d\u2019ores et d\u00e9j\u00e0 r\u00e9alis\u00e9es portent sur :<\/p><ul><li><a href=\"https:\/\/africansecuritynetwork.org\/HSGO4\/wp-content\/uploads\/2025\/11\/Les-Eglises-revelees-dAfrique-Cote-dIvoire.pdf\"><strong>Les \u00c9glises r\u00e9v\u00e9l\u00e9es d\u2019Afrique (C\u00f4te d\u2019Ivoire)<\/strong><\/a><\/li><li><a href=\"https:\/\/africansecuritynetwork.org\/HSGO4\/wp-content\/uploads\/2025\/11\/La-communaute-musulmane-en-RCA.pdf\"><strong>La communaut\u00e9 musulmane en RCA<\/strong><\/a><\/li><li><a href=\"https:\/\/africansecuritynetwork.org\/HSGO4\/wp-content\/uploads\/2025\/11\/LEglise-Catholique-au-Burkina-Faso.pdf\"><strong>L\u2019\u00c9glise catholique au Burkina Faso<\/strong><\/a><\/li><li><a href=\"https:\/\/africansecuritynetwork.org\/HSGO4\/wp-content\/uploads\/2025\/11\/Islam-au-Mali.pdf\"><strong>L\u2019Islam au Mali : diversit\u00e9 des pratiques et dynamiques actuelles<\/strong><\/a><\/li><li><a href=\"https:\/\/africansecuritynetwork.org\/HSGO4\/wp-content\/uploads\/2025\/11\/Le-role-des-eveques-en-Afrique-centrale.pdf\"><strong>Le r\u00f4le des \u00c9v\u00eaques en Afrique Centrale<\/strong><\/a><\/li><li><a href=\"https:\/\/africansecuritynetwork.org\/HSGO4\/wp-content\/uploads\/2025\/11\/Des-initiatives-oecumeniques-de-lutte-contre-le-terrorisme.pdf\"><strong>Des initiatives \u0153cum\u00e9niques de lutte contre le terrorisme au Burkina Faso<\/strong><\/a><\/li><li><a href=\"https:\/\/africansecuritynetwork.org\/HSGO4\/wp-content\/uploads\/2025\/11\/La-mediation-Wassatah-et-la-conciliation-Sulh-dans-lespace-musulman.pdf\"><strong>La m\u00e9diation (Wassatah) et la conciliation (Sulh) dans l\u2019espace musulman<\/strong><\/a><\/li><\/ul><p><strong>\u00a0<\/strong><\/p><p>Les cartographies consacr\u00e9es \u00e0 la communaut\u00e9 musulmane au Mali et en RCA sugg\u00e8rent qu\u2019il pourrait \u00eatre pertinent <strong>de d\u00e9velopper des relations avec les repr\u00e9sentants des confr\u00e9ries pr\u00f4nant une pratique mod\u00e9r\u00e9e de l\u2019Islam<\/strong>, afin d\u2019envisager la contribution qu\u2019ils pourraient apporter \u00e0 la lutte contre la radicalisation et le terrorisme qui font partie des priorit\u00e9s strat\u00e9giques de l\u2019OIF.<\/p><p>Il conviendrait \u00e9galement de <strong>mieux comprendre le r\u00f4le des associations musulmanes<\/strong>, telle l\u2019\u00ab Association Malienne pour le Soutien de l\u2019Islam (AMSI)\u201d ou encore le Mouvement SABATI 2012 au Mali <strong>qui semblent dispose d\u2019importants relais aupr\u00e8s des populations et notamment de la jeunesse mais dont le r\u00f4le et le discours peuvent parfois \u00eatre ambigus.<\/strong><\/p><p>En outre, les cartographies traitant du r\u00f4le des \u00ab \u00c9glises r\u00e9v\u00e9l\u00e9es d\u2019Afrique \u00bb et de \u00ab l\u2019\u00c9glise catholique au Burkina Faso \u00bb d\u00e9montrent <strong>l\u2019importance de ne pas r\u00e9duire la prise en compte de la dimension religieuse \u00e0 la seule religion musulmane. <\/strong>Il convient \u00e9galement de <strong>mettre l\u2019accent sur l\u2019audience croissante de certains courants \u00e9vang\u00e9listes sur le continent africain.<\/strong> Il convient \u00e9galement <strong>d\u2019\u0153uvrer en faveur de l\u2019implication des acteurs chr\u00e9tiens favorables \u00e0 l\u2019\u0153cum\u00e9nisme et au dialogue interreligieux dans les actions de pr\u00e9vention, de r\u00e9conciliation et de consolidation de la paix.<\/strong><\/p>\t\t\t\t\t\t\t\t<\/div>\n\t\t\t\t\t<\/div>\n\t\t\t\t<\/div>\n\t\t\t\t<\/div>\n\t\t","protected":false},"excerpt":{"rendered":"<p>Religions et r\u00e9seaux religieux Ce p\u00f4le d\u2019expertise vise \u00e0 s\u2019int\u00e9resser \u00e0 l\u2019ensemble des ph\u00e9nom\u00e8nes religieux en Afrique, qu\u2019il s\u2019agisse des religions r\u00e9v\u00e9l\u00e9es, de religions telles ou le bouddhisme ou encore de la progression de l\u2019agnosticisme sur le continent. Les cartographies institutionnelles d\u2019ores et d\u00e9j\u00e0 r\u00e9alis\u00e9es portent sur : Les \u00c9glises r\u00e9v\u00e9l\u00e9es d\u2019Afrique (C\u00f4te d\u2019Ivoire) La [&hellip;]<\/p>\n","protected":false},"author":1,"featured_media":0,"parent":0,"menu_order":0,"comment_status":"closed","ping_status":"closed","template":"","meta":{"footnotes":""},"class_list":["post-5950","page","type-page","status-publish","hentry"],"aioseo_notices":[],"_links":{"self":[{"href":"https:\/\/africansecuritynetwork.org\/HSGO4\/index.php\/wp-json\/wp\/v2\/pages\/5950","targetHints":{"allow":["GET"]}}],"collection":[{"href":"https:\/\/africansecuritynetwork.org\/HSGO4\/index.php\/wp-json\/wp\/v2\/pages"}],"about":[{"href":"https:\/\/africansecuritynetwork.org\/HSGO4\/index.php\/wp-json\/wp\/v2\/types\/page"}],"author":[{"embeddable":true,"href":"https:\/\/africansecuritynetwork.org\/HSGO4\/index.php\/wp-json\/wp\/v2\/users\/1"}],"replies":[{"embeddable":true,"href":"https:\/\/africansecuritynetwork.org\/HSGO4\/index.php\/wp-json\/wp\/v2\/comments?post=5950"}],"version-history":[{"count":13,"href":"https:\/\/africansecuritynetwork.org\/HSGO4\/index.php\/wp-json\/wp\/v2\/pages\/5950\/revisions"}],"predecessor-version":[{"id":6081,"href":"https:\/\/africansecuritynetwork.org\/HSGO4\/index.php\/wp-json\/wp\/v2\/pages\/5950\/revisions\/6081"}],"wp:attachment":[{"href":"https:\/\/africansecuritynetwork.org\/HSGO4\/index.php\/wp-json\/wp\/v2\/media?parent=5950"}],"curies":[{"name":"wp","href":"https:\/\/api.w.org\/{rel}","templated":true}]}}