{"id":48,"date":"2024-11-29T08:28:12","date_gmt":"2024-11-29T08:28:12","guid":{"rendered":"https:\/\/africansecuritynetwork.org\/HSGO4\/index.php\/about-us\/"},"modified":"2026-03-30T08:43:21","modified_gmt":"2026-03-30T08:43:21","slug":"mali","status":"publish","type":"page","link":"https:\/\/africansecuritynetwork.org\/HSGO4\/index.php\/mali\/","title":{"rendered":"Mali"},"content":{"rendered":"\t\t<div data-elementor-type=\"wp-page\" data-elementor-id=\"48\" class=\"elementor elementor-48\" data-elementor-post-type=\"page\">\n\t\t\t\t<div class=\"elementor-element elementor-element-9e86479 e-flex e-con-boxed e-con e-parent\" data-id=\"9e86479\" data-element_type=\"container\">\n\t\t\t\t\t<div class=\"e-con-inner\">\n\t\t\t\t<div class=\"elementor-element elementor-element-9cd80f1 elementor-widget elementor-widget-heading\" data-id=\"9cd80f1\" data-element_type=\"widget\" data-widget_type=\"heading.default\">\n\t\t\t\t\t<h1 class=\"elementor-heading-title elementor-size-default\">Mali<\/h1>\t\t\t\t<\/div>\n\t\t\t\t\t<\/div>\n\t\t\t\t<\/div>\n\t\t<div class=\"elementor-element elementor-element-8850ae4 e-flex e-con-boxed e-con e-parent\" data-id=\"8850ae4\" data-element_type=\"container\">\n\t\t\t\t\t<div class=\"e-con-inner\">\n\t\t\t\t<div class=\"elementor-element elementor-element-643775e elementor-widget-mobile__width-initial elementor-widget-divider--view-line elementor-widget elementor-widget-divider\" data-id=\"643775e\" data-element_type=\"widget\" id=\"header\" data-widget_type=\"divider.default\">\n\t\t\t\t\t\t\t<div class=\"elementor-divider\">\n\t\t\t<span class=\"elementor-divider-separator\">\n\t\t\t\t\t\t<\/span>\n\t\t<\/div>\n\t\t\t\t\t\t<\/div>\n\t\t\t\t\t<\/div>\n\t\t\t\t<\/div>\n\t\t<div class=\"elementor-element elementor-element-ce867e2 e-grid e-con-boxed e-con e-parent\" data-id=\"ce867e2\" data-element_type=\"container\">\n\t\t\t\t\t<div class=\"e-con-inner\">\n\t\t<div class=\"elementor-element elementor-element-11dff46 e-flex e-con-boxed e-con e-child\" data-id=\"11dff46\" data-element_type=\"container\">\n\t\t\t\t\t<div class=\"e-con-inner\">\n\t\t\t\t<div class=\"elementor-element elementor-element-6267b3a elementor-widget elementor-widget-theme-post-featured-image elementor-widget-image\" data-id=\"6267b3a\" data-element_type=\"widget\" data-widget_type=\"theme-post-featured-image.default\">\n\t\t\t\t\t\t\t\t\t\t\t\t<figure class=\"wp-caption\">\n\t\t\t\t\t\t\t\t\t\t\t<a href=\"https:\/\/africansecuritynetwork.org\/HSGO4\/index.php\/category\/news\/malinews\/\">\n\t\t\t\t\t\t\t<img fetchpriority=\"high\" decoding=\"async\" width=\"800\" height=\"800\" src=\"https:\/\/africansecuritynetwork.org\/HSGO4\/wp-content\/uploads\/2025\/06\/AES-VS-CEDEAO-divorce-ou-compromis-strategique-4_page-0001-1024x1024.jpg\" class=\"attachment-large size-large wp-image-3745\" alt=\"\" srcset=\"https:\/\/africansecuritynetwork.org\/HSGO4\/wp-content\/uploads\/2025\/06\/AES-VS-CEDEAO-divorce-ou-compromis-strategique-4_page-0001-1024x1024.jpg 1024w, https:\/\/africansecuritynetwork.org\/HSGO4\/wp-content\/uploads\/2025\/06\/AES-VS-CEDEAO-divorce-ou-compromis-strategique-4_page-0001-300x300.jpg 300w, https:\/\/africansecuritynetwork.org\/HSGO4\/wp-content\/uploads\/2025\/06\/AES-VS-CEDEAO-divorce-ou-compromis-strategique-4_page-0001-150x150.jpg 150w, https:\/\/africansecuritynetwork.org\/HSGO4\/wp-content\/uploads\/2025\/06\/AES-VS-CEDEAO-divorce-ou-compromis-strategique-4_page-0001-768x768.jpg 768w, https:\/\/africansecuritynetwork.org\/HSGO4\/wp-content\/uploads\/2025\/06\/AES-VS-CEDEAO-divorce-ou-compromis-strategique-4_page-0001-1536x1536.jpg 1536w, https:\/\/africansecuritynetwork.org\/HSGO4\/wp-content\/uploads\/2025\/06\/AES-VS-CEDEAO-divorce-ou-compromis-strategique-4_page-0001.jpg 1688w\" sizes=\"(max-width: 800px) 100vw, 800px\" \/>\t\t\t\t\t\t\t\t<\/a>\n\t\t\t\t\t\t\t\t\t\t\t<figcaption class=\"widget-image-caption wp-caption-text\">Infographies<\/figcaption>\n\t\t\t\t\t\t\t\t\t\t<\/figure>\n\t\t\t\t\t\t\t\t\t<\/div>\n\t\t\t\t\t<\/div>\n\t\t\t\t<\/div>\n\t\t<div class=\"elementor-element elementor-element-a96cfed e-grid e-con-full e-con e-child\" data-id=\"a96cfed\" data-element_type=\"container\">\n\t\t\t\t<div class=\"elementor-element elementor-element-7be489e elementor-widget elementor-widget-theme-post-featured-image elementor-widget-image\" data-id=\"7be489e\" data-element_type=\"widget\" data-widget_type=\"theme-post-featured-image.default\">\n\t\t\t\t\t\t\t\t\t\t\t\t<figure class=\"wp-caption\">\n\t\t\t\t\t\t\t\t\t\t\t<a href=\"https:\/\/africansecuritynetwork.org\/HSGO4\/index.php\/actualites-sur-le-mali\/\">\n\t\t\t\t\t\t\t<img decoding=\"async\" width=\"800\" height=\"800\" src=\"https:\/\/africansecuritynetwork.org\/HSGO4\/wp-content\/uploads\/2025\/07\/MALI-COVER-1-1024x1024.png\" class=\"attachment-large size-large wp-image-4566\" alt=\"\" srcset=\"https:\/\/africansecuritynetwork.org\/HSGO4\/wp-content\/uploads\/2025\/07\/MALI-COVER-1-1024x1024.png 1024w, https:\/\/africansecuritynetwork.org\/HSGO4\/wp-content\/uploads\/2025\/07\/MALI-COVER-1-300x300.png 300w, https:\/\/africansecuritynetwork.org\/HSGO4\/wp-content\/uploads\/2025\/07\/MALI-COVER-1-150x150.png 150w, https:\/\/africansecuritynetwork.org\/HSGO4\/wp-content\/uploads\/2025\/07\/MALI-COVER-1-768x768.png 768w, https:\/\/africansecuritynetwork.org\/HSGO4\/wp-content\/uploads\/2025\/07\/MALI-COVER-1.png 1080w\" sizes=\"(max-width: 800px) 100vw, 800px\" \/>\t\t\t\t\t\t\t\t<\/a>\n\t\t\t\t\t\t\t\t\t\t\t<figcaption class=\"widget-image-caption wp-caption-text\"><\/figcaption>\n\t\t\t\t\t\t\t\t\t\t<\/figure>\n\t\t\t\t\t\t\t\t\t<\/div>\n\t\t\t\t<\/div>\n\t\t<div class=\"elementor-element elementor-element-59ace91 e-grid e-con-full e-con e-child\" data-id=\"59ace91\" data-element_type=\"container\">\n\t\t\t\t<div class=\"elementor-element elementor-element-7186c26 elementor-widget elementor-widget-theme-post-featured-image elementor-widget-image\" data-id=\"7186c26\" data-element_type=\"widget\" data-widget_type=\"theme-post-featured-image.default\">\n\t\t\t\t\t\t\t\t\t\t\t\t<figure class=\"wp-caption\">\n\t\t\t\t\t\t\t\t\t\t\t<a href=\"https:\/\/africansecuritynetwork.org\/HSGO4\/index.php\/mali_donee\/\">\n\t\t\t\t\t\t\t<img decoding=\"async\" width=\"800\" height=\"513\" src=\"https:\/\/africansecuritynetwork.org\/HSGO4\/wp-content\/uploads\/2025\/05\/mali_chiffres.webp\" class=\"attachment-large size-large wp-image-3553\" alt=\"\" srcset=\"https:\/\/africansecuritynetwork.org\/HSGO4\/wp-content\/uploads\/2025\/05\/mali_chiffres.webp 830w, https:\/\/africansecuritynetwork.org\/HSGO4\/wp-content\/uploads\/2025\/05\/mali_chiffres-300x192.webp 300w, https:\/\/africansecuritynetwork.org\/HSGO4\/wp-content\/uploads\/2025\/05\/mali_chiffres-768x492.webp 768w\" sizes=\"(max-width: 800px) 100vw, 800px\" \/>\t\t\t\t\t\t\t\t<\/a>\n\t\t\t\t\t\t\t\t\t\t\t<figcaption class=\"widget-image-caption wp-caption-text\">En savoir plus <\/figcaption>\n\t\t\t\t\t\t\t\t\t\t<\/figure>\n\t\t\t\t\t\t\t\t\t<\/div>\n\t\t\t\t<\/div>\n\t\t\t\t\t<\/div>\n\t\t\t\t<\/div>\n\t\t<div class=\"elementor-element elementor-element-e836452 e-flex e-con-boxed e-con e-parent\" data-id=\"e836452\" data-element_type=\"container\">\n\t\t\t\t\t<div class=\"e-con-inner\">\n\t\t\t\t<div class=\"elementor-element elementor-element-b2918b1 elementor-widget-divider--view-line elementor-widget elementor-widget-divider\" data-id=\"b2918b1\" data-element_type=\"widget\" data-widget_type=\"divider.default\">\n\t\t\t\t\t\t\t<div class=\"elementor-divider\">\n\t\t\t<span class=\"elementor-divider-separator\">\n\t\t\t\t\t\t<\/span>\n\t\t<\/div>\n\t\t\t\t\t\t<\/div>\n\t\t\t\t\t<\/div>\n\t\t\t\t<\/div>\n\t\t<div class=\"elementor-element elementor-element-dcff8a9 e-grid e-con-boxed e-con e-parent\" data-id=\"dcff8a9\" data-element_type=\"container\">\n\t\t\t\t\t<div class=\"e-con-inner\">\n\t\t\t\t<div class=\"elementor-element elementor-element-7e485d9 elementor-align-justify elementor-widget__width-inherit elementor-widget elementor-widget-button\" data-id=\"7e485d9\" data-element_type=\"widget\" data-widget_type=\"button.default\">\n\t\t\t\t\t\t\t\t\t\t<a class=\"elementor-button elementor-button-link elementor-size-sm\" href=\"https:\/\/africansecuritynetwork.org\/HSGO4\/index.php\/cadre-mali-2\/\">\n\t\t\t\t\t\t<span class=\"elementor-button-content-wrapper\">\n\t\t\t\t\t\t\t\t\t<span class=\"elementor-button-text\">Cadre l\u00e9gal <\/span>\n\t\t\t\t\t<\/span>\n\t\t\t\t\t<\/a>\n\t\t\t\t\t\t\t\t<\/div>\n\t\t\t\t<div class=\"elementor-element elementor-element-4ad313d elementor-align-justify elementor-widget__width-inherit elementor-widget elementor-widget-button\" data-id=\"4ad313d\" data-element_type=\"widget\" data-widget_type=\"button.default\">\n\t\t\t\t\t\t\t\t\t\t<a class=\"elementor-button elementor-button-link elementor-size-sm\" href=\"https:\/\/africansecuritynetwork.org\/HSGO4\/index.php\/principales-regions-et-terroirs-mali\/\">\n\t\t\t\t\t\t<span class=\"elementor-button-content-wrapper\">\n\t\t\t\t\t\t\t\t\t<span class=\"elementor-button-text\">Principales r\u00e9gions et terroirs affect\u00e9s par l\u2019ins\u00e9curit\u00e9<\/span>\n\t\t\t\t\t<\/span>\n\t\t\t\t\t<\/a>\n\t\t\t\t\t\t\t\t<\/div>\n\t\t\t\t\t<\/div>\n\t\t\t\t<\/div>\n\t\t<div class=\"elementor-element elementor-element-f99e8f5 e-grid e-con-boxed e-con e-parent\" data-id=\"f99e8f5\" data-element_type=\"container\">\n\t\t\t\t\t<div class=\"e-con-inner\">\n\t\t\t\t<div class=\"elementor-element elementor-element-ed4c091 elementor-align-justify elementor-widget__width-inherit elementor-widget elementor-widget-button\" data-id=\"ed4c091\" data-element_type=\"widget\" data-widget_type=\"button.default\">\n\t\t\t\t\t\t\t\t\t\t<a class=\"elementor-button elementor-button-link elementor-size-sm\" href=\"https:\/\/africansecuritynetwork.org\/HSGO4\/index.php\/differentes-communautes-mali\/\">\n\t\t\t\t\t\t<span class=\"elementor-button-content-wrapper\">\n\t\t\t\t\t\t\t\t\t<span class=\"elementor-button-text\">Les diff\u00e9rentes communaut\u00e9s du Mali<\/span>\n\t\t\t\t\t<\/span>\n\t\t\t\t\t<\/a>\n\t\t\t\t\t\t\t\t<\/div>\n\t\t\t\t<div class=\"elementor-element elementor-element-fb49bf7 elementor-align-justify elementor-widget__width-inherit elementor-widget elementor-widget-button\" data-id=\"fb49bf7\" data-element_type=\"widget\" data-widget_type=\"button.default\">\n\t\t\t\t\t\t\t\t\t\t<a class=\"elementor-button elementor-button-link elementor-size-sm\" href=\"https:\/\/africansecuritynetwork.org\/HSGO4\/index.php\/acteurs_non_etatiques\/\">\n\t\t\t\t\t\t<span class=\"elementor-button-content-wrapper\">\n\t\t\t\t\t\t\t\t\t<span class=\"elementor-button-text\">Acteurs, normes et m\u00e9canismes non-\u00e9tatiques<\/span>\n\t\t\t\t\t<\/span>\n\t\t\t\t\t<\/a>\n\t\t\t\t\t\t\t\t<\/div>\n\t\t\t\t<div class=\"elementor-element elementor-element-bd24ce7 elementor-align-justify elementor-widget__width-inherit elementor-widget elementor-widget-button\" data-id=\"bd24ce7\" data-element_type=\"widget\" data-widget_type=\"button.default\">\n\t\t\t\t\t\t\t\t\t\t<a class=\"elementor-button elementor-button-link elementor-size-sm\" href=\"https:\/\/africansecuritynetwork.org\/HSGO4\/index.php\/acteurs-et-institutions-securitaires-de-letat-malien-2\/\">\n\t\t\t\t\t\t<span class=\"elementor-button-content-wrapper\">\n\t\t\t\t\t\t\t\t\t<span class=\"elementor-button-text\">Acteurs et institutions s\u00e9curitaires de l'\u00c9tat Malien<\/span>\n\t\t\t\t\t<\/span>\n\t\t\t\t\t<\/a>\n\t\t\t\t\t\t\t\t<\/div>\n\t\t\t\t\t<\/div>\n\t\t\t\t<\/div>\n\t\t<div class=\"elementor-element elementor-element-ff0cc3c e-flex e-con-boxed e-con e-parent\" data-id=\"ff0cc3c\" data-element_type=\"container\">\n\t\t\t\t\t<div class=\"e-con-inner\">\n\t\t\t\t<div class=\"elementor-element elementor-element-c36ec0c elementor-widget elementor-widget-text-editor\" data-id=\"c36ec0c\" data-element_type=\"widget\" data-widget_type=\"text-editor.default\">\n\t\t\t\t\t\t\t\t\t<p class=\"p1\">Depuis son ind\u00e9pendance en 1960, la situation s\u00e9curitaire au Mali a \u00e9t\u00e9 caract\u00e9ris\u00e9e par un niveau \u00e9lev\u00e9 de troubles et de conflits.<span class=\"Apple-converted-space\">\u00a0 <\/span>Le pays se trouve ainsi dans une situation d&#8217;instabilit\u00e9 chronique et de crise multidimensionnelle depuis 2012, date \u00e0 laquelle le Nord et une partie du centre du pays ont \u00e9t\u00e9 occup\u00e9s par des groupes arm\u00e9s ind\u00e9pendantistes et djihadistes qui ont tenu la r\u00e9gion sous leur joug jusqu&#8217;au d\u00e9ploiement en 2013 de l&#8217;Op\u00e9ration Serval, lanc\u00e9e par la France \u00e0 la demande des autorit\u00e9s int\u00e9rimaires maliennes. Apr\u00e8s cette premi\u00e8re intervention, le pays a connu une importante pr\u00e9sence de forces internationales et \u00e9t\u00e9 r\u00e9cipiendaire d\u2019un grand nombre d&#8217;initiatives s\u00e9curitaires, sous l\u2019impulsion notamment de l\u2019Union africaine, de la CEDEAO, de l&#8217;Union europ\u00e9enne, de l&#8217;Organisation des Nations unies et des partenaires bilat\u00e9raux internationaux. Entre 2012 et 2015, a \u00e9t\u00e9 sign\u00e9 l&#8217;Accord pour la Paix et la R\u00e9conciliation issu du processus d&#8217;Alger, mais l&#8217;ins\u00e9curit\u00e9 a continu\u00e9 de r\u00e9gner notamment dans le centre et le Nord du pays.<\/p><p class=\"p1\">Les m\u00e9dias tout comme les analyses acad\u00e9miques ont trop souvent tendance \u00e0 se concentrer sur le mode d\u2019intervention des acteurs \u00e9tatiques dans le champ de la s\u00e9curit\u00e9 et de la r\u00e9solution des conflits. Pourtant, d\u2019autres facteurs sont indispensables \u00e0 la compr\u00e9hension de la situation s\u00e9curitaire du Mali. La cartographie des processus de d\u00e9cisions, des cadres normatifs et des relations de coop\u00e9ration ou de comp\u00e9tition entre les acteurs met ainsi en \u00e9vidence l\u2019extr\u00eame fragmentation du paysage s\u00e9curitaire malien. Les relations entre ces acteurs sont caract\u00e9ris\u00e9es par des alliances et des rivalit\u00e9s tr\u00e8s variables en fonction des int\u00e9r\u00eats strat\u00e9giques et de l\u2019\u00e9volution de la g\u00e9opolitique locale des conflictualit\u00e9s.<\/p><p class=\"p1\">Il convient donc de prendre en consid\u00e9ration les multiples acteurs qui interviennent dans le champ de la s\u00e9curit\u00e9, de m\u00eame que leur influence sur les processus d\u00e9cisionnels et de gestion de crises.<\/p><p class=\"p1\">&#8211; En effet, au Mali, le caract\u00e8re hybride de la gouvernance de la s\u00e9curit\u00e9 transpara\u00eet particuli\u00e8rement dans la fa\u00e7on dont certains acteurs non \u00e9tatiques se sont mobilis\u00e9s, en opposition ou \u00e0 l\u2019inverse aux c\u00f4t\u00e9s de l&#8217;\u00c9tat et des forces internationales pour g\u00e9rer et r\u00e9soudre les conflits. En raison de la stratification sociale du Mali, ces acteurs non \u00e9tatiques jouent un r\u00f4le consid\u00e9rable aussi bien dans l\u2019exacerbation des conflits que dans leur r\u00e9solution. Certains de ces acteurs ont parfois cherch\u00e9 \u00e0 exercer des fonctions r\u00e9galiennes, telles que la perception des imp\u00f4ts, la gestion de l\u2019acc\u00e8s aux ressources naturelles, l\u2019administration de la justice, la m\u00e9diation.<\/p><p class=\"p1\">&#8211; Par ailleurs, le caract\u00e8re hybride de la gouvernance de la s\u00e9curit\u00e9 est \u00e9galement pr\u00e9gnant dans les diff\u00e9rentes d\u00e9finitions g\u00e9ographiques et spatiales tout comme dans l\u2019influence des normes et processus d\u00e9cisionnels de gesti\u00f3n des conflits qui m\u00ealent cadre l\u00e9gal et r\u00e9f\u00e9rences non \u00e9crites.<\/p>\t\t\t\t\t\t\t\t<\/div>\n\t\t\t\t\t<\/div>\n\t\t\t\t<\/div>\n\t\t<div class=\"elementor-element elementor-element-7269cd13 e-flex e-con-boxed e-con e-parent\" data-id=\"7269cd13\" data-element_type=\"container\">\n\t\t\t\t\t<div class=\"e-con-inner\">\n\t\t\t\t<div class=\"elementor-element elementor-element-15a31e9 elementor-widget elementor-widget-image\" data-id=\"15a31e9\" data-element_type=\"widget\" data-widget_type=\"image.default\">\n\t\t\t\t\t\t\t\t\t\t\t\t\t\t\t<img loading=\"lazy\" decoding=\"async\" width=\"768\" height=\"440\" src=\"https:\/\/africansecuritynetwork.org\/HSGO4\/wp-content\/uploads\/2025\/03\/seguridad-hibrida-768x440-1.jpg\" class=\"attachment-large size-large wp-image-2882\" alt=\"\" srcset=\"https:\/\/africansecuritynetwork.org\/HSGO4\/wp-content\/uploads\/2025\/03\/seguridad-hibrida-768x440-1.jpg 768w, https:\/\/africansecuritynetwork.org\/HSGO4\/wp-content\/uploads\/2025\/03\/seguridad-hibrida-768x440-1-300x172.jpg 300w\" sizes=\"(max-width: 768px) 100vw, 768px\" \/>\t\t\t\t\t\t\t\t\t\t\t\t\t\t\t<\/div>\n\t\t\t\t\t<\/div>\n\t\t\t\t<\/div>\n\t\t<div class=\"elementor-element elementor-element-adee5b2 e-flex e-con-boxed e-con e-parent\" data-id=\"adee5b2\" data-element_type=\"container\">\n\t\t\t\t\t<div class=\"e-con-inner\">\n\t\t\t\t<div class=\"elementor-element elementor-element-42d8e9c elementor-fixed elementor-view-default elementor-widget elementor-widget-icon\" data-id=\"42d8e9c\" data-element_type=\"widget\" data-settings=\"{&quot;_position&quot;:&quot;fixed&quot;}\" data-widget_type=\"icon.default\">\n\t\t\t\t\t\t\t<div class=\"elementor-icon-wrapper\">\n\t\t\t<a class=\"elementor-icon\" href=\"#header\">\n\t\t\t<svg aria-hidden=\"true\" class=\"e-font-icon-svg e-fas-arrow-circle-up\" viewBox=\"0 0 512 512\" xmlns=\"http:\/\/www.w3.org\/2000\/svg\"><path d=\"M8 256C8 119 119 8 256 8s248 111 248 248-111 248-248 248S8 393 8 256zm143.6 28.9l72.4-75.5V392c0 13.3 10.7 24 24 24h16c13.3 0 24-10.7 24-24V209.4l72.4 75.5c9.3 9.7 24.8 9.9 34.3.4l10.9-11c9.4-9.4 9.4-24.6 0-33.9L273 107.7c-9.4-9.4-24.6-9.4-33.9 0L106.3 240.4c-9.4 9.4-9.4 24.6 0 33.9l10.9 11c9.6 9.5 25.1 9.3 34.4-.4z\"><\/path><\/svg>\t\t\t<\/a>\n\t\t<\/div>\n\t\t\t\t\t\t<\/div>\n\t\t\t\t\t<\/div>\n\t\t\t\t<\/div>\n\t\t\t\t<\/div>\n\t\t","protected":false},"excerpt":{"rendered":"<p>Mali Cadre l\u00e9gal Principales r\u00e9gions et terroirs affect\u00e9s par l\u2019ins\u00e9curit\u00e9 Les diff\u00e9rentes communaut\u00e9s du Mali Acteurs, normes et m\u00e9canismes non-\u00e9tatiques Acteurs et institutions s\u00e9curitaires de l&#8217;\u00c9tat Malien Depuis son ind\u00e9pendance en 1960, la situation s\u00e9curitaire au Mali a \u00e9t\u00e9 caract\u00e9ris\u00e9e par un niveau \u00e9lev\u00e9 de troubles et de conflits.\u00a0 Le pays se trouve ainsi dans [&hellip;]<\/p>\n","protected":false},"author":1,"featured_media":0,"parent":0,"menu_order":0,"comment_status":"closed","ping_status":"closed","template":"elementor_header_footer","meta":{"footnotes":""},"class_list":["post-48","page","type-page","status-publish","hentry"],"aioseo_notices":[],"_links":{"self":[{"href":"https:\/\/africansecuritynetwork.org\/HSGO4\/index.php\/wp-json\/wp\/v2\/pages\/48","targetHints":{"allow":["GET"]}}],"collection":[{"href":"https:\/\/africansecuritynetwork.org\/HSGO4\/index.php\/wp-json\/wp\/v2\/pages"}],"about":[{"href":"https:\/\/africansecuritynetwork.org\/HSGO4\/index.php\/wp-json\/wp\/v2\/types\/page"}],"author":[{"embeddable":true,"href":"https:\/\/africansecuritynetwork.org\/HSGO4\/index.php\/wp-json\/wp\/v2\/users\/1"}],"replies":[{"embeddable":true,"href":"https:\/\/africansecuritynetwork.org\/HSGO4\/index.php\/wp-json\/wp\/v2\/comments?post=48"}],"version-history":[{"count":575,"href":"https:\/\/africansecuritynetwork.org\/HSGO4\/index.php\/wp-json\/wp\/v2\/pages\/48\/revisions"}],"predecessor-version":[{"id":7931,"href":"https:\/\/africansecuritynetwork.org\/HSGO4\/index.php\/wp-json\/wp\/v2\/pages\/48\/revisions\/7931"}],"wp:attachment":[{"href":"https:\/\/africansecuritynetwork.org\/HSGO4\/index.php\/wp-json\/wp\/v2\/media?parent=48"}],"curies":[{"name":"wp","href":"https:\/\/api.w.org\/{rel}","templated":true}]}}