{"id":4528,"date":"2025-07-21T12:13:13","date_gmt":"2025-07-21T12:13:13","guid":{"rendered":"https:\/\/africansecuritynetwork.org\/HSGO4\/?page_id=4528"},"modified":"2026-03-01T13:46:54","modified_gmt":"2026-03-01T13:46:54","slug":"actualites-sur-le-mali","status":"publish","type":"page","link":"https:\/\/africansecuritynetwork.org\/HSGO4\/index.php\/actualites-sur-le-mali\/","title":{"rendered":"Actualit\u00e9s sur le Mali"},"content":{"rendered":"\t\t<div data-elementor-type=\"wp-page\" data-elementor-id=\"4528\" class=\"elementor elementor-4528\" data-elementor-post-type=\"page\">\n\t\t\t\t<div class=\"elementor-element elementor-element-723ff9f e-flex e-con-boxed e-con e-parent\" data-id=\"723ff9f\" data-element_type=\"container\">\n\t\t\t\t\t<div class=\"e-con-inner\">\n\t\t\t\t<div class=\"elementor-element elementor-element-6421103 elementor-widget-divider--view-line elementor-widget elementor-widget-divider\" data-id=\"6421103\" data-element_type=\"widget\" data-widget_type=\"divider.default\">\n\t\t\t\t\t\t\t<div class=\"elementor-divider\">\n\t\t\t<span class=\"elementor-divider-separator\">\n\t\t\t\t\t\t<\/span>\n\t\t<\/div>\n\t\t\t\t\t\t<\/div>\n\t\t\t\t\t<\/div>\n\t\t\t\t<\/div>\n\t\t<div class=\"elementor-element elementor-element-ce926c9 e-flex e-con-boxed e-con e-parent\" data-id=\"ce926c9\" data-element_type=\"container\">\n\t\t\t\t\t<div class=\"e-con-inner\">\n\t\t\t\t<div class=\"elementor-element elementor-element-5c46044 elementor-widget elementor-widget-heading\" data-id=\"5c46044\" data-element_type=\"widget\" data-widget_type=\"heading.default\">\n\t\t\t\t\t<h2 class=\"elementor-heading-title elementor-size-default\">Actualit\u00e9s sur le Mali<\/h2>\t\t\t\t<\/div>\n\t\t\t\t\t<\/div>\n\t\t\t\t<\/div>\n\t\t<div class=\"elementor-element elementor-element-f3d3723 e-flex e-con-boxed e-con e-parent\" data-id=\"f3d3723\" data-element_type=\"container\">\n\t\t\t\t\t<div class=\"e-con-inner\">\n\t\t\t\t<div class=\"elementor-element elementor-element-227e053 elementor-widget-divider--view-line elementor-widget elementor-widget-divider\" data-id=\"227e053\" data-element_type=\"widget\" data-widget_type=\"divider.default\">\n\t\t\t\t\t\t\t<div class=\"elementor-divider\">\n\t\t\t<span class=\"elementor-divider-separator\">\n\t\t\t\t\t\t<\/span>\n\t\t<\/div>\n\t\t\t\t\t\t<\/div>\n\t\t\t\t\t<\/div>\n\t\t\t\t<\/div>\n\t\t<div class=\"elementor-element elementor-element-568d5ee e-flex e-con-boxed e-con e-parent\" data-id=\"568d5ee\" data-element_type=\"container\">\n\t\t\t\t\t<div class=\"e-con-inner\">\n\t\t\t\t<div class=\"elementor-element elementor-element-2506433 elementor-widget elementor-widget-elementskit-blog-posts\" data-id=\"2506433\" data-element_type=\"widget\" data-widget_type=\"elementskit-blog-posts.default\">\n\t\t\t\t\t<div class=\"ekit-wid-con\" >        <div id=\"post-items--2506433\" class=\"row post-items\">\n                    <div class=\"col-lg-4 col-md-6\">\n\n                                    <div class=\"elementskit-post-image-card\">\n                        <div class=\"elementskit-entry-header\">\n                                                            <a href=\"https:\/\/africansecuritynetwork.org\/HSGO4\/index.php\/2026\/05\/08\/actualites-du-8-mai\/\" class=\"elementskit-entry-thumb\">\n                                    <img decoding=\"async\" src=\"https:\/\/africansecuritynetwork.org\/HSGO4\/wp-content\/uploads\/2026\/05\/209-1024x1024.png\" alt=\"Actualit\u00e9s du 8 Mai\">\n                                <\/a><!-- .elementskit-entry-thumb END -->\n                                                            \n                            \n\t\t\t\t\t\t\t\t\t\t\t\t\t<\/div><!-- .elementskit-entry-header END -->\n\n\t\t\t\t\t\t<div class=\"elementskit-post-body \">\n\t\t\t\t\t\t\t\n\t\t\t\t\t\t\t\t\t\t\t\t\t\t\t\t\t\t\t\t\t\t\t\t\t\t\t\t\t\t\n\t\t\t\t\t\t\t\t\n\t\t\t\t\t\t\t\t\t\t\t\t\t\t\t\t\t\t\t\t\t<h2 class=\"entry-title\">\n\t\t\t\t\t<a href=\"https:\/\/africansecuritynetwork.org\/HSGO4\/index.php\/2026\/05\/08\/actualites-du-8-mai\/\">\n\t\t\t\t\t\tActualit\u00e9s du 8 Mai\t\t\t\t\t<\/a>\n\t\t\t\t<\/h2>\n\t\t\t\t\t\t\t\t\t\t\t\t\t\t\t\t\t\t\t\t\t\t\t\t\t\t\t\t\t\t\t\t\t\t\t\t\t\t\t\t\t\t<p>Alghabass ag Intalla (FLA) : \u00ab Si les Russes n&#8217;avaient pas n\u00e9goci\u00e9 avec nous, leur sort aurait \u00e9t\u00e9 fatal \u00bb&hellip;<\/p>\n\t\t\t\t\t\t\t\t\t\t\t\t\t\t\t\t\t\t\t\t\t\t                                                            <div class=\"btn-wraper\">\n                                    \n                                                                            <a class=\"elementskit-btn whitespace--normal\" id=\"\" href=\"https:\/\/africansecuritynetwork.org\/HSGO4\/index.php\/2026\/05\/08\/actualites-du-8-mai\/\">\n                                        \t                                            Lire plus                                        <\/a>\n                                                                    <\/div>\n                                                    <\/div><!-- .elementskit-post-body END -->\n                    <\/div>\n                \n            <\/div>\n                    <div class=\"col-lg-4 col-md-6\">\n\n                                    <div class=\"elementskit-post-image-card\">\n                        <div class=\"elementskit-entry-header\">\n                                                            <a href=\"https:\/\/africansecuritynetwork.org\/HSGO4\/index.php\/2026\/05\/01\/actualites-du-1-mai\/\" class=\"elementskit-entry-thumb\">\n                                    <img decoding=\"async\" src=\"https:\/\/africansecuritynetwork.org\/HSGO4\/wp-content\/uploads\/2026\/05\/208-1024x1024.png\" alt=\"Actualit\u00e9s du 1 Mai\">\n                                <\/a><!-- .elementskit-entry-thumb END -->\n                                                            \n                            \n\t\t\t\t\t\t\t\t\t\t\t\t\t<\/div><!-- .elementskit-entry-header END -->\n\n\t\t\t\t\t\t<div class=\"elementskit-post-body \">\n\t\t\t\t\t\t\t\n\t\t\t\t\t\t\t\t\t\t\t\t\t\t\t\t\t\t\t\t\t\t\t\t\t\t\t\t\t\t\n\t\t\t\t\t\t\t\t\n\t\t\t\t\t\t\t\t\t\t\t\t\t\t\t\t\t\t\t\t\t<h2 class=\"entry-title\">\n\t\t\t\t\t<a href=\"https:\/\/africansecuritynetwork.org\/HSGO4\/index.php\/2026\/05\/01\/actualites-du-1-mai\/\">\n\t\t\t\t\t\tActualit\u00e9s du 1 Mai\t\t\t\t\t<\/a>\n\t\t\t\t<\/h2>\n\t\t\t\t\t\t\t\t\t\t\t\t\t\t\t\t\t\t\t\t\t\t\t\t\t\t\t\t\t\t\t\t\t\t\t\t\t\t\t\t\t\t<p>Attaques au Mali : l&#8217;AES face \u00e0 son premier test de cr\u00e9dibilit\u00e9 April 30, 2026 &#8211; Jeune Afrique The Alliance&hellip;<\/p>\n\t\t\t\t\t\t\t\t\t\t\t\t\t\t\t\t\t\t\t\t\t\t                                                            <div class=\"btn-wraper\">\n                                    \n                                                                            <a class=\"elementskit-btn whitespace--normal\" id=\"\" href=\"https:\/\/africansecuritynetwork.org\/HSGO4\/index.php\/2026\/05\/01\/actualites-du-1-mai\/\">\n                                        \t                                            Lire plus                                        <\/a>\n                                                                    <\/div>\n                                                    <\/div><!-- .elementskit-post-body END -->\n                    <\/div>\n                \n            <\/div>\n                    <div class=\"col-lg-4 col-md-6\">\n\n                                    <div class=\"elementskit-post-image-card\">\n                        <div class=\"elementskit-entry-header\">\n                                                            <a href=\"https:\/\/africansecuritynetwork.org\/HSGO4\/index.php\/2026\/04\/24\/actualites-du-24-avril\/\" class=\"elementskit-entry-thumb\">\n                                    <img decoding=\"async\" src=\"https:\/\/africansecuritynetwork.org\/HSGO4\/wp-content\/uploads\/2026\/05\/207-1024x1024.png\" alt=\"Actualit\u00e9s du 24 Avril\">\n                                <\/a><!-- .elementskit-entry-thumb END -->\n                                                            \n                            \n\t\t\t\t\t\t\t\t\t\t\t\t\t<\/div><!-- .elementskit-entry-header END -->\n\n\t\t\t\t\t\t<div class=\"elementskit-post-body \">\n\t\t\t\t\t\t\t\n\t\t\t\t\t\t\t\t\t\t\t\t\t\t\t\t\t\t\t\t\t\t\t\t\t\t\t\t\t\t\n\t\t\t\t\t\t\t\t\n\t\t\t\t\t\t\t\t\t\t\t\t\t\t\t\t\t\t\t\t\t<h2 class=\"entry-title\">\n\t\t\t\t\t<a href=\"https:\/\/africansecuritynetwork.org\/HSGO4\/index.php\/2026\/04\/24\/actualites-du-24-avril\/\">\n\t\t\t\t\t\tActualit\u00e9s du 24 Avril\t\t\t\t\t<\/a>\n\t\t\t\t<\/h2>\n\t\t\t\t\t\t\t\t\t\t\t\t\t\t\t\t\t\t\t\t\t\t\t\t\t\t\t\t\t\t\t\t\t\t\t\t\t\t\t\t\t\t<p>Au Mali, pourquoi la fermeture des march\u00e9s au b\u00e9tail de Bamako peut profiter aux jihadistes April 22, 2026 &#8211; Jeune&hellip;<\/p>\n\t\t\t\t\t\t\t\t\t\t\t\t\t\t\t\t\t\t\t\t\t\t                                                            <div class=\"btn-wraper\">\n                                    \n                                                                            <a class=\"elementskit-btn whitespace--normal\" id=\"\" href=\"https:\/\/africansecuritynetwork.org\/HSGO4\/index.php\/2026\/04\/24\/actualites-du-24-avril\/\">\n                                        \t                                            Lire plus                                        <\/a>\n                                                                    <\/div>\n                                                    <\/div><!-- .elementskit-post-body END -->\n                    <\/div>\n                \n            <\/div>\n                    <div class=\"col-lg-4 col-md-6\">\n\n                                    <div class=\"elementskit-post-image-card\">\n                        <div class=\"elementskit-entry-header\">\n                                                            <a href=\"https:\/\/africansecuritynetwork.org\/HSGO4\/index.php\/2026\/04\/17\/actualites-du-17-avril\/\" class=\"elementskit-entry-thumb\">\n                                    <img decoding=\"async\" src=\"https:\/\/africansecuritynetwork.org\/HSGO4\/wp-content\/uploads\/2026\/04\/192-1024x1024.png\" alt=\"Actualit\u00e9s du 17 Avril\">\n                                <\/a><!-- .elementskit-entry-thumb END -->\n                                                            \n                            \n\t\t\t\t\t\t\t\t\t\t\t\t\t<\/div><!-- .elementskit-entry-header END -->\n\n\t\t\t\t\t\t<div class=\"elementskit-post-body \">\n\t\t\t\t\t\t\t\n\t\t\t\t\t\t\t\t\t\t\t\t\t\t\t\t\t\t\t\t\t\t\t\t\t\t\t\t\t\t\n\t\t\t\t\t\t\t\t\n\t\t\t\t\t\t\t\t\t\t\t\t\t\t\t\t\t\t\t\t\t<h2 class=\"entry-title\">\n\t\t\t\t\t<a href=\"https:\/\/africansecuritynetwork.org\/HSGO4\/index.php\/2026\/04\/17\/actualites-du-17-avril\/\">\n\t\t\t\t\t\tActualit\u00e9s du 17 Avril\t\t\t\t\t<\/a>\n\t\t\t\t<\/h2>\n\t\t\t\t\t\t\t\t\t\t\t\t\t\t\t\t\t\t\t\t\t\t\t\t\t\t\t\t\t\t\t\t\t\t\t\t\t\t\t\t\t\t<p>Ti\u00e9man Hubert Coulibaly : \u00ab Le Mali est une dictature o\u00f9 la justice est aux ordres \u00bb 15 avril 2026&hellip;<\/p>\n\t\t\t\t\t\t\t\t\t\t\t\t\t\t\t\t\t\t\t\t\t\t                                                            <div class=\"btn-wraper\">\n                                    \n                                                                            <a class=\"elementskit-btn whitespace--normal\" id=\"\" href=\"https:\/\/africansecuritynetwork.org\/HSGO4\/index.php\/2026\/04\/17\/actualites-du-17-avril\/\">\n                                        \t                                            Lire plus                                        <\/a>\n                                                                    <\/div>\n                                                    <\/div><!-- .elementskit-post-body END -->\n                    <\/div>\n                \n            <\/div>\n                    <div class=\"col-lg-4 col-md-6\">\n\n                                    <div class=\"elementskit-post-image-card\">\n                        <div class=\"elementskit-entry-header\">\n                                                            <a href=\"https:\/\/africansecuritynetwork.org\/HSGO4\/index.php\/2026\/04\/10\/actualites-du-10-avril\/\" class=\"elementskit-entry-thumb\">\n                                    <img decoding=\"async\" src=\"https:\/\/africansecuritynetwork.org\/HSGO4\/wp-content\/uploads\/2026\/04\/191-1024x1024.png\" alt=\"Actualit\u00e9s du 10 Avril\">\n                                <\/a><!-- .elementskit-entry-thumb END -->\n                                                            \n                            \n\t\t\t\t\t\t\t\t\t\t\t\t\t<\/div><!-- .elementskit-entry-header END -->\n\n\t\t\t\t\t\t<div class=\"elementskit-post-body \">\n\t\t\t\t\t\t\t\n\t\t\t\t\t\t\t\t\t\t\t\t\t\t\t\t\t\t\t\t\t\t\t\t\t\t\t\t\t\t\n\t\t\t\t\t\t\t\t\n\t\t\t\t\t\t\t\t\t\t\t\t\t\t\t\t\t\t\t\t\t<h2 class=\"entry-title\">\n\t\t\t\t\t<a href=\"https:\/\/africansecuritynetwork.org\/HSGO4\/index.php\/2026\/04\/10\/actualites-du-10-avril\/\">\n\t\t\t\t\t\tActualit\u00e9s du 10 Avril\t\t\t\t\t<\/a>\n\t\t\t\t<\/h2>\n\t\t\t\t\t\t\t\t\t\t\t\t\t\t\t\t\t\t\t\t\t\t\t\t\t\t\t\t\t\t\t\t\t\t\t\t\t\t\t\t\t\t<p>Mali : 5 questions pour comprendre comment le Jnim a pouss\u00e9 Assimi Go\u00efta \u00e0 reconfigurer sa strat\u00e9gie 7 avril 2026&hellip;<\/p>\n\t\t\t\t\t\t\t\t\t\t\t\t\t\t\t\t\t\t\t\t\t\t                                                            <div class=\"btn-wraper\">\n                                    \n                                                                            <a class=\"elementskit-btn whitespace--normal\" id=\"\" href=\"https:\/\/africansecuritynetwork.org\/HSGO4\/index.php\/2026\/04\/10\/actualites-du-10-avril\/\">\n                                        \t                                            Lire plus                                        <\/a>\n                                                                    <\/div>\n                                                    <\/div><!-- .elementskit-post-body END -->\n                    <\/div>\n                \n            <\/div>\n                    <div class=\"col-lg-4 col-md-6\">\n\n                                    <div class=\"elementskit-post-image-card\">\n                        <div class=\"elementskit-entry-header\">\n                                                            <a href=\"https:\/\/africansecuritynetwork.org\/HSGO4\/index.php\/2026\/04\/02\/actualites-du-2-avril\/\" class=\"elementskit-entry-thumb\">\n                                    <img decoding=\"async\" src=\"https:\/\/africansecuritynetwork.org\/HSGO4\/wp-content\/uploads\/2026\/04\/Weekly-news-country-covers-copie-2-1024x1024.png\" alt=\"Actualit\u00e9s du 2 Avril\">\n                                <\/a><!-- .elementskit-entry-thumb END -->\n                                                            \n                            \n\t\t\t\t\t\t\t\t\t\t\t\t\t<\/div><!-- .elementskit-entry-header END -->\n\n\t\t\t\t\t\t<div class=\"elementskit-post-body \">\n\t\t\t\t\t\t\t\n\t\t\t\t\t\t\t\t\t\t\t\t\t\t\t\t\t\t\t\t\t\t\t\t\t\t\t\t\t\t\n\t\t\t\t\t\t\t\t\n\t\t\t\t\t\t\t\t\t\t\t\t\t\t\t\t\t\t\t\t\t<h2 class=\"entry-title\">\n\t\t\t\t\t<a href=\"https:\/\/africansecuritynetwork.org\/HSGO4\/index.php\/2026\/04\/02\/actualites-du-2-avril\/\">\n\t\t\t\t\t\tActualit\u00e9s du 2 Avril\t\t\t\t\t<\/a>\n\t\t\t\t<\/h2>\n\t\t\t\t\t\t\t\t\t\t\t\t\t\t\t\t\t\t\t\t\t\t\t\t\t\t\t\t\t\t\t\t\t\t\t\t\t\t\t\t\t\t<p>Mali: les d\u00e9tails des attaques de l&#8217;\u00c9tat islamique \u00e0 M\u00e9naka la semaine derni\u00e8re 31 mars 2026 &#8211; RFI L&#8217;\u00c9tat islamique&hellip;<\/p>\n\t\t\t\t\t\t\t\t\t\t\t\t\t\t\t\t\t\t\t\t\t\t                                                            <div class=\"btn-wraper\">\n                                    \n                                                                            <a class=\"elementskit-btn whitespace--normal\" id=\"\" href=\"https:\/\/africansecuritynetwork.org\/HSGO4\/index.php\/2026\/04\/02\/actualites-du-2-avril\/\">\n                                        \t                                            Lire plus                                        <\/a>\n                                                                    <\/div>\n                                                    <\/div><!-- .elementskit-post-body END -->\n                    <\/div>\n                \n            <\/div>\n                    <div class=\"col-lg-4 col-md-6\">\n\n                                    <div class=\"elementskit-post-image-card\">\n                        <div class=\"elementskit-entry-header\">\n                                                            <a href=\"https:\/\/africansecuritynetwork.org\/HSGO4\/index.php\/2026\/03\/27\/actualites-du-27-mars\/\" class=\"elementskit-entry-thumb\">\n                                    <img decoding=\"async\" src=\"https:\/\/africansecuritynetwork.org\/HSGO4\/wp-content\/uploads\/2026\/04\/190-1024x1024.png\" alt=\"Actualit\u00e9s du 27 Mars\">\n                                <\/a><!-- .elementskit-entry-thumb END -->\n                                                            \n                            \n\t\t\t\t\t\t\t\t\t\t\t\t\t<\/div><!-- .elementskit-entry-header END -->\n\n\t\t\t\t\t\t<div class=\"elementskit-post-body \">\n\t\t\t\t\t\t\t\n\t\t\t\t\t\t\t\t\t\t\t\t\t\t\t\t\t\t\t\t\t\t\t\t\t\t\t\t\t\t\n\t\t\t\t\t\t\t\t\n\t\t\t\t\t\t\t\t\t\t\t\t\t\t\t\t\t\t\t\t\t<h2 class=\"entry-title\">\n\t\t\t\t\t<a href=\"https:\/\/africansecuritynetwork.org\/HSGO4\/index.php\/2026\/03\/27\/actualites-du-27-mars\/\">\n\t\t\t\t\t\tActualit\u00e9s du 27 Mars\t\t\t\t\t<\/a>\n\t\t\t\t<\/h2>\n\t\t\t\t\t\t\t\t\t\t\t\t\t\t\t\t\t\t\t\t\t\t\t\t\t\t\t\t\t\t\t\t\t\t\t\t\t\t\t\t\t\t<p>L&#8217;expert des Nations unies sur les droits humains au Mali pointe une \u00abescalade autoritaire\u00bb 25 mars 2026 &#8211; RFI L&#8217;expert&hellip;<\/p>\n\t\t\t\t\t\t\t\t\t\t\t\t\t\t\t\t\t\t\t\t\t\t                                                            <div class=\"btn-wraper\">\n                                    \n                                                                            <a class=\"elementskit-btn whitespace--normal\" id=\"\" href=\"https:\/\/africansecuritynetwork.org\/HSGO4\/index.php\/2026\/03\/27\/actualites-du-27-mars\/\">\n                                        \t                                            Lire plus                                        <\/a>\n                                                                    <\/div>\n                                                    <\/div><!-- .elementskit-post-body END -->\n                    <\/div>\n                \n            <\/div>\n                    <div class=\"col-lg-4 col-md-6\">\n\n                                    <div class=\"elementskit-post-image-card\">\n                        <div class=\"elementskit-entry-header\">\n                                                            <a href=\"https:\/\/africansecuritynetwork.org\/HSGO4\/index.php\/2026\/03\/20\/actualites-du-20-mars\/\" class=\"elementskit-entry-thumb\">\n                                    <img decoding=\"async\" src=\"https:\/\/africansecuritynetwork.org\/HSGO4\/wp-content\/uploads\/2026\/04\/189-1024x1024.png\" alt=\"Actualit\u00e9s du 20 Mars\">\n                                <\/a><!-- .elementskit-entry-thumb END -->\n                                                            \n                            \n\t\t\t\t\t\t\t\t\t\t\t\t\t<\/div><!-- .elementskit-entry-header END -->\n\n\t\t\t\t\t\t<div class=\"elementskit-post-body \">\n\t\t\t\t\t\t\t\n\t\t\t\t\t\t\t\t\t\t\t\t\t\t\t\t\t\t\t\t\t\t\t\t\t\t\t\t\t\t\n\t\t\t\t\t\t\t\t\n\t\t\t\t\t\t\t\t\t\t\t\t\t\t\t\t\t\t\t\t\t<h2 class=\"entry-title\">\n\t\t\t\t\t<a href=\"https:\/\/africansecuritynetwork.org\/HSGO4\/index.php\/2026\/03\/20\/actualites-du-20-mars\/\">\n\t\t\t\t\t\tActualit\u00e9s du 20 Mars\t\t\t\t\t<\/a>\n\t\t\t\t<\/h2>\n\t\t\t\t\t\t\t\t\t\t\t\t\t\t\t\t\t\t\t\t\t\t\t\t\t\t\t\t\t\t\t\t\t\t\t\t\t\t\t\t\t\t<p>Mali: au moins huit personnes ex\u00e9cut\u00e9es par l\u2019arm\u00e9e pr\u00e8s de Kayes 17 mars 2026 &#8211; RFI Au moins huit personnes&hellip;<\/p>\n\t\t\t\t\t\t\t\t\t\t\t\t\t\t\t\t\t\t\t\t\t\t                                                            <div class=\"btn-wraper\">\n                                    \n                                                                            <a class=\"elementskit-btn whitespace--normal\" id=\"\" href=\"https:\/\/africansecuritynetwork.org\/HSGO4\/index.php\/2026\/03\/20\/actualites-du-20-mars\/\">\n                                        \t                                            Lire plus                                        <\/a>\n                                                                    <\/div>\n                                                    <\/div><!-- .elementskit-post-body END -->\n                    <\/div>\n                \n            <\/div>\n                    <div class=\"col-lg-4 col-md-6\">\n\n                                    <div class=\"elementskit-post-image-card\">\n                        <div class=\"elementskit-entry-header\">\n                                                            <a href=\"https:\/\/africansecuritynetwork.org\/HSGO4\/index.php\/2026\/03\/13\/actualites-du-13-mars\/\" class=\"elementskit-entry-thumb\">\n                                    <img decoding=\"async\" src=\"https:\/\/africansecuritynetwork.org\/HSGO4\/wp-content\/uploads\/2026\/04\/188-1024x1024.png\" alt=\"Actualit\u00e9s du 13 Mars\">\n                                <\/a><!-- .elementskit-entry-thumb END -->\n                                                            \n                            \n\t\t\t\t\t\t\t\t\t\t\t\t\t<\/div><!-- .elementskit-entry-header END -->\n\n\t\t\t\t\t\t<div class=\"elementskit-post-body \">\n\t\t\t\t\t\t\t\n\t\t\t\t\t\t\t\t\t\t\t\t\t\t\t\t\t\t\t\t\t\t\t\t\t\t\t\t\t\t\n\t\t\t\t\t\t\t\t\n\t\t\t\t\t\t\t\t\t\t\t\t\t\t\t\t\t\t\t\t\t<h2 class=\"entry-title\">\n\t\t\t\t\t<a href=\"https:\/\/africansecuritynetwork.org\/HSGO4\/index.php\/2026\/03\/13\/actualites-du-13-mars\/\">\n\t\t\t\t\t\tActualit\u00e9s du 13 Mars\t\t\t\t\t<\/a>\n\t\t\t\t<\/h2>\n\t\t\t\t\t\t\t\t\t\t\t\t\t\t\t\t\t\t\t\t\t\t\t\t\t\t\t\t\t\t\t\t\t\t\t\t\t\t\t\t\t\t<p>Blocus jihadiste au Mali : Bamako confront\u00e9e \u00e0 une p\u00e9nurie de gazole 11 mars 2026 &#8211; Jeune Afrique La capitale&hellip;<\/p>\n\t\t\t\t\t\t\t\t\t\t\t\t\t\t\t\t\t\t\t\t\t\t                                                            <div class=\"btn-wraper\">\n                                    \n                                                                            <a class=\"elementskit-btn whitespace--normal\" id=\"\" href=\"https:\/\/africansecuritynetwork.org\/HSGO4\/index.php\/2026\/03\/13\/actualites-du-13-mars\/\">\n                                        \t                                            Lire plus                                        <\/a>\n                                                                    <\/div>\n                                                    <\/div><!-- .elementskit-post-body END -->\n                    <\/div>\n                \n            <\/div>\n                <\/div>\n       <\/div>\t\t\t\t<\/div>\n\t\t\t\t\t<\/div>\n\t\t\t\t<\/div>\n\t\t<div class=\"elementor-element elementor-element-7814550 e-flex e-con-boxed e-con e-parent\" data-id=\"7814550\" data-element_type=\"container\">\n\t\t\t\t\t<div class=\"e-con-inner\">\n\t\t\t\t<div class=\"elementor-element elementor-element-1ab6266 elementor-widget elementor-widget-button\" data-id=\"1ab6266\" data-element_type=\"widget\" data-widget_type=\"button.default\">\n\t\t\t\t\t\t\t\t\t\t<a class=\"elementor-button elementor-button-link elementor-size-sm\" href=\"https:\/\/africansecuritynetwork.org\/HSGO4\/index.php\/category\/news-2\/\">\n\t\t\t\t\t\t<span class=\"elementor-button-content-wrapper\">\n\t\t\t\t\t\t\t\t\t<span class=\"elementor-button-text\">articles pr\u00e9c\u00e9dents<\/span>\n\t\t\t\t\t<\/span>\n\t\t\t\t\t<\/a>\n\t\t\t\t\t\t\t\t<\/div>\n\t\t\t\t\t<\/div>\n\t\t\t\t<\/div>\n\t\t\t\t<\/div>\n\t\t","protected":false},"excerpt":{"rendered":"<p>Actualit\u00e9s sur le Mali Actualit\u00e9s du 27 F\u00e9vrier Pr\u00e9venir les violences bas\u00e9es sur le genre : EUCAP Sahel Mali renforce les capacit\u00e9s de la Police nationale 25 f\u00e9vrier&hellip; Lire plus Actualit\u00e9s du 20 F\u00e9vrier Coop\u00e9ration Mali-Union europ\u00e9enne : Sur la base d\u2019une nouvelle approche 19 f\u00e9vrier 2026 &#8211; Maliweb Le repr\u00e9sentant sp\u00e9cial de l&#8217;UE&hellip; Lire [&hellip;]<\/p>\n","protected":false},"author":1,"featured_media":0,"parent":0,"menu_order":0,"comment_status":"closed","ping_status":"closed","template":"","meta":{"footnotes":""},"class_list":["post-4528","page","type-page","status-publish","hentry"],"aioseo_notices":[],"_links":{"self":[{"href":"https:\/\/africansecuritynetwork.org\/HSGO4\/index.php\/wp-json\/wp\/v2\/pages\/4528","targetHints":{"allow":["GET"]}}],"collection":[{"href":"https:\/\/africansecuritynetwork.org\/HSGO4\/index.php\/wp-json\/wp\/v2\/pages"}],"about":[{"href":"https:\/\/africansecuritynetwork.org\/HSGO4\/index.php\/wp-json\/wp\/v2\/types\/page"}],"author":[{"embeddable":true,"href":"https:\/\/africansecuritynetwork.org\/HSGO4\/index.php\/wp-json\/wp\/v2\/users\/1"}],"replies":[{"embeddable":true,"href":"https:\/\/africansecuritynetwork.org\/HSGO4\/index.php\/wp-json\/wp\/v2\/comments?post=4528"}],"version-history":[{"count":61,"href":"https:\/\/africansecuritynetwork.org\/HSGO4\/index.php\/wp-json\/wp\/v2\/pages\/4528\/revisions"}],"predecessor-version":[{"id":7483,"href":"https:\/\/africansecuritynetwork.org\/HSGO4\/index.php\/wp-json\/wp\/v2\/pages\/4528\/revisions\/7483"}],"wp:attachment":[{"href":"https:\/\/africansecuritynetwork.org\/HSGO4\/index.php\/wp-json\/wp\/v2\/media?parent=4528"}],"curies":[{"name":"wp","href":"https:\/\/api.w.org\/{rel}","templated":true}]}}