{"id":3848,"date":"2025-06-04T16:17:10","date_gmt":"2025-06-04T16:17:10","guid":{"rendered":"https:\/\/africansecuritynetwork.org\/HSGO4\/?page_id=3848"},"modified":"2025-11-27T12:41:22","modified_gmt":"2025-11-27T12:41:22","slug":"analyse-politique-des-conflits-et-contextes","status":"publish","type":"page","link":"https:\/\/africansecuritynetwork.org\/HSGO4\/index.php\/analyse-politique-des-conflits-et-contextes\/","title":{"rendered":"Analyse politique des conflits et contextes"},"content":{"rendered":"\t\t<div data-elementor-type=\"wp-page\" data-elementor-id=\"3848\" class=\"elementor elementor-3848\" data-elementor-post-type=\"page\">\n\t\t\t\t<div class=\"elementor-element elementor-element-723ff9f e-flex e-con-boxed e-con e-parent\" data-id=\"723ff9f\" data-element_type=\"container\">\n\t\t\t\t\t<div class=\"e-con-inner\">\n\t\t\t\t<div class=\"elementor-element elementor-element-6421103 elementor-widget-divider--view-line elementor-widget elementor-widget-divider\" data-id=\"6421103\" data-element_type=\"widget\" data-widget_type=\"divider.default\">\n\t\t\t\t\t\t\t<div class=\"elementor-divider\">\n\t\t\t<span class=\"elementor-divider-separator\">\n\t\t\t\t\t\t<\/span>\n\t\t<\/div>\n\t\t\t\t\t\t<\/div>\n\t\t\t\t\t<\/div>\n\t\t\t\t<\/div>\n\t\t<div class=\"elementor-element elementor-element-ce926c9 e-flex e-con-boxed e-con e-parent\" data-id=\"ce926c9\" data-element_type=\"container\">\n\t\t\t\t\t<div class=\"e-con-inner\">\n\t\t\t\t<div class=\"elementor-element elementor-element-5c46044 elementor-widget elementor-widget-heading\" data-id=\"5c46044\" data-element_type=\"widget\" data-widget_type=\"heading.default\">\n\t\t\t\t\t<h2 class=\"elementor-heading-title elementor-size-default\">Infographies d\u2019analyse politique<\/h2>\t\t\t\t<\/div>\n\t\t\t\t\t<\/div>\n\t\t\t\t<\/div>\n\t\t<div class=\"elementor-element elementor-element-f3d3723 e-flex e-con-boxed e-con e-parent\" data-id=\"f3d3723\" data-element_type=\"container\">\n\t\t\t\t\t<div class=\"e-con-inner\">\n\t\t\t\t<div class=\"elementor-element elementor-element-227e053 elementor-widget-divider--view-line elementor-widget elementor-widget-divider\" data-id=\"227e053\" data-element_type=\"widget\" data-widget_type=\"divider.default\">\n\t\t\t\t\t\t\t<div class=\"elementor-divider\">\n\t\t\t<span class=\"elementor-divider-separator\">\n\t\t\t\t\t\t<\/span>\n\t\t<\/div>\n\t\t\t\t\t\t<\/div>\n\t\t\t\t\t<\/div>\n\t\t\t\t<\/div>\n\t\t<div class=\"elementor-element elementor-element-568d5ee e-flex e-con-boxed e-con e-parent\" data-id=\"568d5ee\" data-element_type=\"container\">\n\t\t\t\t\t<div class=\"e-con-inner\">\n\t\t\t\t<div class=\"elementor-element elementor-element-2506433 elementor-widget elementor-widget-elementskit-blog-posts\" data-id=\"2506433\" data-element_type=\"widget\" data-widget_type=\"elementskit-blog-posts.default\">\n\t\t\t\t\t<div class=\"ekit-wid-con\" >        <div id=\"post-items--2506433\" class=\"row post-items\">\n                    <div class=\"col-lg-4 col-md-6\">\n\n                                    <div class=\"elementskit-post-image-card\">\n                        <div class=\"elementskit-entry-header\">\n                                                            <a href=\"https:\/\/africansecuritynetwork.org\/HSGO4\/index.php\/2025\/11\/27\/principales-sources-de-financement-du-jnim\/\" class=\"elementskit-entry-thumb\">\n                                    <img decoding=\"async\" src=\"https:\/\/africansecuritynetwork.org\/HSGO4\/wp-content\/uploads\/2025\/11\/JNIM-episode-2-French-791x1024.png\" alt=\"Comment le JNIM finance-t-il ses op\u00e9rations au Sahel?\">\n                                <\/a><!-- .elementskit-entry-thumb END -->\n                                                            \n                            \n\t\t\t\t\t\t\t\t\t\t\t\t\t<\/div><!-- .elementskit-entry-header END -->\n\n\t\t\t\t\t\t<div class=\"elementskit-post-body \">\n\t\t\t\t\t\t\t\n\t\t\t\t\t\t\t\t\t\t\t\t\t\t\t\t\t\t\t\t\t\t\t\t\t\t\t\t\t\t\n\t\t\t\t\t\t\t\t\n\t\t\t\t\t\t\t\t\t\t\t\t\t\t\t\t\t\t\t\t\t<h2 class=\"entry-title\">\n\t\t\t\t\t<a href=\"https:\/\/africansecuritynetwork.org\/HSGO4\/index.php\/2025\/11\/27\/principales-sources-de-financement-du-jnim\/\">\n\t\t\t\t\t\tComment le JNIM finance-t-il ses op\u00e9rations au Sahel?\t\t\t\t\t<\/a>\n\t\t\t\t<\/h2>\n\t\t\t\t\t\t\t\t\t\t\t\t\t\t\t\t\t\t\t\t\t\t\t\t\t\t\t\t\t\t\t\t\t\t\t\t\t\t\t\t\t\t<p>Principales sources de financement du JNIM Dans ce deuxi\u00e8me \u00e9pisode de la s\u00e9rie &#8220;Groupes politico-militaires islamistes radicaux au Sahel&#8221;, nous examinons les sources de revenus du Jama\u2019at Nusrat al-Islam wal-Muslimin (JNIM). Qu&#8217;il s&#8217;agisse des enl\u00e8vements, des vols de b\u00e9tails, du pr\u00e9l\u00e8vement de la Zakat ou des ressources de l&#8217;exploitation aurif\u00e8re. L\u2019infographie est disponible ici en [&hellip;]<\/p>\n\t\t\t\t\t\t\t\t\t\t\t\t\t\t\t\t\t\t\t\t\t\t                                                            <div class=\"btn-wraper\">\n                                    \n                                                                            <a class=\"elementskit-btn whitespace--normal\" id=\"\" href=\"https:\/\/africansecuritynetwork.org\/HSGO4\/index.php\/2025\/11\/27\/principales-sources-de-financement-du-jnim\/\">\n                                        \t                                            Lire plus                                        <\/a>\n                                                                    <\/div>\n                                                    <\/div><!-- .elementskit-post-body END -->\n                    <\/div>\n                \n            <\/div>\n                    <div class=\"col-lg-4 col-md-6\">\n\n                                    <div class=\"elementskit-post-image-card\">\n                        <div class=\"elementskit-entry-header\">\n                                                            <a href=\"https:\/\/africansecuritynetwork.org\/HSGO4\/index.php\/2025\/11\/14\/qui-sont-les-responsables-du-jnim-qui-imposent-un-blocus-pour-asphyxier-bamako\/\" class=\"elementskit-entry-thumb\">\n                                    <img decoding=\"async\" src=\"https:\/\/africansecuritynetwork.org\/HSGO4\/wp-content\/uploads\/2025\/11\/JNIM-Episode-1-page-1-FRENCH-791x1024.png\" alt=\"Qui sont les responsables du JNIM qui imposent un blocus pour asphyxier Bamako?\">\n                                <\/a><!-- .elementskit-entry-thumb END -->\n                                                            \n                            \n\t\t\t\t\t\t\t\t\t\t\t\t\t<\/div><!-- .elementskit-entry-header END -->\n\n\t\t\t\t\t\t<div class=\"elementskit-post-body \">\n\t\t\t\t\t\t\t\n\t\t\t\t\t\t\t\t\t\t\t\t\t\t\t\t\t\t\t\t\t\t\t\t\t\t\t\t\t\t\n\t\t\t\t\t\t\t\t\n\t\t\t\t\t\t\t\t\t\t\t\t\t\t\t\t\t\t\t\t\t<h2 class=\"entry-title\">\n\t\t\t\t\t<a href=\"https:\/\/africansecuritynetwork.org\/HSGO4\/index.php\/2025\/11\/14\/qui-sont-les-responsables-du-jnim-qui-imposent-un-blocus-pour-asphyxier-bamako\/\">\n\t\t\t\t\t\tQui sont les responsables du JNIM qui imposent un blocus pour asphyxier Bamako?\t\t\t\t\t<\/a>\n\t\t\t\t<\/h2>\n\t\t\t\t\t\t\t\t\t\t\t\t\t\t\t\t\t\t\t\t\t\t\t\t\t\t\t\t\t\t\t\t\t\t\t\t\t\t\t\t\t\t<p>Qui sont les responsables du JNIM qui imposent un blocus pour asphyxier Bamako?\u00a0 Le Jama\u2019at Nusrat al-Islam wal-Muslimin (JNIM) s\u2019est impos\u00e9 comme l\u2019un des acteurs djihadistes les plus structur\u00e9s du Sahel, articul\u00e9 autour d\u2019un conseil central puissant et d\u2019un maillage territorial en constante expansion. Dans ce premier \u00e9pisode de la s\u00e9rie &#8220;Groupes politico-militaires islamistes radicaux [&hellip;]<\/p>\n\t\t\t\t\t\t\t\t\t\t\t\t\t\t\t\t\t\t\t\t\t\t                                                            <div class=\"btn-wraper\">\n                                    \n                                                                            <a class=\"elementskit-btn whitespace--normal\" id=\"\" href=\"https:\/\/africansecuritynetwork.org\/HSGO4\/index.php\/2025\/11\/14\/qui-sont-les-responsables-du-jnim-qui-imposent-un-blocus-pour-asphyxier-bamako\/\">\n                                        \t                                            Lire plus                                        <\/a>\n                                                                    <\/div>\n                                                    <\/div><!-- .elementskit-post-body END -->\n                    <\/div>\n                \n            <\/div>\n                    <div class=\"col-lg-4 col-md-6\">\n\n                                    <div class=\"elementskit-post-image-card\">\n                        <div class=\"elementskit-entry-header\">\n                                                            <a href=\"https:\/\/africansecuritynetwork.org\/HSGO4\/index.php\/2025\/09\/24\/lafrican-security-sector-network-assn-est-ravi-de-vous-presenter-cette-nouvelle-infographie-consacree-a-la-somalie\/\" class=\"elementskit-entry-thumb\">\n                                    <img decoding=\"async\" src=\"https:\/\/africansecuritynetwork.org\/HSGO4\/wp-content\/uploads\/2025\/09\/Infographie-Somalie-FMES_page-0001-1-724x1024.jpg\" alt=\"Somalie en 2025\">\n                                <\/a><!-- .elementskit-entry-thumb END -->\n                                                            \n                            \n\t\t\t\t\t\t\t\t\t\t\t\t\t<\/div><!-- .elementskit-entry-header END -->\n\n\t\t\t\t\t\t<div class=\"elementskit-post-body \">\n\t\t\t\t\t\t\t\n\t\t\t\t\t\t\t\t\t\t\t\t\t\t\t\t\t\t\t\t\t\t\t\t\t\t\t\t\t\t\n\t\t\t\t\t\t\t\t\n\t\t\t\t\t\t\t\t\t\t\t\t\t\t\t\t\t\t\t\t\t<h2 class=\"entry-title\">\n\t\t\t\t\t<a href=\"https:\/\/africansecuritynetwork.org\/HSGO4\/index.php\/2025\/09\/24\/lafrican-security-sector-network-assn-est-ravi-de-vous-presenter-cette-nouvelle-infographie-consacree-a-la-somalie\/\">\n\t\t\t\t\t\tSomalie en 2025\t\t\t\t\t<\/a>\n\t\t\t\t<\/h2>\n\t\t\t\t\t\t\t\t\t\t\t\t\t\t\t\t\t\t\t\t\t\t\t\t\t\t\t\t\t\t\t\t\t\t\t\t\t\t\t\t\t\t<p>L\u2019African Security Sector Network (ASSN)&nbsp;est ravi de vous pr\u00e9senter cette nouvelle infographie consacr\u00e9e \u00e0 la&nbsp;Somalie, r\u00e9alis\u00e9e en collaboration avec la&nbsp;Fondation M\u00e9diterran\u00e9enne D&#8217;Etudes Strat\u00e9giques&nbsp;(FMES). Cette publication marque le d\u00e9but d\u2019un partenariat entre l\u2019ASSN&nbsp;et la&nbsp;FMES: tous les 15 jours, de nouvelles infographies viendront d\u00e9crypter l\u2019actualit\u00e9 s\u00e9curitaire et g\u00e9opolitique sur le continent africain. En 2025, la Somalie cherche [&hellip;]<\/p>\n\t\t\t\t\t\t\t\t\t\t\t\t\t\t\t\t\t\t\t\t\t\t                                                            <div class=\"btn-wraper\">\n                                    \n                                                                            <a class=\"elementskit-btn whitespace--normal\" id=\"\" href=\"https:\/\/africansecuritynetwork.org\/HSGO4\/index.php\/2025\/09\/24\/lafrican-security-sector-network-assn-est-ravi-de-vous-presenter-cette-nouvelle-infographie-consacree-a-la-somalie\/\">\n                                        \t                                            Lire plus                                        <\/a>\n                                                                    <\/div>\n                                                    <\/div><!-- .elementskit-post-body END -->\n                    <\/div>\n                \n            <\/div>\n                    <div class=\"col-lg-4 col-md-6\">\n\n                                    <div class=\"elementskit-post-image-card\">\n                        <div class=\"elementskit-entry-header\">\n                                                            <a href=\"https:\/\/africansecuritynetwork.org\/HSGO4\/index.php\/2025\/06\/11\/le-niger-depuis-le-coup-detat-du-26-juillet-2023\/\" class=\"elementskit-entry-thumb\">\n                                    <img decoding=\"async\" src=\"https:\/\/africansecuritynetwork.org\/HSGO4\/wp-content\/uploads\/2025\/06\/Le-Niger-depuis-le-coup-dEtat-du-26-juillet-2023-5_page-0001-1024x1024.jpg\" alt=\"Le Niger depuis le coup d\u2019\u00c9tat du 26 Juillet 2023\">\n                                <\/a><!-- .elementskit-entry-thumb END -->\n                                                            \n                            \n\t\t\t\t\t\t\t\t\t\t\t\t\t<\/div><!-- .elementskit-entry-header END -->\n\n\t\t\t\t\t\t<div class=\"elementskit-post-body \">\n\t\t\t\t\t\t\t\n\t\t\t\t\t\t\t\t\t\t\t\t\t\t\t\t\t\t\t\t\t\t\t\t\t\t\t\t\t\t\n\t\t\t\t\t\t\t\t\n\t\t\t\t\t\t\t\t\t\t\t\t\t\t\t\t\t\t\t\t\t<h2 class=\"entry-title\">\n\t\t\t\t\t<a href=\"https:\/\/africansecuritynetwork.org\/HSGO4\/index.php\/2025\/06\/11\/le-niger-depuis-le-coup-detat-du-26-juillet-2023\/\">\n\t\t\t\t\t\tLe Niger depuis le coup d\u2019\u00c9tat du 26 Juillet 2023\t\t\t\t\t<\/a>\n\t\t\t\t<\/h2>\n\t\t\t\t\t\t\t\t\t\t\t\t\t\t\t\t\t\t\t\t\t\t\t\t\t\t\t\t\t\t\t\t\t\t\t\t\t\t\t\t\t\t<p>Cette infographie retrace les dynamiques internes et r\u00e9gionales depuis la prise de pouvoir du CNSP, entre retour au r\u00e9gime militaire, retrait des alliances historiques (CEDEAO, OIF), red\u00e9finition identitaire, mont\u00e9e du souverainisme sah\u00e9lien et nouvelles alliances strat\u00e9giques. ENGThis infographic outlines the internal and regional dynamics since the CNSP took power, including the return to military rule, [&hellip;]<\/p>\n\t\t\t\t\t\t\t\t\t\t\t\t\t\t\t\t\t\t\t\t\t\t                                                            <div class=\"btn-wraper\">\n                                    \n                                                                            <a class=\"elementskit-btn whitespace--normal\" id=\"\" href=\"https:\/\/africansecuritynetwork.org\/HSGO4\/index.php\/2025\/06\/11\/le-niger-depuis-le-coup-detat-du-26-juillet-2023\/\">\n                                        \t                                            Lire plus                                        <\/a>\n                                                                    <\/div>\n                                                    <\/div><!-- .elementskit-post-body END -->\n                    <\/div>\n                \n            <\/div>\n                    <div class=\"col-lg-4 col-md-6\">\n\n                                    <div class=\"elementskit-post-image-card\">\n                        <div class=\"elementskit-entry-header\">\n                                                            <a href=\"https:\/\/africansecuritynetwork.org\/HSGO4\/index.php\/2025\/06\/04\/aes-vs-cedeao\/\" class=\"elementskit-entry-thumb\">\n                                    <img decoding=\"async\" src=\"https:\/\/africansecuritynetwork.org\/HSGO4\/wp-content\/uploads\/2025\/06\/AES-VS-CEDEAO-divorce-ou-compromis-strategique-4_page-0006-1024x1024.jpg\" alt=\"AES VS CEDEAO Divorce ou compromis strat\u00e9gique?\">\n                                <\/a><!-- .elementskit-entry-thumb END -->\n                                                            \n                            \n\t\t\t\t\t\t\t\t\t\t\t\t\t<\/div><!-- .elementskit-entry-header END -->\n\n\t\t\t\t\t\t<div class=\"elementskit-post-body \">\n\t\t\t\t\t\t\t\n\t\t\t\t\t\t\t\t\t\t\t\t\t\t\t\t\t\t\t\t\t\t\t\t\t\t\t\t\t\t\n\t\t\t\t\t\t\t\t\n\t\t\t\t\t\t\t\t\t\t\t\t\t\t\t\t\t\t\t\t\t<h2 class=\"entry-title\">\n\t\t\t\t\t<a href=\"https:\/\/africansecuritynetwork.org\/HSGO4\/index.php\/2025\/06\/04\/aes-vs-cedeao\/\">\n\t\t\t\t\t\tAES VS CEDEAO Divorce ou compromis strat\u00e9gique?\t\t\t\t\t<\/a>\n\t\t\t\t<\/h2>\n\t\t\t\t\t\t\t\t\t\t\t\t\t\t\t\t\t\t\t\t\t\t\t\t\t\t\t\t\t\t\t\t\t\t\t\t\t\t\t\t\t\t<p>Le 29 janvier 2025, le Mali, le Burkina Faso et le Niger officialisent leur retrait de la CEDEAO, scellant une rupture amorc\u00e9e par la cr\u00e9ation de l\u2019Alliance des \u00c9tats du Sahel (AES) en 2023. Cette d\u00e9cision refl\u00e8te des visions oppos\u00e9es de la gouvernance en Afrique de l\u2019Ouest : int\u00e9gration r\u00e9gionale et d\u00e9mocratie pour la CEDEAO, [&hellip;]<\/p>\n\t\t\t\t\t\t\t\t\t\t\t\t\t\t\t\t\t\t\t\t\t\t                                                            <div class=\"btn-wraper\">\n                                    \n                                                                            <a class=\"elementskit-btn whitespace--normal\" id=\"\" href=\"https:\/\/africansecuritynetwork.org\/HSGO4\/index.php\/2025\/06\/04\/aes-vs-cedeao\/\">\n                                        \t                                            Lire plus                                        <\/a>\n                                                                    <\/div>\n                                                    <\/div><!-- .elementskit-post-body END -->\n                    <\/div>\n                \n            <\/div>\n                    <div class=\"col-lg-4 col-md-6\">\n\n                                    <div class=\"elementskit-post-image-card\">\n                        <div class=\"elementskit-entry-header\">\n                                                            <a href=\"https:\/\/africansecuritynetwork.org\/HSGO4\/index.php\/2025\/06\/04\/aes-vs-cedeao-divorce-or-strategic-compromise\/\" class=\"elementskit-entry-thumb\">\n                                    <img decoding=\"async\" src=\"https:\/\/africansecuritynetwork.org\/HSGO4\/wp-content\/uploads\/2025\/06\/AES-VS-CEDEAO-divorce-ou-compromis-strategique-4_page-0001-1024x1024.jpg\" alt=\"AES VS CEDEAO Divorce or strategic compromise ?\">\n                                <\/a><!-- .elementskit-entry-thumb END -->\n                                                            \n                            \n\t\t\t\t\t\t\t\t\t\t\t\t\t<\/div><!-- .elementskit-entry-header END -->\n\n\t\t\t\t\t\t<div class=\"elementskit-post-body \">\n\t\t\t\t\t\t\t\n\t\t\t\t\t\t\t\t\t\t\t\t\t\t\t\t\t\t\t\t\t\t\t\t\t\t\t\t\t\t\n\t\t\t\t\t\t\t\t\n\t\t\t\t\t\t\t\t\t\t\t\t\t\t\t\t\t\t\t\t\t<h2 class=\"entry-title\">\n\t\t\t\t\t<a href=\"https:\/\/africansecuritynetwork.org\/HSGO4\/index.php\/2025\/06\/04\/aes-vs-cedeao-divorce-or-strategic-compromise\/\">\n\t\t\t\t\t\tAES VS CEDEAO Divorce or strategic compromise ?\t\t\t\t\t<\/a>\n\t\t\t\t<\/h2>\n\t\t\t\t\t\t\t\t\t\t\t\t\t\t\t\t\t\t\t\t\t\t\t\t\t\t\t\t\t\t\t\t\t\t\t\t\t\t\t\t\t\t<p>On January 29, 2025, Mali, Burkina Faso, and Niger officially announced their withdrawal from ECOWAS, sealing a rupture that began with the creation of the Alliance of Sahel States (AES) in 2023. This decision reflects opposing visions of governance in West Africa: regional integration and democracy for ECOWAS, versus sovereigntism and bilateral alliances for the [&hellip;]<\/p>\n\t\t\t\t\t\t\t\t\t\t\t\t\t\t\t\t\t\t\t\t\t\t                                                            <div class=\"btn-wraper\">\n                                    \n                                                                            <a class=\"elementskit-btn whitespace--normal\" id=\"\" href=\"https:\/\/africansecuritynetwork.org\/HSGO4\/index.php\/2025\/06\/04\/aes-vs-cedeao-divorce-or-strategic-compromise\/\">\n                                        \t                                            Lire plus                                        <\/a>\n                                                                    <\/div>\n                                                    <\/div><!-- .elementskit-post-body END -->\n                    <\/div>\n                \n            <\/div>\n                <\/div>\n       <\/div>\t\t\t\t<\/div>\n\t\t\t\t\t<\/div>\n\t\t\t\t<\/div>\n\t\t\t\t<\/div>\n\t\t","protected":false},"excerpt":{"rendered":"<p>Infographies d\u2019analyse politique Comment le JNIM finance-t-il ses op\u00e9rations au Sahel? Le Jama\u2019at Nusrat al-Islam wal-Muslimin (JNIM) repose sur un ensemble de revenus diversifi\u00e9s qui lui permettent de maintenir son influence et de contr\u00f4ler des territoires strat\u00e9giques face aux forces arm\u00e9es et autres groupes arm\u00e9s.&nbsp; Dans ce deuxi\u00e8me \u00e9pisode de la s\u00e9rie &#8220;Groupes politico-militaires islamistes [&hellip;]<\/p>\n","protected":false},"author":1,"featured_media":0,"parent":0,"menu_order":0,"comment_status":"closed","ping_status":"closed","template":"","meta":{"footnotes":""},"class_list":["post-3848","page","type-page","status-publish","hentry"],"aioseo_notices":[],"_links":{"self":[{"href":"https:\/\/africansecuritynetwork.org\/HSGO4\/index.php\/wp-json\/wp\/v2\/pages\/3848","targetHints":{"allow":["GET"]}}],"collection":[{"href":"https:\/\/africansecuritynetwork.org\/HSGO4\/index.php\/wp-json\/wp\/v2\/pages"}],"about":[{"href":"https:\/\/africansecuritynetwork.org\/HSGO4\/index.php\/wp-json\/wp\/v2\/types\/page"}],"author":[{"embeddable":true,"href":"https:\/\/africansecuritynetwork.org\/HSGO4\/index.php\/wp-json\/wp\/v2\/users\/1"}],"replies":[{"embeddable":true,"href":"https:\/\/africansecuritynetwork.org\/HSGO4\/index.php\/wp-json\/wp\/v2\/comments?post=3848"}],"version-history":[{"count":43,"href":"https:\/\/africansecuritynetwork.org\/HSGO4\/index.php\/wp-json\/wp\/v2\/pages\/3848\/revisions"}],"predecessor-version":[{"id":6505,"href":"https:\/\/africansecuritynetwork.org\/HSGO4\/index.php\/wp-json\/wp\/v2\/pages\/3848\/revisions\/6505"}],"wp:attachment":[{"href":"https:\/\/africansecuritynetwork.org\/HSGO4\/index.php\/wp-json\/wp\/v2\/media?parent=3848"}],"curies":[{"name":"wp","href":"https:\/\/api.w.org\/{rel}","templated":true}]}}