{"id":3801,"date":"2025-06-04T12:54:16","date_gmt":"2025-06-04T12:54:16","guid":{"rendered":"https:\/\/africansecuritynetwork.org\/HSGO4\/?page_id=3801"},"modified":"2025-11-19T12:02:54","modified_gmt":"2025-11-19T12:02:54","slug":"cartographie-des-acteurs-informels-en-afrique","status":"publish","type":"page","link":"https:\/\/africansecuritynetwork.org\/HSGO4\/index.php\/cartographie-des-acteurs-informels-en-afrique\/","title":{"rendered":"Cartographie des acteurs informels en Afrique"},"content":{"rendered":"\t\t<div data-elementor-type=\"wp-page\" data-elementor-id=\"3801\" class=\"elementor elementor-3801\" data-elementor-post-type=\"page\">\n\t\t\t\t<div class=\"elementor-element elementor-element-723ff9f e-flex e-con-boxed e-con e-parent\" data-id=\"723ff9f\" data-element_type=\"container\">\n\t\t\t\t\t<div class=\"e-con-inner\">\n\t\t\t\t<div class=\"elementor-element elementor-element-6421103 elementor-widget-divider--view-line elementor-widget elementor-widget-divider\" data-id=\"6421103\" data-element_type=\"widget\" data-widget_type=\"divider.default\">\n\t\t\t\t\t\t\t<div class=\"elementor-divider\">\n\t\t\t<span class=\"elementor-divider-separator\">\n\t\t\t\t\t\t<\/span>\n\t\t<\/div>\n\t\t\t\t\t\t<\/div>\n\t\t\t\t\t<\/div>\n\t\t\t\t<\/div>\n\t\t<div class=\"elementor-element elementor-element-ce926c9 e-flex e-con-boxed e-con e-parent\" data-id=\"ce926c9\" data-element_type=\"container\">\n\t\t\t\t\t<div class=\"e-con-inner\">\n\t\t\t\t<div class=\"elementor-element elementor-element-5c46044 elementor-widget elementor-widget-heading\" data-id=\"5c46044\" data-element_type=\"widget\" data-widget_type=\"heading.default\">\n\t\t\t\t\t<h2 class=\"elementor-heading-title elementor-size-default\">Acteurs Informels en Afrique<\/h2>\t\t\t\t<\/div>\n\t\t\t\t\t<\/div>\n\t\t\t\t<\/div>\n\t\t<div class=\"elementor-element elementor-element-f3d3723 e-flex e-con-boxed e-con e-parent\" data-id=\"f3d3723\" data-element_type=\"container\">\n\t\t\t\t\t<div class=\"e-con-inner\">\n\t\t\t\t<div class=\"elementor-element elementor-element-227e053 elementor-widget-divider--view-line elementor-widget elementor-widget-divider\" data-id=\"227e053\" data-element_type=\"widget\" data-widget_type=\"divider.default\">\n\t\t\t\t\t\t\t<div class=\"elementor-divider\">\n\t\t\t<span class=\"elementor-divider-separator\">\n\t\t\t\t\t\t<\/span>\n\t\t<\/div>\n\t\t\t\t\t\t<\/div>\n\t\t\t\t\t<\/div>\n\t\t\t\t<\/div>\n\t\t<div class=\"elementor-element elementor-element-d3029c7 e-flex e-con-boxed e-con e-parent\" data-id=\"d3029c7\" data-element_type=\"container\">\n\t\t\t\t\t<div class=\"e-con-inner\">\n\t\t\t\t<div class=\"elementor-element elementor-element-fb9cea9 elementor--h-position-center elementor--v-position-middle elementor-arrows-position-inside elementor-pagination-position-inside elementor-widget elementor-widget-slides\" data-id=\"fb9cea9\" data-element_type=\"widget\" data-settings=\"{&quot;navigation&quot;:&quot;both&quot;,&quot;autoplay&quot;:&quot;yes&quot;,&quot;pause_on_hover&quot;:&quot;yes&quot;,&quot;pause_on_interaction&quot;:&quot;yes&quot;,&quot;autoplay_speed&quot;:5000,&quot;infinite&quot;:&quot;yes&quot;,&quot;transition&quot;:&quot;slide&quot;,&quot;transition_speed&quot;:500}\" data-widget_type=\"slides.default\">\n\t\t\t\t\t\t\t\t\t\t<div class=\"elementor-slides-wrapper elementor-main-swiper swiper\" role=\"region\" aria-roledescription=\"carousel\" aria-label=\"Slides\" dir=\"ltr\" data-animation=\"fadeInUp\">\n\t\t\t\t<div class=\"swiper-wrapper elementor-slides\">\n\t\t\t\t\t\t\t\t\t\t<div class=\"elementor-repeater-item-3827c2f swiper-slide\" role=\"group\" aria-roledescription=\"slide\"><div class=\"swiper-slide-bg\" role=\"img\"><\/div><a class=\"swiper-slide-inner\" href=\"https:\/\/africansecuritynetwork.org\/HSGO4\/wp-content\/uploads\/2025\/11\/Le-Mogho-Naaba-et-la-Rouyaute-des-Mossi-au-Burkina-Faso.pdf\"><div class=\"swiper-slide-contents\"><div  class=\"elementor-button elementor-slide-button elementor-size-sm\">Le Mogho-Naaba et la Rouyaute\u0301 des Mossi au Burkina Faso<\/div><\/div><\/a><\/div><div class=\"elementor-repeater-item-faf5447 swiper-slide\" role=\"group\" aria-roledescription=\"slide\"><div class=\"swiper-slide-bg\" role=\"img\"><\/div><a class=\"swiper-slide-inner\" href=\"https:\/\/africansecuritynetwork.org\/HSGO4\/wp-content\/uploads\/2025\/11\/Les-relations-historiques-et-actuelles-entre-communautes-Touaregues-et-Peules.pdf\"><div class=\"swiper-slide-contents\"><div  class=\"elementor-button elementor-slide-button elementor-size-sm\">Relations (historiques et actuelles) entre Touaregs et Peuls<\/div><\/div><\/a><\/div><div class=\"elementor-repeater-item-65fd2f4 swiper-slide\" role=\"group\" aria-roledescription=\"slide\"><div class=\"swiper-slide-bg\" role=\"img\"><\/div><a class=\"swiper-slide-inner\" href=\"https:\/\/africansecuritynetwork.org\/HSGO4\/wp-content\/uploads\/2025\/11\/La-chambre-des-rois-et-des-chefs-traditionnels-en-cote-d_Ivoire.pdf\"><div class=\"swiper-slide-contents\"><div  class=\"elementor-button elementor-slide-button elementor-size-sm\">La chambre des rois et des chefs traditionnels en co\u0302te d_Ivoire<\/div><\/div><\/a><\/div><div class=\"elementor-repeater-item-7d1e70f swiper-slide\" role=\"group\" aria-roledescription=\"slide\"><div class=\"swiper-slide-bg\" role=\"img\"><\/div><a class=\"swiper-slide-inner\" href=\"https:\/\/africansecuritynetwork.org\/HSGO4\/wp-content\/uploads\/2025\/11\/LISLAM-AU-MALI.pdf\"><div class=\"swiper-slide-contents\"><div  class=\"elementor-button elementor-slide-button elementor-size-sm\">L_ISLAM AU MALI<\/div><\/div><\/a><\/div><div class=\"elementor-repeater-item-8b073fa swiper-slide\" role=\"group\" aria-roledescription=\"slide\"><div class=\"swiper-slide-bg\" role=\"img\"><\/div><a class=\"swiper-slide-inner\" href=\"https:\/\/africansecuritynetwork.org\/HSGO4\/wp-content\/uploads\/2025\/11\/Le-Malinke-en-Cote-d_Ivoire.pdf\"><div class=\"swiper-slide-contents\"><div  class=\"elementor-button elementor-slide-button elementor-size-sm\">Le Malinke\u0301 en Co\u0302te d_Ivoire<\/div><\/div><\/a><\/div><div class=\"elementor-repeater-item-ea345c3 swiper-slide\" role=\"group\" aria-roledescription=\"slide\"><div class=\"swiper-slide-bg\" role=\"img\"><\/div><a class=\"swiper-slide-inner\" href=\"https:\/\/africansecuritynetwork.org\/HSGO4\/wp-content\/uploads\/2025\/11\/Pouvoirs-coutumiers-et-orpillage-illicite-en-Cote-d_Ivoire.pdf\"><div class=\"swiper-slide-contents\"><div  class=\"elementor-button elementor-slide-button elementor-size-sm\">Pouvoirs coutumiers et orpillage illicite en Co\u0302te d_Ivoire<\/div><\/div><\/a><\/div><div class=\"elementor-repeater-item-d0c6789 swiper-slide\" role=\"group\" aria-roledescription=\"slide\"><div class=\"swiper-slide-bg\" role=\"img\"><\/div><a class=\"swiper-slide-inner\" href=\"https:\/\/africansecuritynetwork.org\/HSGO4\/wp-content\/uploads\/2025\/11\/Traditional-justice-mechanisms-in-Liberia.pdf\"><div class=\"swiper-slide-contents\"><div  class=\"elementor-button elementor-slide-button elementor-size-sm\">Traditional justice mechanisms in Liberia<\/div><\/div><\/a><\/div><div class=\"elementor-repeater-item-b7105ab swiper-slide\" role=\"group\" aria-roledescription=\"slide\"><div class=\"swiper-slide-bg\" role=\"img\"><\/div><a class=\"swiper-slide-inner\" href=\"https:\/\/africansecuritynetwork.org\/HSGO4\/wp-content\/uploads\/2025\/11\/Sociologie-des-differentes-vagues-de-recrues-dans-les-forces-de-securite-centrafricaine.pdf\"><div class=\"swiper-slide-contents\"><div  class=\"elementor-button elementor-slide-button elementor-size-sm\">Sociologie des diffe\u0301rentes vagues de recrues dans les forces de se\u0301curite\u0301 centrafricaine<\/div><\/div><\/a><\/div><div class=\"elementor-repeater-item-b440846 swiper-slide\" role=\"group\" aria-roledescription=\"slide\"><div class=\"swiper-slide-bg\" role=\"img\"><\/div><a class=\"swiper-slide-inner\" href=\"https:\/\/africansecuritynetwork.org\/HSGO4\/wp-content\/uploads\/2025\/11\/Les-chefs-de-quartiers-villages-et-chefferies-traditionnelles-en-RCA.pdf\"><div class=\"swiper-slide-contents\"><div  class=\"elementor-button elementor-slide-button elementor-size-sm\">Les chefs de quartiers, villages et chefferies traditionnelles en RCA<\/div><\/div><\/a><\/div><div class=\"elementor-repeater-item-886d5b8 swiper-slide\" role=\"group\" aria-roledescription=\"slide\"><div class=\"swiper-slide-bg\" role=\"img\"><\/div><a class=\"swiper-slide-inner\" href=\"https:\/\/africansecuritynetwork.org\/HSGO4\/wp-content\/uploads\/2025\/11\/Somaliland-A-Hybrid-state-at-the-crossroads-of-tradition-and-modernity.pdf\"><div class=\"swiper-slide-contents\"><div  class=\"elementor-button elementor-slide-button elementor-size-sm\">Somaliland - A Hybrid state at the crossroads of tradition and modernity<\/div><\/div><\/a><\/div><div class=\"elementor-repeater-item-8dd6090 swiper-slide\" role=\"group\" aria-roledescription=\"slide\"><div class=\"swiper-slide-bg\" role=\"img\"><\/div><a class=\"swiper-slide-inner\" href=\"https:\/\/africansecuritynetwork.org\/HSGO4\/wp-content\/uploads\/2025\/11\/La-communaute-musulmane-en-RCA.pdf\"><div class=\"swiper-slide-contents\"><div  class=\"elementor-button elementor-slide-button elementor-size-sm\">La communaute\u0301 musulmane en RCA<\/div><\/div><\/a><\/div>\t\t\t\t<\/div>\n\t\t\t\t\t\t\t\t\t\t\t\t\t\t\t<div class=\"elementor-swiper-button elementor-swiper-button-prev\" role=\"button\" tabindex=\"0\" aria-label=\"Previous slide\">\n\t\t\t\t\t\t\t<svg aria-hidden=\"true\" class=\"e-font-icon-svg e-eicon-chevron-left\" viewBox=\"0 0 1000 1000\" xmlns=\"http:\/\/www.w3.org\/2000\/svg\"><path d=\"M646 125C629 125 613 133 604 142L308 442C296 454 292 471 292 487 292 504 296 521 308 533L604 854C617 867 629 875 646 875 663 875 679 871 692 858 704 846 713 829 713 812 713 796 708 779 692 767L438 487 692 225C700 217 708 204 708 187 708 171 704 154 692 142 675 129 663 125 646 125Z\"><\/path><\/svg>\t\t\t\t\t\t<\/div>\n\t\t\t\t\t\t<div class=\"elementor-swiper-button elementor-swiper-button-next\" role=\"button\" tabindex=\"0\" aria-label=\"Next slide\">\n\t\t\t\t\t\t\t<svg aria-hidden=\"true\" class=\"e-font-icon-svg e-eicon-chevron-right\" viewBox=\"0 0 1000 1000\" xmlns=\"http:\/\/www.w3.org\/2000\/svg\"><path d=\"M696 533C708 521 713 504 713 487 713 471 708 454 696 446L400 146C388 133 375 125 354 125 338 125 325 129 313 142 300 154 292 171 292 187 292 204 296 221 308 233L563 492 304 771C292 783 288 800 288 817 288 833 296 850 308 863 321 871 338 875 354 875 371 875 388 867 400 854L696 533Z\"><\/path><\/svg>\t\t\t\t\t\t<\/div>\n\t\t\t\t\t\t\t\t\t\t\t\t\t\t\t\t<div class=\"swiper-pagination\"><\/div>\n\t\t\t\t\t\t\t\t\t\t\t\t<\/div>\n\t\t\t\t\t\t\t\t<\/div>\n\t\t\t\t\t<\/div>\n\t\t\t\t<\/div>\n\t\t<div class=\"elementor-element elementor-element-0016f0b e-grid e-con-boxed e-con e-parent\" data-id=\"0016f0b\" data-element_type=\"container\">\n\t\t\t\t\t<div class=\"e-con-inner\">\n\t\t\t\t<div class=\"elementor-element elementor-element-667b145 elementor-align-justify elementor-widget elementor-widget-button\" data-id=\"667b145\" data-element_type=\"widget\" data-widget_type=\"button.default\">\n\t\t\t\t\t\t\t\t\t\t<a class=\"elementor-button elementor-button-link elementor-size-sm\" href=\"https:\/\/africansecuritynetwork.org\/HSGO4\/index.php\/autorites-traditionnelles-appartenances-communautaires-et-solidarites-exclusions-sociales\/\">\n\t\t\t\t\t\t<span class=\"elementor-button-content-wrapper\">\n\t\t\t\t\t\t\t\t\t<span class=\"elementor-button-text\">Autorit\u00e9s traditionnelles, appartenances communautaires et solidarit\u00e9s \/ exclusions sociales <\/span>\n\t\t\t\t\t<\/span>\n\t\t\t\t\t<\/a>\n\t\t\t\t\t\t\t\t<\/div>\n\t\t\t\t<div class=\"elementor-element elementor-element-f35132d elementor-align-justify elementor-widget elementor-widget-button\" data-id=\"f35132d\" data-element_type=\"widget\" data-widget_type=\"button.default\">\n\t\t\t\t\t\t\t\t\t\t<a class=\"elementor-button elementor-button-link elementor-size-sm\" href=\"https:\/\/africansecuritynetwork.org\/HSGO4\/index.php\/religions-et-reseaux-religieux\/\">\n\t\t\t\t\t\t<span class=\"elementor-button-content-wrapper\">\n\t\t\t\t\t\t\t\t\t<span class=\"elementor-button-text\">Religions et r\u00e9seaux religieux<\/span>\n\t\t\t\t\t<\/span>\n\t\t\t\t\t<\/a>\n\t\t\t\t\t\t\t\t<\/div>\n\t\t\t\t<div class=\"elementor-element elementor-element-1a1be2d elementor-align-justify elementor-widget elementor-widget-button\" data-id=\"1a1be2d\" data-element_type=\"widget\" data-widget_type=\"button.default\">\n\t\t\t\t\t\t\t\t\t\t<a class=\"elementor-button elementor-button-link elementor-size-sm\" href=\"https:\/\/africansecuritynetwork.org\/HSGO4\/index.php\/securite-et-justice-informelles\/\">\n\t\t\t\t\t\t<span class=\"elementor-button-content-wrapper\">\n\t\t\t\t\t\t\t\t\t<span class=\"elementor-button-text\">S\u00e9curit\u00e9 et justice informelles <\/span>\n\t\t\t\t\t<\/span>\n\t\t\t\t\t<\/a>\n\t\t\t\t\t\t\t\t<\/div>\n\t\t\t\t<div class=\"elementor-element elementor-element-89ced75 elementor-align-justify elementor-widget elementor-widget-button\" data-id=\"89ced75\" data-element_type=\"widget\" data-widget_type=\"button.default\">\n\t\t\t\t\t\t\t\t\t\t<a class=\"elementor-button elementor-button-link elementor-size-sm\" href=\"https:\/\/africansecuritynetwork.org\/HSGO4\/index.php\/transformations-sociales-et-acteurs-emergents\/\">\n\t\t\t\t\t\t<span class=\"elementor-button-content-wrapper\">\n\t\t\t\t\t\t\t\t\t<span class=\"elementor-button-text\">Transformations sociales et acteurs \u00e9mergents.<\/span>\n\t\t\t\t\t<\/span>\n\t\t\t\t\t<\/a>\n\t\t\t\t\t\t\t\t<\/div>\n\t\t\t\t\t<\/div>\n\t\t\t\t<\/div>\n\t\t<div class=\"elementor-element elementor-element-0cac3ef e-flex e-con-boxed e-con e-parent\" data-id=\"0cac3ef\" data-element_type=\"container\">\n\t\t\t\t\t<div class=\"e-con-inner\">\n\t\t\t\t<div class=\"elementor-element elementor-element-403bf99 elementor-widget elementor-widget-text-editor\" data-id=\"403bf99\" data-element_type=\"widget\" data-widget_type=\"text-editor.default\">\n\t\t\t\t\t\t\t\t\t<p>D\u00e9couvrez nos \u00ab cartographies institutionnelles \u00bb, compos\u00e9es d\u2019une pr\u00e9sentation visuelle \u00a0et d\u2019une br\u00e8ve analyse strat\u00e9gique, con\u00e7ues pour \u00eatre rapidement et facilement compr\u00e9hensibles. Ces cartographies institutionnelles visent \u00e0 mettre en lumi\u00e8re les acteurs non formels, les r\u00e9seaux non officiels et les normes non codifi\u00e9es, dont l\u2019influence concurrence \u2014 ou au contraire compl\u00e8te \u2014 le champ d\u2019intervention des institutions \u00e9tatiques ou des cadres juridiques. Ces ressources portent sur l&#8217;un des quatre p\u00f4les d&#8217;expertise suivants<\/p><ul class=\"ul1\"><li class=\"li1\">Pole 1:<a href=\"https:\/\/africansecuritynetwork.org\/HSGO4\/index.php\/autorites-traditionnelles-appartenances-communautaires-et-solidarites-exclusions-sociales\/\">\u00a0<b>Autorit\u00e9s traditionnelles, appartenances communautaires et solidarit\u00e9s \/ exclusions sociales ;<\/b><b><\/b><\/a><\/li><li class=\"li1\">Pole 2:\u00a0<a href=\"https:\/\/africansecuritynetwork.org\/HSGO4\/index.php\/religions-et-reseaux-religieux\/\"><b>Religions et r\u00e9seaux religieux; <\/b><\/a><\/li><li class=\"li1\">Pole 3:\u00a0<a href=\"https:\/\/africansecuritynetwork.org\/HSGO4\/index.php\/securite-et-justice-informelles\/\"><b>S\u00e9curit\u00e9 et justice informelles; <\/b><b><\/b><\/a><\/li><li class=\"li1\">Pole 4:\u00a0<a href=\"https:\/\/africansecuritynetwork.org\/HSGO4\/index.php\/transformations-sociales-et-acteurs-emergents\/\"><b>Transformations sociales et acteurs \u00e9mergents.<\/b><b><\/b><\/a><\/li><\/ul>\t\t\t\t\t\t\t\t<\/div>\n\t\t\t\t\t<\/div>\n\t\t\t\t<\/div>\n\t\t\t\t<\/div>\n\t\t","protected":false},"excerpt":{"rendered":"<p>Acteurs Informels en Afrique Le Mogho-Naaba et la Rouyaute\u0301 des Mossi au Burkina FasoRelations (historiques et actuelles) entre Touaregs et PeulsLa chambre des rois et des chefs traditionnels en co\u0302te d_IvoireL_ISLAM AU MALILe Malinke\u0301 en Co\u0302te d_IvoirePouvoirs coutumiers et orpillage illicite en Co\u0302te d_IvoireTraditional justice mechanisms in LiberiaSociologie des diffe\u0301rentes vagues de recrues dans les [&hellip;]<\/p>\n","protected":false},"author":1,"featured_media":0,"parent":0,"menu_order":0,"comment_status":"closed","ping_status":"closed","template":"","meta":{"footnotes":""},"class_list":["post-3801","page","type-page","status-publish","hentry"],"aioseo_notices":[],"_links":{"self":[{"href":"https:\/\/africansecuritynetwork.org\/HSGO4\/index.php\/wp-json\/wp\/v2\/pages\/3801","targetHints":{"allow":["GET"]}}],"collection":[{"href":"https:\/\/africansecuritynetwork.org\/HSGO4\/index.php\/wp-json\/wp\/v2\/pages"}],"about":[{"href":"https:\/\/africansecuritynetwork.org\/HSGO4\/index.php\/wp-json\/wp\/v2\/types\/page"}],"author":[{"embeddable":true,"href":"https:\/\/africansecuritynetwork.org\/HSGO4\/index.php\/wp-json\/wp\/v2\/users\/1"}],"replies":[{"embeddable":true,"href":"https:\/\/africansecuritynetwork.org\/HSGO4\/index.php\/wp-json\/wp\/v2\/comments?post=3801"}],"version-history":[{"count":85,"href":"https:\/\/africansecuritynetwork.org\/HSGO4\/index.php\/wp-json\/wp\/v2\/pages\/3801\/revisions"}],"predecessor-version":[{"id":6371,"href":"https:\/\/africansecuritynetwork.org\/HSGO4\/index.php\/wp-json\/wp\/v2\/pages\/3801\/revisions\/6371"}],"wp:attachment":[{"href":"https:\/\/africansecuritynetwork.org\/HSGO4\/index.php\/wp-json\/wp\/v2\/media?parent=3801"}],"curies":[{"name":"wp","href":"https:\/\/api.w.org\/{rel}","templated":true}]}}