{"id":3440,"date":"2025-03-25T15:28:32","date_gmt":"2025-03-25T15:28:32","guid":{"rendered":"https:\/\/africansecuritynetwork.org\/HSGO4\/?page_id=3440"},"modified":"2025-05-27T18:40:19","modified_gmt":"2025-05-27T18:40:19","slug":"rdc-acteurs-et-mecanismes-non-etatiques","status":"publish","type":"page","link":"https:\/\/africansecuritynetwork.org\/HSGO4\/index.php\/rdc-acteurs-et-mecanismes-non-etatiques\/","title":{"rendered":"RDC acteurs et m\u00e9canismes non \u00e9tatiques"},"content":{"rendered":"\t\t<div data-elementor-type=\"wp-page\" data-elementor-id=\"3440\" class=\"elementor elementor-3440\" data-elementor-post-type=\"page\">\n\t\t\t\t<div class=\"elementor-element elementor-element-180f65c e-flex e-con-boxed e-con e-parent\" data-id=\"180f65c\" data-element_type=\"container\">\n\t\t\t\t\t<div class=\"e-con-inner\">\n\t\t<div class=\"elementor-element elementor-element-6c0982a e-con-full e-flex e-con e-child\" data-id=\"6c0982a\" data-element_type=\"container\">\n\t\t\t\t<div class=\"elementor-element elementor-element-66ae47c elementor-widget elementor-widget-text-editor\" data-id=\"66ae47c\" data-element_type=\"widget\" data-widget_type=\"text-editor.default\">\n\t\t\t\t\t\t\t\t\t<h5 class=\"p1\"><b>Les Acteurs Et Les M\u00e9canismes Non \u00c9tatiques<\/b><\/h5>\t\t\t\t\t\t\t\t<\/div>\n\t\t\t\t<div class=\"elementor-element elementor-element-188dfcd elementor-widget elementor-widget-text-editor\" data-id=\"188dfcd\" data-element_type=\"widget\" data-widget_type=\"text-editor.default\">\n\t\t\t\t\t\t\t\t\t<p class=\"p2\">Plus de 120 groupes arm\u00e9s contribuent \u00e0 une ins\u00e9curit\u00e9 prolong\u00e9e dans l\u2019Est de la RDC. La violence qu\u2019ils causent a entrain\u00e9 le d\u00e9placement forc\u00e9 de millions de personnes. Ces groupes armes ont des int\u00e9r\u00eats et objectifs vari\u00e9s. Leur prolif\u00e9ration r\u00e9sulte de 25 ans de conflit pour le contr\u00f4le de la terre et de ressource, le pouvoir politique et coutumier, le tout renforce par l\u2019ing\u00e9rence \u00e9trang\u00e8re. Les \u00e9lites militaires sont par ailleurs minimis\u00e9es dans ce conflit et les \u00e9conomies qu\u2019il produit, cr\u00e9ant une crise de gouvernance. L\u2019\u00c9tat congolais est le point d\u2019entr\u00e9e de la r\u00e9forme qui s\u2019impose.\u00a0<\/p><p class=\"p3\"><b>R\u00e9gion d\u2019ITURI\u00a0<\/b><\/p><p class=\"p2\">Ci \u2013 apr\u00e8s, l\u2019illustration de la cartographie des groupes arm\u00e9s pr\u00e9sents en Ituri. Tous les territoires de la Province de l\u2019Ituri subissent l\u2019activisme des groupes arm\u00e9s locaux et \u00e9trangers y compris le territoire de Mahagi bien que n\u2019ayant pas de groupes arm\u00e9s locaux :<\/p>\t\t\t\t\t\t\t\t<\/div>\n\t\t\t\t<div class=\"elementor-element elementor-element-13cbb74 elementor-widget elementor-widget-image\" data-id=\"13cbb74\" data-element_type=\"widget\" data-widget_type=\"image.default\">\n\t\t\t\t\t\t\t\t\t\t\t\t\t\t\t<img fetchpriority=\"high\" decoding=\"async\" width=\"800\" height=\"444\" src=\"https:\/\/africansecuritynetwork.org\/HSGO4\/wp-content\/uploads\/2024\/12\/ituri-1-1024x568.jpg\" class=\"attachment-large size-large wp-image-790\" alt=\"\" srcset=\"https:\/\/africansecuritynetwork.org\/HSGO4\/wp-content\/uploads\/2024\/12\/ituri-1-1024x568.jpg 1024w, https:\/\/africansecuritynetwork.org\/HSGO4\/wp-content\/uploads\/2024\/12\/ituri-1-300x166.jpg 300w, https:\/\/africansecuritynetwork.org\/HSGO4\/wp-content\/uploads\/2024\/12\/ituri-1-768x426.jpg 768w, https:\/\/africansecuritynetwork.org\/HSGO4\/wp-content\/uploads\/2024\/12\/ituri-1.jpg 1092w\" sizes=\"(max-width: 800px) 100vw, 800px\" \/>\t\t\t\t\t\t\t\t\t\t\t\t\t\t\t<\/div>\n\t\t\t\t<div class=\"elementor-element elementor-element-a0b9b28 elementor-widget elementor-widget-heading\" data-id=\"a0b9b28\" data-element_type=\"widget\" data-widget_type=\"heading.default\">\n\t\t\t\t\t<h2 class=\"elementor-heading-title elementor-size-default\">Province du Sud KIVU<\/b><\/h2>\t\t\t\t<\/div>\n\t\t\t\t<div class=\"elementor-element elementor-element-e9978a2 elementor-widget elementor-widget-image\" data-id=\"e9978a2\" data-element_type=\"widget\" data-widget_type=\"image.default\">\n\t\t\t\t\t\t\t\t\t\t\t\t\t\t\t<img decoding=\"async\" width=\"746\" height=\"1024\" src=\"https:\/\/africansecuritynetwork.org\/HSGO4\/wp-content\/uploads\/2024\/12\/Carte-1-746x1024.jpg\" class=\"attachment-large size-large wp-image-791\" alt=\"\" srcset=\"https:\/\/africansecuritynetwork.org\/HSGO4\/wp-content\/uploads\/2024\/12\/Carte-1-746x1024.jpg 746w, https:\/\/africansecuritynetwork.org\/HSGO4\/wp-content\/uploads\/2024\/12\/Carte-1-219x300.jpg 219w, https:\/\/africansecuritynetwork.org\/HSGO4\/wp-content\/uploads\/2024\/12\/Carte-1-768x1054.jpg 768w, https:\/\/africansecuritynetwork.org\/HSGO4\/wp-content\/uploads\/2024\/12\/Carte-1-1120x1536.jpg 1120w, https:\/\/africansecuritynetwork.org\/HSGO4\/wp-content\/uploads\/2024\/12\/Carte-1-1493x2048.jpg 1493w, https:\/\/africansecuritynetwork.org\/HSGO4\/wp-content\/uploads\/2024\/12\/Carte-1-scaled.jpg 1866w\" sizes=\"(max-width: 746px) 100vw, 746px\" \/>\t\t\t\t\t\t\t\t\t\t\t\t\t\t\t<\/div>\n\t\t\t\t<div class=\"elementor-element elementor-element-c582011 elementor-widget elementor-widget-text-editor\" data-id=\"c582011\" data-element_type=\"widget\" data-widget_type=\"text-editor.default\">\n\t\t\t\t\t\t\t\t\t<p class=\"p1\">Le Sud Kivu comprend soixante groupes arm\u00e9s r\u00e9partis dans les six territoires : Uvira, Fizi, Mwenga, Kalehe, Shabunda et Kabare.<\/p>\t\t\t\t\t\t\t\t<\/div>\n\t\t\t\t<div class=\"elementor-element elementor-element-b00d713 elementor-widget elementor-widget-image\" data-id=\"b00d713\" data-element_type=\"widget\" data-widget_type=\"image.default\">\n\t\t\t\t\t\t\t\t\t\t\t\t\t\t\t<img decoding=\"async\" width=\"800\" height=\"600\" src=\"https:\/\/africansecuritynetwork.org\/HSGO4\/wp-content\/uploads\/2024\/12\/SudKivu-1-1024x768.jpg\" class=\"attachment-large size-large wp-image-792\" alt=\"\" srcset=\"https:\/\/africansecuritynetwork.org\/HSGO4\/wp-content\/uploads\/2024\/12\/SudKivu-1-1024x768.jpg 1024w, https:\/\/africansecuritynetwork.org\/HSGO4\/wp-content\/uploads\/2024\/12\/SudKivu-1-300x225.jpg 300w, https:\/\/africansecuritynetwork.org\/HSGO4\/wp-content\/uploads\/2024\/12\/SudKivu-1-768x576.jpg 768w, https:\/\/africansecuritynetwork.org\/HSGO4\/wp-content\/uploads\/2024\/12\/SudKivu-1-1536x1152.jpg 1536w, https:\/\/africansecuritynetwork.org\/HSGO4\/wp-content\/uploads\/2024\/12\/SudKivu-1-2048x1536.jpg 2048w\" sizes=\"(max-width: 800px) 100vw, 800px\" \/>\t\t\t\t\t\t\t\t\t\t\t\t\t\t\t<\/div>\n\t\t\t\t<\/div>\n\t\t\t\t\t<\/div>\n\t\t\t\t<\/div>\n\t\t\t\t<\/div>\n\t\t","protected":false},"excerpt":{"rendered":"<p>Les Acteurs Et Les M\u00e9canismes Non \u00c9tatiques Plus de 120 groupes arm\u00e9s contribuent \u00e0 une ins\u00e9curit\u00e9 prolong\u00e9e dans l\u2019Est de la RDC. La violence qu\u2019ils causent a entrain\u00e9 le d\u00e9placement forc\u00e9 de millions de personnes. Ces groupes armes ont des int\u00e9r\u00eats et objectifs vari\u00e9s. Leur prolif\u00e9ration r\u00e9sulte de 25 ans de conflit pour le contr\u00f4le [&hellip;]<\/p>\n","protected":false},"author":1,"featured_media":0,"parent":0,"menu_order":0,"comment_status":"closed","ping_status":"closed","template":"elementor_header_footer","meta":{"footnotes":""},"class_list":["post-3440","page","type-page","status-publish","hentry"],"aioseo_notices":[],"_links":{"self":[{"href":"https:\/\/africansecuritynetwork.org\/HSGO4\/index.php\/wp-json\/wp\/v2\/pages\/3440","targetHints":{"allow":["GET"]}}],"collection":[{"href":"https:\/\/africansecuritynetwork.org\/HSGO4\/index.php\/wp-json\/wp\/v2\/pages"}],"about":[{"href":"https:\/\/africansecuritynetwork.org\/HSGO4\/index.php\/wp-json\/wp\/v2\/types\/page"}],"author":[{"embeddable":true,"href":"https:\/\/africansecuritynetwork.org\/HSGO4\/index.php\/wp-json\/wp\/v2\/users\/1"}],"replies":[{"embeddable":true,"href":"https:\/\/africansecuritynetwork.org\/HSGO4\/index.php\/wp-json\/wp\/v2\/comments?post=3440"}],"version-history":[{"count":16,"href":"https:\/\/africansecuritynetwork.org\/HSGO4\/index.php\/wp-json\/wp\/v2\/pages\/3440\/revisions"}],"predecessor-version":[{"id":3678,"href":"https:\/\/africansecuritynetwork.org\/HSGO4\/index.php\/wp-json\/wp\/v2\/pages\/3440\/revisions\/3678"}],"wp:attachment":[{"href":"https:\/\/africansecuritynetwork.org\/HSGO4\/index.php\/wp-json\/wp\/v2\/media?parent=3440"}],"curies":[{"name":"wp","href":"https:\/\/api.w.org\/{rel}","templated":true}]}}