{"id":3334,"date":"2025-03-24T17:31:41","date_gmt":"2025-03-24T17:31:41","guid":{"rendered":"https:\/\/africansecuritynetwork.org\/HSGO4\/?page_id=3334"},"modified":"2025-05-27T18:25:33","modified_gmt":"2025-05-27T18:25:33","slug":"la-chefferie-traditionnelle","status":"publish","type":"page","link":"https:\/\/africansecuritynetwork.org\/HSGO4\/index.php\/la-chefferie-traditionnelle\/","title":{"rendered":"Niger La Chefferie Traditionnelle"},"content":{"rendered":"\t\t<div data-elementor-type=\"wp-page\" data-elementor-id=\"3334\" class=\"elementor elementor-3334\" data-elementor-post-type=\"page\">\n\t\t\t\t<div class=\"elementor-element elementor-element-f37670a e-flex e-con-boxed e-con e-parent\" data-id=\"f37670a\" data-element_type=\"container\">\n\t\t\t\t\t<div class=\"e-con-inner\">\n\t\t<div class=\"elementor-element elementor-element-363ac91 e-con-full e-flex e-con e-child\" data-id=\"363ac91\" data-element_type=\"container\">\n\t\t\t\t<div class=\"elementor-element elementor-element-fe8cb60 elementor-widget elementor-widget-text-editor\" data-id=\"fe8cb60\" data-element_type=\"widget\" data-widget_type=\"text-editor.default\">\n\t\t\t\t\t\t\t\t\t<h5 class=\"p1\"><b>La chefferie traditionnelle au Niger<\/b><\/h5>\t\t\t\t\t\t\t\t<\/div>\n\t\t\t\t<div class=\"elementor-element elementor-element-9a37ed0 elementor-widget elementor-widget-image\" data-id=\"9a37ed0\" data-element_type=\"widget\" data-widget_type=\"image.default\">\n\t\t\t\t\t\t\t\t\t\t\t\t\t\t\t<img fetchpriority=\"high\" decoding=\"async\" width=\"724\" height=\"1024\" src=\"https:\/\/africansecuritynetwork.org\/HSGO4\/wp-content\/uploads\/2024\/12\/INFOGRAPHIE09-1-724x1024.jpg\" class=\"attachment-large size-large wp-image-490\" alt=\"\" srcset=\"https:\/\/africansecuritynetwork.org\/HSGO4\/wp-content\/uploads\/2024\/12\/INFOGRAPHIE09-1-724x1024.jpg 724w, https:\/\/africansecuritynetwork.org\/HSGO4\/wp-content\/uploads\/2024\/12\/INFOGRAPHIE09-1-212x300.jpg 212w, https:\/\/africansecuritynetwork.org\/HSGO4\/wp-content\/uploads\/2024\/12\/INFOGRAPHIE09-1-768x1086.jpg 768w, https:\/\/africansecuritynetwork.org\/HSGO4\/wp-content\/uploads\/2024\/12\/INFOGRAPHIE09-1-1086x1536.jpg 1086w, https:\/\/africansecuritynetwork.org\/HSGO4\/wp-content\/uploads\/2024\/12\/INFOGRAPHIE09-1-1448x2048.jpg 1448w, https:\/\/africansecuritynetwork.org\/HSGO4\/wp-content\/uploads\/2024\/12\/INFOGRAPHIE09-1-scaled.jpg 1810w\" sizes=\"(max-width: 724px) 100vw, 724px\" \/>\t\t\t\t\t\t\t\t\t\t\t\t\t\t\t<\/div>\n\t\t\t\t<\/div>\n\t\t\t\t\t<\/div>\n\t\t\t\t<\/div>\n\t\t<div class=\"elementor-element elementor-element-44c8e52 e-flex e-con-boxed e-con e-parent\" data-id=\"44c8e52\" data-element_type=\"container\">\n\t\t\t\t\t<div class=\"e-con-inner\">\n\t\t\t\t<div class=\"elementor-element elementor-element-11ca2e7 elementor-widget elementor-widget-text-editor\" data-id=\"11ca2e7\" data-element_type=\"widget\" data-widget_type=\"text-editor.default\">\n\t\t\t\t\t\t\t\t\t<p class=\"p1\">Au Niger, la chefferie traditionnelle est une institution des plus anciennes ayant surv\u00e9cu \u00e0 la colonisation et qui a r\u00e9sist\u00e9 au temps pour traverser toutes les \u00e9volutions sociopolitiques du pays en s\u2019adaptant \u00e0 chaque contexte pour rester actuelle.&nbsp;<\/p>\n<p class=\"p1\">Si, sous la colonisation, les autorit\u00e9s avaient cherch\u00e9 \u00e0 la faire dispara\u00eetre, elles s\u2019\u00e9taient vite rendu compte qu\u2019elles pouvaient trouver, en la chefferie traditionnelle nig\u00e9rienne, un alli\u00e9 efficace \u00e0 prot\u00e9ger voire \u00e0 entretenir pour assurer une gestion efficace du territoire et des populations qui y vivaient.&nbsp;<\/p>\n<p class=\"p1\">Depuis l\u2019accession du pays aux ind\u00e9pendances, les pouvoirs qui se sont succ\u00e9d\u00e9 ont conserv\u00e9 cette institution qui a acquis, depuis l\u2019\u00e9poque coloniale, un champ \u00e9largi de comp\u00e9tences couvrant les domaines social, administratif, s\u00e9curitaire et financier.&nbsp;<\/p>\n<p class=\"p1\">Le souci de rendre la chefferie traditionnelle conforme aux exigences de l\u2019\u00e9tat de droit a amen\u00e9 l\u2019\u00c9tat du Niger \u00e0 d\u00e9velopper, et mettre r\u00e9guli\u00e8rement \u00e0 jour, un corpus juridique d\u00e9finissant le statut de l\u2019institution ; d\u00e9limitant son champ d\u2019intervention et cadrant l\u2019exercice de ses comp\u00e9tences. Le statut juridique de la chefferie a ainsi connu une \u00e9volution crescendo passant d\u2019une simple circulaire qui le r\u00e9gissait initialement \u00e0 son int\u00e9gration dans la Constitution.&nbsp;<\/p>\n<p class=\"p1\">Constitu\u00e9e des communaut\u00e9s coutumi\u00e8res dirig\u00e9es par des chefs traditionnels, la chefferie fait d\u00e9sormais partie int\u00e9grante de l\u2019organisation institutionnelle administrative au Niger. Elle concourt, tout comme les circonscriptions administratives et les collectivit\u00e9s territoriales, \u00e0 l\u2019administration et \u00e0 l\u2019organisation du territoire nig\u00e9rien.&nbsp;<\/p>\n<p class=\"p1\">Disposant d\u2019un maillage des plus complets avec une structuration et une hi\u00e9rarchie du niveau le plus proche des populations (village, tribu ou quartier selon les zones et le type des populations) au niveau sultanat, la chefferie traditionnelle se pr\u00e9sente actuellement comme un important acteur de la gouvernance s\u00e9curitaire au Niger. Repr\u00e9sentant les communaut\u00e9s coutumi\u00e8res et traditionnelles qu\u2019ils dirigent, dans leurs rapports avec l\u2019administration et les tiers, les chefs traditionnels se positionnent comme des collaborateurs clefs de tous les autres acteurs de la gouvernance s\u00e9curitaire. La proximit\u00e9 avec la population, la reconnaissance par celle-ci de l\u2019autorit\u00e9 des chefs traditionnels en font un maillon important de la gouvernance s\u00e9curitaire y compris en mati\u00e8re de renseignement et de fonctionnement de la cha\u00eene judiciaire, notamment, la cha\u00eene p\u00e9nale.&nbsp;<\/p>\n<p class=\"p1\">Gr\u00e2ce \u00e0 son pouvoir de police rurale (version de la police administrative en milieu rural) et en sa qualit\u00e9 de magistrat de l\u2019ordre administratif, le chef traditionnel est un acteur assurant l\u2019ordre public et la coh\u00e9sion sociale au sein de sa communaut\u00e9. Le pouvoir de conciliation des parties lui permet d\u2019assurer des fonctions de \u00ab justice traditionnelle \u00bb dans les mati\u00e8res (coutumi\u00e8re, civile et de transactions fonci\u00e8res) couvrant l\u2019essentiel des litiges entre citoyens.&nbsp;<\/p>\n<p class=\"p1\">Outre son travail de promotion de la paix et de la coh\u00e9sion sociale, sa veille sur l\u2019ordre public, la chefferie traditionnelle est un pilier fondamental dans la gestion des actuels d\u00e9fis s\u00e9curitaires multiformes et de la gouvernance du secteur. Ceci tient non seulement au r\u00f4le et aux responsabilit\u00e9s que les textes et les politiques\/strat\u00e9gies conf\u00e8rent \u00e0 cette institution, mais surtout \u00e0 la r\u00e9alit\u00e9 sur le terrain.&nbsp;<\/p>\n<gwmw style=\"display:none;\"><\/gwmw>\t\t\t\t\t\t\t\t<\/div>\n\t\t\t\t\t<\/div>\n\t\t\t\t<\/div>\n\t\t<div class=\"elementor-element elementor-element-59feb8d e-flex e-con-boxed e-con e-parent\" data-id=\"59feb8d\" data-element_type=\"container\">\n\t\t\t\t\t<div class=\"e-con-inner\">\n\t\t\t\t<div class=\"elementor-element elementor-element-92dd555 elementor-widget-divider--view-line elementor-widget elementor-widget-divider\" data-id=\"92dd555\" data-element_type=\"widget\" data-widget_type=\"divider.default\">\n\t\t\t\t\t\t\t<div class=\"elementor-divider\">\n\t\t\t<span class=\"elementor-divider-separator\">\n\t\t\t\t\t\t<\/span>\n\t\t<\/div>\n\t\t\t\t\t\t<\/div>\n\t\t\t\t\t<\/div>\n\t\t\t\t<\/div>\n\t\t<div class=\"elementor-element elementor-element-ce79c36 e-flex e-con-boxed e-con e-parent\" data-id=\"ce79c36\" data-element_type=\"container\">\n\t\t\t\t\t<div class=\"e-con-inner\">\n\t\t\t\t<div class=\"elementor-element elementor-element-e8ec9c3 elementor-fixed elementor-view-default elementor-widget elementor-widget-icon\" data-id=\"e8ec9c3\" data-element_type=\"widget\" data-settings=\"{&quot;_position&quot;:&quot;fixed&quot;}\" data-widget_type=\"icon.default\">\n\t\t\t\t\t\t\t<div class=\"elementor-icon-wrapper\">\n\t\t\t<a class=\"elementor-icon\" href=\"#header\">\n\t\t\t<svg aria-hidden=\"true\" class=\"e-font-icon-svg e-fas-arrow-alt-circle-up\" viewBox=\"0 0 512 512\" xmlns=\"http:\/\/www.w3.org\/2000\/svg\"><path d=\"M8 256C8 119 119 8 256 8s248 111 248 248-111 248-248 248S8 393 8 256zm292 116V256h70.9c10.7 0 16.1-13 8.5-20.5L264.5 121.2c-4.7-4.7-12.2-4.7-16.9 0l-115 114.3c-7.6 7.6-2.2 20.5 8.5 20.5H212v116c0 6.6 5.4 12 12 12h64c6.6 0 12-5.4 12-12z\"><\/path><\/svg>\t\t\t<\/a>\n\t\t<\/div>\n\t\t\t\t\t\t<\/div>\n\t\t\t\t\t<\/div>\n\t\t\t\t<\/div>\n\t\t\t\t<\/div>\n\t\t","protected":false},"excerpt":{"rendered":"<p>La chefferie traditionnelle au Niger Au Niger, la chefferie traditionnelle est une institution des plus anciennes ayant surv\u00e9cu \u00e0 la colonisation et qui a r\u00e9sist\u00e9 au temps pour traverser toutes les \u00e9volutions sociopolitiques du pays en s\u2019adaptant \u00e0 chaque contexte pour rester actuelle.&nbsp; Si, sous la colonisation, les autorit\u00e9s avaient cherch\u00e9 \u00e0 la faire dispara\u00eetre, [&hellip;]<\/p>\n","protected":false},"author":1,"featured_media":0,"parent":0,"menu_order":0,"comment_status":"closed","ping_status":"closed","template":"elementor_header_footer","meta":{"footnotes":""},"class_list":["post-3334","page","type-page","status-publish","hentry"],"aioseo_notices":[],"_links":{"self":[{"href":"https:\/\/africansecuritynetwork.org\/HSGO4\/index.php\/wp-json\/wp\/v2\/pages\/3334","targetHints":{"allow":["GET"]}}],"collection":[{"href":"https:\/\/africansecuritynetwork.org\/HSGO4\/index.php\/wp-json\/wp\/v2\/pages"}],"about":[{"href":"https:\/\/africansecuritynetwork.org\/HSGO4\/index.php\/wp-json\/wp\/v2\/types\/page"}],"author":[{"embeddable":true,"href":"https:\/\/africansecuritynetwork.org\/HSGO4\/index.php\/wp-json\/wp\/v2\/users\/1"}],"replies":[{"embeddable":true,"href":"https:\/\/africansecuritynetwork.org\/HSGO4\/index.php\/wp-json\/wp\/v2\/comments?post=3334"}],"version-history":[{"count":19,"href":"https:\/\/africansecuritynetwork.org\/HSGO4\/index.php\/wp-json\/wp\/v2\/pages\/3334\/revisions"}],"predecessor-version":[{"id":3645,"href":"https:\/\/africansecuritynetwork.org\/HSGO4\/index.php\/wp-json\/wp\/v2\/pages\/3334\/revisions\/3645"}],"wp:attachment":[{"href":"https:\/\/africansecuritynetwork.org\/HSGO4\/index.php\/wp-json\/wp\/v2\/media?parent=3334"}],"curies":[{"name":"wp","href":"https:\/\/api.w.org\/{rel}","templated":true}]}}