{"id":3329,"date":"2025-03-24T17:25:56","date_gmt":"2025-03-24T17:25:56","guid":{"rendered":"https:\/\/africansecuritynetwork.org\/HSGO4\/?page_id=3329"},"modified":"2025-05-27T18:31:51","modified_gmt":"2025-05-27T18:31:51","slug":"niger-publication","status":"publish","type":"page","link":"https:\/\/africansecuritynetwork.org\/HSGO4\/index.php\/niger-publication\/","title":{"rendered":"Niger publication"},"content":{"rendered":"\t\t<div data-elementor-type=\"wp-page\" data-elementor-id=\"3329\" class=\"elementor elementor-3329\" data-elementor-post-type=\"page\">\n\t\t\t\t<div class=\"elementor-element elementor-element-f76ca0c e-flex e-con-boxed e-con e-parent\" data-id=\"f76ca0c\" data-element_type=\"container\">\n\t\t\t\t\t<div class=\"e-con-inner\">\n\t\t\t\t<div class=\"elementor-element elementor-element-fe43241 elementor-widget elementor-widget-text-editor\" data-id=\"fe43241\" data-element_type=\"widget\" data-widget_type=\"text-editor.default\">\n\t\t\t\t\t\t\t\t\t<h5><strong>Publications<\/strong><\/h5>\t\t\t\t\t\t\t\t<\/div>\n\t\t\t\t\t<\/div>\n\t\t\t\t<\/div>\n\t\t<div class=\"elementor-element elementor-element-de2f865 e-flex e-con-boxed e-con e-parent\" data-id=\"de2f865\" data-element_type=\"container\">\n\t\t\t\t\t<div class=\"e-con-inner\">\n\t\t<div class=\"elementor-element elementor-element-f4e5263 e-con-full e-flex e-con e-child\" data-id=\"f4e5263\" data-element_type=\"container\" data-settings=\"{&quot;background_background&quot;:&quot;classic&quot;}\">\n\t\t\t\t<div class=\"elementor-element elementor-element-a628ca9 elementor-widget elementor-widget-text-editor\" data-id=\"a628ca9\" data-element_type=\"widget\" data-widget_type=\"text-editor.default\">\n\t\t\t\t\t\t\t\t\t<p id=\"u30999-17\" class=\"TX_Lato_150\"><a href=\"https:\/\/www.africansecuritynetwork.org\/HSGO\/assets\/ngr_bilan-de-la-mesure-dinterdiction-de-lusage-des-motos-dans-les-zones-dins%C3%A9curit%C3%A9-dans-la-r%C3%A9gion-de-tillab%C3%A9ri.pdf\">Bilan de la mesure d\u2019interdiction de l\u2019usage des motos dans les zones d\u2019ins\u00e9curit\u00e9 dans la r\u00e9gion de Tillab\u00e9ri.<\/a><\/p><p id=\"u30999-17\" class=\"TX_Lato_150\"><a href=\"https:\/\/www.africansecuritynetwork.org\/HSGO\/assets\/ngr_etude-sur-les-operations-militaires-et-la-protection-des-civils-au-niger-assn.pdf\">Op\u00e9rations militaires et protection des civils au Niger.<\/a><\/p><p id=\"u30999-17\" class=\"TX_Lato_150\"><a href=\"https:\/\/www.africansecuritynetwork.org\/HSGO\/assets\/ngr_r%C3%A9flexions-sur-lexamen-par-le-parlement-nig%C3%A9rien-de-la-question-du-red%C3%A9ploiement-des-forces-%C3%A9trang%C3%A8res-sur-le-sol-nig%C3%A9rien-%E2%80%93-dr-kossi-agokla.pdf\">R\u00e9flexions sur l\u2019examen par le Parlement nig\u00e9rien de la question du red\u00e9ploiement des forces \u00e9trang\u00e8res sur le sol nig\u00e9rien.<\/a><\/p><h6 id=\"u30999-17\" class=\"Subti_Lato\">Rapports observatoire de la gouvernance de la s\u00e9curit\u00e9 (OGS)<\/h6><p id=\"u30999-17\" class=\"TX_Lato_150\"><a href=\"https:\/\/www.africansecuritynetwork.org\/HSGO\/assets\/ngr_observatoire-de-la-gouvernance-de-securite-rapport-de-monitoring-n%C2%B01.pdf\">Observatoire de la gouvernance de s\u00e9curit\u00e9 : rapport de monitoring N\u00b0 1. \/<\/a><\/p><p id=\"u30999-17\" class=\"TX_Lato_150\"><a href=\"https:\/\/www.africansecuritynetwork.org\/HSGO\/assets\/ngr_observatoire-de-la-gouvernance-de-securite-rapport-de-monitoring-n%C2%B02.pdf\">Observatoire de la gouvernance de s\u00e9curit\u00e9 : rapport de monitoring N\u00b0 2. \/ \/<\/a><\/p><p id=\"u30999-17\" class=\"TX_Lato_150\"><a href=\"https:\/\/www.africansecuritynetwork.org\/assn\/observatoire-de-la-gouvernance-de-securite-rapport-de-monitoring-n3\/\">Observatoire de la Gouvernance de S\u00e9curit\u00e9 : Rapport de monitoring N\u00b03 \/ \/<\/a><\/p><p id=\"u30999-17\" class=\"TX_Lato_150\"><a href=\"https:\/\/www.africansecuritynetwork.org\/assn\/wp-content\/uploads\/2023\/12\/COVER_Rapport-OGS-4-scaled.jpg\">Observatoire de la Gouvernance de la S\u00e9curit\u00e9 : Rapport de Monitoring N\u00b04 \/ \/<\/a><\/p><p id=\"u30999-17\" class=\"TX_Lato_150\"><a href=\"https:\/\/www.africansecuritynetwork.org\/assn\/observatoire-de-la-gouvernance-de-securite-rapport-de-monitoring-n5-kadidiatou-gazibo\/\">Observatoire de la Gouvernance de S\u00e9curit\u00e9 : Rapport de monitoring N\u00b05 \/ \/<\/a><\/p><h6 id=\"u31000-3\" class=\"Subti_Lato\">Rapports SIPRI<\/h6><p id=\"u31000-8\" class=\"TX_Lato_150\"><a href=\"https:\/\/justfuturealliance.org\/wp-content\/uploads\/2024\/04\/JF-SIPRI-LASDEL-Rapport-Niger-Q4-2023-avril-202473.pdf\">Enqu\u00eate sur les perceptions de la s\u00e9curit\u00e9 dans les r\u00e9gions de Maradi, Tahoua et Tillaberi au Niger, Octobre 2023 prenant effet le 30 Juin 2023 et fixant la date d\u2019ach\u00e8vement du processus de retrait de la mission au 31 D\u00e9cembre 2023.<\/a><\/p><h6 id=\"u31000-8\" class=\"TX_Lato_150\">Enqu\u00eate sur les perceptions de la s\u00e9curit\u00e9 dans les r\u00e9gions de Maradi, Tahoua et Tillab\u00e9ri au Niger, Juin 2023<\/h6><p id=\"u31000-8\" class=\"TX_Lato_150\"><a href=\"https:\/\/justfuturealliance.org\/wp-content\/uploads\/2023\/09\/Info-Just-Future-Q3-Niger-EN.pdf\">Perceptions relatives \u00e0 la s\u00e9curit\u00e9 dans les r\u00e9gions de Maradi, Tahoua et Tillab\u00e9ri au Niger \u2013 5 au 23 mars 2023<\/a><\/p><p id=\"u31000-8\" class=\"TX_Lato_150\"><a href=\"https:\/\/justfuturealliance.org\/wp-content\/uploads\/2022\/04\/JF_Report-Q0-2021-Niger.pdf\">Enqu\u00eates sur les perceptions relatives \u00e0 la s\u00e9curit\u00e9 dans les r\u00e9gions de Tahoua, Maradi, Tillab\u00e9ri au Niger, Mars 2022 \/<\/a><\/p><p id=\"u31000-8\" class=\"TX_Lato_150\"><a href=\"https:\/\/justfuturealliance.org\/wp-content\/uploads\/2022\/04\/JF_Policy-Paper-Niger_SIPRICORDAID.pdf\">Les perceptions de la s\u00e9curit\u00e9 dans les r\u00e9gions de Tahoua, Tillab\u00e9ri et Maradi au Niger, Octobre 2021 \/<\/a><\/p><h6 id=\"u31000-3\" class=\"Subti_Lato\">Economie Politique Du Secteur De La Securite Au Niger :<\/h6><p id=\"u31000-8\" class=\"TX_Lato_150\"><a href=\"https:\/\/www.africansecuritynetwork.org\/assn\/wp-content\/uploads\/2024\/10\/Economie-Politique-du-Secteur-de-la-Securite-au-Niger-ASSN-09032020-2.pdf\">R\u00e9pertoire et analyse des acteurs et institutions, 2020 ;<\/a><\/p><p id=\"u31000-8\" class=\"TX_Lato_150\"><a href=\"https:\/\/www.africansecuritynetwork.org\/assn\/wp-content\/uploads\/2024\/10\/Cartographie-des-acteurs-de-la-securite-dans-les-regions-de-Maradi-Tahoua-et-Tillaberi.pdf\">Cartographie Des Acteurs De La Securite Dans Les Regions De Maradi, Tahoua Et Tillaberi ;<\/a><\/p>\t\t\t\t\t\t\t\t<\/div>\n\t\t\t\t<\/div>\n\t\t\t\t\t<\/div>\n\t\t\t\t<\/div>\n\t\t<div class=\"elementor-element elementor-element-ce79c36 e-flex e-con-boxed e-con e-parent\" data-id=\"ce79c36\" data-element_type=\"container\">\n\t\t\t\t\t<div class=\"e-con-inner\">\n\t\t\t\t<div class=\"elementor-element elementor-element-e8ec9c3 elementor-fixed elementor-view-default elementor-widget elementor-widget-icon\" data-id=\"e8ec9c3\" data-element_type=\"widget\" data-settings=\"{&quot;_position&quot;:&quot;fixed&quot;}\" data-widget_type=\"icon.default\">\n\t\t\t\t\t\t\t<div class=\"elementor-icon-wrapper\">\n\t\t\t<a class=\"elementor-icon\" href=\"#header\">\n\t\t\t<svg aria-hidden=\"true\" class=\"e-font-icon-svg e-fas-arrow-alt-circle-up\" viewBox=\"0 0 512 512\" xmlns=\"http:\/\/www.w3.org\/2000\/svg\"><path d=\"M8 256C8 119 119 8 256 8s248 111 248 248-111 248-248 248S8 393 8 256zm292 116V256h70.9c10.7 0 16.1-13 8.5-20.5L264.5 121.2c-4.7-4.7-12.2-4.7-16.9 0l-115 114.3c-7.6 7.6-2.2 20.5 8.5 20.5H212v116c0 6.6 5.4 12 12 12h64c6.6 0 12-5.4 12-12z\"><\/path><\/svg>\t\t\t<\/a>\n\t\t<\/div>\n\t\t\t\t\t\t<\/div>\n\t\t\t\t\t<\/div>\n\t\t\t\t<\/div>\n\t\t\t\t<\/div>\n\t\t","protected":false},"excerpt":{"rendered":"<p>Publications Bilan de la mesure d\u2019interdiction de l\u2019usage des motos dans les zones d\u2019ins\u00e9curit\u00e9 dans la r\u00e9gion de Tillab\u00e9ri. Op\u00e9rations militaires et protection des civils au Niger. R\u00e9flexions sur l\u2019examen par le Parlement nig\u00e9rien de la question du red\u00e9ploiement des forces \u00e9trang\u00e8res sur le sol nig\u00e9rien. Rapports observatoire de la gouvernance de la s\u00e9curit\u00e9 (OGS) [&hellip;]<\/p>\n","protected":false},"author":1,"featured_media":0,"parent":0,"menu_order":0,"comment_status":"closed","ping_status":"closed","template":"elementor_header_footer","meta":{"footnotes":""},"class_list":["post-3329","page","type-page","status-publish","hentry"],"aioseo_notices":[],"_links":{"self":[{"href":"https:\/\/africansecuritynetwork.org\/HSGO4\/index.php\/wp-json\/wp\/v2\/pages\/3329","targetHints":{"allow":["GET"]}}],"collection":[{"href":"https:\/\/africansecuritynetwork.org\/HSGO4\/index.php\/wp-json\/wp\/v2\/pages"}],"about":[{"href":"https:\/\/africansecuritynetwork.org\/HSGO4\/index.php\/wp-json\/wp\/v2\/types\/page"}],"author":[{"embeddable":true,"href":"https:\/\/africansecuritynetwork.org\/HSGO4\/index.php\/wp-json\/wp\/v2\/users\/1"}],"replies":[{"embeddable":true,"href":"https:\/\/africansecuritynetwork.org\/HSGO4\/index.php\/wp-json\/wp\/v2\/comments?post=3329"}],"version-history":[{"count":13,"href":"https:\/\/africansecuritynetwork.org\/HSGO4\/index.php\/wp-json\/wp\/v2\/pages\/3329\/revisions"}],"predecessor-version":[{"id":3660,"href":"https:\/\/africansecuritynetwork.org\/HSGO4\/index.php\/wp-json\/wp\/v2\/pages\/3329\/revisions\/3660"}],"wp:attachment":[{"href":"https:\/\/africansecuritynetwork.org\/HSGO4\/index.php\/wp-json\/wp\/v2\/media?parent=3329"}],"curies":[{"name":"wp","href":"https:\/\/api.w.org\/{rel}","templated":true}]}}