{"id":3318,"date":"2025-03-24T17:19:42","date_gmt":"2025-03-24T17:19:42","guid":{"rendered":"https:\/\/africansecuritynetwork.org\/HSGO4\/?page_id=3318"},"modified":"2025-10-20T19:47:37","modified_gmt":"2025-10-20T19:47:37","slug":"acteurs-etatiques-et-institutions-securitaires-de-letat-nigerien","status":"publish","type":"page","link":"https:\/\/africansecuritynetwork.org\/HSGO4\/index.php\/acteurs-etatiques-et-institutions-securitaires-de-letat-nigerien\/","title":{"rendered":"Niger Acteurs \u00e9tatiques et institutions s\u00e9curitaires de l\u2019Etat nig\u00e9rien"},"content":{"rendered":"\t\t<div data-elementor-type=\"wp-page\" data-elementor-id=\"3318\" class=\"elementor elementor-3318\" data-elementor-post-type=\"page\">\n\t\t\t\t<div class=\"elementor-element elementor-element-176dee5 e-flex e-con-boxed e-con e-parent\" data-id=\"176dee5\" data-element_type=\"container\">\n\t\t\t\t\t<div class=\"e-con-inner\">\n\t\t\t\t<div class=\"elementor-element elementor-element-09b36ff elementor-widget elementor-widget-text-editor\" data-id=\"09b36ff\" data-element_type=\"widget\" data-widget_type=\"text-editor.default\">\n\t\t\t\t\t\t\t\t\t<h5><b>Architecture s\u00e9curitaire nationale depuis la Charte de la R\u00e9fondation<\/b><\/h5>\t\t\t\t\t\t\t\t<\/div>\n\t\t\t\t\t<\/div>\n\t\t\t\t<\/div>\n\t\t<div class=\"elementor-element elementor-element-9b28a7b e-flex e-con-boxed e-con e-parent\" data-id=\"9b28a7b\" data-element_type=\"container\">\n\t\t\t\t\t<div class=\"e-con-inner\">\n\t\t\t\t<div class=\"elementor-element elementor-element-97487f2 elementor-widget elementor-widget-image\" data-id=\"97487f2\" data-element_type=\"widget\" data-widget_type=\"image.default\">\n\t\t\t\t\t\t\t\t\t\t\t\t\t\t\t<img fetchpriority=\"high\" decoding=\"async\" width=\"791\" height=\"1024\" src=\"https:\/\/africansecuritynetwork.org\/HSGO4\/wp-content\/uploads\/2025\/10\/Niger-organigramme-securite-depuis-la-charte-de-la-refondation-791x1024.png\" class=\"attachment-large size-large wp-image-5803\" alt=\"\" srcset=\"https:\/\/africansecuritynetwork.org\/HSGO4\/wp-content\/uploads\/2025\/10\/Niger-organigramme-securite-depuis-la-charte-de-la-refondation-791x1024.png 791w, https:\/\/africansecuritynetwork.org\/HSGO4\/wp-content\/uploads\/2025\/10\/Niger-organigramme-securite-depuis-la-charte-de-la-refondation-232x300.png 232w, https:\/\/africansecuritynetwork.org\/HSGO4\/wp-content\/uploads\/2025\/10\/Niger-organigramme-securite-depuis-la-charte-de-la-refondation-768x994.png 768w, https:\/\/africansecuritynetwork.org\/HSGO4\/wp-content\/uploads\/2025\/10\/Niger-organigramme-securite-depuis-la-charte-de-la-refondation-1187x1536.png 1187w, https:\/\/africansecuritynetwork.org\/HSGO4\/wp-content\/uploads\/2025\/10\/Niger-organigramme-securite-depuis-la-charte-de-la-refondation.png 1545w\" sizes=\"(max-width: 791px) 100vw, 791px\" \/>\t\t\t\t\t\t\t\t\t\t\t\t\t\t\t<\/div>\n\t\t\t\t\t<\/div>\n\t\t\t\t<\/div>\n\t\t<div class=\"elementor-element elementor-element-f08af77 e-flex e-con-boxed e-con e-parent\" data-id=\"f08af77\" data-element_type=\"container\">\n\t\t\t\t\t<div class=\"e-con-inner\">\n\t\t\t\t<div class=\"elementor-element elementor-element-e8b4c7d elementor-widget elementor-widget-text-editor\" data-id=\"e8b4c7d\" data-element_type=\"widget\" data-widget_type=\"text-editor.default\">\n\t\t\t\t\t\t\t\t\t<h5><span style=\"font-size: 14pt;\"><strong><span style=\"color: #222222; font-family: arial, sans-serif;\">Architecture de s\u00e9curit\u00e9 nationale sous la 7e R\u00e9publique. 2010-2023<\/span><\/strong><\/span><\/h5>\t\t\t\t\t\t\t\t<\/div>\n\t\t\t\t\t<\/div>\n\t\t\t\t<\/div>\n\t\t<div class=\"elementor-element elementor-element-180f65c e-flex e-con-boxed e-con e-parent\" data-id=\"180f65c\" data-element_type=\"container\">\n\t\t\t\t\t<div class=\"e-con-inner\">\n\t\t<div class=\"elementor-element elementor-element-92d11dd e-con-full e-flex e-con e-child\" data-id=\"92d11dd\" data-element_type=\"container\">\n\t\t\t\t<div class=\"elementor-element elementor-element-5856265 elementor-widget elementor-widget-image\" data-id=\"5856265\" data-element_type=\"widget\" data-widget_type=\"image.default\">\n\t\t\t\t\t\t\t\t\t\t\t\t\t\t\t<img decoding=\"async\" width=\"531\" height=\"1024\" src=\"https:\/\/africansecuritynetwork.org\/HSGO4\/wp-content\/uploads\/2025\/03\/INFOGRAPHIE08a-1-5-531x1024.jpg\" class=\"attachment-large size-large wp-image-3408\" alt=\"\" srcset=\"https:\/\/africansecuritynetwork.org\/HSGO4\/wp-content\/uploads\/2025\/03\/INFOGRAPHIE08a-1-5-531x1024.jpg 531w, https:\/\/africansecuritynetwork.org\/HSGO4\/wp-content\/uploads\/2025\/03\/INFOGRAPHIE08a-1-5-156x300.jpg 156w, https:\/\/africansecuritynetwork.org\/HSGO4\/wp-content\/uploads\/2025\/03\/INFOGRAPHIE08a-1-5-768x1481.jpg 768w, https:\/\/africansecuritynetwork.org\/HSGO4\/wp-content\/uploads\/2025\/03\/INFOGRAPHIE08a-1-5-796x1536.jpg 796w, https:\/\/africansecuritynetwork.org\/HSGO4\/wp-content\/uploads\/2025\/03\/INFOGRAPHIE08a-1-5-scaled.jpg 1327w\" sizes=\"(max-width: 531px) 100vw, 531px\" \/>\t\t\t\t\t\t\t\t\t\t\t\t\t\t\t<\/div>\n\t\t\t\t<\/div>\n\t\t<div class=\"elementor-element elementor-element-e69ca6d e-con-full e-flex e-con e-child\" data-id=\"e69ca6d\" data-element_type=\"container\">\n\t\t\t\t<div class=\"elementor-element elementor-element-8cf3711 elementor-widget elementor-widget-menu-anchor\" data-id=\"8cf3711\" data-element_type=\"widget\" data-widget_type=\"menu-anchor.default\">\n\t\t\t\t\t\t\t<div class=\"elementor-menu-anchor\" id=\"reg3\"><\/div>\n\t\t\t\t\t\t<\/div>\n\t\t\t\t<\/div>\n\t\t<div class=\"elementor-element elementor-element-8195c7e e-con-full e-flex e-con e-child\" data-id=\"8195c7e\" data-element_type=\"container\">\n\t\t\t\t<div class=\"elementor-element elementor-element-570b58d elementor-widget elementor-widget-text-editor\" data-id=\"570b58d\" data-element_type=\"widget\" data-widget_type=\"text-editor.default\">\n\t\t\t\t\t\t\t\t\t<h5 class=\"p1\" style=\"text-align: left;\"><b>Architecture de s\u00e9curit\u00e9 r\u00e9gionale\u00a0<\/b><\/h5>\t\t\t\t\t\t\t\t<\/div>\n\t\t\t\t<div class=\"elementor-element elementor-element-285ea5f elementor-widget elementor-widget-image\" data-id=\"285ea5f\" data-element_type=\"widget\" data-widget_type=\"image.default\">\n\t\t\t\t\t\t\t\t\t\t\t\t\t\t\t<img decoding=\"async\" width=\"724\" height=\"1024\" src=\"https:\/\/africansecuritynetwork.org\/HSGO4\/wp-content\/uploads\/2024\/12\/INFOGRAPHIE04-724x1024.jpg\" class=\"attachment-large size-large wp-image-480\" alt=\"\" srcset=\"https:\/\/africansecuritynetwork.org\/HSGO4\/wp-content\/uploads\/2024\/12\/INFOGRAPHIE04-724x1024.jpg 724w, https:\/\/africansecuritynetwork.org\/HSGO4\/wp-content\/uploads\/2024\/12\/INFOGRAPHIE04-212x300.jpg 212w, https:\/\/africansecuritynetwork.org\/HSGO4\/wp-content\/uploads\/2024\/12\/INFOGRAPHIE04-768x1086.jpg 768w, https:\/\/africansecuritynetwork.org\/HSGO4\/wp-content\/uploads\/2024\/12\/INFOGRAPHIE04-1086x1536.jpg 1086w, https:\/\/africansecuritynetwork.org\/HSGO4\/wp-content\/uploads\/2024\/12\/INFOGRAPHIE04-1448x2048.jpg 1448w, https:\/\/africansecuritynetwork.org\/HSGO4\/wp-content\/uploads\/2024\/12\/INFOGRAPHIE04-scaled.jpg 1810w\" sizes=\"(max-width: 724px) 100vw, 724px\" \/>\t\t\t\t\t\t\t\t\t\t\t\t\t\t\t<\/div>\n\t\t\t\t<\/div>\n\t\t<div class=\"elementor-element elementor-element-eec3839 e-con-full e-flex e-con e-child\" data-id=\"eec3839\" data-element_type=\"container\">\n\t\t\t\t<div class=\"elementor-element elementor-element-73171b3 elementor-widget elementor-widget-image\" data-id=\"73171b3\" data-element_type=\"widget\" data-widget_type=\"image.default\">\n\t\t\t\t\t\t\t\t\t\t\t\t\t\t\t<img loading=\"lazy\" decoding=\"async\" width=\"524\" height=\"1024\" src=\"https:\/\/africansecuritynetwork.org\/HSGO4\/wp-content\/uploads\/2024\/12\/INFOGRAPHIE07-1-524x1024.jpg\" class=\"attachment-large size-large wp-image-483\" alt=\"\" srcset=\"https:\/\/africansecuritynetwork.org\/HSGO4\/wp-content\/uploads\/2024\/12\/INFOGRAPHIE07-1-524x1024.jpg 524w, https:\/\/africansecuritynetwork.org\/HSGO4\/wp-content\/uploads\/2024\/12\/INFOGRAPHIE07-1-153x300.jpg 153w, https:\/\/africansecuritynetwork.org\/HSGO4\/wp-content\/uploads\/2024\/12\/INFOGRAPHIE07-1-768x1501.jpg 768w, https:\/\/africansecuritynetwork.org\/HSGO4\/wp-content\/uploads\/2024\/12\/INFOGRAPHIE07-1-786x1536.jpg 786w, https:\/\/africansecuritynetwork.org\/HSGO4\/wp-content\/uploads\/2024\/12\/INFOGRAPHIE07-1-1048x2048.jpg 1048w, https:\/\/africansecuritynetwork.org\/HSGO4\/wp-content\/uploads\/2024\/12\/INFOGRAPHIE07-1-scaled.jpg 1310w\" sizes=\"(max-width: 524px) 100vw, 524px\" \/>\t\t\t\t\t\t\t\t\t\t\t\t\t\t\t<\/div>\n\t\t\t\t<\/div>\n\t\t\t\t\t<\/div>\n\t\t\t\t<\/div>\n\t\t<div class=\"elementor-element elementor-element-ce79c36 e-flex e-con-boxed e-con e-parent\" data-id=\"ce79c36\" data-element_type=\"container\">\n\t\t\t\t\t<div class=\"e-con-inner\">\n\t\t\t\t<div class=\"elementor-element elementor-element-e8ec9c3 elementor-fixed elementor-view-default elementor-widget elementor-widget-icon\" data-id=\"e8ec9c3\" data-element_type=\"widget\" data-settings=\"{&quot;_position&quot;:&quot;fixed&quot;}\" data-widget_type=\"icon.default\">\n\t\t\t\t\t\t\t<div class=\"elementor-icon-wrapper\">\n\t\t\t<a class=\"elementor-icon\" href=\"#header\">\n\t\t\t<svg aria-hidden=\"true\" class=\"e-font-icon-svg e-fas-arrow-alt-circle-up\" viewBox=\"0 0 512 512\" xmlns=\"http:\/\/www.w3.org\/2000\/svg\"><path d=\"M8 256C8 119 119 8 256 8s248 111 248 248-111 248-248 248S8 393 8 256zm292 116V256h70.9c10.7 0 16.1-13 8.5-20.5L264.5 121.2c-4.7-4.7-12.2-4.7-16.9 0l-115 114.3c-7.6 7.6-2.2 20.5 8.5 20.5H212v116c0 6.6 5.4 12 12 12h64c6.6 0 12-5.4 12-12z\"><\/path><\/svg>\t\t\t<\/a>\n\t\t<\/div>\n\t\t\t\t\t\t<\/div>\n\t\t\t\t\t<\/div>\n\t\t\t\t<\/div>\n\t\t\t\t<\/div>\n\t\t","protected":false},"excerpt":{"rendered":"<p>Architecture s\u00e9curitaire nationale depuis la Charte de la R\u00e9fondation Architecture de s\u00e9curit\u00e9 nationale sous la 7e R\u00e9publique. 2010-2023 Architecture de s\u00e9curit\u00e9 r\u00e9gionale\u00a0<\/p>\n","protected":false},"author":1,"featured_media":0,"parent":0,"menu_order":0,"comment_status":"closed","ping_status":"closed","template":"elementor_header_footer","meta":{"footnotes":""},"class_list":["post-3318","page","type-page","status-publish","hentry"],"aioseo_notices":[],"_links":{"self":[{"href":"https:\/\/africansecuritynetwork.org\/HSGO4\/index.php\/wp-json\/wp\/v2\/pages\/3318","targetHints":{"allow":["GET"]}}],"collection":[{"href":"https:\/\/africansecuritynetwork.org\/HSGO4\/index.php\/wp-json\/wp\/v2\/pages"}],"about":[{"href":"https:\/\/africansecuritynetwork.org\/HSGO4\/index.php\/wp-json\/wp\/v2\/types\/page"}],"author":[{"embeddable":true,"href":"https:\/\/africansecuritynetwork.org\/HSGO4\/index.php\/wp-json\/wp\/v2\/users\/1"}],"replies":[{"embeddable":true,"href":"https:\/\/africansecuritynetwork.org\/HSGO4\/index.php\/wp-json\/wp\/v2\/comments?post=3318"}],"version-history":[{"count":34,"href":"https:\/\/africansecuritynetwork.org\/HSGO4\/index.php\/wp-json\/wp\/v2\/pages\/3318\/revisions"}],"predecessor-version":[{"id":5812,"href":"https:\/\/africansecuritynetwork.org\/HSGO4\/index.php\/wp-json\/wp\/v2\/pages\/3318\/revisions\/5812"}],"wp:attachment":[{"href":"https:\/\/africansecuritynetwork.org\/HSGO4\/index.php\/wp-json\/wp\/v2\/media?parent=3318"}],"curies":[{"name":"wp","href":"https:\/\/api.w.org\/{rel}","templated":true}]}}