{"id":3042,"date":"2025-03-21T08:50:56","date_gmt":"2025-03-21T08:50:56","guid":{"rendered":"https:\/\/africansecuritynetwork.org\/HSGO4\/?page_id=3042"},"modified":"2025-12-16T14:51:33","modified_gmt":"2025-12-16T14:51:33","slug":"acteurs_non_etatiques-groupes-armes-islamistes","status":"publish","type":"page","link":"https:\/\/africansecuritynetwork.org\/HSGO4\/index.php\/acteurs_non_etatiques-groupes-armes-islamistes\/","title":{"rendered":"acteurs_non_etatiques &#8211; groupes arm\u00e9s islamistes"},"content":{"rendered":"\t\t<div data-elementor-type=\"wp-page\" data-elementor-id=\"3042\" class=\"elementor elementor-3042\" data-elementor-post-type=\"page\">\n\t\t\t\t<div class=\"elementor-element elementor-element-f72bf1e e-flex e-con-boxed e-con e-parent\" data-id=\"f72bf1e\" data-element_type=\"container\">\n\t\t\t\t\t<div class=\"e-con-inner\">\n\t\t\t\t<div class=\"elementor-element elementor-element-ee4405f elementor-widget elementor-widget-text-editor\" data-id=\"ee4405f\" data-element_type=\"widget\" data-widget_type=\"text-editor.default\">\n\t\t\t\t\t\t\t\t\t<p>Les acteurs non \u00e9tatiques jouent un r\u00f4le cl\u00e9 dans l\u2019environnement s\u00e9curitaire malien. En effet ils peuvent agir tant\u00f4t comme parties au conflit, tant\u00f4t comme catalyseurs dans les processus de r\u00e9solution de la crise malienne.<\/p>\t\t\t\t\t\t\t\t<\/div>\n\t\t\t\t\t<\/div>\n\t\t\t\t<\/div>\n\t\t<div class=\"elementor-element elementor-element-7465d13 e-grid e-con-boxed e-con e-parent\" data-id=\"7465d13\" data-element_type=\"container\">\n\t\t\t\t\t<div class=\"e-con-inner\">\n\t\t\t\t<div class=\"elementor-element elementor-element-dc98a11 elementor-button-warning elementor-align-justify elementor-widget elementor-widget-button\" data-id=\"dc98a11\" data-element_type=\"widget\" data-widget_type=\"button.default\">\n\t\t\t\t\t\t\t\t\t\t<a class=\"elementor-button elementor-button-link elementor-size-sm\" href=\"https:\/\/africansecuritynetwork.org\/HSGO4\/index.php\/acteurs_non_etatiques-familles-fondatrices\/\">\n\t\t\t\t\t\t<span class=\"elementor-button-content-wrapper\">\n\t\t\t\t\t\t\t\t\t<span class=\"elementor-button-text\">Familles fondatrices et alli\u00e9s<\/span>\n\t\t\t\t\t<\/span>\n\t\t\t\t\t<\/a>\n\t\t\t\t\t\t\t\t<\/div>\n\t\t\t\t<div class=\"elementor-element elementor-element-2c3bcb4 elementor-button-success elementor-align-justify elementor-widget elementor-widget-button\" data-id=\"2c3bcb4\" data-element_type=\"widget\" data-widget_type=\"button.default\">\n\t\t\t\t\t\t\t\t\t\t<a class=\"elementor-button elementor-button-link elementor-size-sm\" href=\"https:\/\/africansecuritynetwork.org\/HSGO4\/index.php\/acteurs_non_etatiques-autorites-coutumieres\/\">\n\t\t\t\t\t\t<span class=\"elementor-button-content-wrapper\">\n\t\t\t\t\t\t\t\t\t<span class=\"elementor-button-text\">Autorit\u00e9s coutumi\u00e8res<\/span>\n\t\t\t\t\t<\/span>\n\t\t\t\t\t<\/a>\n\t\t\t\t\t\t\t\t<\/div>\n\t\t\t\t<div class=\"elementor-element elementor-element-a1fc21c elementor-button-warning elementor-align-justify elementor-widget elementor-widget-button\" data-id=\"a1fc21c\" data-element_type=\"widget\" data-widget_type=\"button.default\">\n\t\t\t\t\t\t\t\t\t\t<a class=\"elementor-button elementor-button-link elementor-size-sm\" href=\"https:\/\/africansecuritynetwork.org\/HSGO4\/index.php\/acteurs_non_etatiques-autorites-locales\/\">\n\t\t\t\t\t\t<span class=\"elementor-button-content-wrapper\">\n\t\t\t\t\t\t\t\t\t<span class=\"elementor-button-text\">Les autorit\u00e9s locales<\/span>\n\t\t\t\t\t<\/span>\n\t\t\t\t\t<\/a>\n\t\t\t\t\t\t\t\t<\/div>\n\t\t\t\t<div class=\"elementor-element elementor-element-cf6ba14 elementor-button-danger elementor-align-justify elementor-widget elementor-widget-button\" data-id=\"cf6ba14\" data-element_type=\"widget\" data-widget_type=\"button.default\">\n\t\t\t\t\t\t\t\t\t\t<a class=\"elementor-button elementor-button-link elementor-size-sm\" href=\"https:\/\/africansecuritynetwork.org\/HSGO4\/index.php\/acteurs_non_etatiques-autorites-religieuses\/\">\n\t\t\t\t\t\t<span class=\"elementor-button-content-wrapper\">\n\t\t\t\t\t\t\t\t\t<span class=\"elementor-button-text\">Autorit\u00e9s religieuses<\/span>\n\t\t\t\t\t<\/span>\n\t\t\t\t\t<\/a>\n\t\t\t\t\t\t\t\t<\/div>\n\t\t\t\t<div class=\"elementor-element elementor-element-43ee748 elementor-button-success elementor-widget elementor-widget-button\" data-id=\"43ee748\" data-element_type=\"widget\" data-widget_type=\"button.default\">\n\t\t\t\t\t\t\t\t\t\t<a class=\"elementor-button elementor-button-link elementor-size-sm\" href=\"https:\/\/africansecuritynetwork.org\/HSGO4\/index.php\/acteurs_non_etatiques-groupes-signataires\/\">\n\t\t\t\t\t\t<span class=\"elementor-button-content-wrapper\">\n\t\t\t\t\t\t\t\t\t<span class=\"elementor-button-text\">Groupes arm\u00e9s signataires  de l\u2019accord de paix<\/span>\n\t\t\t\t\t<\/span>\n\t\t\t\t\t<\/a>\n\t\t\t\t\t\t\t\t<\/div>\n\t\t\t\t<div class=\"elementor-element elementor-element-5adf03c elementor-button-danger elementor-align-justify elementor-widget elementor-widget-button\" data-id=\"5adf03c\" data-element_type=\"widget\" data-widget_type=\"button.default\">\n\t\t\t\t\t\t\t\t\t\t<a class=\"elementor-button elementor-button-link elementor-size-sm\" href=\"https:\/\/africansecuritynetwork.org\/HSGO4\/index.php\/acteurs_non_etatiques-groupes-dautodefense\/\">\n\t\t\t\t\t\t<span class=\"elementor-button-content-wrapper\">\n\t\t\t\t\t\t\t\t\t<span class=\"elementor-button-text\">Groupes d\u2019autod\u00e9fense<\/span>\n\t\t\t\t\t<\/span>\n\t\t\t\t\t<\/a>\n\t\t\t\t\t\t\t\t<\/div>\n\t\t\t\t<div class=\"elementor-element elementor-element-43891d7 elementor-button-success elementor-align-justify elementor-widget elementor-widget-button\" data-id=\"43891d7\" data-element_type=\"widget\" data-widget_type=\"button.default\">\n\t\t\t\t\t\t\t\t\t\t<a class=\"elementor-button elementor-button-link elementor-size-sm\" href=\"https:\/\/africansecuritynetwork.org\/HSGO4\/index.php\/acteurs_non_etatiques-groupes-armes-islamistes\/\">\n\t\t\t\t\t\t<span class=\"elementor-button-content-wrapper\">\n\t\t\t\t\t\t\t\t\t<span class=\"elementor-button-text\">Groupes arm\u00e9s <br>maliens<\/span>\n\t\t\t\t\t<\/span>\n\t\t\t\t\t<\/a>\n\t\t\t\t\t\t\t\t<\/div>\n\t\t\t\t<div class=\"elementor-element elementor-element-26119a1 elementor-button-warning elementor-align-justify elementor-widget elementor-widget-button\" data-id=\"26119a1\" data-element_type=\"widget\" data-widget_type=\"button.default\">\n\t\t\t\t\t\t\t\t\t\t<a class=\"elementor-button elementor-button-link elementor-size-sm\" href=\"https:\/\/africansecuritynetwork.org\/HSGO4\/index.php\/acteurs_non_etatiques-groupes-armes-islamistes\/#charte\">\n\t\t\t\t\t\t<span class=\"elementor-button-content-wrapper\">\n\t\t\t\t\t\t\t\t\t<span class=\"elementor-button-text\">La Charte du Kurugan Fuga<\/span>\n\t\t\t\t\t<\/span>\n\t\t\t\t\t<\/a>\n\t\t\t\t\t\t\t\t<\/div>\n\t\t\t\t\t<\/div>\n\t\t\t\t<\/div>\n\t\t<div class=\"elementor-element elementor-element-658befc e-flex e-con-boxed e-con e-parent\" data-id=\"658befc\" data-element_type=\"container\">\n\t\t\t\t\t<div class=\"e-con-inner\">\n\t\t\t\t<div class=\"elementor-element elementor-element-a1baa19 elementor-widget elementor-widget-text-editor\" data-id=\"a1baa19\" data-element_type=\"widget\" data-widget_type=\"text-editor.default\">\n\t\t\t\t\t\t\t\t\t<h5><strong>Groupes arm\u00e9s signataires de l\u2019APRM<\/strong><\/h5><p><strong>Groupes signataires de l\u2019Accord de Paix et R\u00e9conciliation au Mali (APRM) \u00ab\u00a0dit <a href=\"https:\/\/www.bbc.com\/afrique\/articles\/cjjzeq52zglo\">Accord d\u2019Alger<\/a>\u00a0\u00bb.<a href=\"#_ftn1\" name=\"_ftnref1\">[1]<\/a> 2015-2025<\/strong><\/p><p>Sign\u00e9 le 15 mai 2015 \u00e0 Bamako entre le gouvernement malien, les groupes arm\u00e9s loyalistes r\u00e9unis au sein de la \u00ab\u00a0Plateforme\u00a0\u00bb et plusieurs \u00c9tats et organisations internationales garants de la m\u00e9diation<a href=\"#_ftn2\" name=\"_ftnref2\">[2]<\/a> l\u2019Accord pour la paix et la r\u00e9conciliation au Mali issu du processus visait \u00e0 mettre fin \u00e0 la r\u00e9bellion d\u00e9clench\u00e9e en 2012 par les groupes ind\u00e9pendantistes du Nord. Cette <b>Plateforme<\/b> \u2014 officiellement <b>Plateforme des mouvements du 14 juin 2014 d\u2019Alger<\/b> \u2014 \u00e9tait compos\u00e9e, au moment de la signature, des <b>trois principaux mouvements suivants<\/b> :<\/p><ul><li><b>GATIA<\/b> \u2013 <em>Groupe d\u2019autod\u00e9fense touareg Imghad et alli\u00e9s<\/em> (milice pro-gouvernementale).<\/li><li><b>MAA (aile \u201cPlateforme\u201d \/ MAA-loyaliste)<\/b> \u2013 <em>Mouvement arabe de l\u2019Azawad<\/em> (branche pro-gouvernementale).<\/li><li><b>CMFPR-1<\/b> \u2013 <em>Coordination des mouvements et fronts patriotiques de r\u00e9sistance<\/em> (coalition de groupes d\u2019autod\u00e9fense du centre\/nord, dont <b>Ganda Koy<\/b> et <b>Ganda Izo<\/b>).<\/li><\/ul><p>D\u2019autres groupes ont rejoint la Plateforme <b>apr\u00e8s 2015<\/b> notamment le MSA-D (<em>Mouvement pour le salut de l\u2019Azawad \u2013 faction Daoussahak<\/em>) <b>en juillet 2019<\/b>.<\/p><p>Initialement absente, la Coordination des mouvements de l\u2019Azawad (CMA), alliance regroupant notamment le Mouvement national de lib\u00e9ration de l\u2019Azawad (MNLA), le Haut Conseil pour l\u2019unit\u00e9 de l\u2019Azawad (HCUA), le Mouvement arabe de l\u2019Azawad (MAA), une faction de la Coalition du peuple de l\u2019Azawad (CPA) et une branche dissidente de la Coordination des mouvements et fronts patriotiques de r\u00e9sistance (CMFPR) signe finalement le texte le 20 juin 2015 sous pression internationale.<\/p><p>L\u2019accord pr\u00e9voyait une large d\u00e9centralisation, la cr\u00e9ation d\u2019une arm\u00e9e reconstitu\u00e9e int\u00e9grant les ex-combattants, des programmes de d\u00e9veloppement cibl\u00e9s, ainsi qu\u2019un processus de justice et de r\u00e9conciliation nationale. Toutes les parties, y compris les m\u00e9diateurs et les membres permanents du Conseil de s\u00e9curit\u00e9 de l\u2019Organisation des Nations unies, participaient au comit\u00e9 de suivi, mais sa mise en \u0153uvre resta largement inachev\u00e9e : en 2022, moins de 30 % des dispositions \u00e9taient appliqu\u00e9es et aucun des cinq piliers de l\u2019accord n\u2019avait \u00e9t\u00e9 concr\u00e9tis\u00e9.<\/p><p>Finalement, le 25 janvier 2024, les autorit\u00e9s maliennes ont mis fin \u00ab avec effet imm\u00e9diat \u00bb \u00e0 l\u2019Accord, accusant l\u2019Alg\u00e9rie d\u2019ing\u00e9rence et certains signataires d\u2019hostilit\u00e9.<\/p><p><strong>\u00a0<\/strong><\/p><h5><span style=\"font-size: 14pt;\"><strong>Nouveaux groupes arm\u00e9s<\/strong><\/span><\/h5><p><strong>Le Front de lib\u00e9ration de l\u2019Azawad (FLA)<\/strong><\/p><p>Des groupes s\u00e9paratistes du Nord du pays ont annonc\u00e9 la cr\u00e9ation du Front de Lib\u00e9ration de l&#8217;Azawad (FLA) le 30 novembre 2024<a href=\"#_ftn3\" name=\"_ftnref3\">[3]<\/a>. Ce mouvement ind\u00e9pendantiste s\u2019inscrit dans une longue histoire de revendications politiques, \u00e9conomiques, sociales et territoriales, exprim\u00e9e notamment en 1958 lorsque des chefs tribaux arabes et touar\u00e8gues ont exprim\u00e9 leur volont\u00e9 de ne pas \u00eatre rattach\u00e9s au sud du pays, invoquant des sp\u00e9cificit\u00e9s historiques, culturelles et g\u00e9ographiques au Mali et au Niger. Ces aspirations ont ressurgi de mani\u00e8re r\u00e9guli\u00e8re depuis 1963 avec l\u2019\u00e9pisode charni\u00e8re de l\u2019insurrection arm\u00e9e de 2012, r\u00e9clamant l\u2019ind\u00e9pendance des territoires qu\u2019ils appellent l\u2019Azawad. Les accords de paix de paix successivement sign\u00e9s en 1991 (Accord de Tamrasset), en 2006 (Accords d\u2019Alger) et en 2015 (Accord pour la paix et la r\u00e9conciliation au Mali issu du processus<a href=\"https:\/\/africansecuritynetwork.org\/HSGO4\/index.php\/acteurs_non_etatiques-groupes-signataires\/\"> d\u2019Alger<\/a>\/APRM).<\/p><p>Cet Accord de 2015, cens\u00e9 offrir plus d\u2019auto-gestion, des programmes de d\u00e9veloppement et l\u2019int\u00e9gration des ex-combattants, n\u2019a pas pu \u00eatre appliqu\u00e9 durablement. Apr\u00e8s les coups d\u2019\u00c9tat de 2020 et le retrait des autorit\u00e9s maliennes de l\u2019accord en 2024 , l\u2019impasse politique avec les groupes arm\u00e9s a conduit \u00e0 la recomposition du champ politico-militaire des diff\u00e9rents groupes arm\u00e9s du Nord, culminant avec la cr\u00e9ation du FLA<a href=\"#_ftn4\" name=\"_ftnref4\">[4]<\/a>. Ce nouveau mouvement r\u00e9sulte ainsi de la fusion du Cadre strat\u00e9gique permanent (CSP), alliance form\u00e9e en 2021 entre la Coordination des mouvements de l\u2019Azawad (CMA) et d\u2019autres groupes arm\u00e9s, qui ont d\u00e9cid\u00e9 de dissoudre leurs structures pour former une entit\u00e9 unique revendiquant l\u2019ind\u00e9pendance totale de l\u2019Azawad. Contrairement aux coalitions pr\u00e9c\u00e9dentes, le FLA ne r\u00e9clame plus une autonomie n\u00e9goci\u00e9e mais la cr\u00e9ation d\u2019un \u00c9tat souverain.<\/p><p>Le gouvernement malien assimile le FLA \u00e0 une organisation\u00a0terroriste, justifiant ainsi une intensification de sa r\u00e9ponse militaire, illustr\u00e9e par les frappes r\u00e9p\u00e9t\u00e9es de drones sur les positions du FLA. Ces tensions s\u2019inscrivent dans un cycle plus large de militarisation de la gestion de la crise du Nord, marqu\u00e9 par la reconqu\u00eate de Kidal en novembre 2023 par les Fama et leurs suppl\u00e9tifs russes du Groupe Wagner puis les combats meurtriers de juillet 2024 \u00e0 <a href=\"https:\/\/www.lemonde.fr\/afrique\/article\/2024\/07\/29\/au-mali-les-paramilitaires-russes-de-wagner-subissent-leur-premiere-defaite-d-ampleur_6261189_3212.html\">Tinzaouat\u00e8ne.<\/a> Bien qu\u2019\u00e0 l\u2019origine le FLA ait combattu le JNIM et ait affirm\u00e9 condamner le terrorisme sous toutes ses formes<a href=\"#_ftn5\" name=\"_ftnref5\">[5]<\/a> pour marquer sa distance avec les groupes jihadistes et malgr\u00e9 leurs objectifs id\u00e9ologiques distincts, des attaques conjointes auraient \u00e9t\u00e9 men\u00e9es par des \u00e9l\u00e9ments des deux groupes<a href=\"#_ftn6\" name=\"_ftnref6\">[6]<\/a>.<\/p><p>Depuis juin 2025, le FLA a intensifi\u00e9 ses attaques\u00a0contre les Forces arm\u00e9es maliennes (FAMa) et ses suppl\u00e9tifs dans le nord du Mali, en particulier lors d\u2019une embuscade le13 juin 2025 pr\u00e8s d\u2019Aguelhoc<a href=\"#_ftn7\" name=\"_ftnref7\">[7]<\/a>. Peu apr\u00e8s, la chute d\u2019un avion russe SU-24 pr\u00e8s de Gao\u00a0 a r\u00e9v\u00e9l\u00e9 l\u2019ampleur et l\u2019intensit\u00e9 des combats.<\/p><p><a href=\"#_ftnref1\" name=\"_ftn1\"><\/a><\/p>\t\t\t\t\t\t\t\t<\/div>\n\t\t\t\t\t<\/div>\n\t\t\t\t<\/div>\n\t\t<div class=\"elementor-element elementor-element-d5e3a25 e-flex e-con-boxed e-con e-parent\" data-id=\"d5e3a25\" data-element_type=\"container\">\n\t\t\t\t\t<div class=\"e-con-inner\">\n\t\t\t\t<div class=\"elementor-element elementor-element-d16f69f elementor-widget-divider--view-line elementor-widget elementor-widget-divider\" data-id=\"d16f69f\" data-element_type=\"widget\" data-widget_type=\"divider.default\">\n\t\t\t\t\t\t\t<div class=\"elementor-divider\">\n\t\t\t<span class=\"elementor-divider-separator\">\n\t\t\t\t\t\t<\/span>\n\t\t<\/div>\n\t\t\t\t\t\t<\/div>\n\t\t\t\t<div class=\"elementor-element elementor-element-34d9d64 elementor-widget elementor-widget-text-editor\" data-id=\"34d9d64\" data-element_type=\"widget\" data-widget_type=\"text-editor.default\">\n\t\t\t\t\t\t\t\t\t<h5><strong>Groupes arm\u00e9s islamistes radicaux<\/strong><\/h5><p>\u00a0<\/p>\t\t\t\t\t\t\t\t<\/div>\n\t\t\t\t\t<\/div>\n\t\t\t\t<\/div>\n\t\t<div class=\"elementor-element elementor-element-a03bb4d e-flex e-con-boxed e-con e-parent\" data-id=\"a03bb4d\" data-element_type=\"container\">\n\t\t\t\t\t<div class=\"e-con-inner\">\n\t\t\t\t<div class=\"elementor-element elementor-element-0d93901 elementor-widget elementor-widget-text-editor\" data-id=\"0d93901\" data-element_type=\"widget\" data-widget_type=\"text-editor.default\">\n\t\t\t\t\t\t\t\t\t<div id=\"u9873-18\" class=\"clearfix colelem\"><p class=\"TX_Lato_150\">Du point de vue g\u00e9ographique, la premi\u00e8re caract\u00e9ristique des Groupes arm\u00e9s maliens dans le Centre et le Nord du Mali est qu\u2019ils mobilisent des id\u00e9es et des ressources globales au profit de revendications locales avec des ramifications internationales (visions pr\u00f4n\u00e9es par les branches m\u00e8res Al-Qa\u00efda et Daesch). La Katiba Macina, par exemple, promeut un djihad d\u00e9fensif et s\u2019inspire d\u2019une doctrine politique et religieuse qui pr\u00f4ne la lutte arm\u00e9e au nom d\u2019une conception fondamentaliste et violente de l\u2019islam.<\/p><p class=\"TX_Lato_150\">C\u2019est en 2018 que s\u2019est affirm\u00e9e la rupture entre le\u00a0<a class=\"nonblock\" href=\"https:\/\/acleddata.com\/2023\/11\/13\/actor-profile-jamaat-nusrat-al-islam-wal-muslimin-jnim\/\" target=\"_blank\" rel=\"noopener\">JNIM<\/a>\u00a0et l\u2019EIS et que sont survenus des affrontements meurtriers entre les combattants de la Katiba Macina (affili\u00e9e au JNIM) et ceux de\u00a0<a class=\"nonblock\" href=\"https:\/\/www.jstor.org\/stable\/j.ctt1x07z89.10?Search=yes&amp;resultItemClick=true&amp;searchText=sudan&amp;searchUri=%2Fopen%2Fsearch%2F%3FQuery%3Dsudan%26amp%3Bsi%3D1%26amp%3Btheme%3Dopen%26amp%3Bso%3Dnew\" target=\"_blank\" rel=\"noopener\">Dawlat Islamiya<\/a>\u00a0(affili\u00e9 \u00e0\u00a0<a class=\"nonblock\" href=\"https:\/\/africacenter.org\/wp-content\/uploads\/2020\/11\/ASB-38-EN.pdf\" target=\"_blank\" rel=\"noopener\">l\u2019EIS<\/a>) dans le Delta central du Niger et le Gourma central. La\u00a0<a class=\"nonblock\" href=\"https:\/\/africacenter.org\/fr\/spotlight\/comprendre-perspectives-peules-crise-sahel\/\" target=\"_blank\" rel=\"noopener\">division<\/a>\u00a0entre les deux groupes a \u00e9t\u00e9 op\u00e9r\u00e9e par les communaut\u00e9s peules Wuwarbe et du Seno (Mali), les communaut\u00e9s peules Jelgoobe (Burkina Faso) et Tollobe (Niger). La guerre entre les combattants du JNIM et de l\u2019EIS s\u2019est poursuivie depuis.<\/p><\/div><div id=\"u9872-4\" class=\"clearfix colelem\"><p class=\"Subti_Lato\">Mutations et logiques d\u2019engagement des groupes islamistes radicaux<\/p><\/div>\t\t\t\t\t\t\t\t<\/div>\n\t\t\t\t<div class=\"elementor-element elementor-element-3b85a38 elementor-widget elementor-widget-image\" data-id=\"3b85a38\" data-element_type=\"widget\" data-widget_type=\"image.default\">\n\t\t\t\t\t\t\t\t\t\t\t\t\t\t\t<img fetchpriority=\"high\" decoding=\"async\" width=\"800\" height=\"563\" src=\"https:\/\/africansecuritynetwork.org\/HSGO4\/wp-content\/uploads\/2024\/12\/groupes_d_graph.png\" class=\"attachment-large size-large wp-image-967\" alt=\"\" srcset=\"https:\/\/africansecuritynetwork.org\/HSGO4\/wp-content\/uploads\/2024\/12\/groupes_d_graph.png 824w, https:\/\/africansecuritynetwork.org\/HSGO4\/wp-content\/uploads\/2024\/12\/groupes_d_graph-300x211.png 300w, https:\/\/africansecuritynetwork.org\/HSGO4\/wp-content\/uploads\/2024\/12\/groupes_d_graph-768x541.png 768w\" sizes=\"(max-width: 800px) 100vw, 800px\" \/>\t\t\t\t\t\t\t\t\t\t\t\t\t\t\t<\/div>\n\t\t\t\t<div class=\"elementor-element elementor-element-8ad223e elementor-widget-divider--view-line elementor-widget elementor-widget-divider\" data-id=\"8ad223e\" data-element_type=\"widget\" data-widget_type=\"divider.default\">\n\t\t\t\t\t\t\t<div class=\"elementor-divider\">\n\t\t\t<span class=\"elementor-divider-separator\">\n\t\t\t\t\t\t<\/span>\n\t\t<\/div>\n\t\t\t\t\t\t<\/div>\n\t\t\t\t<div class=\"elementor-element elementor-element-c9f1bd4 elementor-widget elementor-widget-text-editor\" data-id=\"c9f1bd4\" data-element_type=\"widget\" data-widget_type=\"text-editor.default\">\n\t\t\t\t\t\t\t\t\t<h5><strong>Les processus de scissions et fussions<\/strong><\/h5>\t\t\t\t\t\t\t\t<\/div>\n\t\t\t\t<div class=\"elementor-element elementor-element-0259e76 elementor-widget elementor-widget-image\" data-id=\"0259e76\" data-element_type=\"widget\" data-widget_type=\"image.default\">\n\t\t\t\t\t\t\t\t\t\t\t\t\t\t\t<img decoding=\"async\" width=\"800\" height=\"429\" src=\"https:\/\/africansecuritynetwork.org\/HSGO4\/wp-content\/uploads\/2024\/12\/scissions_et_fussions-.png\" class=\"attachment-large size-large wp-image-968\" alt=\"\" srcset=\"https:\/\/africansecuritynetwork.org\/HSGO4\/wp-content\/uploads\/2024\/12\/scissions_et_fussions-.png 818w, https:\/\/africansecuritynetwork.org\/HSGO4\/wp-content\/uploads\/2024\/12\/scissions_et_fussions--300x161.png 300w, https:\/\/africansecuritynetwork.org\/HSGO4\/wp-content\/uploads\/2024\/12\/scissions_et_fussions--768x412.png 768w\" sizes=\"(max-width: 800px) 100vw, 800px\" \/>\t\t\t\t\t\t\t\t\t\t\t\t\t\t\t<\/div>\n\t\t\t\t<div class=\"elementor-element elementor-element-9235a01 elementor-widget-divider--view-line elementor-widget elementor-widget-divider\" data-id=\"9235a01\" data-element_type=\"widget\" data-widget_type=\"divider.default\">\n\t\t\t\t\t\t\t<div class=\"elementor-divider\">\n\t\t\t<span class=\"elementor-divider-separator\">\n\t\t\t\t\t\t<\/span>\n\t\t<\/div>\n\t\t\t\t\t\t<\/div>\n\t\t\t\t<div class=\"elementor-element elementor-element-67cf944 elementor-widget elementor-widget-image\" data-id=\"67cf944\" data-element_type=\"widget\" data-widget_type=\"image.default\">\n\t\t\t\t\t\t\t\t\t\t\t\t<figure class=\"wp-caption\">\n\t\t\t\t\t\t\t\t\t\t\t<a href=\"https:\/\/africansecuritynetwork.org\/HSGO4\/wp-content\/uploads\/2025\/12\/resolution-2797-2025-1.pdf\">\n\t\t\t\t\t\t\t<img decoding=\"async\" width=\"800\" height=\"342\" src=\"https:\/\/africansecuritynetwork.org\/HSGO4\/wp-content\/uploads\/2025\/12\/JNIM-updated-1024x438.jpg\" class=\"attachment-large size-large wp-image-6809\" alt=\"\" srcset=\"https:\/\/africansecuritynetwork.org\/HSGO4\/wp-content\/uploads\/2025\/12\/JNIM-updated-1024x438.jpg 1024w, https:\/\/africansecuritynetwork.org\/HSGO4\/wp-content\/uploads\/2025\/12\/JNIM-updated-300x128.jpg 300w, https:\/\/africansecuritynetwork.org\/HSGO4\/wp-content\/uploads\/2025\/12\/JNIM-updated-768x328.jpg 768w, https:\/\/africansecuritynetwork.org\/HSGO4\/wp-content\/uploads\/2025\/12\/JNIM-updated.jpg 1078w\" sizes=\"(max-width: 800px) 100vw, 800px\" \/>\t\t\t\t\t\t\t\t<\/a>\n\t\t\t\t\t\t\t\t\t\t\t<figcaption class=\"widget-image-caption wp-caption-text\">Carte actualis\u00e9e \u00e0 la suite de la r\u00e9solution 2797 du Conseil de s\u00e9curit\u00e9 des Nations unies (2025).<\/figcaption>\n\t\t\t\t\t\t\t\t\t\t<\/figure>\n\t\t\t\t\t\t\t\t\t<\/div>\n\t\t\t\t<div class=\"elementor-element elementor-element-04ae8cb elementor-widget-divider--view-line elementor-widget elementor-widget-divider\" data-id=\"04ae8cb\" data-element_type=\"widget\" data-widget_type=\"divider.default\">\n\t\t\t\t\t\t\t<div class=\"elementor-divider\">\n\t\t\t<span class=\"elementor-divider-separator\">\n\t\t\t\t\t\t<\/span>\n\t\t<\/div>\n\t\t\t\t\t\t<\/div>\n\t\t\t\t<div class=\"elementor-element elementor-element-f975fa9 elementor-widget elementor-widget-menu-anchor\" data-id=\"f975fa9\" data-element_type=\"widget\" data-widget_type=\"menu-anchor.default\">\n\t\t\t\t\t\t\t<div class=\"elementor-menu-anchor\" id=\"charte\"><\/div>\n\t\t\t\t\t\t<\/div>\n\t\t\t\t<div class=\"elementor-element elementor-element-effc6fd elementor-widget elementor-widget-text-editor\" data-id=\"effc6fd\" data-element_type=\"widget\" data-widget_type=\"text-editor.default\">\n\t\t\t\t\t\t\t\t\t<div id=\"u28481-4\" class=\"clearfix colelem\"><p>\u00a0<\/p><h5 class=\"Subti_Lato\"><strong>La Charte de Kurukan Fuga<\/strong><\/h5><\/div><div id=\"pu10982\" class=\"clearfix colelem\"><div id=\"u10982\" class=\"grpelem\">\u00a0<\/div><div id=\"ppu28482-4\" class=\"clearfix grpelem\"><div id=\"pu28482-4\" class=\"clearfix colelem\"><div id=\"u28482-4\" class=\"clearfix grpelem\"><p class=\"TX_Lato_150\">La Charte de Kurukan Fuga est un ensemble de principes transmis oralement jusqu\u2019\u00e0 leur codification controvers\u00e9e au XX\u00e8me si\u00e8cle. Son origine remonte \u00e0 l\u2019av\u00e8nement de l\u2019Empire du Mali entre le XIII\u00e8me\u00a0 et le XV\u00e8me si\u00e8cle. Malgr\u00e9 son importance historique dans la fondation de l\u2019Empire du Mali, la red\u00e9couverte, la syst\u00e9matisation et la large diffusion de la Charte de Kurukan Fuga sont r\u00e9centes. Consid\u00e9r\u00e9e par certains comme une contribution significative de l\u2019Afrique \u00e0 l\u2019histoire des droits de l\u2019Homme et de la d\u00e9mocratie, la Charte de Kurukan Fuga est tr\u00e8s souvent regard\u00e9e comme l\u2019une des r\u00e9f\u00e9rences fondant les \u00ab valeurs africaines \u00bb dont la valorisation devrait \u00eatre port\u00e9e par les plus hautes institutions africaines. Depuis sa \u00ab red\u00e9couverte \u00bb en 1998 la Charte de Kurukan Fuga se situe cependant au c\u0153ur de plusieurs d\u00e9bats scientifiques et politico-institutionnels.<\/p><\/div><\/div><\/div><\/div>\t\t\t\t\t\t\t\t<\/div>\n\t\t\t\t\t<\/div>\n\t\t\t\t<\/div>\n\t\t\t\t<\/div>\n\t\t","protected":false},"excerpt":{"rendered":"<p>Les acteurs non \u00e9tatiques jouent un r\u00f4le cl\u00e9 dans l\u2019environnement s\u00e9curitaire malien. En effet ils peuvent agir tant\u00f4t comme parties au conflit, tant\u00f4t comme catalyseurs dans les processus de r\u00e9solution de la crise malienne. Familles fondatrices et alli\u00e9s Autorit\u00e9s coutumi\u00e8res Les autorit\u00e9s locales Autorit\u00e9s religieuses Groupes arm\u00e9s signataires de l\u2019accord de paix Groupes d\u2019autod\u00e9fense Groupes [&hellip;]<\/p>\n","protected":false},"author":1,"featured_media":0,"parent":0,"menu_order":0,"comment_status":"closed","ping_status":"closed","template":"elementor_header_footer","meta":{"footnotes":""},"class_list":["post-3042","page","type-page","status-publish","hentry"],"aioseo_notices":[],"_links":{"self":[{"href":"https:\/\/africansecuritynetwork.org\/HSGO4\/index.php\/wp-json\/wp\/v2\/pages\/3042","targetHints":{"allow":["GET"]}}],"collection":[{"href":"https:\/\/africansecuritynetwork.org\/HSGO4\/index.php\/wp-json\/wp\/v2\/pages"}],"about":[{"href":"https:\/\/africansecuritynetwork.org\/HSGO4\/index.php\/wp-json\/wp\/v2\/types\/page"}],"author":[{"embeddable":true,"href":"https:\/\/africansecuritynetwork.org\/HSGO4\/index.php\/wp-json\/wp\/v2\/users\/1"}],"replies":[{"embeddable":true,"href":"https:\/\/africansecuritynetwork.org\/HSGO4\/index.php\/wp-json\/wp\/v2\/comments?post=3042"}],"version-history":[{"count":52,"href":"https:\/\/africansecuritynetwork.org\/HSGO4\/index.php\/wp-json\/wp\/v2\/pages\/3042\/revisions"}],"predecessor-version":[{"id":6812,"href":"https:\/\/africansecuritynetwork.org\/HSGO4\/index.php\/wp-json\/wp\/v2\/pages\/3042\/revisions\/6812"}],"wp:attachment":[{"href":"https:\/\/africansecuritynetwork.org\/HSGO4\/index.php\/wp-json\/wp\/v2\/media?parent=3042"}],"curies":[{"name":"wp","href":"https:\/\/api.w.org\/{rel}","templated":true}]}}