{"id":3034,"date":"2025-03-21T08:45:34","date_gmt":"2025-03-21T08:45:34","guid":{"rendered":"https:\/\/africansecuritynetwork.org\/HSGO4\/?page_id=3034"},"modified":"2025-03-21T11:57:36","modified_gmt":"2025-03-21T11:57:36","slug":"acteurs_non_etatiques-autorites-locales","status":"publish","type":"page","link":"https:\/\/africansecuritynetwork.org\/HSGO4\/index.php\/acteurs_non_etatiques-autorites-locales\/","title":{"rendered":"acteurs_non_etatiques &#8211; autorit\u00e9s locales"},"content":{"rendered":"\t\t<div data-elementor-type=\"wp-page\" data-elementor-id=\"3034\" class=\"elementor elementor-3034\" data-elementor-post-type=\"page\">\n\t\t\t\t<div class=\"elementor-element elementor-element-f72bf1e e-flex e-con-boxed e-con e-parent\" data-id=\"f72bf1e\" data-element_type=\"container\">\n\t\t\t\t\t<div class=\"e-con-inner\">\n\t\t\t\t<div class=\"elementor-element elementor-element-ee4405f elementor-widget elementor-widget-text-editor\" data-id=\"ee4405f\" data-element_type=\"widget\" data-widget_type=\"text-editor.default\">\n\t\t\t\t\t\t\t\t\t<p>Les acteurs non \u00e9tatiques jouent un r\u00f4le cl\u00e9 dans l\u2019environnement s\u00e9curitaire malien. En effet ils peuvent agir tant\u00f4t comme parties au conflit, tant\u00f4t comme catalyseurs dans les processus de r\u00e9solution de la crise malienne.<\/p>\t\t\t\t\t\t\t\t<\/div>\n\t\t\t\t\t<\/div>\n\t\t\t\t<\/div>\n\t\t<div class=\"elementor-element elementor-element-7465d13 e-grid e-con-boxed e-con e-parent\" data-id=\"7465d13\" data-element_type=\"container\">\n\t\t\t\t\t<div class=\"e-con-inner\">\n\t\t\t\t<div class=\"elementor-element elementor-element-dc98a11 elementor-button-warning elementor-align-justify elementor-widget elementor-widget-button\" data-id=\"dc98a11\" data-element_type=\"widget\" data-widget_type=\"button.default\">\n\t\t\t\t\t\t\t\t\t\t<a class=\"elementor-button elementor-button-link elementor-size-sm\" href=\"https:\/\/africansecuritynetwork.org\/HSGO4\/index.php\/acteurs_non_etatiques-familles-fondatrices\/\">\n\t\t\t\t\t\t<span class=\"elementor-button-content-wrapper\">\n\t\t\t\t\t\t\t\t\t<span class=\"elementor-button-text\">Familles fondatrices et alli\u00e9s<\/span>\n\t\t\t\t\t<\/span>\n\t\t\t\t\t<\/a>\n\t\t\t\t\t\t\t\t<\/div>\n\t\t\t\t<div class=\"elementor-element elementor-element-2c3bcb4 elementor-button-success elementor-align-justify elementor-widget elementor-widget-button\" data-id=\"2c3bcb4\" data-element_type=\"widget\" data-widget_type=\"button.default\">\n\t\t\t\t\t\t\t\t\t\t<a class=\"elementor-button elementor-button-link elementor-size-sm\" href=\"https:\/\/africansecuritynetwork.org\/HSGO4\/index.php\/acteurs_non_etatiques-autorites-coutumieres\/\">\n\t\t\t\t\t\t<span class=\"elementor-button-content-wrapper\">\n\t\t\t\t\t\t\t\t\t<span class=\"elementor-button-text\">Autorit\u00e9s coutumi\u00e8res<\/span>\n\t\t\t\t\t<\/span>\n\t\t\t\t\t<\/a>\n\t\t\t\t\t\t\t\t<\/div>\n\t\t\t\t<div class=\"elementor-element elementor-element-a1fc21c elementor-button-warning elementor-align-justify elementor-widget elementor-widget-button\" data-id=\"a1fc21c\" data-element_type=\"widget\" data-widget_type=\"button.default\">\n\t\t\t\t\t\t\t\t\t\t<a class=\"elementor-button elementor-button-link elementor-size-sm\" href=\"https:\/\/africansecuritynetwork.org\/HSGO4\/index.php\/acteurs_non_etatiques-autorites-locales\/\">\n\t\t\t\t\t\t<span class=\"elementor-button-content-wrapper\">\n\t\t\t\t\t\t\t\t\t<span class=\"elementor-button-text\">Les autorit\u00e9s locales<\/span>\n\t\t\t\t\t<\/span>\n\t\t\t\t\t<\/a>\n\t\t\t\t\t\t\t\t<\/div>\n\t\t\t\t<div class=\"elementor-element elementor-element-cf6ba14 elementor-button-danger elementor-align-justify elementor-widget elementor-widget-button\" data-id=\"cf6ba14\" data-element_type=\"widget\" data-widget_type=\"button.default\">\n\t\t\t\t\t\t\t\t\t\t<a class=\"elementor-button elementor-button-link elementor-size-sm\" href=\"https:\/\/africansecuritynetwork.org\/HSGO4\/index.php\/acteurs_non_etatiques-autorites-religieuses\/\">\n\t\t\t\t\t\t<span class=\"elementor-button-content-wrapper\">\n\t\t\t\t\t\t\t\t\t<span class=\"elementor-button-text\">Autorit\u00e9s religieuses<\/span>\n\t\t\t\t\t<\/span>\n\t\t\t\t\t<\/a>\n\t\t\t\t\t\t\t\t<\/div>\n\t\t\t\t<div class=\"elementor-element elementor-element-43ee748 elementor-button-success elementor-widget elementor-widget-button\" data-id=\"43ee748\" data-element_type=\"widget\" data-widget_type=\"button.default\">\n\t\t\t\t\t\t\t\t\t\t<a class=\"elementor-button elementor-button-link elementor-size-sm\" href=\"https:\/\/africansecuritynetwork.org\/HSGO4\/index.php\/acteurs_non_etatiques-groupes-signataires\/\">\n\t\t\t\t\t\t<span class=\"elementor-button-content-wrapper\">\n\t\t\t\t\t\t\t\t\t<span class=\"elementor-button-text\">Groupes arm\u00e9s signataires  de l\u2019accord de paix<\/span>\n\t\t\t\t\t<\/span>\n\t\t\t\t\t<\/a>\n\t\t\t\t\t\t\t\t<\/div>\n\t\t\t\t<div class=\"elementor-element elementor-element-5adf03c elementor-button-danger elementor-align-justify elementor-widget elementor-widget-button\" data-id=\"5adf03c\" data-element_type=\"widget\" data-widget_type=\"button.default\">\n\t\t\t\t\t\t\t\t\t\t<a class=\"elementor-button elementor-button-link elementor-size-sm\" href=\"https:\/\/africansecuritynetwork.org\/HSGO4\/index.php\/acteurs_non_etatiques-groupes-dautodefense\/\">\n\t\t\t\t\t\t<span class=\"elementor-button-content-wrapper\">\n\t\t\t\t\t\t\t\t\t<span class=\"elementor-button-text\">Groupes d\u2019autod\u00e9fense<\/span>\n\t\t\t\t\t<\/span>\n\t\t\t\t\t<\/a>\n\t\t\t\t\t\t\t\t<\/div>\n\t\t\t\t<div class=\"elementor-element elementor-element-43891d7 elementor-button-success elementor-widget elementor-widget-button\" data-id=\"43891d7\" data-element_type=\"widget\" data-widget_type=\"button.default\">\n\t\t\t\t\t\t\t\t\t\t<a class=\"elementor-button elementor-button-link elementor-size-sm\" href=\"https:\/\/africansecuritynetwork.org\/HSGO4\/index.php\/acteurs_non_etatiques-groupes-armes-islamistes\/#charte\">\n\t\t\t\t\t\t<span class=\"elementor-button-content-wrapper\">\n\t\t\t\t\t\t\t\t\t<span class=\"elementor-button-text\">Groupes arm\u00e9s islamistes radicaux<\/span>\n\t\t\t\t\t<\/span>\n\t\t\t\t\t<\/a>\n\t\t\t\t\t\t\t\t<\/div>\n\t\t\t\t<div class=\"elementor-element elementor-element-26119a1 elementor-button-warning elementor-align-justify elementor-widget elementor-widget-button\" data-id=\"26119a1\" data-element_type=\"widget\" data-widget_type=\"button.default\">\n\t\t\t\t\t\t\t\t\t\t<a class=\"elementor-button elementor-button-link elementor-size-sm\" href=\"https:\/\/africansecuritynetwork.org\/HSGO4\/index.php\/acteurs_non_etatiques\/#kur1\">\n\t\t\t\t\t\t<span class=\"elementor-button-content-wrapper\">\n\t\t\t\t\t\t\t\t\t<span class=\"elementor-button-text\">La Charte du Kurugan Fuga<\/span>\n\t\t\t\t\t<\/span>\n\t\t\t\t\t<\/a>\n\t\t\t\t\t\t\t\t<\/div>\n\t\t\t\t\t<\/div>\n\t\t\t\t<\/div>\n\t\t<div class=\"elementor-element elementor-element-e744794 e-flex e-con-boxed e-con e-parent\" data-id=\"e744794\" data-element_type=\"container\">\n\t\t\t\t\t<div class=\"e-con-inner\">\n\t\t\t\t<div class=\"elementor-element elementor-element-35d8769 elementor-widget elementor-widget-text-editor\" data-id=\"35d8769\" data-element_type=\"widget\" data-widget_type=\"text-editor.default\">\n\t\t\t\t\t\t\t\t\t<h5 id=\"u9437-2\" class=\"Subti_Lato\"><a id=\"loc1\"><\/a><strong>Les autorit\u00e9s locales<\/strong><\/h5><p class=\"TX_Lato_150\">Les autorit\u00e9s locales sont les autorit\u00e9s \u00e9lues (telles que les conseillers r\u00e9gionaux, les conseillers de cercles et communaux) r\u00e9gies par le\u00a0<a class=\"nonblock\" href=\"https:\/\/www.droit-afrique.com\/uploads\/Mali-Code-2017-collectivites-territoriales.pdf\" target=\"_blank\" rel=\"noopener\">code des collectivit\u00e9s territoriales<\/a>\u00a0et toutes les autorit\u00e9s administratives (les gouverneurs, les pr\u00e9fets et les sous-pr\u00e9fets) r\u00e9gies par\u00a0<a class=\"nonblock\" href=\"https:\/\/www.ilo.org\/dyn\/natlex\/docs\/ELECTRONIC\/103504\/125773\/F1002602655\/MLI-103504.pdf\" target=\"_blank\" rel=\"noopener\">la charte de la d\u00e9concentration<\/a>.<\/p><p class=\"TX_Lato_150\">Les autorit\u00e9s locales \u00e9lues sont dot\u00e9es de la personnalit\u00e9 morale et de l\u2019autonomie financi\u00e8re.<\/p><p id=\"u9437-14\" class=\"TX_Lato_150\">&#8211; La r\u00e9gion est compos\u00e9e de cercles et de communes.<\/p><p id=\"u9437-19\" class=\"TX_Lato_150\">&#8211; Les communes sont elles-m\u00eames subdivis\u00e9es en commune urbaine et commune rurale. La commune urbaine se compose essentiellement de quartiers dirig\u00e9s par des chefs de quartier, et la commune rurale se compose essentiellement de villages et\/ou de fractions dirig\u00e9s par des chefs de village. Ces chefs de quartier et de village sont r\u00e9gis par la\u00a0<a class=\"nonblock\" href=\"https:\/\/www.matcl.gov.ml\/loi-n%C2%BA06-023-du-28-juin-2006-relative-%C3%A0-la-cr%C3%A9ation-et-%C3%A0-ladministration-des-villages-fractions-et\" target=\"_blank\" rel=\"noopener\">loi 0623<\/a>.<\/p>\t\t\t\t\t\t\t\t<\/div>\n\t\t\t\t<div class=\"elementor-element elementor-element-21acf3a elementor-widget elementor-widget-image\" data-id=\"21acf3a\" data-element_type=\"widget\" data-widget_type=\"image.default\">\n\t\t\t\t\t\t\t\t\t\t\t\t\t\t\t<img fetchpriority=\"high\" decoding=\"async\" width=\"800\" height=\"578\" src=\"https:\/\/africansecuritynetwork.org\/HSGO4\/wp-content\/uploads\/2024\/12\/gao_02_graph.png\" class=\"attachment-large size-large wp-image-955\" alt=\"\" srcset=\"https:\/\/africansecuritynetwork.org\/HSGO4\/wp-content\/uploads\/2024\/12\/gao_02_graph.png 862w, https:\/\/africansecuritynetwork.org\/HSGO4\/wp-content\/uploads\/2024\/12\/gao_02_graph-300x217.png 300w, https:\/\/africansecuritynetwork.org\/HSGO4\/wp-content\/uploads\/2024\/12\/gao_02_graph-768x555.png 768w\" sizes=\"(max-width: 800px) 100vw, 800px\" \/>\t\t\t\t\t\t\t\t\t\t\t\t\t\t\t<\/div>\n\t\t\t\t<div class=\"elementor-element elementor-element-a3d4c19 elementor-widget elementor-widget-text-editor\" data-id=\"a3d4c19\" data-element_type=\"widget\" data-widget_type=\"text-editor.default\">\n\t\t\t\t\t\t\t\t\t<div id=\"u9480-4\" class=\"clearfix colelem\"><p class=\"TX_Lato_150\">Dans la r\u00e9alit\u00e9 quotidienne du Mali, ces institutions coexistent avec les institutions traditionnelles, coutumi\u00e8res et religieuses, illustrant l\u2019hybridit\u00e9 de la gouvernance locale. Le long conflit a \u00e9galement affect\u00e9 la pr\u00e9sence de repr\u00e9sentants de l\u2019\u00c9tat, de sorte que dans la pratique, les acteurs non \u00e9tatiques sont les acteurs auxquels la population a effectivement acc\u00e8s pour r\u00e9soudre les conflits. Il convient de noter, par exemple, les donn\u00e9es concernant la pr\u00e9sence de l\u2019\u00c9tat dans les zones de conflit :<\/p><\/div><div id=\"u9495-4\" class=\"clearfix colelem\"><h5><strong>Pr\u00e9sence de pr\u00e9fets et sous-pr\u00e9fets au Nord et \u00e0 Mopti<\/strong><\/h5><\/div>\t\t\t\t\t\t\t\t<\/div>\n\t\t\t\t<div class=\"elementor-element elementor-element-5e51903 elementor-widget elementor-widget-image\" data-id=\"5e51903\" data-element_type=\"widget\" data-widget_type=\"image.default\">\n\t\t\t\t\t\t\t\t\t\t\t\t\t\t\t<img decoding=\"async\" width=\"639\" height=\"343\" src=\"https:\/\/africansecuritynetwork.org\/HSGO4\/wp-content\/uploads\/2024\/12\/presence_de_prefets_mopti.png\" class=\"attachment-large size-large wp-image-956\" alt=\"\" srcset=\"https:\/\/africansecuritynetwork.org\/HSGO4\/wp-content\/uploads\/2024\/12\/presence_de_prefets_mopti.png 639w, https:\/\/africansecuritynetwork.org\/HSGO4\/wp-content\/uploads\/2024\/12\/presence_de_prefets_mopti-300x161.png 300w\" sizes=\"(max-width: 639px) 100vw, 639px\" \/>\t\t\t\t\t\t\t\t\t\t\t\t\t\t\t<\/div>\n\t\t\t\t<div class=\"elementor-element elementor-element-021deaf elementor-widget-divider--view-line elementor-widget elementor-widget-divider\" data-id=\"021deaf\" data-element_type=\"widget\" data-widget_type=\"divider.default\">\n\t\t\t\t\t\t\t<div class=\"elementor-divider\">\n\t\t\t<span class=\"elementor-divider-separator\">\n\t\t\t\t\t\t<\/span>\n\t\t<\/div>\n\t\t\t\t\t\t<\/div>\n\t\t\t\t\t<\/div>\n\t\t\t\t<\/div>\n\t\t\t\t<\/div>\n\t\t","protected":false},"excerpt":{"rendered":"<p>Les acteurs non \u00e9tatiques jouent un r\u00f4le cl\u00e9 dans l\u2019environnement s\u00e9curitaire malien. En effet ils peuvent agir tant\u00f4t comme parties au conflit, tant\u00f4t comme catalyseurs dans les processus de r\u00e9solution de la crise malienne. Familles fondatrices et alli\u00e9s Autorit\u00e9s coutumi\u00e8res Les autorit\u00e9s locales Autorit\u00e9s religieuses Groupes arm\u00e9s signataires de l\u2019accord de paix Groupes d\u2019autod\u00e9fense Groupes [&hellip;]<\/p>\n","protected":false},"author":1,"featured_media":0,"parent":0,"menu_order":0,"comment_status":"closed","ping_status":"closed","template":"elementor_header_footer","meta":{"footnotes":""},"class_list":["post-3034","page","type-page","status-publish","hentry"],"aioseo_notices":[],"_links":{"self":[{"href":"https:\/\/africansecuritynetwork.org\/HSGO4\/index.php\/wp-json\/wp\/v2\/pages\/3034","targetHints":{"allow":["GET"]}}],"collection":[{"href":"https:\/\/africansecuritynetwork.org\/HSGO4\/index.php\/wp-json\/wp\/v2\/pages"}],"about":[{"href":"https:\/\/africansecuritynetwork.org\/HSGO4\/index.php\/wp-json\/wp\/v2\/types\/page"}],"author":[{"embeddable":true,"href":"https:\/\/africansecuritynetwork.org\/HSGO4\/index.php\/wp-json\/wp\/v2\/users\/1"}],"replies":[{"embeddable":true,"href":"https:\/\/africansecuritynetwork.org\/HSGO4\/index.php\/wp-json\/wp\/v2\/comments?post=3034"}],"version-history":[{"count":13,"href":"https:\/\/africansecuritynetwork.org\/HSGO4\/index.php\/wp-json\/wp\/v2\/pages\/3034\/revisions"}],"predecessor-version":[{"id":3204,"href":"https:\/\/africansecuritynetwork.org\/HSGO4\/index.php\/wp-json\/wp\/v2\/pages\/3034\/revisions\/3204"}],"wp:attachment":[{"href":"https:\/\/africansecuritynetwork.org\/HSGO4\/index.php\/wp-json\/wp\/v2\/media?parent=3034"}],"curies":[{"name":"wp","href":"https:\/\/api.w.org\/{rel}","templated":true}]}}