{"id":3028,"date":"2025-03-21T08:40:28","date_gmt":"2025-03-21T08:40:28","guid":{"rendered":"https:\/\/africansecuritynetwork.org\/HSGO4\/?page_id=3028"},"modified":"2025-03-21T11:50:26","modified_gmt":"2025-03-21T11:50:26","slug":"acteurs_non_etatiques-familles-fondatrices","status":"publish","type":"page","link":"https:\/\/africansecuritynetwork.org\/HSGO4\/index.php\/acteurs_non_etatiques-familles-fondatrices\/","title":{"rendered":"acteurs_non_etatiques -familles fondatrices"},"content":{"rendered":"\t\t<div data-elementor-type=\"wp-page\" data-elementor-id=\"3028\" class=\"elementor elementor-3028\" data-elementor-post-type=\"page\">\n\t\t\t\t<div class=\"elementor-element elementor-element-f72bf1e e-flex e-con-boxed e-con e-parent\" data-id=\"f72bf1e\" data-element_type=\"container\">\n\t\t\t\t\t<div class=\"e-con-inner\">\n\t\t\t\t<div class=\"elementor-element elementor-element-ee4405f elementor-widget elementor-widget-text-editor\" data-id=\"ee4405f\" data-element_type=\"widget\" data-widget_type=\"text-editor.default\">\n\t\t\t\t\t\t\t\t\t<p>Les acteurs non \u00e9tatiques jouent un r\u00f4le cl\u00e9 dans l\u2019environnement s\u00e9curitaire malien. En effet ils peuvent agir tant\u00f4t comme parties au conflit, tant\u00f4t comme catalyseurs dans les processus de r\u00e9solution de la crise malienne.<\/p>\t\t\t\t\t\t\t\t<\/div>\n\t\t\t\t\t<\/div>\n\t\t\t\t<\/div>\n\t\t<div class=\"elementor-element elementor-element-7465d13 e-grid e-con-boxed e-con e-parent\" data-id=\"7465d13\" data-element_type=\"container\">\n\t\t\t\t\t<div class=\"e-con-inner\">\n\t\t\t\t<div class=\"elementor-element elementor-element-dc98a11 elementor-button-warning elementor-align-justify elementor-widget elementor-widget-button\" data-id=\"dc98a11\" data-element_type=\"widget\" data-widget_type=\"button.default\">\n\t\t\t\t\t\t\t\t\t\t<a class=\"elementor-button elementor-button-link elementor-size-sm\" href=\"https:\/\/africansecuritynetwork.org\/HSGO4\/index.php\/acteurs_non_etatiques-familles-fondatrices\/\">\n\t\t\t\t\t\t<span class=\"elementor-button-content-wrapper\">\n\t\t\t\t\t\t\t\t\t<span class=\"elementor-button-text\">Familles fondatrices et alli\u00e9s<\/span>\n\t\t\t\t\t<\/span>\n\t\t\t\t\t<\/a>\n\t\t\t\t\t\t\t\t<\/div>\n\t\t\t\t<div class=\"elementor-element elementor-element-2c3bcb4 elementor-button-success elementor-align-justify elementor-widget elementor-widget-button\" data-id=\"2c3bcb4\" data-element_type=\"widget\" data-widget_type=\"button.default\">\n\t\t\t\t\t\t\t\t\t\t<a class=\"elementor-button elementor-button-link elementor-size-sm\" href=\"https:\/\/africansecuritynetwork.org\/HSGO4\/index.php\/acteurs_non_etatiques-autorites-coutumieres\/\">\n\t\t\t\t\t\t<span class=\"elementor-button-content-wrapper\">\n\t\t\t\t\t\t\t\t\t<span class=\"elementor-button-text\">Autorit\u00e9s coutumi\u00e8res<\/span>\n\t\t\t\t\t<\/span>\n\t\t\t\t\t<\/a>\n\t\t\t\t\t\t\t\t<\/div>\n\t\t\t\t<div class=\"elementor-element elementor-element-a1fc21c elementor-button-warning elementor-align-justify elementor-widget elementor-widget-button\" data-id=\"a1fc21c\" data-element_type=\"widget\" data-widget_type=\"button.default\">\n\t\t\t\t\t\t\t\t\t\t<a class=\"elementor-button elementor-button-link elementor-size-sm\" href=\"https:\/\/africansecuritynetwork.org\/HSGO4\/index.php\/acteurs_non_etatiques-autorites-locales\/\">\n\t\t\t\t\t\t<span class=\"elementor-button-content-wrapper\">\n\t\t\t\t\t\t\t\t\t<span class=\"elementor-button-text\">Les autorit\u00e9s locales<\/span>\n\t\t\t\t\t<\/span>\n\t\t\t\t\t<\/a>\n\t\t\t\t\t\t\t\t<\/div>\n\t\t\t\t<div class=\"elementor-element elementor-element-cf6ba14 elementor-button-danger elementor-align-justify elementor-widget elementor-widget-button\" data-id=\"cf6ba14\" data-element_type=\"widget\" data-widget_type=\"button.default\">\n\t\t\t\t\t\t\t\t\t\t<a class=\"elementor-button elementor-button-link elementor-size-sm\" href=\"https:\/\/africansecuritynetwork.org\/HSGO4\/index.php\/acteurs_non_etatiques-autorites-religieuses\/\">\n\t\t\t\t\t\t<span class=\"elementor-button-content-wrapper\">\n\t\t\t\t\t\t\t\t\t<span class=\"elementor-button-text\">Autorit\u00e9s religieuses<\/span>\n\t\t\t\t\t<\/span>\n\t\t\t\t\t<\/a>\n\t\t\t\t\t\t\t\t<\/div>\n\t\t\t\t<div class=\"elementor-element elementor-element-43ee748 elementor-button-success elementor-widget elementor-widget-button\" data-id=\"43ee748\" data-element_type=\"widget\" data-widget_type=\"button.default\">\n\t\t\t\t\t\t\t\t\t\t<a class=\"elementor-button elementor-button-link elementor-size-sm\" href=\"https:\/\/africansecuritynetwork.org\/HSGO4\/index.php\/acteurs_non_etatiques-groupes-signataires\/\">\n\t\t\t\t\t\t<span class=\"elementor-button-content-wrapper\">\n\t\t\t\t\t\t\t\t\t<span class=\"elementor-button-text\">Groupes arm\u00e9s signataires  de l\u2019accord de paix<\/span>\n\t\t\t\t\t<\/span>\n\t\t\t\t\t<\/a>\n\t\t\t\t\t\t\t\t<\/div>\n\t\t\t\t<div class=\"elementor-element elementor-element-5adf03c elementor-button-danger elementor-align-justify elementor-widget elementor-widget-button\" data-id=\"5adf03c\" data-element_type=\"widget\" data-widget_type=\"button.default\">\n\t\t\t\t\t\t\t\t\t\t<a class=\"elementor-button elementor-button-link elementor-size-sm\" href=\"https:\/\/africansecuritynetwork.org\/HSGO4\/index.php\/acteurs_non_etatiques-groupes-dautodefense\/\">\n\t\t\t\t\t\t<span class=\"elementor-button-content-wrapper\">\n\t\t\t\t\t\t\t\t\t<span class=\"elementor-button-text\">Groupes d\u2019autod\u00e9fense<\/span>\n\t\t\t\t\t<\/span>\n\t\t\t\t\t<\/a>\n\t\t\t\t\t\t\t\t<\/div>\n\t\t\t\t<div class=\"elementor-element elementor-element-43891d7 elementor-button-success elementor-widget elementor-widget-button\" data-id=\"43891d7\" data-element_type=\"widget\" data-widget_type=\"button.default\">\n\t\t\t\t\t\t\t\t\t\t<a class=\"elementor-button elementor-button-link elementor-size-sm\" href=\"https:\/\/africansecuritynetwork.org\/HSGO4\/index.php\/acteurs_non_etatiques-groupes-armes-islamistes\/\">\n\t\t\t\t\t\t<span class=\"elementor-button-content-wrapper\">\n\t\t\t\t\t\t\t\t\t<span class=\"elementor-button-text\">Groupes arm\u00e9s islamistes radicaux<\/span>\n\t\t\t\t\t<\/span>\n\t\t\t\t\t<\/a>\n\t\t\t\t\t\t\t\t<\/div>\n\t\t\t\t<div class=\"elementor-element elementor-element-26119a1 elementor-button-warning elementor-align-justify elementor-widget elementor-widget-button\" data-id=\"26119a1\" data-element_type=\"widget\" data-widget_type=\"button.default\">\n\t\t\t\t\t\t\t\t\t\t<a class=\"elementor-button elementor-button-link elementor-size-sm\" href=\"https:\/\/africansecuritynetwork.org\/HSGO4\/index.php\/acteurs_non_etatiques-groupes-armes-islamistes\/#charte\">\n\t\t\t\t\t\t<span class=\"elementor-button-content-wrapper\">\n\t\t\t\t\t\t\t\t\t<span class=\"elementor-button-text\">La Charte du Kurugan Fuga<\/span>\n\t\t\t\t\t<\/span>\n\t\t\t\t\t<\/a>\n\t\t\t\t\t\t\t\t<\/div>\n\t\t\t\t\t<\/div>\n\t\t\t\t<\/div>\n\t\t<div class=\"elementor-element elementor-element-ff0cc3c e-flex e-con-boxed e-con e-parent\" data-id=\"ff0cc3c\" data-element_type=\"container\">\n\t\t\t\t\t<div class=\"e-con-inner\">\n\t\t\t\t<div class=\"elementor-element elementor-element-c36ec0c elementor-widget elementor-widget-text-editor\" data-id=\"c36ec0c\" data-element_type=\"widget\" data-widget_type=\"text-editor.default\">\n\t\t\t\t\t\t\t\t\t<h5 id=\"u9086-2\" class=\"Subti_Lato\"><a id=\"fam1\"><\/a><strong>Familles fondatrices et alli\u00e9s<\/strong><\/h5><p class=\"TX_Lato_150\">Les familles jouent un r\u00f4le important dans la stratification sociale du Mali. C\u2019est en effet \u00e0 travers les familles que la r\u00e9partition sociale des r\u00f4les respectivement attribu\u00e9s aux chefs, aux guerriers, ou aux responsables religieux s\u2019ef\u00a0 fectue le plus souvent. L\u2019appartenance familiale d\u2019un individu permet en outre souvent de situer celui-ci au sein de la communaut\u00e9 et de lui y attribuer un r\u00f4le. Par ailleurs, les familles sont fr\u00e9quemment investies dans la gestion des conflits dans une zone donn\u00e9e. Les familles ayant une autorit\u00e9 et une voix pr\u00e9pond\u00e9rantes varient en fonction des r\u00e9gions.<\/p><p class=\"TX_Lato_150\">Au Centre du Mali, les conseils des familles dirigeantes sont constitu\u00e9s des repr\u00e9sentants des l\u00e9gitimit\u00e9s traditionnelles, coutumi\u00e8res et religieuses ainsi que des repr\u00e9sentants des familles de pasteurs dans le Delta central du Niger et les zones exond\u00e9es du S\u00e9no, du Haire, du Gandamia et du Gourma central.<\/p><p class=\"TX_Lato_150\">Les Conseils des familles dirigeantes du Macina et des zones exond\u00e9es sont issus de l\u2019h\u00e9ritage et du syst\u00e8me de la Dina du Macina du XIX\u00e8me si\u00e8cle. La\u00a0<a class=\"nonblock\" href=\"https:\/\/www.resdal.org\/ASSN\/dina_du_macina.html\" target=\"_blank\" rel=\"noopener\">Dina du Macina<\/a>\u00a0avait mis en place en 1821 une Grande assembl\u00e9e (ou Batu Mawdo) ainsi qu\u2019un code de gestion des ressources naturelles dit \u00ab Code de la Dina \u00bb. Les\u00a0<a class=\"nonblock\" href=\"https:\/\/horizon.documentation.ird.fr\/exl-doc\/pleins_textes\/doc34-07\/02609.pdf\" target=\"_blank\" rel=\"noopener\">leydi<\/a>\u00a0(entit\u00e9s socio-\u00e9cologiques) du Delta central du Niger sont depuis organis\u00e9es autour de trente-trois aires agro-sylvo-pastorales de la r\u00e9gion de Mopti- dans lesquelles s\u2019ins\u00e8re une organisation institutionnelle, coutumi\u00e8re et religieuse sp\u00e9cifique. Cette structuration tripartite est l\u2019une des caract\u00e9ristiques sociologiques importante dans le Delta central du Niger.<\/p>\t\t\t\t\t\t\t\t<\/div>\n\t\t\t\t<div class=\"elementor-element elementor-element-b1cfa79 elementor-widget elementor-widget-image\" data-id=\"b1cfa79\" data-element_type=\"widget\" data-widget_type=\"image.default\">\n\t\t\t\t\t\t\t\t\t\t\t\t\t\t\t<img fetchpriority=\"high\" decoding=\"async\" width=\"800\" height=\"674\" src=\"https:\/\/africansecuritynetwork.org\/HSGO4\/wp-content\/uploads\/2024\/12\/families_graph.png\" class=\"attachment-large size-large wp-image-950\" alt=\"\" srcset=\"https:\/\/africansecuritynetwork.org\/HSGO4\/wp-content\/uploads\/2024\/12\/families_graph.png 838w, https:\/\/africansecuritynetwork.org\/HSGO4\/wp-content\/uploads\/2024\/12\/families_graph-300x253.png 300w, https:\/\/africansecuritynetwork.org\/HSGO4\/wp-content\/uploads\/2024\/12\/families_graph-768x647.png 768w\" sizes=\"(max-width: 800px) 100vw, 800px\" \/>\t\t\t\t\t\t\t\t\t\t\t\t\t\t\t<\/div>\n\t\t\t\t<div class=\"elementor-element elementor-element-d4113b0 elementor-widget elementor-widget-image\" data-id=\"d4113b0\" data-element_type=\"widget\" data-widget_type=\"image.default\">\n\t\t\t\t\t\t\t\t\t\t\t\t\t\t\t<img decoding=\"async\" width=\"800\" height=\"633\" src=\"https:\/\/africansecuritynetwork.org\/HSGO4\/wp-content\/uploads\/2024\/12\/mali_mapa_familias.jpg\" class=\"attachment-large size-large wp-image-951\" alt=\"\" srcset=\"https:\/\/africansecuritynetwork.org\/HSGO4\/wp-content\/uploads\/2024\/12\/mali_mapa_familias.jpg 837w, https:\/\/africansecuritynetwork.org\/HSGO4\/wp-content\/uploads\/2024\/12\/mali_mapa_familias-300x237.jpg 300w, https:\/\/africansecuritynetwork.org\/HSGO4\/wp-content\/uploads\/2024\/12\/mali_mapa_familias-768x607.jpg 768w\" sizes=\"(max-width: 800px) 100vw, 800px\" \/>\t\t\t\t\t\t\t\t\t\t\t\t\t\t\t<\/div>\n\t\t\t\t\t<\/div>\n\t\t\t\t<\/div>\n\t\t<div class=\"elementor-element elementor-element-236d8ee e-flex e-con-boxed e-con e-parent\" data-id=\"236d8ee\" data-element_type=\"container\">\n\t\t\t\t\t<div class=\"e-con-inner\">\n\t\t\t\t<div class=\"elementor-element elementor-element-9dcdaea elementor-widget elementor-widget-text-editor\" data-id=\"9dcdaea\" data-element_type=\"widget\" data-widget_type=\"text-editor.default\">\n\t\t\t\t\t\t\t\t\t<p class=\"TX_Lato_150\">L\u2019\u00c9tat n\u2019ayant pas su instaurer de pr\u00e9sence v\u00e9ritable dans plusieurs r\u00e9gions du pays, des m\u00e9canismes de justice et de r\u00e9solution des conflits se sont impos\u00e9s durablement.<\/p><p class=\"TX_Lato_150\">Cependant, depuis plusieurs ann\u00e9es \u2013 et cela bien avant la crise multidimensionnelle de 2012, les l\u00e9gitimit\u00e9s locales qui activent ces m\u00e9canismes subissent des mutations, en rapport avec l\u2019affaiblissement de leurs autorit\u00e9s au niveau familial, social et communautaire.<\/p>\t\t\t\t\t\t\t\t<\/div>\n\t\t\t\t<div class=\"elementor-element elementor-element-b588432 elementor-widget-divider--view-line elementor-widget elementor-widget-divider\" data-id=\"b588432\" data-element_type=\"widget\" data-widget_type=\"divider.default\">\n\t\t\t\t\t\t\t<div class=\"elementor-divider\">\n\t\t\t<span class=\"elementor-divider-separator\">\n\t\t\t\t\t\t<\/span>\n\t\t<\/div>\n\t\t\t\t\t\t<\/div>\n\t\t\t\t\t<\/div>\n\t\t\t\t<\/div>\n\t\t\t\t<\/div>\n\t\t","protected":false},"excerpt":{"rendered":"<p>Les acteurs non \u00e9tatiques jouent un r\u00f4le cl\u00e9 dans l\u2019environnement s\u00e9curitaire malien. En effet ils peuvent agir tant\u00f4t comme parties au conflit, tant\u00f4t comme catalyseurs dans les processus de r\u00e9solution de la crise malienne. Familles fondatrices et alli\u00e9s Autorit\u00e9s coutumi\u00e8res Les autorit\u00e9s locales Autorit\u00e9s religieuses Groupes arm\u00e9s signataires de l\u2019accord de paix Groupes d\u2019autod\u00e9fense Groupes [&hellip;]<\/p>\n","protected":false},"author":1,"featured_media":0,"parent":0,"menu_order":0,"comment_status":"closed","ping_status":"closed","template":"elementor_header_footer","meta":{"footnotes":""},"class_list":["post-3028","page","type-page","status-publish","hentry"],"aioseo_notices":[],"_links":{"self":[{"href":"https:\/\/africansecuritynetwork.org\/HSGO4\/index.php\/wp-json\/wp\/v2\/pages\/3028","targetHints":{"allow":["GET"]}}],"collection":[{"href":"https:\/\/africansecuritynetwork.org\/HSGO4\/index.php\/wp-json\/wp\/v2\/pages"}],"about":[{"href":"https:\/\/africansecuritynetwork.org\/HSGO4\/index.php\/wp-json\/wp\/v2\/types\/page"}],"author":[{"embeddable":true,"href":"https:\/\/africansecuritynetwork.org\/HSGO4\/index.php\/wp-json\/wp\/v2\/users\/1"}],"replies":[{"embeddable":true,"href":"https:\/\/africansecuritynetwork.org\/HSGO4\/index.php\/wp-json\/wp\/v2\/comments?post=3028"}],"version-history":[{"count":7,"href":"https:\/\/africansecuritynetwork.org\/HSGO4\/index.php\/wp-json\/wp\/v2\/pages\/3028\/revisions"}],"predecessor-version":[{"id":3198,"href":"https:\/\/africansecuritynetwork.org\/HSGO4\/index.php\/wp-json\/wp\/v2\/pages\/3028\/revisions\/3198"}],"wp:attachment":[{"href":"https:\/\/africansecuritynetwork.org\/HSGO4\/index.php\/wp-json\/wp\/v2\/media?parent=3028"}],"curies":[{"name":"wp","href":"https:\/\/api.w.org\/{rel}","templated":true}]}}