{"id":1531,"date":"2024-12-15T13:19:59","date_gmt":"2024-12-15T13:19:59","guid":{"rendered":"https:\/\/africansecuritynetwork.org\/HSGO4\/?page_id=1531"},"modified":"2025-12-16T15:04:53","modified_gmt":"2025-12-16T15:04:53","slug":"conference-internationale-sur-la-region-des-grands-lacs","status":"publish","type":"page","link":"https:\/\/africansecuritynetwork.org\/HSGO4\/index.php\/conference-internationale-sur-la-region-des-grands-lacs\/","title":{"rendered":"Conf\u00e9rence Internationale sur la R\u00e9gion des Grands Lacs"},"content":{"rendered":"\t\t<div data-elementor-type=\"wp-page\" data-elementor-id=\"1531\" class=\"elementor elementor-1531\" data-elementor-post-type=\"page\">\n\t\t\t\t<div class=\"elementor-element elementor-element-e01f9c6 e-flex e-con-boxed e-con e-parent\" data-id=\"e01f9c6\" data-element_type=\"container\">\n\t\t\t\t\t<div class=\"e-con-inner\">\n\t\t\t\t<div class=\"elementor-element elementor-element-7127539 elementor-widget-divider--view-line elementor-widget elementor-widget-divider\" data-id=\"7127539\" data-element_type=\"widget\" data-widget_type=\"divider.default\">\n\t\t\t\t\t\t\t<div class=\"elementor-divider\">\n\t\t\t<span class=\"elementor-divider-separator\">\n\t\t\t\t\t\t<\/span>\n\t\t<\/div>\n\t\t\t\t\t\t<\/div>\n\t\t\t\t\t<\/div>\n\t\t\t\t<\/div>\n\t\t<div class=\"elementor-element elementor-element-0321805 e-flex e-con-boxed e-con e-parent\" data-id=\"0321805\" data-element_type=\"container\">\n\t\t\t\t\t<div class=\"e-con-inner\">\n\t\t\t\t<div class=\"elementor-element elementor-element-48e0148 elementor-widget elementor-widget-heading\" data-id=\"48e0148\" data-element_type=\"widget\" data-widget_type=\"heading.default\">\n\t\t\t\t\t<h2 class=\"elementor-heading-title elementor-size-default\">Conf\u00e9rence Internationale sur la R\u00e9gion des Grands Lacs<\/h2>\t\t\t\t<\/div>\n\t\t\t\t\t<\/div>\n\t\t\t\t<\/div>\n\t\t<div class=\"elementor-element elementor-element-4f5dea1 e-flex e-con-boxed e-con e-parent\" data-id=\"4f5dea1\" data-element_type=\"container\">\n\t\t\t\t\t<div class=\"e-con-inner\">\n\t\t\t\t<div class=\"elementor-element elementor-element-2403e01 elementor-widget-divider--view-line elementor-widget elementor-widget-divider\" data-id=\"2403e01\" data-element_type=\"widget\" data-widget_type=\"divider.default\">\n\t\t\t\t\t\t\t<div class=\"elementor-divider\">\n\t\t\t<span class=\"elementor-divider-separator\">\n\t\t\t\t\t\t<\/span>\n\t\t<\/div>\n\t\t\t\t\t\t<\/div>\n\t\t\t\t\t<\/div>\n\t\t\t\t<\/div>\n\t\t<div class=\"elementor-element elementor-element-231dca9 e-flex e-con-boxed e-con e-parent\" data-id=\"231dca9\" data-element_type=\"container\">\n\t\t\t\t\t<div class=\"e-con-inner\">\n\t\t\t\t<div class=\"elementor-element elementor-element-aabf866 elementor-widget elementor-widget-image\" data-id=\"aabf866\" data-element_type=\"widget\" data-widget_type=\"image.default\">\n\t\t\t\t\t\t\t\t\t\t\t\t<figure class=\"wp-caption\">\n\t\t\t\t\t\t\t\t\t\t\t<a href=\"https:\/\/africansecuritynetwork.org\/HSGO4\/wp-content\/uploads\/2025\/12\/resolution-2797-2025-1.pdf\">\n\t\t\t\t\t\t\t<img fetchpriority=\"high\" decoding=\"async\" width=\"800\" height=\"465\" src=\"https:\/\/africansecuritynetwork.org\/HSGO4\/wp-content\/uploads\/2025\/12\/CIRGL-updated-1024x595.jpg\" class=\"attachment-large size-large wp-image-6841\" alt=\"\" srcset=\"https:\/\/africansecuritynetwork.org\/HSGO4\/wp-content\/uploads\/2025\/12\/CIRGL-updated-1024x595.jpg 1024w, https:\/\/africansecuritynetwork.org\/HSGO4\/wp-content\/uploads\/2025\/12\/CIRGL-updated-300x174.jpg 300w, https:\/\/africansecuritynetwork.org\/HSGO4\/wp-content\/uploads\/2025\/12\/CIRGL-updated-768x446.jpg 768w, https:\/\/africansecuritynetwork.org\/HSGO4\/wp-content\/uploads\/2025\/12\/CIRGL-updated.jpg 1078w\" sizes=\"(max-width: 800px) 100vw, 800px\" \/>\t\t\t\t\t\t\t\t<\/a>\n\t\t\t\t\t\t\t\t\t\t\t<figcaption class=\"widget-image-caption wp-caption-text\">Carte actualis\u00e9e \u00e0 la suite de la r\u00e9solution 2797 du Conseil de s\u00e9curit\u00e9 des Nations unies (2025).<\/figcaption>\n\t\t\t\t\t\t\t\t\t\t<\/figure>\n\t\t\t\t\t\t\t\t\t<\/div>\n\t\t\t\t<div class=\"elementor-element elementor-element-d0a6af1 elementor-widget elementor-widget-image\" data-id=\"d0a6af1\" data-element_type=\"widget\" data-widget_type=\"image.default\">\n\t\t\t\t\t\t\t\t\t\t\t\t\t\t\t<img decoding=\"async\" width=\"800\" height=\"550\" src=\"https:\/\/africansecuritynetwork.org\/HSGO4\/wp-content\/uploads\/2024\/12\/29-cirgl-segundo.jpg\" class=\"attachment-large size-large wp-image-1537\" alt=\"\" srcset=\"https:\/\/africansecuritynetwork.org\/HSGO4\/wp-content\/uploads\/2024\/12\/29-cirgl-segundo.jpg 980w, https:\/\/africansecuritynetwork.org\/HSGO4\/wp-content\/uploads\/2024\/12\/29-cirgl-segundo-300x206.jpg 300w, https:\/\/africansecuritynetwork.org\/HSGO4\/wp-content\/uploads\/2024\/12\/29-cirgl-segundo-768x528.jpg 768w\" sizes=\"(max-width: 800px) 100vw, 800px\" \/>\t\t\t\t\t\t\t\t\t\t\t\t\t\t\t<\/div>\n\t\t\t\t\t<\/div>\n\t\t\t\t<\/div>\n\t\t<div class=\"elementor-element elementor-element-b6bd158 e-flex e-con-boxed e-con e-parent\" data-id=\"b6bd158\" data-element_type=\"container\">\n\t\t\t\t\t<div class=\"e-con-inner\">\n\t\t<div class=\"elementor-element elementor-element-0aa05fb e-con-full e-flex e-con e-child\" data-id=\"0aa05fb\" data-element_type=\"container\">\n\t\t\t\t<div class=\"elementor-element elementor-element-1a1ac3a elementor-widget elementor-widget-text-editor\" data-id=\"1a1ac3a\" data-element_type=\"widget\" data-widget_type=\"text-editor.default\">\n\t\t\t\t\t\t\t\t\t<h5 id=\"u29359-2\" class=\"Titular\"><strong>Publications<\/strong><\/h5><p id=\"u29359-5\" class=\"Link\"><a class=\"nonblock\" href=\"https:\/\/icglr.org\/wp-content\/uploads\/2022\/06\/Pact-amended-2012-French-version1.pdf\" target=\"_blank\" rel=\"noopener\"><span id=\"u29359-3\">&#8211; Pacte de la CIRGL<\/span><\/a><\/p><p id=\"u29359-8\" class=\"Link\"><a class=\"nonblock\" href=\"https:\/\/icglr.org\/wp-content\/uploads\/2023\/02\/Declaration-de-Dar-es-Salam.pdf\" target=\"_blank\" rel=\"noopener\">&#8211; De\u0301claration de Dar-es-Salaam sur la paix, la se\u0301curite\u0301,la de\u0301mocratie et le de\u0301veloppement dans la re\u0301gion des grands lacs<\/a><\/p><p id=\"u29359-11\" class=\"Link\"><a class=\"nonblock\" href=\"https:\/\/icglr.org\/wp-content\/uploads\/2022\/06\/Protocole-de-Non-Aggression.pdf\" target=\"_blank\" rel=\"noopener\">&#8211; Protocole de non-agression et de d\u00e9fense mutuelle<\/a><\/p><p id=\"u29359-14\" class=\"Link\"><a class=\"nonblock\" href=\"https:\/\/icglr.org\/ova_doc\/protocol-on-democracy-and-good-governance\/\" target=\"_blank\" rel=\"noopener\">&#8211; Protocole sur la d\u00e9mocratie et la bonne gouvernance<\/a><\/p><p id=\"u29359-17\" class=\"Link\"><a class=\"nonblock\" href=\"https:\/\/icglr.org\/ova_doc\/protocol-on-judicial-cooperation-2\/\" target=\"_blank\" rel=\"noopener\">&#8211; Protocole de coop\u00e9ration judiciaire<\/a><\/p><p id=\"u29359-20\" class=\"Link\"><a class=\"nonblock\" href=\"http:\/\/www.icglr-rtf.org\/fr\/wp-content\/uploads\/2017\/07\/Prot.Crime-Prevention-Fre-1.12.2006.pdf\" target=\"_blank\" rel=\"noopener\">&#8211; Protocole de pr\u00e9vention sur les crimes de g\u00e9nocide, crimes contre l\u2019humanit\u00e9 et crimes de guerre<\/a><\/p><p id=\"u29359-23\" class=\"Link\"><a class=\"nonblock\" href=\"https:\/\/icglr.org\/ova_doc\/protocol-against-the-illegal-exploitation-of-natural-resources\/\" target=\"_blank\" rel=\"noopener\">&#8211; Protocole de lutte contre l\u2019exploitation ill\u00e9gale des ressources naturelles<\/a><\/p><p id=\"u29359-25\" class=\"Link\">&#8211; Protocole de pr\u00e9vention et r\u00e9pression de la violence sexuelle \u00e0 l\u2019\u00e9gard des femmes et des enfants<\/p><p id=\"u29359-28\" class=\"Link\"><a class=\"nonblock\" href=\"https:\/\/icglr.org\/ova_doc\/protocol-on-the-protection-and-assistance-to-internally-displaced-persons-2\/\" target=\"_blank\" rel=\"noopener\">&#8211; Protocole de pr\u00e9vention et d\u2019assistance aux personnes d\u00e9plac\u00e9es<\/a><\/p><p id=\"u29359-31\" class=\"Link\"><a class=\"nonblock\" href=\"https:\/\/icglr.org\/fr\/la-structure-de-la-cirgl\/\" target=\"_blank\" rel=\"noopener\">&#8211; M\u00e9canisme de suivi r\u00e9gional<\/a><\/p><p id=\"u29359-34\" class=\"Link\"><a class=\"nonblock\" href=\"https:\/\/icglr.org\/fr\/programmes\/paix-et-securite\/\" target=\"_blank\" rel=\"noopener\">&#8211; Programme d\u2019action pour la paix et la s\u00e9curit\u00e9<\/a><\/p>\t\t\t\t\t\t\t\t<\/div>\n\t\t\t\t<\/div>\n\t\t\t\t\t<\/div>\n\t\t\t\t<\/div>\n\t\t\t\t<\/div>\n\t\t","protected":false},"excerpt":{"rendered":"<p>Conf\u00e9rence Internationale sur la R\u00e9gion des Grands Lacs Carte actualis\u00e9e \u00e0 la suite de la r\u00e9solution 2797 du Conseil de s\u00e9curit\u00e9 des Nations unies (2025). Publications &#8211; Pacte de la CIRGL &#8211; De\u0301claration de Dar-es-Salaam sur la paix, la se\u0301curite\u0301,la de\u0301mocratie et le de\u0301veloppement dans la re\u0301gion des grands lacs &#8211; Protocole de non-agression et [&hellip;]<\/p>\n","protected":false},"author":1,"featured_media":0,"parent":0,"menu_order":0,"comment_status":"closed","ping_status":"closed","template":"","meta":{"footnotes":""},"class_list":["post-1531","page","type-page","status-publish","hentry"],"aioseo_notices":[],"_links":{"self":[{"href":"https:\/\/africansecuritynetwork.org\/HSGO4\/index.php\/wp-json\/wp\/v2\/pages\/1531","targetHints":{"allow":["GET"]}}],"collection":[{"href":"https:\/\/africansecuritynetwork.org\/HSGO4\/index.php\/wp-json\/wp\/v2\/pages"}],"about":[{"href":"https:\/\/africansecuritynetwork.org\/HSGO4\/index.php\/wp-json\/wp\/v2\/types\/page"}],"author":[{"embeddable":true,"href":"https:\/\/africansecuritynetwork.org\/HSGO4\/index.php\/wp-json\/wp\/v2\/users\/1"}],"replies":[{"embeddable":true,"href":"https:\/\/africansecuritynetwork.org\/HSGO4\/index.php\/wp-json\/wp\/v2\/comments?post=1531"}],"version-history":[{"count":16,"href":"https:\/\/africansecuritynetwork.org\/HSGO4\/index.php\/wp-json\/wp\/v2\/pages\/1531\/revisions"}],"predecessor-version":[{"id":6844,"href":"https:\/\/africansecuritynetwork.org\/HSGO4\/index.php\/wp-json\/wp\/v2\/pages\/1531\/revisions\/6844"}],"wp:attachment":[{"href":"https:\/\/africansecuritynetwork.org\/HSGO4\/index.php\/wp-json\/wp\/v2\/media?parent=1531"}],"curies":[{"name":"wp","href":"https:\/\/api.w.org\/{rel}","templated":true}]}}