{"id":1521,"date":"2024-12-15T13:14:14","date_gmt":"2024-12-15T13:14:14","guid":{"rendered":"https:\/\/africansecuritynetwork.org\/HSGO4\/?page_id=1521"},"modified":"2025-12-16T15:03:31","modified_gmt":"2025-12-16T15:03:31","slug":"commission-du-bassin-du-lac-tchad","status":"publish","type":"page","link":"https:\/\/africansecuritynetwork.org\/HSGO4\/index.php\/commission-du-bassin-du-lac-tchad\/","title":{"rendered":"Commission du Bassin du Lac Tchad"},"content":{"rendered":"\t\t<div data-elementor-type=\"wp-page\" data-elementor-id=\"1521\" class=\"elementor elementor-1521\" data-elementor-post-type=\"page\">\n\t\t\t\t<div class=\"elementor-element elementor-element-71a7953 e-flex e-con-boxed e-con e-parent\" data-id=\"71a7953\" data-element_type=\"container\">\n\t\t\t\t\t<div class=\"e-con-inner\">\n\t\t\t\t<div class=\"elementor-element elementor-element-ecb2caa elementor-widget-divider--view-line elementor-widget elementor-widget-divider\" data-id=\"ecb2caa\" data-element_type=\"widget\" data-widget_type=\"divider.default\">\n\t\t\t\t\t\t\t<div class=\"elementor-divider\">\n\t\t\t<span class=\"elementor-divider-separator\">\n\t\t\t\t\t\t<\/span>\n\t\t<\/div>\n\t\t\t\t\t\t<\/div>\n\t\t\t\t\t<\/div>\n\t\t\t\t<\/div>\n\t\t<div class=\"elementor-element elementor-element-a2c2bb1 e-flex e-con-boxed e-con e-parent\" data-id=\"a2c2bb1\" data-element_type=\"container\">\n\t\t\t\t\t<div class=\"e-con-inner\">\n\t\t\t\t<div class=\"elementor-element elementor-element-0266df3 elementor-widget elementor-widget-heading\" data-id=\"0266df3\" data-element_type=\"widget\" data-widget_type=\"heading.default\">\n\t\t\t\t\t<h2 class=\"elementor-heading-title elementor-size-default\">Commission du Bassin du Lac Tchad<\/h2>\t\t\t\t<\/div>\n\t\t\t\t\t<\/div>\n\t\t\t\t<\/div>\n\t\t<div class=\"elementor-element elementor-element-d160eb5 e-flex e-con-boxed e-con e-parent\" data-id=\"d160eb5\" data-element_type=\"container\">\n\t\t\t\t\t<div class=\"e-con-inner\">\n\t\t\t\t<div class=\"elementor-element elementor-element-be048e4 elementor-widget-divider--view-line elementor-widget elementor-widget-divider\" data-id=\"be048e4\" data-element_type=\"widget\" data-widget_type=\"divider.default\">\n\t\t\t\t\t\t\t<div class=\"elementor-divider\">\n\t\t\t<span class=\"elementor-divider-separator\">\n\t\t\t\t\t\t<\/span>\n\t\t<\/div>\n\t\t\t\t\t\t<\/div>\n\t\t\t\t\t<\/div>\n\t\t\t\t<\/div>\n\t\t<div class=\"elementor-element elementor-element-1e4a427 e-flex e-con-boxed e-con e-parent\" data-id=\"1e4a427\" data-element_type=\"container\">\n\t\t\t\t\t<div class=\"e-con-inner\">\n\t\t\t\t<div class=\"elementor-element elementor-element-b6a2781 elementor-widget elementor-widget-text-editor\" data-id=\"b6a2781\" data-element_type=\"widget\" data-widget_type=\"text-editor.default\">\n\t\t\t\t\t\t\t\t\t<p><span style=\"font-weight: 400;\">La Commission du Bassin du Lac Tchad (CBLT), \u00e9tablie en 1964, r\u00e9unit les pays riverains du lac que sont le<\/span><span style=\"font-weight: 400;\"> T<\/span><span style=\"font-weight: 400;\">chad, le Cameroun, le Tchad, le Niger et le Nig\u00e9ria, ainsi que des membres associ\u00e9s tels que la R\u00e9publique centrafricaine et la Libye. Son mandat vise \u00e0 favoriser une gestion int\u00e9gr\u00e9e et concert\u00e9e des ressources naturelles et \u00e0 pr\u00e9venir les conflits li\u00e9s \u00e0 l\u2019acc\u00e8s \u00e0 l\u2019eau, \u00e0 la terre et aux ressources halieutiques.\u00a0<\/span><\/p><p><span style=\"font-weight: 400;\">Dans un contexte de r\u00e9tr\u00e9cissement alarmant du lac, aggrav\u00e9 par l\u2019ins\u00e9curit\u00e9 croissante li\u00e9e \u00e0 la pr\u00e9sence de groupes arm\u00e9s, la CBLT joue \u00e9galement d\u00e9sormais un r\u00f4le en mati\u00e8re de s\u00e9curit\u00e9 \u00e0 travers la Force multinationale mixte (FMM) ainsi que dans les politiques environnementales.<\/span><\/p>\t\t\t\t\t\t\t\t<\/div>\n\t\t\t\t\t<\/div>\n\t\t\t\t<\/div>\n\t\t<div class=\"elementor-element elementor-element-54eb258 e-flex e-con-boxed e-con e-parent\" data-id=\"54eb258\" data-element_type=\"container\">\n\t\t\t\t\t<div class=\"e-con-inner\">\n\t\t\t\t<div class=\"elementor-element elementor-element-b0325dd elementor-widget elementor-widget-image\" data-id=\"b0325dd\" data-element_type=\"widget\" data-widget_type=\"image.default\">\n\t\t\t\t\t\t\t\t\t\t\t\t<figure class=\"wp-caption\">\n\t\t\t\t\t\t\t\t\t\t\t<a href=\"https:\/\/africansecuritynetwork.org\/HSGO4\/wp-content\/uploads\/2025\/12\/resolution-2797-2025-1.pdf\">\n\t\t\t\t\t\t\t<img fetchpriority=\"high\" decoding=\"async\" width=\"800\" height=\"483\" src=\"https:\/\/africansecuritynetwork.org\/HSGO4\/wp-content\/uploads\/2025\/12\/CBLT-updated-1024x618.jpg\" class=\"attachment-large size-large wp-image-6837\" alt=\"\" srcset=\"https:\/\/africansecuritynetwork.org\/HSGO4\/wp-content\/uploads\/2025\/12\/CBLT-updated-1024x618.jpg 1024w, https:\/\/africansecuritynetwork.org\/HSGO4\/wp-content\/uploads\/2025\/12\/CBLT-updated-300x181.jpg 300w, https:\/\/africansecuritynetwork.org\/HSGO4\/wp-content\/uploads\/2025\/12\/CBLT-updated-768x464.jpg 768w, https:\/\/africansecuritynetwork.org\/HSGO4\/wp-content\/uploads\/2025\/12\/CBLT-updated.jpg 1078w\" sizes=\"(max-width: 800px) 100vw, 800px\" \/>\t\t\t\t\t\t\t\t<\/a>\n\t\t\t\t\t\t\t\t\t\t\t<figcaption class=\"widget-image-caption wp-caption-text\">Carte actualis\u00e9e \u00e0 la suite de la r\u00e9solution 2797 du Conseil de s\u00e9curit\u00e9 des Nations unies (2025).<\/figcaption>\n\t\t\t\t\t\t\t\t\t\t<\/figure>\n\t\t\t\t\t\t\t\t\t<\/div>\n\t\t\t\t<div class=\"elementor-element elementor-element-13e9dd4 elementor-widget elementor-widget-image\" data-id=\"13e9dd4\" data-element_type=\"widget\" data-widget_type=\"image.default\">\n\t\t\t\t\t\t\t\t\t\t\t\t\t\t\t<img decoding=\"async\" width=\"800\" height=\"502\" src=\"https:\/\/africansecuritynetwork.org\/HSGO4\/wp-content\/uploads\/2024\/12\/27-cblt-segundo.jpg\" class=\"attachment-large size-large wp-image-1527\" alt=\"\" srcset=\"https:\/\/africansecuritynetwork.org\/HSGO4\/wp-content\/uploads\/2024\/12\/27-cblt-segundo.jpg 980w, https:\/\/africansecuritynetwork.org\/HSGO4\/wp-content\/uploads\/2024\/12\/27-cblt-segundo-300x188.jpg 300w, https:\/\/africansecuritynetwork.org\/HSGO4\/wp-content\/uploads\/2024\/12\/27-cblt-segundo-768x482.jpg 768w\" sizes=\"(max-width: 800px) 100vw, 800px\" \/>\t\t\t\t\t\t\t\t\t\t\t\t\t\t\t<\/div>\n\t\t\t\t\t<\/div>\n\t\t\t\t<\/div>\n\t\t<div class=\"elementor-element elementor-element-79843c1 e-flex e-con-boxed e-con e-parent\" data-id=\"79843c1\" data-element_type=\"container\">\n\t\t\t\t\t<div class=\"e-con-inner\">\n\t\t\t\t<div class=\"elementor-element elementor-element-4fb72eb elementor-widget elementor-widget-text-editor\" data-id=\"4fb72eb\" data-element_type=\"widget\" data-widget_type=\"text-editor.default\">\n\t\t\t\t\t\t\t\t\t<h5 id=\"u29315-2\" class=\"Titular\"><strong>Publications<\/strong><\/h5><p id=\"u29315-5\" class=\"Link\"><a class=\"nonblock\" href=\"https:\/\/faolex.fao.org\/docs\/pdf\/cmr1076.pdf\" target=\"_blank\" rel=\"noopener\"><span id=\"u29315-3\">&#8211; Charte de la CBLT<\/span><\/a><\/p><p id=\"u29315-8\" class=\"Link\"><a class=\"nonblock\" href=\"https:\/\/faolex.fao.org\/docs\/pdf\/cblt215467FR.pdf\" target=\"_blank\" rel=\"noopener\">&#8211; Les d\u00e9fis du bassin du lac Tchad, vision 2025<\/a><\/p><p id=\"u29315-11\" class=\"Link\"><a class=\"nonblock\" href=\"https:\/\/swm-programme.info\/documents\/20142\/1193218\/TCD_AG_WA_20120430.pdf\/774ebded-345b-76e2-4c12-1a285f8fa790?version=1.0&amp;t=1653471391779&amp;\" target=\"_blank\" rel=\"noopener\">&#8211; Charte de l\u2019eau du bassin du lac Tchad<\/a><\/p><p id=\"u29315-14\" class=\"Link\"><a class=\"nonblock\" href=\"https:\/\/mnjtffmm.org\/\" target=\"_blank\" rel=\"noopener\">&#8211; Force multinationale mixte<\/a><\/p>\t\t\t\t\t\t\t\t<\/div>\n\t\t\t\t\t<\/div>\n\t\t\t\t<\/div>\n\t\t\t\t<\/div>\n\t\t","protected":false},"excerpt":{"rendered":"<p>Commission du Bassin du Lac Tchad La Commission du Bassin du Lac Tchad (CBLT), \u00e9tablie en 1964, r\u00e9unit les pays riverains du lac que sont le Tchad, le Cameroun, le Tchad, le Niger et le Nig\u00e9ria, ainsi que des membres associ\u00e9s tels que la R\u00e9publique centrafricaine et la Libye. Son mandat vise \u00e0 favoriser une [&hellip;]<\/p>\n","protected":false},"author":1,"featured_media":0,"parent":0,"menu_order":0,"comment_status":"closed","ping_status":"closed","template":"","meta":{"footnotes":""},"class_list":["post-1521","page","type-page","status-publish","hentry"],"aioseo_notices":[],"_links":{"self":[{"href":"https:\/\/africansecuritynetwork.org\/HSGO4\/index.php\/wp-json\/wp\/v2\/pages\/1521","targetHints":{"allow":["GET"]}}],"collection":[{"href":"https:\/\/africansecuritynetwork.org\/HSGO4\/index.php\/wp-json\/wp\/v2\/pages"}],"about":[{"href":"https:\/\/africansecuritynetwork.org\/HSGO4\/index.php\/wp-json\/wp\/v2\/types\/page"}],"author":[{"embeddable":true,"href":"https:\/\/africansecuritynetwork.org\/HSGO4\/index.php\/wp-json\/wp\/v2\/users\/1"}],"replies":[{"embeddable":true,"href":"https:\/\/africansecuritynetwork.org\/HSGO4\/index.php\/wp-json\/wp\/v2\/comments?post=1521"}],"version-history":[{"count":22,"href":"https:\/\/africansecuritynetwork.org\/HSGO4\/index.php\/wp-json\/wp\/v2\/pages\/1521\/revisions"}],"predecessor-version":[{"id":6840,"href":"https:\/\/africansecuritynetwork.org\/HSGO4\/index.php\/wp-json\/wp\/v2\/pages\/1521\/revisions\/6840"}],"wp:attachment":[{"href":"https:\/\/africansecuritynetwork.org\/HSGO4\/index.php\/wp-json\/wp\/v2\/media?parent=1521"}],"curies":[{"name":"wp","href":"https:\/\/api.w.org\/{rel}","templated":true}]}}