{"id":1508,"date":"2024-12-15T13:08:50","date_gmt":"2024-12-15T13:08:50","guid":{"rendered":"https:\/\/africansecuritynetwork.org\/HSGO4\/?page_id=1508"},"modified":"2025-12-16T15:20:12","modified_gmt":"2025-12-16T15:20:12","slug":"union-africaine-ua","status":"publish","type":"page","link":"https:\/\/africansecuritynetwork.org\/HSGO4\/index.php\/union-africaine-ua\/","title":{"rendered":"Union africaine (UA)"},"content":{"rendered":"\t\t<div data-elementor-type=\"wp-page\" data-elementor-id=\"1508\" class=\"elementor elementor-1508\" data-elementor-post-type=\"page\">\n\t\t\t\t<div class=\"elementor-element elementor-element-3600350 e-flex e-con-boxed e-con e-parent\" data-id=\"3600350\" data-element_type=\"container\">\n\t\t\t\t\t<div class=\"e-con-inner\">\n\t\t\t\t<div class=\"elementor-element elementor-element-67d024d elementor-widget-divider--view-line elementor-widget elementor-widget-divider\" data-id=\"67d024d\" data-element_type=\"widget\" data-widget_type=\"divider.default\">\n\t\t\t\t\t\t\t<div class=\"elementor-divider\">\n\t\t\t<span class=\"elementor-divider-separator\">\n\t\t\t\t\t\t<\/span>\n\t\t<\/div>\n\t\t\t\t\t\t<\/div>\n\t\t\t\t\t<\/div>\n\t\t\t\t<\/div>\n\t\t<div class=\"elementor-element elementor-element-9cbf264 e-flex e-con-boxed e-con e-parent\" data-id=\"9cbf264\" data-element_type=\"container\">\n\t\t\t\t\t<div class=\"e-con-inner\">\n\t\t\t\t<div class=\"elementor-element elementor-element-538d99a elementor-widget elementor-widget-heading\" data-id=\"538d99a\" data-element_type=\"widget\" data-widget_type=\"heading.default\">\n\t\t\t\t\t<h2 class=\"elementor-heading-title elementor-size-default\">Union Africaine (UA)<\/h2>\t\t\t\t<\/div>\n\t\t\t\t\t<\/div>\n\t\t\t\t<\/div>\n\t\t<div class=\"elementor-element elementor-element-ab9353f e-flex e-con-boxed e-con e-parent\" data-id=\"ab9353f\" data-element_type=\"container\">\n\t\t\t\t\t<div class=\"e-con-inner\">\n\t\t\t\t<div class=\"elementor-element elementor-element-37ad60c elementor-widget-divider--view-line elementor-widget elementor-widget-divider\" data-id=\"37ad60c\" data-element_type=\"widget\" data-widget_type=\"divider.default\">\n\t\t\t\t\t\t\t<div class=\"elementor-divider\">\n\t\t\t<span class=\"elementor-divider-separator\">\n\t\t\t\t\t\t<\/span>\n\t\t<\/div>\n\t\t\t\t\t\t<\/div>\n\t\t\t\t\t<\/div>\n\t\t\t\t<\/div>\n\t\t<div class=\"elementor-element elementor-element-fe25e91 e-flex e-con-boxed e-con e-parent\" data-id=\"fe25e91\" data-element_type=\"container\">\n\t\t\t\t\t<div class=\"e-con-inner\">\n\t\t\t\t<div class=\"elementor-element elementor-element-acfa7af elementor-widget elementor-widget-text-editor\" data-id=\"acfa7af\" data-element_type=\"widget\" data-widget_type=\"text-editor.default\">\n\t\t\t\t\t\t\t\t\t<p><span style=\"font-weight: 400;\">L\u2019Union africaine (UA) a \u00e9t\u00e9 cr\u00e9\u00e9e en 2001 pour succ\u00e9der \u00e0 l\u2019Organisation de l\u2019Unit\u00e9 africaine (OUA). Elle regroupe les 55 \u00c9tats du continent africain et a pour vocation de promouvoir l\u2019unit\u00e9 et la solidarit\u00e9 entre les peuples africains, de d\u00e9fendre la souverainet\u00e9 de ses \u00c9tats membres et de soutenir un d\u00e9veloppement des sp\u00e9cificit\u00e9s nationales.\u00a0<\/span><\/p><p><span style=\"font-weight: 400;\">Elle intervient dans la pr\u00e9vention des conflits, la r\u00e9solution des crises, la consolidation de la d\u00e9mocratie, ainsi que dans la promotion des droits humains. Elle porte \u00e9galement un projet d\u2019int\u00e9gration \u00e9conomique \u00e0 travers la mise en \u0153uvre de la Zone de libre-\u00e9change continentale africaine (ZLECAf).\u00a0<\/span><\/p><p><span style=\"font-weight: 400;\">\u00c0 travers ses organes, tels la Commission, le Conseil de paix et de s\u00e9curit\u00e9 et le Parlement panafricain, l\u2019Union africaine incarne la voix du continent sur la sc\u00e8ne internationale.<\/span><\/p>\t\t\t\t\t\t\t\t<\/div>\n\t\t\t\t\t<\/div>\n\t\t\t\t<\/div>\n\t\t<div class=\"elementor-element elementor-element-1b30c84 e-flex e-con-boxed e-con e-parent\" data-id=\"1b30c84\" data-element_type=\"container\">\n\t\t\t\t\t<div class=\"e-con-inner\">\n\t\t\t\t<div class=\"elementor-element elementor-element-8c96662 elementor-widget elementor-widget-image\" data-id=\"8c96662\" data-element_type=\"widget\" data-widget_type=\"image.default\">\n\t\t\t\t\t\t\t\t\t\t\t\t\t\t\t<img fetchpriority=\"high\" decoding=\"async\" width=\"800\" height=\"566\" src=\"https:\/\/africansecuritynetwork.org\/HSGO4\/wp-content\/uploads\/2024\/12\/1-ua-1.jpg\" class=\"attachment-large size-large wp-image-1513\" alt=\"\" srcset=\"https:\/\/africansecuritynetwork.org\/HSGO4\/wp-content\/uploads\/2024\/12\/1-ua-1.jpg 980w, https:\/\/africansecuritynetwork.org\/HSGO4\/wp-content\/uploads\/2024\/12\/1-ua-1-300x212.jpg 300w, https:\/\/africansecuritynetwork.org\/HSGO4\/wp-content\/uploads\/2024\/12\/1-ua-1-768x543.jpg 768w\" sizes=\"(max-width: 800px) 100vw, 800px\" \/>\t\t\t\t\t\t\t\t\t\t\t\t\t\t\t<\/div>\n\t\t\t\t<div class=\"elementor-element elementor-element-18d6612 elementor-widget elementor-widget-image\" data-id=\"18d6612\" data-element_type=\"widget\" data-widget_type=\"image.default\">\n\t\t\t\t\t\t\t\t\t\t\t\t<figure class=\"wp-caption\">\n\t\t\t\t\t\t\t\t\t\t\t<a href=\"https:\/\/africansecuritynetwork.org\/HSGO4\/wp-content\/uploads\/2025\/12\/resolution-2797-2025-1.pdf\">\n\t\t\t\t\t\t\t<img decoding=\"async\" width=\"800\" height=\"499\" src=\"https:\/\/africansecuritynetwork.org\/HSGO4\/wp-content\/uploads\/2025\/12\/Union-Africaine-updated-1024x639.jpg\" class=\"attachment-large size-large wp-image-6865\" alt=\"\" srcset=\"https:\/\/africansecuritynetwork.org\/HSGO4\/wp-content\/uploads\/2025\/12\/Union-Africaine-updated-1024x639.jpg 1024w, https:\/\/africansecuritynetwork.org\/HSGO4\/wp-content\/uploads\/2025\/12\/Union-Africaine-updated-300x187.jpg 300w, https:\/\/africansecuritynetwork.org\/HSGO4\/wp-content\/uploads\/2025\/12\/Union-Africaine-updated-768x479.jpg 768w, https:\/\/africansecuritynetwork.org\/HSGO4\/wp-content\/uploads\/2025\/12\/Union-Africaine-updated.jpg 1078w\" sizes=\"(max-width: 800px) 100vw, 800px\" \/>\t\t\t\t\t\t\t\t<\/a>\n\t\t\t\t\t\t\t\t\t\t\t<figcaption class=\"widget-image-caption wp-caption-text\">Carte actualis\u00e9e \u00e0 la suite de la r\u00e9solution 2797 du Conseil de s\u00e9curit\u00e9 des Nations unies (2025).<\/figcaption>\n\t\t\t\t\t\t\t\t\t\t<\/figure>\n\t\t\t\t\t\t\t\t\t<\/div>\n\t\t\t\t\t<\/div>\n\t\t\t\t<\/div>\n\t\t<div class=\"elementor-element elementor-element-ab5090d e-flex e-con-boxed e-con e-parent\" data-id=\"ab5090d\" data-element_type=\"container\">\n\t\t\t\t\t<div class=\"e-con-inner\">\n\t\t<div class=\"elementor-element elementor-element-f13deb9 e-con-full e-flex e-con e-child\" data-id=\"f13deb9\" data-element_type=\"container\">\n\t\t\t\t<div class=\"elementor-element elementor-element-5a4e1e6 elementor-widget elementor-widget-text-editor\" data-id=\"5a4e1e6\" data-element_type=\"widget\" data-widget_type=\"text-editor.default\">\n\t\t\t\t\t\t\t\t\t<h5 id=\"u28642-2\" class=\"Titular\"><strong>Publications<\/strong><\/h5><p id=\"u28642-5\" class=\"Link\"><a class=\"nonblock\" href=\"https:\/\/au.int\/sites\/default\/files\/pages\/34873-file-constitutive_act_french-1.pdf\" target=\"_blank\" rel=\"noopener\"><span id=\"u28642-3\">Acte constitutif de l\u2019Union africaine<\/span><\/a><\/p><p id=\"u28642-8\" class=\"Link\"><a class=\"nonblock\" href=\"https:\/\/au.int\/fr\/ppa\" target=\"_blank\" rel=\"noopener\"><span id=\"u28642-6\">Parlement panafricain<\/span><\/a><\/p><p id=\"u28642-11\" class=\"Link\"><a class=\"nonblock\" href=\"https:\/\/au.int\/fr\/conference#:~:text=La%20Conf%C3%A9rence%20des%20chefs%20d,de%20tous%20les%20%C3%89tats%20membres.\" target=\"_blank\" rel=\"noopener\"><span id=\"u28642-9\">Conf\u00e9rence des chefs d\u2019\u00c9tats et de gouvernement<\/span><\/a><\/p><p id=\"u28642-14\" class=\"Link\"><a class=\"nonblock\" href=\"https:\/\/archives.au.int\/bitstream\/handle\/123456789\/6448\/Rules%20of%20Procedure%20of%20the%20Assembly%2C%20Executive%20Council%2C%20PRC%20%26%20Statutes%20of%20the%20Commission%20_E.Pdf?sequence=1&amp;isAllowed=y\" target=\"_blank\" rel=\"noopener\"><span id=\"u28642-12\">Statut de la Commission de l\u2019UA<\/span><\/a><\/p><p id=\"u28642-17\" class=\"Link\"><a class=\"nonblock\" href=\"https:\/\/archives.au.int\/bitstream\/handle\/123456789\/6448\/Rules%20of%20Procedure%20of%20the%20Assembly%2C%20Executive%20Council%2C%20PRC%20%26%20Statutes%20of%20the%20Commission%20_E.Pdf?sequence=1&amp;isAllowed=y\" target=\"_blank\" rel=\"noopener\"><span id=\"u28642-15\">Conseil ex\u00e9cutif<\/span><\/a><\/p><p id=\"u28642-20\" class=\"Link\"><a class=\"nonblock\" href=\"https:\/\/www.peaceau.org\/uploads\/protocol-on-the-merged-court-fr.pdf\" target=\"_blank\" rel=\"noopener\"><span id=\"u28642-18\">Cour africaine des droits de l\u2019Homme et des peuples<\/span><\/a><\/p><p id=\"u28642-23\" class=\"Link\"><a class=\"nonblock\" href=\"https:\/\/au.int\/sites\/default\/files\/treaties\/36388-treaty-0036_-_statute_of_the_african_union_commission_on_international_law_aucil_f.pdf\" target=\"_blank\" rel=\"noopener\"><span id=\"u28642-21\">Commission de l\u2019UA sur le droit international<\/span><\/a><\/p><p id=\"u28642-26\" class=\"Link\"><a class=\"nonblock\" href=\"https:\/\/www.peaceau.org\/uploads\/psc-protocol-fr.pdf\" target=\"_blank\" rel=\"noopener\"><span id=\"u28642-24\">Protocole relatif \u00e0 la cr\u00e9ation du Conseil de paix et de s\u00e9curit\u00e9 de l\u2019UA<\/span><\/a><\/p><p id=\"u28642-29\" class=\"Link\"><a class=\"nonblock\" href=\"https:\/\/au.int\/sites\/default\/files\/decisions\/32520-sc19553_f_-_assembly_au_dec_621-641_-_xxviii.pdf\" target=\"_blank\" rel=\"noopener\"><span id=\"u28642-27\">D\u00e9cision sur les r\u00e9sultats de la retraite de la Conf\u00e9rence de l\u2019union africaine sur la r\u00e9forme institutionnelle de l\u2019union<\/span><\/a><\/p><p id=\"u28642-32\" class=\"Link\"><a class=\"nonblock\" href=\"https:\/\/www.peaceau.org\/uploads\/mou-au-rec-eng.pdf\" target=\"_blank\" rel=\"noopener\"><span id=\"u28642-30\">M\u00e9morandum d\u2019entente sur la coop\u00e9ration entre l\u2019UA et les communaut\u00e9s \u00e9conomiques r\u00e9gionales<\/span><\/a><\/p>\t\t\t\t\t\t\t\t<\/div>\n\t\t\t\t<\/div>\n\t\t\t\t\t<\/div>\n\t\t\t\t<\/div>\n\t\t\t\t<\/div>\n\t\t","protected":false},"excerpt":{"rendered":"<p>Union Africaine (UA) L\u2019Union africaine (UA) a \u00e9t\u00e9 cr\u00e9\u00e9e en 2001 pour succ\u00e9der \u00e0 l\u2019Organisation de l\u2019Unit\u00e9 africaine (OUA). Elle regroupe les 55 \u00c9tats du continent africain et a pour vocation de promouvoir l\u2019unit\u00e9 et la solidarit\u00e9 entre les peuples africains, de d\u00e9fendre la souverainet\u00e9 de ses \u00c9tats membres et de soutenir un d\u00e9veloppement des [&hellip;]<\/p>\n","protected":false},"author":1,"featured_media":0,"parent":0,"menu_order":0,"comment_status":"closed","ping_status":"closed","template":"","meta":{"footnotes":""},"class_list":["post-1508","page","type-page","status-publish","hentry"],"aioseo_notices":[],"_links":{"self":[{"href":"https:\/\/africansecuritynetwork.org\/HSGO4\/index.php\/wp-json\/wp\/v2\/pages\/1508","targetHints":{"allow":["GET"]}}],"collection":[{"href":"https:\/\/africansecuritynetwork.org\/HSGO4\/index.php\/wp-json\/wp\/v2\/pages"}],"about":[{"href":"https:\/\/africansecuritynetwork.org\/HSGO4\/index.php\/wp-json\/wp\/v2\/types\/page"}],"author":[{"embeddable":true,"href":"https:\/\/africansecuritynetwork.org\/HSGO4\/index.php\/wp-json\/wp\/v2\/users\/1"}],"replies":[{"embeddable":true,"href":"https:\/\/africansecuritynetwork.org\/HSGO4\/index.php\/wp-json\/wp\/v2\/comments?post=1508"}],"version-history":[{"count":19,"href":"https:\/\/africansecuritynetwork.org\/HSGO4\/index.php\/wp-json\/wp\/v2\/pages\/1508\/revisions"}],"predecessor-version":[{"id":6868,"href":"https:\/\/africansecuritynetwork.org\/HSGO4\/index.php\/wp-json\/wp\/v2\/pages\/1508\/revisions\/6868"}],"wp:attachment":[{"href":"https:\/\/africansecuritynetwork.org\/HSGO4\/index.php\/wp-json\/wp\/v2\/media?parent=1508"}],"curies":[{"name":"wp","href":"https:\/\/api.w.org\/{rel}","templated":true}]}}