{"id":1497,"date":"2024-12-15T12:58:21","date_gmt":"2024-12-15T12:58:21","guid":{"rendered":"https:\/\/africansecuritynetwork.org\/HSGO4\/?page_id=1497"},"modified":"2025-12-16T15:17:44","modified_gmt":"2025-12-16T15:17:44","slug":"architecture-de-paix-et-de-securite-de-lafrique-australe","status":"publish","type":"page","link":"https:\/\/africansecuritynetwork.org\/HSGO4\/index.php\/architecture-de-paix-et-de-securite-de-lafrique-australe\/","title":{"rendered":"Architecture de paix et de s\u00e9curit\u00e9 de l\u2019Afrique Australe"},"content":{"rendered":"\t\t<div data-elementor-type=\"wp-page\" data-elementor-id=\"1497\" class=\"elementor elementor-1497\" data-elementor-post-type=\"page\">\n\t\t\t\t<div class=\"elementor-element elementor-element-b246d4f e-flex e-con-boxed e-con e-parent\" data-id=\"b246d4f\" data-element_type=\"container\">\n\t\t\t\t\t<div class=\"e-con-inner\">\n\t\t\t\t<div class=\"elementor-element elementor-element-73fe687 elementor-widget-divider--view-line elementor-widget elementor-widget-divider\" data-id=\"73fe687\" data-element_type=\"widget\" data-widget_type=\"divider.default\">\n\t\t\t\t\t\t\t<div class=\"elementor-divider\">\n\t\t\t<span class=\"elementor-divider-separator\">\n\t\t\t\t\t\t<\/span>\n\t\t<\/div>\n\t\t\t\t\t\t<\/div>\n\t\t\t\t\t<\/div>\n\t\t\t\t<\/div>\n\t\t<div class=\"elementor-element elementor-element-b262401 e-flex e-con-boxed e-con e-parent\" data-id=\"b262401\" data-element_type=\"container\">\n\t\t\t\t\t<div class=\"e-con-inner\">\n\t\t\t\t<div class=\"elementor-element elementor-element-e000ffe elementor-widget elementor-widget-heading\" data-id=\"e000ffe\" data-element_type=\"widget\" data-widget_type=\"heading.default\">\n\t\t\t\t\t<h2 class=\"elementor-heading-title elementor-size-default\">Architecture de paix et de s\u00e9curit\u00e9 de l\u2019Afrique Australe<\/h2>\t\t\t\t<\/div>\n\t\t\t\t\t<\/div>\n\t\t\t\t<\/div>\n\t\t<div class=\"elementor-element elementor-element-7d90ec7 e-flex e-con-boxed e-con e-parent\" data-id=\"7d90ec7\" data-element_type=\"container\">\n\t\t\t\t\t<div class=\"e-con-inner\">\n\t\t\t\t<div class=\"elementor-element elementor-element-d847a7f elementor-widget-divider--view-line elementor-widget elementor-widget-divider\" data-id=\"d847a7f\" data-element_type=\"widget\" data-widget_type=\"divider.default\">\n\t\t\t\t\t\t\t<div class=\"elementor-divider\">\n\t\t\t<span class=\"elementor-divider-separator\">\n\t\t\t\t\t\t<\/span>\n\t\t<\/div>\n\t\t\t\t\t\t<\/div>\n\t\t\t\t\t<\/div>\n\t\t\t\t<\/div>\n\t\t<div class=\"elementor-element elementor-element-20d4486 e-flex e-con-boxed e-con e-parent\" data-id=\"20d4486\" data-element_type=\"container\">\n\t\t\t\t\t<div class=\"e-con-inner\">\n\t\t\t\t<div class=\"elementor-element elementor-element-115cf64 elementor-widget elementor-widget-image\" data-id=\"115cf64\" data-element_type=\"widget\" data-widget_type=\"image.default\">\n\t\t\t\t\t\t\t\t\t\t\t\t<figure class=\"wp-caption\">\n\t\t\t\t\t\t\t\t\t\t\t<a href=\"https:\/\/africansecuritynetwork.org\/HSGO4\/wp-content\/uploads\/2025\/12\/resolution-2797-2025-1.pdf\">\n\t\t\t\t\t\t\t<img fetchpriority=\"high\" decoding=\"async\" width=\"800\" height=\"447\" src=\"https:\/\/africansecuritynetwork.org\/HSGO4\/wp-content\/uploads\/2025\/12\/SADC-updated-1024x572.jpg\" class=\"attachment-large size-large wp-image-6861\" alt=\"\" srcset=\"https:\/\/africansecuritynetwork.org\/HSGO4\/wp-content\/uploads\/2025\/12\/SADC-updated-1024x572.jpg 1024w, https:\/\/africansecuritynetwork.org\/HSGO4\/wp-content\/uploads\/2025\/12\/SADC-updated-300x168.jpg 300w, https:\/\/africansecuritynetwork.org\/HSGO4\/wp-content\/uploads\/2025\/12\/SADC-updated-768x429.jpg 768w, https:\/\/africansecuritynetwork.org\/HSGO4\/wp-content\/uploads\/2025\/12\/SADC-updated.jpg 1078w\" sizes=\"(max-width: 800px) 100vw, 800px\" \/>\t\t\t\t\t\t\t\t<\/a>\n\t\t\t\t\t\t\t\t\t\t\t<figcaption class=\"widget-image-caption wp-caption-text\">Carte actualis\u00e9e \u00e0 la suite de la r\u00e9solution 2797 du Conseil de s\u00e9curit\u00e9 des Nations unies (2025).<\/figcaption>\n\t\t\t\t\t\t\t\t\t\t<\/figure>\n\t\t\t\t\t\t\t\t\t<\/div>\n\t\t\t\t<div class=\"elementor-element elementor-element-377d69e elementor-widget elementor-widget-image\" data-id=\"377d69e\" data-element_type=\"widget\" data-widget_type=\"image.default\">\n\t\t\t\t\t\t\t\t\t\t\t\t\t\t\t<img decoding=\"async\" width=\"800\" height=\"491\" src=\"https:\/\/africansecuritynetwork.org\/HSGO4\/wp-content\/uploads\/2024\/12\/21-africa-austral-segundo.jpg\" class=\"attachment-large size-large wp-image-1503\" alt=\"\" srcset=\"https:\/\/africansecuritynetwork.org\/HSGO4\/wp-content\/uploads\/2024\/12\/21-africa-austral-segundo.jpg 980w, https:\/\/africansecuritynetwork.org\/HSGO4\/wp-content\/uploads\/2024\/12\/21-africa-austral-segundo-300x184.jpg 300w, https:\/\/africansecuritynetwork.org\/HSGO4\/wp-content\/uploads\/2024\/12\/21-africa-austral-segundo-768x471.jpg 768w\" sizes=\"(max-width: 800px) 100vw, 800px\" \/>\t\t\t\t\t\t\t\t\t\t\t\t\t\t\t<\/div>\n\t\t\t\t\t<\/div>\n\t\t\t\t<\/div>\n\t\t<div class=\"elementor-element elementor-element-6f356ef e-flex e-con-boxed e-con e-parent\" data-id=\"6f356ef\" data-element_type=\"container\">\n\t\t\t\t\t<div class=\"e-con-inner\">\n\t\t<div class=\"elementor-element elementor-element-7ea2206 e-con-full e-flex e-con e-child\" data-id=\"7ea2206\" data-element_type=\"container\">\n\t\t\t\t<div class=\"elementor-element elementor-element-37d1be7 elementor-widget elementor-widget-text-editor\" data-id=\"37d1be7\" data-element_type=\"widget\" data-widget_type=\"text-editor.default\">\n\t\t\t\t\t\t\t\t\t<h5 id=\"u29189-2\" class=\"Titular\"><strong>Publications<\/strong><\/h5><p id=\"u29189-5\" class=\"Link\"><a class=\"nonblock\" href=\"https:\/\/www.sadc.int\/sites\/default\/files\/2021-11\/Declaration__Treaty_of_SADC_0.pdf\" target=\"_blank\" rel=\"noopener\"><span id=\"u29189-3\">&#8211; Trait\u00e9 de la SADC<\/span><\/a><\/p><p id=\"u29189-8\" class=\"Link\"><a class=\"nonblock\" href=\"https:\/\/www.sadc.int\/sites\/default\/files\/2021-08\/Protocol_on_Politics_Defence_and_Security20001.pdf\" target=\"_blank\" rel=\"noopener\">&#8211; Protocole sur la coop\u00e9ration politique, de d\u00e9fense et de s\u00e9curit\u00e9<\/a><\/p><p id=\"u29189-11\" class=\"Link\"><a class=\"nonblock\" href=\"https:\/\/www.sadc.int\/document\/sadc-mutual-defence-pact-2003\" target=\"_blank\" rel=\"noopener\">&#8211; Pacte de d\u00e9fense mutuelle<\/a><\/p><p id=\"u29189-14\" class=\"Link\"><a class=\"nonblock\" href=\"https:\/\/www.sadc.int\/document\/strategic-indicative-plan-organ-politics-defence-and-security-cooperation-sipo-i\" target=\"_blank\" rel=\"noopener\">&#8211; Strategic Indicative Plan for the Organ on Politics, Defence and Security Cooperation (SIPO I)<\/a><\/p><p id=\"u29189-17\" class=\"Link\"><a class=\"nonblock\" href=\"https:\/\/www.sadc.int\/document\/sadc-sipo-ii-english\" target=\"_blank\" rel=\"noopener\">&#8211; SIPO II<\/a><\/p><p id=\"u29189-20\" class=\"Link\"><a class=\"nonblock\" href=\"https:\/\/www.sadc.int\/sites\/default\/files\/2021-08\/RISDP_2020-2030.pdf\" target=\"_blank\" rel=\"noopener\">&#8211; Plan indicative r\u00e9gional de d\u00e9veloppement strat\u00e9gique<\/a><\/p>\t\t\t\t\t\t\t\t<\/div>\n\t\t\t\t<\/div>\n\t\t\t\t\t<\/div>\n\t\t\t\t<\/div>\n\t\t\t\t<\/div>\n\t\t","protected":false},"excerpt":{"rendered":"<p>Architecture de paix et de s\u00e9curit\u00e9 de l\u2019Afrique Australe Carte actualis\u00e9e \u00e0 la suite de la r\u00e9solution 2797 du Conseil de s\u00e9curit\u00e9 des Nations unies (2025). Publications &#8211; Trait\u00e9 de la SADC &#8211; Protocole sur la coop\u00e9ration politique, de d\u00e9fense et de s\u00e9curit\u00e9 &#8211; Pacte de d\u00e9fense mutuelle &#8211; Strategic Indicative Plan for the Organ [&hellip;]<\/p>\n","protected":false},"author":1,"featured_media":0,"parent":0,"menu_order":0,"comment_status":"closed","ping_status":"closed","template":"","meta":{"footnotes":""},"class_list":["post-1497","page","type-page","status-publish","hentry"],"aioseo_notices":[],"_links":{"self":[{"href":"https:\/\/africansecuritynetwork.org\/HSGO4\/index.php\/wp-json\/wp\/v2\/pages\/1497","targetHints":{"allow":["GET"]}}],"collection":[{"href":"https:\/\/africansecuritynetwork.org\/HSGO4\/index.php\/wp-json\/wp\/v2\/pages"}],"about":[{"href":"https:\/\/africansecuritynetwork.org\/HSGO4\/index.php\/wp-json\/wp\/v2\/types\/page"}],"author":[{"embeddable":true,"href":"https:\/\/africansecuritynetwork.org\/HSGO4\/index.php\/wp-json\/wp\/v2\/users\/1"}],"replies":[{"embeddable":true,"href":"https:\/\/africansecuritynetwork.org\/HSGO4\/index.php\/wp-json\/wp\/v2\/comments?post=1497"}],"version-history":[{"count":10,"href":"https:\/\/africansecuritynetwork.org\/HSGO4\/index.php\/wp-json\/wp\/v2\/pages\/1497\/revisions"}],"predecessor-version":[{"id":6864,"href":"https:\/\/africansecuritynetwork.org\/HSGO4\/index.php\/wp-json\/wp\/v2\/pages\/1497\/revisions\/6864"}],"wp:attachment":[{"href":"https:\/\/africansecuritynetwork.org\/HSGO4\/index.php\/wp-json\/wp\/v2\/media?parent=1497"}],"curies":[{"name":"wp","href":"https:\/\/api.w.org\/{rel}","templated":true}]}}