{"id":1468,"date":"2024-12-15T12:40:39","date_gmt":"2024-12-15T12:40:39","guid":{"rendered":"https:\/\/africansecuritynetwork.org\/HSGO4\/?page_id=1468"},"modified":"2025-12-16T15:15:31","modified_gmt":"2025-12-16T15:15:31","slug":"architecture-de-paix-et-de-securite-de-lafrique-de-lest","status":"publish","type":"page","link":"https:\/\/africansecuritynetwork.org\/HSGO4\/index.php\/architecture-de-paix-et-de-securite-de-lafrique-de-lest\/","title":{"rendered":"Architecture de paix et de s\u00e9curit\u00e9 de l&#8217;Afrique de l&#8217;Est"},"content":{"rendered":"\t\t<div data-elementor-type=\"wp-page\" data-elementor-id=\"1468\" class=\"elementor elementor-1468\" data-elementor-post-type=\"page\">\n\t\t\t\t<div class=\"elementor-element elementor-element-a3043c9 e-flex e-con-boxed e-con e-parent\" data-id=\"a3043c9\" data-element_type=\"container\">\n\t\t\t\t\t<div class=\"e-con-inner\">\n\t\t\t\t<div class=\"elementor-element elementor-element-2cb2738 elementor-widget-divider--view-line elementor-widget elementor-widget-divider\" data-id=\"2cb2738\" data-element_type=\"widget\" data-widget_type=\"divider.default\">\n\t\t\t\t\t\t\t<div class=\"elementor-divider\">\n\t\t\t<span class=\"elementor-divider-separator\">\n\t\t\t\t\t\t<\/span>\n\t\t<\/div>\n\t\t\t\t\t\t<\/div>\n\t\t\t\t\t<\/div>\n\t\t\t\t<\/div>\n\t\t<div class=\"elementor-element elementor-element-548e282 e-flex e-con-boxed e-con e-parent\" data-id=\"548e282\" data-element_type=\"container\">\n\t\t\t\t\t<div class=\"e-con-inner\">\n\t\t\t\t<div class=\"elementor-element elementor-element-3effcde elementor-widget elementor-widget-heading\" data-id=\"3effcde\" data-element_type=\"widget\" data-widget_type=\"heading.default\">\n\t\t\t\t\t<h2 class=\"elementor-heading-title elementor-size-default\">Architecture de paix et de s\u00e9curit\u00e9 de l'Afrique de l'Est<\/h2>\t\t\t\t<\/div>\n\t\t\t\t\t<\/div>\n\t\t\t\t<\/div>\n\t\t<div class=\"elementor-element elementor-element-536087e e-flex e-con-boxed e-con e-parent\" data-id=\"536087e\" data-element_type=\"container\">\n\t\t\t\t\t<div class=\"e-con-inner\">\n\t\t\t\t<div class=\"elementor-element elementor-element-4575812 elementor-widget-divider--view-line elementor-widget elementor-widget-divider\" data-id=\"4575812\" data-element_type=\"widget\" data-widget_type=\"divider.default\">\n\t\t\t\t\t\t\t<div class=\"elementor-divider\">\n\t\t\t<span class=\"elementor-divider-separator\">\n\t\t\t\t\t\t<\/span>\n\t\t<\/div>\n\t\t\t\t\t\t<\/div>\n\t\t\t\t\t<\/div>\n\t\t\t\t<\/div>\n\t\t<div class=\"elementor-element elementor-element-8528991 e-grid e-con-boxed e-con e-parent\" data-id=\"8528991\" data-element_type=\"container\">\n\t\t\t\t\t<div class=\"e-con-inner\">\n\t\t\t\t<div class=\"elementor-element elementor-element-904172c elementor-align-justify elementor-widget elementor-widget-button\" data-id=\"904172c\" data-element_type=\"widget\" data-widget_type=\"button.default\">\n\t\t\t\t\t\t\t\t\t\t<a class=\"elementor-button elementor-button-link elementor-size-sm\" href=\"https:\/\/africansecuritynetwork.org\/HSGO4\/index.php\/architecture-de-paix-et-de-securite-de-lafrique-de-lest\/#igad\">\n\t\t\t\t\t\t<span class=\"elementor-button-content-wrapper\">\n\t\t\t\t\t\t\t\t\t<span class=\"elementor-button-text\">IGAD<\/span>\n\t\t\t\t\t<\/span>\n\t\t\t\t\t<\/a>\n\t\t\t\t\t\t\t\t<\/div>\n\t\t\t\t<div class=\"elementor-element elementor-element-89030bf elementor-align-justify elementor-widget elementor-widget-button\" data-id=\"89030bf\" data-element_type=\"widget\" data-widget_type=\"button.default\">\n\t\t\t\t\t\t\t\t\t\t<a class=\"elementor-button elementor-button-link elementor-size-sm\" href=\"https:\/\/africansecuritynetwork.org\/HSGO4\/index.php\/architecture-de-paix-et-de-securite-de-lafrique-de-lest\/#cae\">\n\t\t\t\t\t\t<span class=\"elementor-button-content-wrapper\">\n\t\t\t\t\t\t\t\t\t<span class=\"elementor-button-text\">CAE\/EAC<\/span>\n\t\t\t\t\t<\/span>\n\t\t\t\t\t<\/a>\n\t\t\t\t\t\t\t\t<\/div>\n\t\t\t\t\t<\/div>\n\t\t\t\t<\/div>\n\t\t<div class=\"elementor-element elementor-element-e262358 e-flex e-con-boxed e-con e-parent\" data-id=\"e262358\" data-element_type=\"container\">\n\t\t\t\t\t<div class=\"e-con-inner\">\n\t\t\t\t<div class=\"elementor-element elementor-element-1e2a2e0 elementor-widget elementor-widget-text-editor\" data-id=\"1e2a2e0\" data-element_type=\"widget\" data-widget_type=\"text-editor.default\">\n\t\t\t\t\t\t\t\t\t<h5><a id=\"igad\"><\/a><strong>IGAD<\/strong><\/h5>\t\t\t\t\t\t\t\t<\/div>\n\t\t\t\t<div class=\"elementor-element elementor-element-6963208 elementor-widget elementor-widget-text-editor\" data-id=\"6963208\" data-element_type=\"widget\" data-widget_type=\"text-editor.default\">\n\t\t\t\t\t\t\t\t\t<p><span style=\"font-weight: 400;\">L\u2019Autorit\u00e9 intergouvernementale pour le d\u00e9veloppement (IGAD) est une organisation r\u00e9gionale fond\u00e9e en 1986. Elle regroupe huit pays situ\u00e9s dans la Corne de l\u2019Afrique et en Afrique de l\u2019Est : Djibouti, l\u2019\u00c9thiopie, l\u2019\u00c9rythr\u00e9e, le Kenya, la Somalie, le Soudan, le Soudan du Sud et l\u2019Ouganda. L\u2019IGAD vise \u00e0 renforcer la coop\u00e9ration r\u00e9gionale dans plusieurs domaines strat\u00e9giques, notamment le d\u00e9veloppement \u00e9conomique, la s\u00e9curit\u00e9, la r\u00e9silience face aux changements climatiques et la gestion des crises humanitaires. L\u2019organisation joue \u00e9galement un r\u00f4le diplomatique majeur en mati\u00e8re de m\u00e9diation et de r\u00e9solution de conflits<\/span><span style=\"font-weight: 400;\">.<\/span><span style=\"font-weight: 400;\">\u00a0<\/span><\/p><p><span style=\"font-weight: 400;\">En plus de son mandat s\u00e9curitaire, l\u2019IGAD d\u00e9ploie des programmes dans l\u2019agriculture, les infrastructures, la gestion<\/span><span style=\"font-weight: 400;\"> d<\/span><span style=\"font-weight: 400;\">es ressources naturelles et la pr\u00e9vention des catastrophes.<\/span><\/p>\t\t\t\t\t\t\t\t<\/div>\n\t\t\t\t<div class=\"elementor-element elementor-element-a48f742 elementor-widget elementor-widget-image\" data-id=\"a48f742\" data-element_type=\"widget\" data-widget_type=\"image.default\">\n\t\t\t\t\t\t\t\t\t\t\t\t<figure class=\"wp-caption\">\n\t\t\t\t\t\t\t\t\t\t\t<a href=\"https:\/\/africansecuritynetwork.org\/HSGO4\/wp-content\/uploads\/2025\/12\/resolution-2797-2025-1.pdf\">\n\t\t\t\t\t\t\t<img fetchpriority=\"high\" decoding=\"async\" width=\"800\" height=\"471\" src=\"https:\/\/africansecuritynetwork.org\/HSGO4\/wp-content\/uploads\/2025\/12\/IGAD-updated-1024x603.jpg\" class=\"attachment-large size-large wp-image-6853\" alt=\"\" srcset=\"https:\/\/africansecuritynetwork.org\/HSGO4\/wp-content\/uploads\/2025\/12\/IGAD-updated-1024x603.jpg 1024w, https:\/\/africansecuritynetwork.org\/HSGO4\/wp-content\/uploads\/2025\/12\/IGAD-updated-300x177.jpg 300w, https:\/\/africansecuritynetwork.org\/HSGO4\/wp-content\/uploads\/2025\/12\/IGAD-updated-768x452.jpg 768w, https:\/\/africansecuritynetwork.org\/HSGO4\/wp-content\/uploads\/2025\/12\/IGAD-updated.jpg 1078w\" sizes=\"(max-width: 800px) 100vw, 800px\" \/>\t\t\t\t\t\t\t\t<\/a>\n\t\t\t\t\t\t\t\t\t\t\t<figcaption class=\"widget-image-caption wp-caption-text\">Carte actualis\u00e9e \u00e0 la suite de la r\u00e9solution 2797 du Conseil de s\u00e9curit\u00e9 des Nations unies (2025).<\/figcaption>\n\t\t\t\t\t\t\t\t\t\t<\/figure>\n\t\t\t\t\t\t\t\t\t<\/div>\n\t\t\t\t<div class=\"elementor-element elementor-element-6ed4b39 elementor-widget elementor-widget-image\" data-id=\"6ed4b39\" data-element_type=\"widget\" data-widget_type=\"image.default\">\n\t\t\t\t\t\t\t\t\t\t\t\t\t\t\t<img decoding=\"async\" width=\"800\" height=\"473\" src=\"https:\/\/africansecuritynetwork.org\/HSGO4\/wp-content\/uploads\/2024\/12\/17-igad-segundo.jpg\" class=\"attachment-large size-large wp-image-1477\" alt=\"\" srcset=\"https:\/\/africansecuritynetwork.org\/HSGO4\/wp-content\/uploads\/2024\/12\/17-igad-segundo.jpg 980w, https:\/\/africansecuritynetwork.org\/HSGO4\/wp-content\/uploads\/2024\/12\/17-igad-segundo-300x177.jpg 300w, https:\/\/africansecuritynetwork.org\/HSGO4\/wp-content\/uploads\/2024\/12\/17-igad-segundo-768x454.jpg 768w\" sizes=\"(max-width: 800px) 100vw, 800px\" \/>\t\t\t\t\t\t\t\t\t\t\t\t\t\t\t<\/div>\n\t\t\t\t<div class=\"elementor-element elementor-element-6c09ae6 elementor-widget elementor-widget-image\" data-id=\"6c09ae6\" data-element_type=\"widget\" data-widget_type=\"image.default\">\n\t\t\t\t\t\t\t\t\t\t\t\t\t\t\t<img decoding=\"async\" width=\"800\" height=\"518\" src=\"https:\/\/africansecuritynetwork.org\/HSGO4\/wp-content\/uploads\/2024\/12\/18-igad-tercero.jpg\" class=\"attachment-large size-large wp-image-1478\" alt=\"\" srcset=\"https:\/\/africansecuritynetwork.org\/HSGO4\/wp-content\/uploads\/2024\/12\/18-igad-tercero.jpg 980w, https:\/\/africansecuritynetwork.org\/HSGO4\/wp-content\/uploads\/2024\/12\/18-igad-tercero-300x194.jpg 300w, https:\/\/africansecuritynetwork.org\/HSGO4\/wp-content\/uploads\/2024\/12\/18-igad-tercero-768x497.jpg 768w\" sizes=\"(max-width: 800px) 100vw, 800px\" \/>\t\t\t\t\t\t\t\t\t\t\t\t\t\t\t<\/div>\n\t\t\t\t\t<\/div>\n\t\t\t\t<\/div>\n\t\t<div class=\"elementor-element elementor-element-0ce16bc e-flex e-con-boxed e-con e-parent\" data-id=\"0ce16bc\" data-element_type=\"container\">\n\t\t\t\t\t<div class=\"e-con-inner\">\n\t\t\t\t<div class=\"elementor-element elementor-element-f004928 elementor-widget elementor-widget-text-editor\" data-id=\"f004928\" data-element_type=\"widget\" data-widget_type=\"text-editor.default\">\n\t\t\t\t\t\t\t\t\t<h5><a id=\"cae\"><\/a><strong>CAE<\/strong><\/h5>\t\t\t\t\t\t\t\t<\/div>\n\t\t\t\t<div class=\"elementor-element elementor-element-59c681c elementor-widget elementor-widget-image\" data-id=\"59c681c\" data-element_type=\"widget\" data-widget_type=\"image.default\">\n\t\t\t\t\t\t\t\t\t\t\t\t<figure class=\"wp-caption\">\n\t\t\t\t\t\t\t\t\t\t\t<a href=\"https:\/\/africansecuritynetwork.org\/HSGO4\/wp-content\/uploads\/2025\/12\/resolution-2797-2025-1.pdf\">\n\t\t\t\t\t\t\t<img loading=\"lazy\" decoding=\"async\" width=\"800\" height=\"420\" src=\"https:\/\/africansecuritynetwork.org\/HSGO4\/wp-content\/uploads\/2025\/12\/EAC-updated-1024x537.jpg\" class=\"attachment-large size-large wp-image-6857\" alt=\"\" srcset=\"https:\/\/africansecuritynetwork.org\/HSGO4\/wp-content\/uploads\/2025\/12\/EAC-updated-1024x537.jpg 1024w, https:\/\/africansecuritynetwork.org\/HSGO4\/wp-content\/uploads\/2025\/12\/EAC-updated-300x157.jpg 300w, https:\/\/africansecuritynetwork.org\/HSGO4\/wp-content\/uploads\/2025\/12\/EAC-updated-768x403.jpg 768w, https:\/\/africansecuritynetwork.org\/HSGO4\/wp-content\/uploads\/2025\/12\/EAC-updated.jpg 1078w\" sizes=\"(max-width: 800px) 100vw, 800px\" \/>\t\t\t\t\t\t\t\t<\/a>\n\t\t\t\t\t\t\t\t\t\t\t<figcaption class=\"widget-image-caption wp-caption-text\">Carte actualis\u00e9e \u00e0 la suite de la r\u00e9solution 2797 du Conseil de s\u00e9curit\u00e9 des Nations unies (2025).<\/figcaption>\n\t\t\t\t\t\t\t\t\t\t<\/figure>\n\t\t\t\t\t\t\t\t\t<\/div>\n\t\t\t\t<div class=\"elementor-element elementor-element-64677eb elementor-widget elementor-widget-image\" data-id=\"64677eb\" data-element_type=\"widget\" data-widget_type=\"image.default\">\n\t\t\t\t\t\t\t\t\t\t\t\t\t\t\t<img loading=\"lazy\" decoding=\"async\" width=\"800\" height=\"500\" src=\"https:\/\/africansecuritynetwork.org\/HSGO4\/wp-content\/uploads\/2024\/12\/19-cae-primero.jpg\" class=\"attachment-large size-large wp-image-1480\" alt=\"\" srcset=\"https:\/\/africansecuritynetwork.org\/HSGO4\/wp-content\/uploads\/2024\/12\/19-cae-primero.jpg 980w, https:\/\/africansecuritynetwork.org\/HSGO4\/wp-content\/uploads\/2024\/12\/19-cae-primero-300x188.jpg 300w, https:\/\/africansecuritynetwork.org\/HSGO4\/wp-content\/uploads\/2024\/12\/19-cae-primero-768x480.jpg 768w\" sizes=\"(max-width: 800px) 100vw, 800px\" \/>\t\t\t\t\t\t\t\t\t\t\t\t\t\t\t<\/div>\n\t\t\t\t\t<\/div>\n\t\t\t\t<\/div>\n\t\t<div class=\"elementor-element elementor-element-05051c0 e-flex e-con-boxed e-con e-parent\" data-id=\"05051c0\" data-element_type=\"container\">\n\t\t\t\t\t<div class=\"e-con-inner\">\n\t\t<div class=\"elementor-element elementor-element-d1e2e9a e-con-full e-flex e-con e-child\" data-id=\"d1e2e9a\" data-element_type=\"container\">\n\t\t\t\t<div class=\"elementor-element elementor-element-967888f elementor-widget elementor-widget-text-editor\" data-id=\"967888f\" data-element_type=\"widget\" data-widget_type=\"text-editor.default\">\n\t\t\t\t\t\t\t\t\t<h5 id=\"u29101-2\" class=\"Titular\"><strong>Publications<\/strong><\/h5><p id=\"u29101-5\" class=\"Link\"><a class=\"nonblock\" href=\"https:\/\/icpald.org\/wp-content\/uploads\/2019\/02\/IGAD-agreement.pdf\" target=\"_blank\" rel=\"noopener\"><span id=\"u29101-3\">&#8211; Trait\u00e9 de l\u2019IGAD<\/span><\/a><\/p><p id=\"u29101-8\" class=\"Link\"><a class=\"nonblock\" href=\"https:\/\/igad.int\/download\/rapport-sur-letat-de-la-region-de-ligad-une-version-simplifiee\/\" target=\"_blank\" rel=\"noopener\">&#8211; Rapport sur l\u2019\u00e9tat de la r\u00e9gion<\/a><\/p><p id=\"u29101-11\" class=\"Link\"><a class=\"nonblock\" href=\"https:\/\/igad.int\/download\/strategie-et-plan-de-mise-en-oeuvre-de-ligad-2016-2020-fiche-dinformation\/\" target=\"_blank\" rel=\"noopener\">&#8211; Strat\u00e9gie et plan de mise en \u0153uvre de l\u2019IGAD 2016-2020<\/a><\/p><p id=\"u29101-14\" class=\"Link\"><a class=\"nonblock\" href=\"https:\/\/cewarn.org\/cewarn-protocol\/\" target=\"_blank\" rel=\"noopener\">&#8211; Protocole CEWARN<\/a><\/p><p id=\"u29101-17\" class=\"Link\"><a class=\"nonblock\" href=\"https:\/\/resilience.igad.int\/wp-content\/uploads\/2020\/06\/Conflict-CEWARN-STRATEGY-FRAMEWORK-BOOKLET2012-2020.pdf\" target=\"_blank\" rel=\"noopener\">&#8211; Strat\u00e9gie du CEWARN (2012-2019)<\/a><\/p><p id=\"u29101-20\" class=\"Link\"><a class=\"nonblock\" href=\"https:\/\/www.obr.bi\/images\/stories\/download\/Traite_EAC.pdf\" target=\"_blank\" rel=\"noopener\">&#8211; Trait\u00e9 de l\u2019EAC<\/a><\/p><p id=\"u29101-23\" class=\"Link\"><a class=\"nonblock\" href=\"https:\/\/repository.kippra.or.ke\/bitstream\/handle\/123456789\/1011\/EAC-Protocol%20on%20Peace%20snd%20Security.pdf?sequence=1&amp;isAllowed=y\" target=\"_blank\" rel=\"noopener\">&#8211; Protocole de paix et de s\u00e9curit\u00e9 de l\u2019EAC<\/a><\/p>\t\t\t\t\t\t\t\t<\/div>\n\t\t\t\t<\/div>\n\t\t\t\t\t<\/div>\n\t\t\t\t<\/div>\n\t\t\t\t<\/div>\n\t\t","protected":false},"excerpt":{"rendered":"<p>Architecture de paix et de s\u00e9curit\u00e9 de l&#8217;Afrique de l&#8217;Est IGAD CAE\/EAC IGAD L\u2019Autorit\u00e9 intergouvernementale pour le d\u00e9veloppement (IGAD) est une organisation r\u00e9gionale fond\u00e9e en 1986. Elle regroupe huit pays situ\u00e9s dans la Corne de l\u2019Afrique et en Afrique de l\u2019Est : Djibouti, l\u2019\u00c9thiopie, l\u2019\u00c9rythr\u00e9e, le Kenya, la Somalie, le Soudan, le Soudan du Sud [&hellip;]<\/p>\n","protected":false},"author":1,"featured_media":0,"parent":0,"menu_order":0,"comment_status":"closed","ping_status":"closed","template":"","meta":{"footnotes":""},"class_list":["post-1468","page","type-page","status-publish","hentry"],"aioseo_notices":[],"_links":{"self":[{"href":"https:\/\/africansecuritynetwork.org\/HSGO4\/index.php\/wp-json\/wp\/v2\/pages\/1468","targetHints":{"allow":["GET"]}}],"collection":[{"href":"https:\/\/africansecuritynetwork.org\/HSGO4\/index.php\/wp-json\/wp\/v2\/pages"}],"about":[{"href":"https:\/\/africansecuritynetwork.org\/HSGO4\/index.php\/wp-json\/wp\/v2\/types\/page"}],"author":[{"embeddable":true,"href":"https:\/\/africansecuritynetwork.org\/HSGO4\/index.php\/wp-json\/wp\/v2\/users\/1"}],"replies":[{"embeddable":true,"href":"https:\/\/africansecuritynetwork.org\/HSGO4\/index.php\/wp-json\/wp\/v2\/comments?post=1468"}],"version-history":[{"count":37,"href":"https:\/\/africansecuritynetwork.org\/HSGO4\/index.php\/wp-json\/wp\/v2\/pages\/1468\/revisions"}],"predecessor-version":[{"id":6860,"href":"https:\/\/africansecuritynetwork.org\/HSGO4\/index.php\/wp-json\/wp\/v2\/pages\/1468\/revisions\/6860"}],"wp:attachment":[{"href":"https:\/\/africansecuritynetwork.org\/HSGO4\/index.php\/wp-json\/wp\/v2\/media?parent=1468"}],"curies":[{"name":"wp","href":"https:\/\/api.w.org\/{rel}","templated":true}]}}