{"id":1444,"date":"2024-12-15T12:27:47","date_gmt":"2024-12-15T12:27:47","guid":{"rendered":"https:\/\/africansecuritynetwork.org\/HSGO4\/?page_id=1444"},"modified":"2025-12-16T15:07:54","modified_gmt":"2025-12-16T15:07:54","slug":"architecture-de-paix-et-de-securite-de-lafrique-centrale","status":"publish","type":"page","link":"https:\/\/africansecuritynetwork.org\/HSGO4\/index.php\/architecture-de-paix-et-de-securite-de-lafrique-centrale\/","title":{"rendered":"Architecture de paix et de s\u00e9curit\u00e9 de l&#8217;Afrique centrale"},"content":{"rendered":"\t\t<div data-elementor-type=\"wp-page\" data-elementor-id=\"1444\" class=\"elementor elementor-1444\" data-elementor-post-type=\"page\">\n\t\t\t\t<div class=\"elementor-element elementor-element-5702167 e-flex e-con-boxed e-con e-parent\" data-id=\"5702167\" data-element_type=\"container\">\n\t\t\t\t\t<div class=\"e-con-inner\">\n\t\t\t\t<div class=\"elementor-element elementor-element-a6ca8fa elementor-widget-divider--view-line elementor-widget elementor-widget-divider\" data-id=\"a6ca8fa\" data-element_type=\"widget\" data-widget_type=\"divider.default\">\n\t\t\t\t\t\t\t<div class=\"elementor-divider\">\n\t\t\t<span class=\"elementor-divider-separator\">\n\t\t\t\t\t\t<\/span>\n\t\t<\/div>\n\t\t\t\t\t\t<\/div>\n\t\t\t\t\t<\/div>\n\t\t\t\t<\/div>\n\t\t<div class=\"elementor-element elementor-element-44ee5b1 e-flex e-con-boxed e-con e-parent\" data-id=\"44ee5b1\" data-element_type=\"container\">\n\t\t\t\t\t<div class=\"e-con-inner\">\n\t\t\t\t<div class=\"elementor-element elementor-element-d4ab6ed elementor-widget elementor-widget-heading\" data-id=\"d4ab6ed\" data-element_type=\"widget\" data-widget_type=\"heading.default\">\n\t\t\t\t\t<h2 class=\"elementor-heading-title elementor-size-default\">Architecture de paix et de s\u00e9curit\u00e9 de l'Afrique centrale<\/h2>\t\t\t\t<\/div>\n\t\t\t\t\t<\/div>\n\t\t\t\t<\/div>\n\t\t<div class=\"elementor-element elementor-element-ab1a386 e-flex e-con-boxed e-con e-parent\" data-id=\"ab1a386\" data-element_type=\"container\">\n\t\t\t\t\t<div class=\"e-con-inner\">\n\t\t\t\t<div class=\"elementor-element elementor-element-0968112 elementor-widget-divider--view-line elementor-widget elementor-widget-divider\" data-id=\"0968112\" data-element_type=\"widget\" data-widget_type=\"divider.default\">\n\t\t\t\t\t\t\t<div class=\"elementor-divider\">\n\t\t\t<span class=\"elementor-divider-separator\">\n\t\t\t\t\t\t<\/span>\n\t\t<\/div>\n\t\t\t\t\t\t<\/div>\n\t\t\t\t\t<\/div>\n\t\t\t\t<\/div>\n\t\t<div class=\"elementor-element elementor-element-780aa26 e-flex e-con-boxed e-con e-parent\" data-id=\"780aa26\" data-element_type=\"container\">\n\t\t\t\t\t<div class=\"e-con-inner\">\n\t\t<div class=\"elementor-element elementor-element-d6d8b46 e-con-full e-flex e-con e-child\" data-id=\"d6d8b46\" data-element_type=\"container\">\n\t\t\t\t<div class=\"elementor-element elementor-element-f5faf4b elementor-align-justify elementor-widget elementor-widget-button\" data-id=\"f5faf4b\" data-element_type=\"widget\" data-widget_type=\"button.default\">\n\t\t\t\t\t\t\t\t\t\t<a class=\"elementor-button elementor-button-link elementor-size-sm\" href=\"https:\/\/africansecuritynetwork.org\/HSGO4\/index.php\/commission-du-bassin-du-lac-tchad\/\">\n\t\t\t\t\t\t<span class=\"elementor-button-content-wrapper\">\n\t\t\t\t\t\t\t\t\t<span class=\"elementor-button-text\">Commission du Bassin du Lac Tchad<\/span>\n\t\t\t\t\t<\/span>\n\t\t\t\t\t<\/a>\n\t\t\t\t\t\t\t\t<\/div>\n\t\t\t\t<\/div>\n\t\t<div class=\"elementor-element elementor-element-db2815a e-con-full e-flex e-con e-child\" data-id=\"db2815a\" data-element_type=\"container\">\n\t\t\t\t<div class=\"elementor-element elementor-element-1db2d67 elementor-align-justify elementor-widget elementor-widget-button\" data-id=\"1db2d67\" data-element_type=\"widget\" data-widget_type=\"button.default\">\n\t\t\t\t\t\t\t\t\t\t<a class=\"elementor-button elementor-button-link elementor-size-sm\" href=\"https:\/\/africansecuritynetwork.org\/HSGO4\/index.php\/conference-internationale-sur-la-region-des-grands-lacs\/\">\n\t\t\t\t\t\t<span class=\"elementor-button-content-wrapper\">\n\t\t\t\t\t\t\t\t\t<span class=\"elementor-button-text\">Conf\u00e9rence internationale sur la r\u00e9gion des Grands Lacs<\/span>\n\t\t\t\t\t<\/span>\n\t\t\t\t\t<\/a>\n\t\t\t\t\t\t\t\t<\/div>\n\t\t\t\t<\/div>\n\t\t\t\t\t<\/div>\n\t\t\t\t<\/div>\n\t\t<div class=\"elementor-element elementor-element-db2bb35 e-grid e-con-boxed e-con e-parent\" data-id=\"db2bb35\" data-element_type=\"container\">\n\t\t\t\t\t<div class=\"e-con-inner\">\n\t\t\t\t<div class=\"elementor-element elementor-element-2833d13 elementor-align-justify elementor-widget elementor-widget-button\" data-id=\"2833d13\" data-element_type=\"widget\" data-widget_type=\"button.default\">\n\t\t\t\t\t\t\t\t\t\t<a class=\"elementor-button elementor-button-link elementor-size-sm\" href=\"#CEEAC\">\n\t\t\t\t\t\t<span class=\"elementor-button-content-wrapper\">\n\t\t\t\t\t\t\t\t\t<span class=\"elementor-button-text\">CEEAC<\/span>\n\t\t\t\t\t<\/span>\n\t\t\t\t\t<\/a>\n\t\t\t\t\t\t\t\t<\/div>\n\t\t\t\t<div class=\"elementor-element elementor-element-6274c6f elementor-align-justify elementor-widget elementor-widget-button\" data-id=\"6274c6f\" data-element_type=\"widget\" data-widget_type=\"button.default\">\n\t\t\t\t\t\t\t\t\t\t<a class=\"elementor-button elementor-button-link elementor-size-sm\" href=\"#CEMAC\">\n\t\t\t\t\t\t<span class=\"elementor-button-content-wrapper\">\n\t\t\t\t\t\t\t\t\t<span class=\"elementor-button-text\">CEMAC<\/span>\n\t\t\t\t\t<\/span>\n\t\t\t\t\t<\/a>\n\t\t\t\t\t\t\t\t<\/div>\n\t\t\t\t\t<\/div>\n\t\t\t\t<\/div>\n\t\t<div class=\"elementor-element elementor-element-7add285 e-flex e-con-boxed e-con e-parent\" data-id=\"7add285\" data-element_type=\"container\">\n\t\t\t\t\t<div class=\"e-con-inner\">\n\t\t\t\t<div class=\"elementor-element elementor-element-641fb7e elementor-widget elementor-widget-menu-anchor\" data-id=\"641fb7e\" data-element_type=\"widget\" data-widget_type=\"menu-anchor.default\">\n\t\t\t\t\t\t\t<div class=\"elementor-menu-anchor\" id=\"CEEAC\"><\/div>\n\t\t\t\t\t\t<\/div>\n\t\t\t\t<div class=\"elementor-element elementor-element-c243791 elementor-widget elementor-widget-text-editor\" data-id=\"c243791\" data-element_type=\"widget\" data-widget_type=\"text-editor.default\">\n\t\t\t\t\t\t\t\t\t<h4><strong>CEEAC<\/strong><\/h4>\t\t\t\t\t\t\t\t<\/div>\n\t\t\t\t<div class=\"elementor-element elementor-element-b457ce0 elementor-widget elementor-widget-text-editor\" data-id=\"b457ce0\" data-element_type=\"widget\" data-widget_type=\"text-editor.default\">\n\t\t\t\t\t\t\t\t\t<p><span style=\"font-weight: 400;\">La Communaut\u00e9 \u00c9conomique des \u00c9tats de l\u2019Afrique centrale (CEEAC), fond\u00e9e en 1983, est une <\/span><span style=\"font-weight: 400;\">organisation r\u00e9gionale qui regroupe 11 pays d\u2019Afrique centrale : l\u2019Angola, le Burundi, le Cameroun, la R\u00e9publique centrafricaine, le Tchad, la R\u00e9publique du Congo, la R\u00e9publique d\u00e9mocratique du Congo, la Guin\u00e9e \u00e9quatoriale, le Gabon, le Rwanda et S\u00e3o Tom\u00e9-et-Principe.\u00a0<\/span><\/p><p><span style=\"font-weight: 400;\">La CEEAC vise \u00e0 promouvoir une int\u00e9gration r\u00e9gionale accrue, \u00e0 renforcer la coop\u00e9ration \u00e9conomique entre ses membres et \u00e0 contribuer \u00e0 la construction d\u2019une paix durable. Elle intervient dans des secteurs comme le commerce, les infrastructures, la libre circulation, mais \u00e9galement dans la pr\u00e9vention des conflits et la gestion des crises. <\/span><\/p>\t\t\t\t\t\t\t\t<\/div>\n\t\t\t\t<div class=\"elementor-element elementor-element-c3b3e38 elementor-widget elementor-widget-image\" data-id=\"c3b3e38\" data-element_type=\"widget\" data-widget_type=\"image.default\">\n\t\t\t\t\t\t\t\t\t\t\t\t<figure class=\"wp-caption\">\n\t\t\t\t\t\t\t\t\t\t\t<a href=\"https:\/\/africansecuritynetwork.org\/HSGO4\/wp-content\/uploads\/2025\/12\/resolution-2797-2025-1.pdf\">\n\t\t\t\t\t\t\t<img fetchpriority=\"high\" decoding=\"async\" width=\"800\" height=\"479\" src=\"https:\/\/africansecuritynetwork.org\/HSGO4\/wp-content\/uploads\/2025\/12\/CEEAC-updated-1024x613.jpg\" class=\"attachment-large size-large wp-image-6845\" alt=\"\" srcset=\"https:\/\/africansecuritynetwork.org\/HSGO4\/wp-content\/uploads\/2025\/12\/CEEAC-updated-1024x613.jpg 1024w, https:\/\/africansecuritynetwork.org\/HSGO4\/wp-content\/uploads\/2025\/12\/CEEAC-updated-300x179.jpg 300w, https:\/\/africansecuritynetwork.org\/HSGO4\/wp-content\/uploads\/2025\/12\/CEEAC-updated-768x460.jpg 768w, https:\/\/africansecuritynetwork.org\/HSGO4\/wp-content\/uploads\/2025\/12\/CEEAC-updated.jpg 1078w\" sizes=\"(max-width: 800px) 100vw, 800px\" \/>\t\t\t\t\t\t\t\t<\/a>\n\t\t\t\t\t\t\t\t\t\t\t<figcaption class=\"widget-image-caption wp-caption-text\">Carte actualis\u00e9e \u00e0 la suite de la r\u00e9solution 2797 du Conseil de s\u00e9curit\u00e9 des Nations unies (2025).<\/figcaption>\n\t\t\t\t\t\t\t\t\t\t<\/figure>\n\t\t\t\t\t\t\t\t\t<\/div>\n\t\t\t\t<div class=\"elementor-element elementor-element-64ce8c5 elementor-widget elementor-widget-image\" data-id=\"64ce8c5\" data-element_type=\"widget\" data-widget_type=\"image.default\">\n\t\t\t\t\t\t\t\t\t\t\t\t\t\t\t<img decoding=\"async\" width=\"800\" height=\"556\" src=\"https:\/\/africansecuritynetwork.org\/HSGO4\/wp-content\/uploads\/2024\/12\/13-ceeac-segundo.jpg\" class=\"attachment-large size-large wp-image-1450\" alt=\"\" srcset=\"https:\/\/africansecuritynetwork.org\/HSGO4\/wp-content\/uploads\/2024\/12\/13-ceeac-segundo.jpg 980w, https:\/\/africansecuritynetwork.org\/HSGO4\/wp-content\/uploads\/2024\/12\/13-ceeac-segundo-300x208.jpg 300w, https:\/\/africansecuritynetwork.org\/HSGO4\/wp-content\/uploads\/2024\/12\/13-ceeac-segundo-768x534.jpg 768w\" sizes=\"(max-width: 800px) 100vw, 800px\" \/>\t\t\t\t\t\t\t\t\t\t\t\t\t\t\t<\/div>\n\t\t\t\t\t<\/div>\n\t\t\t\t<\/div>\n\t\t<div class=\"elementor-element elementor-element-fc3b486 e-flex e-con-boxed e-con e-parent\" data-id=\"fc3b486\" data-element_type=\"container\">\n\t\t\t\t\t<div class=\"e-con-inner\">\n\t\t\t\t<div class=\"elementor-element elementor-element-fd0f78c elementor-widget elementor-widget-menu-anchor\" data-id=\"fd0f78c\" data-element_type=\"widget\" data-widget_type=\"menu-anchor.default\">\n\t\t\t\t\t\t\t<div class=\"elementor-menu-anchor\" id=\"CEMAC\"><\/div>\n\t\t\t\t\t\t<\/div>\n\t\t\t\t<div class=\"elementor-element elementor-element-c2da931 elementor-widget elementor-widget-text-editor\" data-id=\"c2da931\" data-element_type=\"widget\" data-widget_type=\"text-editor.default\">\n\t\t\t\t\t\t\t\t\t<h4><strong>CEMAC<\/strong><\/h4>\t\t\t\t\t\t\t\t<\/div>\n\t\t\t\t<div class=\"elementor-element elementor-element-82b50b8 elementor-widget elementor-widget-text-editor\" data-id=\"82b50b8\" data-element_type=\"widget\" data-widget_type=\"text-editor.default\">\n\t\t\t\t\t\t\t\t\t<p><span style=\"font-weight: 400;\">La Communaut\u00e9 \u00c9conomique et Mon\u00e9taire de l\u2019Afrique centrale (CEMAC) regroupe six \u00c9tats de la r\u00e9gion : le Cameroun, le Congo, le Gabon, la Guin\u00e9e \u00e9quatoriale, la R\u00e9publique centrafricaine et le Tchad. Mise en place en 1994 en tant que successeur de l\u2019Union douani\u00e8re et \u00e9conomique de l\u2019Afrique centrale (UDEAC), elle a pour mission principale de renforcer l\u2019int\u00e9gration \u00e9conomique, d\u2019assurer la stabilit\u00e9 mon\u00e9taire et de favoriser la libre circulation des biens, des personnes et des capitaux dans l\u2019espace communautaire.\u00a0<\/span><\/p><p><span style=\"font-weight: 400;\">S\u2019appuyant sur une monnaie unique, le franc CFA \u00e9mis par la Banque des \u00c9tats de l\u2019Afrique centrale (BEAC), ainsi que sur des institutions r\u00e9gionales comme la Commission CEMAC, l\u2019organisation vise \u00e0 harmoniser les politiques \u00e9conomiques et budg\u00e9taires de ses membres. <\/span><\/p><p>.<\/p>\t\t\t\t\t\t\t\t<\/div>\n\t\t\t\t<div class=\"elementor-element elementor-element-f507254 elementor-widget elementor-widget-image\" data-id=\"f507254\" data-element_type=\"widget\" data-widget_type=\"image.default\">\n\t\t\t\t\t\t\t\t\t\t\t\t<figure class=\"wp-caption\">\n\t\t\t\t\t\t\t\t\t\t\t<a href=\"https:\/\/africansecuritynetwork.org\/HSGO4\/wp-content\/uploads\/2025\/12\/resolution-2797-2025-1.pdf\">\n\t\t\t\t\t\t\t<img decoding=\"async\" width=\"800\" height=\"518\" src=\"https:\/\/africansecuritynetwork.org\/HSGO4\/wp-content\/uploads\/2025\/12\/CEMAC-updated-1024x663.jpg\" class=\"attachment-large size-large wp-image-6849\" alt=\"\" srcset=\"https:\/\/africansecuritynetwork.org\/HSGO4\/wp-content\/uploads\/2025\/12\/CEMAC-updated-1024x663.jpg 1024w, https:\/\/africansecuritynetwork.org\/HSGO4\/wp-content\/uploads\/2025\/12\/CEMAC-updated-300x194.jpg 300w, https:\/\/africansecuritynetwork.org\/HSGO4\/wp-content\/uploads\/2025\/12\/CEMAC-updated-768x497.jpg 768w, https:\/\/africansecuritynetwork.org\/HSGO4\/wp-content\/uploads\/2025\/12\/CEMAC-updated.jpg 1078w\" sizes=\"(max-width: 800px) 100vw, 800px\" \/>\t\t\t\t\t\t\t\t<\/a>\n\t\t\t\t\t\t\t\t\t\t\t<figcaption class=\"widget-image-caption wp-caption-text\">Carte actualis\u00e9e \u00e0 la suite de la r\u00e9solution 2797 du Conseil de s\u00e9curit\u00e9 des Nations unies (2025).<\/figcaption>\n\t\t\t\t\t\t\t\t\t\t<\/figure>\n\t\t\t\t\t\t\t\t\t<\/div>\n\t\t\t\t<div class=\"elementor-element elementor-element-199094e elementor-widget elementor-widget-image\" data-id=\"199094e\" data-element_type=\"widget\" data-widget_type=\"image.default\">\n\t\t\t\t\t\t\t\t\t\t\t\t\t\t\t<img loading=\"lazy\" decoding=\"async\" width=\"800\" height=\"542\" src=\"https:\/\/africansecuritynetwork.org\/HSGO4\/wp-content\/uploads\/2024\/12\/15-cemac-segundo.jpg\" class=\"attachment-large size-large wp-image-1452\" alt=\"\" srcset=\"https:\/\/africansecuritynetwork.org\/HSGO4\/wp-content\/uploads\/2024\/12\/15-cemac-segundo.jpg 980w, https:\/\/africansecuritynetwork.org\/HSGO4\/wp-content\/uploads\/2024\/12\/15-cemac-segundo-300x203.jpg 300w, https:\/\/africansecuritynetwork.org\/HSGO4\/wp-content\/uploads\/2024\/12\/15-cemac-segundo-768x520.jpg 768w\" sizes=\"(max-width: 800px) 100vw, 800px\" \/>\t\t\t\t\t\t\t\t\t\t\t\t\t\t\t<\/div>\n\t\t\t\t\t<\/div>\n\t\t\t\t<\/div>\n\t\t<div class=\"elementor-element elementor-element-51dff79 e-flex e-con-boxed e-con e-parent\" data-id=\"51dff79\" data-element_type=\"container\">\n\t\t\t\t\t<div class=\"e-con-inner\">\n\t\t<div class=\"elementor-element elementor-element-f36cd26 e-con-full e-flex e-con e-child\" data-id=\"f36cd26\" data-element_type=\"container\">\n\t\t\t\t<div class=\"elementor-element elementor-element-c7f20c8 elementor-widget elementor-widget-text-editor\" data-id=\"c7f20c8\" data-element_type=\"widget\" data-widget_type=\"text-editor.default\">\n\t\t\t\t\t\t\t\t\t<h5 id=\"u28953-2\" class=\"Titular\"><strong>Publications<\/strong><\/h5><p id=\"u28953-5\" class=\"Link\"><a class=\"nonblock\" href=\"https:\/\/faolex.fao.org\/docs\/pdf\/mul-210749.pdf\" target=\"_blank\" rel=\"noopener\"><span id=\"u28953-3\">&#8211; Trait\u00e9 de la CEEAC<\/span><\/a><\/p><p id=\"u28953-8\" class=\"Link\"><a class=\"nonblock\" href=\"https:\/\/www.droitcongolais.info\/files\/0.42.07.96-Pacte-de-non-agression-du-8-juillet-1996-entre-les-Etats-membres-du-Comite-consultatif-permanent-des-Nations.pdf\" target=\"_blank\" rel=\"noopener\">&#8211; Pacte de non-agression<\/a><\/p><p id=\"u28953-11\" class=\"Link\"><a class=\"nonblock\" href=\"https:\/\/ceeac-eccas.org\/wp-content\/uploads\/2023\/06\/VF-officielle-PROTOCOLE-COPAX-18122019.pdf\" target=\"_blank\" rel=\"noopener\">&#8211; Protocole relatif au COPAX<\/a><\/p><p id=\"u28953-14\" class=\"Link\"><a class=\"nonblock\" href=\"https:\/\/www.droitcongolais.info\/files\/0.42.02.00-Pacte-d-assistance-mutuelle-du-24-fevrier-2000-entre-les-Etat-membres-de-la-CEEAC.pdf\" target=\"_blank\" rel=\"noopener\">&#8211; Pacte d\u2019assistance mutuelle<\/a><\/p><p id=\"u28953-17\" class=\"Link\"><a class=\"nonblock\" href=\"https:\/\/treaties.un.org\/doc\/Treaties\/2010\/04\/20100430%2001-12%20PM\/Ch_xxvi-7.pdf\" target=\"_blank\" rel=\"noopener\">&#8211; Convention de la CEEAC sur le contr\u00f4le des armes l\u00e9g\u00e8res et de petits calibres<\/a><\/p><p id=\"u28953-20\" class=\"Link\"><a class=\"nonblock\" href=\"https:\/\/unoca.unmissions.org\/comite-consultatif-permanent-des-nations-unies-charge-des-questions-de-securite-en-afrique-centrale\" target=\"_blank\" rel=\"noopener\">&#8211; Comit\u00e9 consultatif permanent des Nations Unies en charge des questions de s\u00e9curit\u00e9 en Afrique centrale<\/a><\/p><p id=\"u28953-23\" class=\"Link\"><a class=\"nonblock\" href=\"https:\/\/cemac.int\/wp-content\/uploads\/2023\/07\/traite_revise.pdf\" target=\"_blank\" rel=\"noopener\">&#8211; Trait\u00e9 de la CEMAC<\/a><\/p>\t\t\t\t\t\t\t\t<\/div>\n\t\t\t\t<\/div>\n\t\t\t\t\t<\/div>\n\t\t\t\t<\/div>\n\t\t\t\t<\/div>\n\t\t","protected":false},"excerpt":{"rendered":"<p>Architecture de paix et de s\u00e9curit\u00e9 de l&#8217;Afrique centrale Commission du Bassin du Lac Tchad Conf\u00e9rence internationale sur la r\u00e9gion des Grands Lacs CEEAC CEMAC CEEAC La Communaut\u00e9 \u00c9conomique des \u00c9tats de l\u2019Afrique centrale (CEEAC), fond\u00e9e en 1983, est une organisation r\u00e9gionale qui regroupe 11 pays d\u2019Afrique centrale : l\u2019Angola, le Burundi, le Cameroun, la [&hellip;]<\/p>\n","protected":false},"author":1,"featured_media":0,"parent":0,"menu_order":0,"comment_status":"closed","ping_status":"closed","template":"","meta":{"footnotes":""},"class_list":["post-1444","page","type-page","status-publish","hentry"],"aioseo_notices":[],"_links":{"self":[{"href":"https:\/\/africansecuritynetwork.org\/HSGO4\/index.php\/wp-json\/wp\/v2\/pages\/1444","targetHints":{"allow":["GET"]}}],"collection":[{"href":"https:\/\/africansecuritynetwork.org\/HSGO4\/index.php\/wp-json\/wp\/v2\/pages"}],"about":[{"href":"https:\/\/africansecuritynetwork.org\/HSGO4\/index.php\/wp-json\/wp\/v2\/types\/page"}],"author":[{"embeddable":true,"href":"https:\/\/africansecuritynetwork.org\/HSGO4\/index.php\/wp-json\/wp\/v2\/users\/1"}],"replies":[{"embeddable":true,"href":"https:\/\/africansecuritynetwork.org\/HSGO4\/index.php\/wp-json\/wp\/v2\/comments?post=1444"}],"version-history":[{"count":52,"href":"https:\/\/africansecuritynetwork.org\/HSGO4\/index.php\/wp-json\/wp\/v2\/pages\/1444\/revisions"}],"predecessor-version":[{"id":6852,"href":"https:\/\/africansecuritynetwork.org\/HSGO4\/index.php\/wp-json\/wp\/v2\/pages\/1444\/revisions\/6852"}],"wp:attachment":[{"href":"https:\/\/africansecuritynetwork.org\/HSGO4\/index.php\/wp-json\/wp\/v2\/media?parent=1444"}],"curies":[{"name":"wp","href":"https:\/\/api.w.org\/{rel}","templated":true}]}}