{"id":1434,"date":"2024-12-15T12:20:04","date_gmt":"2024-12-15T12:20:04","guid":{"rendered":"https:\/\/africansecuritynetwork.org\/HSGO4\/?page_id=1434"},"modified":"2025-12-16T15:01:52","modified_gmt":"2025-12-16T15:01:52","slug":"conseil-de-lentente","status":"publish","type":"page","link":"https:\/\/africansecuritynetwork.org\/HSGO4\/index.php\/conseil-de-lentente\/","title":{"rendered":"CONSEIL DE L\u00b4ENTENTE"},"content":{"rendered":"\t\t<div data-elementor-type=\"wp-page\" data-elementor-id=\"1434\" class=\"elementor elementor-1434\" data-elementor-post-type=\"page\">\n\t\t\t\t<div class=\"elementor-element elementor-element-f9a865a e-flex e-con-boxed e-con e-parent\" data-id=\"f9a865a\" data-element_type=\"container\">\n\t\t\t\t\t<div class=\"e-con-inner\">\n\t\t\t\t<div class=\"elementor-element elementor-element-4d0f96e elementor-widget elementor-widget-text-editor\" data-id=\"4d0f96e\" data-element_type=\"widget\" data-widget_type=\"text-editor.default\">\n\t\t\t\t\t\t\t\t\t<p class=\"p1\">Fond\u00e9 en 1959, le Conseil de l\u2019Entente est la plus ancienne structure de coop\u00e9ration inter\u00e9tatique\u00a0 d\u2019Afrique de l\u2019Ouest. Il r\u00e9unit aujourd\u2019hui cinq pays membres : le B\u00e9nin, le Burkina Faso, la C\u00f4te d\u2019Ivoire, le Niger et le Togo. Le Conseil se veut un cadre structur\u00e9 de dialogue, et de concertation dans des secteurs tels que la s\u00e9curit\u00e9, les infrastructures, l\u2019\u00e9ducation ou la gestion des ressources naturelles.<\/p>\t\t\t\t\t\t\t\t<\/div>\n\t\t\t\t\t<\/div>\n\t\t\t\t<\/div>\n\t\t<div class=\"elementor-element elementor-element-d6bbbe2 e-flex e-con-boxed e-con e-parent\" data-id=\"d6bbbe2\" data-element_type=\"container\">\n\t\t\t\t\t<div class=\"e-con-inner\">\n\t\t\t\t<div class=\"elementor-element elementor-element-3797f7a elementor-widget elementor-widget-image\" data-id=\"3797f7a\" data-element_type=\"widget\" data-widget_type=\"image.default\">\n\t\t\t\t\t\t\t\t\t\t\t\t<figure class=\"wp-caption\">\n\t\t\t\t\t\t\t\t\t\t\t<a href=\"https:\/\/africansecuritynetwork.org\/HSGO4\/wp-content\/uploads\/2025\/12\/resolution-2797-2025-1.pdf\">\n\t\t\t\t\t\t\t<img fetchpriority=\"high\" decoding=\"async\" width=\"800\" height=\"448\" src=\"https:\/\/africansecuritynetwork.org\/HSGO4\/wp-content\/uploads\/2025\/12\/Conseil-de-lentente-updated-1024x573.jpg\" class=\"attachment-large size-large wp-image-6833\" alt=\"\" srcset=\"https:\/\/africansecuritynetwork.org\/HSGO4\/wp-content\/uploads\/2025\/12\/Conseil-de-lentente-updated-1024x573.jpg 1024w, https:\/\/africansecuritynetwork.org\/HSGO4\/wp-content\/uploads\/2025\/12\/Conseil-de-lentente-updated-300x168.jpg 300w, https:\/\/africansecuritynetwork.org\/HSGO4\/wp-content\/uploads\/2025\/12\/Conseil-de-lentente-updated-768x430.jpg 768w, https:\/\/africansecuritynetwork.org\/HSGO4\/wp-content\/uploads\/2025\/12\/Conseil-de-lentente-updated.jpg 1078w\" sizes=\"(max-width: 800px) 100vw, 800px\" \/>\t\t\t\t\t\t\t\t<\/a>\n\t\t\t\t\t\t\t\t\t\t\t<figcaption class=\"widget-image-caption wp-caption-text\">Carte actualis\u00e9e \u00e0 la suite de la r\u00e9solution 2797 du Conseil de s\u00e9curit\u00e9 des Nations unies (2025).<\/figcaption>\n\t\t\t\t\t\t\t\t\t\t<\/figure>\n\t\t\t\t\t\t\t\t\t<\/div>\n\t\t\t\t<div class=\"elementor-element elementor-element-94679de elementor-widget elementor-widget-image\" data-id=\"94679de\" data-element_type=\"widget\" data-widget_type=\"image.default\">\n\t\t\t\t\t\t\t\t\t\t\t\t\t\t\t<img decoding=\"async\" width=\"800\" height=\"432\" src=\"https:\/\/africansecuritynetwork.org\/HSGO4\/wp-content\/uploads\/2024\/12\/11-conseil-ce.jpg\" class=\"attachment-large size-large wp-image-1440\" alt=\"\" srcset=\"https:\/\/africansecuritynetwork.org\/HSGO4\/wp-content\/uploads\/2024\/12\/11-conseil-ce.jpg 980w, https:\/\/africansecuritynetwork.org\/HSGO4\/wp-content\/uploads\/2024\/12\/11-conseil-ce-300x162.jpg 300w, https:\/\/africansecuritynetwork.org\/HSGO4\/wp-content\/uploads\/2024\/12\/11-conseil-ce-768x415.jpg 768w\" sizes=\"(max-width: 800px) 100vw, 800px\" \/>\t\t\t\t\t\t\t\t\t\t\t\t\t\t\t<\/div>\n\t\t\t\t\t<\/div>\n\t\t\t\t<\/div>\n\t\t<div class=\"elementor-element elementor-element-e589868 e-flex e-con-boxed e-con e-parent\" data-id=\"e589868\" data-element_type=\"container\">\n\t\t\t\t\t<div class=\"e-con-inner\">\n\t\t<div class=\"elementor-element elementor-element-a8f5179 e-con-full e-flex e-con e-child\" data-id=\"a8f5179\" data-element_type=\"container\">\n\t\t\t\t<div class=\"elementor-element elementor-element-c409dd1 elementor-widget elementor-widget-text-editor\" data-id=\"c409dd1\" data-element_type=\"widget\" data-widget_type=\"text-editor.default\">\n\t\t\t\t\t\t\t\t\t<h5 id=\"u28855-2\" class=\"Titular\"><strong>Publications<\/strong><\/h5><p id=\"u28855-5\" class=\"Link\"><a class=\"nonblock\" href=\"http:\/\/conseildelentente.org\/images\/pdf\/charte\/charte_du_conseil_de_lentente.pdf\" target=\"_blank\" rel=\"noopener\"><span id=\"u28855-3\">&#8211; Charte du Conseil de l\u2019Entente<\/span><\/a><\/p><p id=\"u28855-8\" class=\"Link\"><a class=\"nonblock\" href=\"http:\/\/conseildelentente.org\/index.php\/institution\/historique.html\" target=\"_blank\" rel=\"noopener\">&#8211; Historique<\/a><\/p>\t\t\t\t\t\t\t\t<\/div>\n\t\t\t\t<\/div>\n\t\t\t\t\t<\/div>\n\t\t\t\t<\/div>\n\t\t\t\t<\/div>\n\t\t","protected":false},"excerpt":{"rendered":"<p>Fond\u00e9 en 1959, le Conseil de l\u2019Entente est la plus ancienne structure de coop\u00e9ration inter\u00e9tatique\u00a0 d\u2019Afrique de l\u2019Ouest. Il r\u00e9unit aujourd\u2019hui cinq pays membres : le B\u00e9nin, le Burkina Faso, la C\u00f4te d\u2019Ivoire, le Niger et le Togo. Le Conseil se veut un cadre structur\u00e9 de dialogue, et de concertation dans des secteurs tels que [&hellip;]<\/p>\n","protected":false},"author":1,"featured_media":0,"parent":0,"menu_order":0,"comment_status":"closed","ping_status":"closed","template":"","meta":{"footnotes":""},"class_list":["post-1434","page","type-page","status-publish","hentry"],"aioseo_notices":[],"_links":{"self":[{"href":"https:\/\/africansecuritynetwork.org\/HSGO4\/index.php\/wp-json\/wp\/v2\/pages\/1434","targetHints":{"allow":["GET"]}}],"collection":[{"href":"https:\/\/africansecuritynetwork.org\/HSGO4\/index.php\/wp-json\/wp\/v2\/pages"}],"about":[{"href":"https:\/\/africansecuritynetwork.org\/HSGO4\/index.php\/wp-json\/wp\/v2\/types\/page"}],"author":[{"embeddable":true,"href":"https:\/\/africansecuritynetwork.org\/HSGO4\/index.php\/wp-json\/wp\/v2\/users\/1"}],"replies":[{"embeddable":true,"href":"https:\/\/africansecuritynetwork.org\/HSGO4\/index.php\/wp-json\/wp\/v2\/comments?post=1434"}],"version-history":[{"count":10,"href":"https:\/\/africansecuritynetwork.org\/HSGO4\/index.php\/wp-json\/wp\/v2\/pages\/1434\/revisions"}],"predecessor-version":[{"id":6836,"href":"https:\/\/africansecuritynetwork.org\/HSGO4\/index.php\/wp-json\/wp\/v2\/pages\/1434\/revisions\/6836"}],"wp:attachment":[{"href":"https:\/\/africansecuritynetwork.org\/HSGO4\/index.php\/wp-json\/wp\/v2\/media?parent=1434"}],"curies":[{"name":"wp","href":"https:\/\/api.w.org\/{rel}","templated":true}]}}