{"id":1392,"date":"2024-12-15T11:44:12","date_gmt":"2024-12-15T11:44:12","guid":{"rendered":"https:\/\/africansecuritynetwork.org\/HSGO4\/?page_id=1392"},"modified":"2025-12-16T14:56:49","modified_gmt":"2025-12-16T14:56:49","slug":"uemoa","status":"publish","type":"page","link":"https:\/\/africansecuritynetwork.org\/HSGO4\/index.php\/uemoa\/","title":{"rendered":"UEMOA"},"content":{"rendered":"\t\t<div data-elementor-type=\"wp-page\" data-elementor-id=\"1392\" class=\"elementor elementor-1392\" data-elementor-post-type=\"page\">\n\t\t\t\t<div class=\"elementor-element elementor-element-a746014 e-flex e-con-boxed e-con e-parent\" data-id=\"a746014\" data-element_type=\"container\">\n\t\t\t\t\t<div class=\"e-con-inner\">\n\t\t\t\t<div class=\"elementor-element elementor-element-76c641a elementor-widget elementor-widget-image\" data-id=\"76c641a\" data-element_type=\"widget\" data-widget_type=\"image.default\">\n\t\t\t\t\t\t\t\t\t\t\t\t<figure class=\"wp-caption\">\n\t\t\t\t\t\t\t\t\t\t\t<a href=\"https:\/\/africansecuritynetwork.org\/HSGO4\/wp-content\/uploads\/2025\/12\/resolution-2797-2025-1.pdf\">\n\t\t\t\t\t\t\t<img fetchpriority=\"high\" decoding=\"async\" width=\"800\" height=\"452\" src=\"https:\/\/africansecuritynetwork.org\/HSGO4\/wp-content\/uploads\/2025\/12\/UEMOA-updated-1024x578.jpg\" class=\"attachment-large size-large wp-image-6821\" alt=\"\" srcset=\"https:\/\/africansecuritynetwork.org\/HSGO4\/wp-content\/uploads\/2025\/12\/UEMOA-updated-1024x578.jpg 1024w, https:\/\/africansecuritynetwork.org\/HSGO4\/wp-content\/uploads\/2025\/12\/UEMOA-updated-300x169.jpg 300w, https:\/\/africansecuritynetwork.org\/HSGO4\/wp-content\/uploads\/2025\/12\/UEMOA-updated-768x434.jpg 768w, https:\/\/africansecuritynetwork.org\/HSGO4\/wp-content\/uploads\/2025\/12\/UEMOA-updated.jpg 1078w\" sizes=\"(max-width: 800px) 100vw, 800px\" \/>\t\t\t\t\t\t\t\t<\/a>\n\t\t\t\t\t\t\t\t\t\t\t<figcaption class=\"widget-image-caption wp-caption-text\">Carte actualis\u00e9e \u00e0 la suite de la r\u00e9solution 2797 du Conseil de s\u00e9curit\u00e9 des Nations unies (2025).<\/figcaption>\n\t\t\t\t\t\t\t\t\t\t<\/figure>\n\t\t\t\t\t\t\t\t\t<\/div>\n\t\t\t\t<div class=\"elementor-element elementor-element-a334de4 elementor-widget elementor-widget-image\" data-id=\"a334de4\" data-element_type=\"widget\" data-widget_type=\"image.default\">\n\t\t\t\t\t\t\t\t\t\t\t\t\t\t\t<img decoding=\"async\" width=\"800\" height=\"510\" src=\"https:\/\/africansecuritynetwork.org\/HSGO4\/wp-content\/uploads\/2024\/12\/7-uemoa-segundo.jpg\" class=\"attachment-large size-large wp-image-1398\" alt=\"\" srcset=\"https:\/\/africansecuritynetwork.org\/HSGO4\/wp-content\/uploads\/2024\/12\/7-uemoa-segundo.jpg 980w, https:\/\/africansecuritynetwork.org\/HSGO4\/wp-content\/uploads\/2024\/12\/7-uemoa-segundo-300x191.jpg 300w, https:\/\/africansecuritynetwork.org\/HSGO4\/wp-content\/uploads\/2024\/12\/7-uemoa-segundo-768x490.jpg 768w\" sizes=\"(max-width: 800px) 100vw, 800px\" \/>\t\t\t\t\t\t\t\t\t\t\t\t\t\t\t<\/div>\n\t\t\t\t\t<\/div>\n\t\t\t\t<\/div>\n\t\t<div class=\"elementor-element elementor-element-518ccb9 e-flex e-con-boxed e-con e-parent\" data-id=\"518ccb9\" data-element_type=\"container\">\n\t\t\t\t\t<div class=\"e-con-inner\">\n\t\t<div class=\"elementor-element elementor-element-a765210 e-con-full e-flex e-con e-child\" data-id=\"a765210\" data-element_type=\"container\">\n\t\t\t\t<div class=\"elementor-element elementor-element-3cf7812 elementor-widget elementor-widget-text-editor\" data-id=\"3cf7812\" data-element_type=\"widget\" data-widget_type=\"text-editor.default\">\n\t\t\t\t\t\t\t\t\t<h5 id=\"u28740-2\" class=\"Titular\"><strong>Publications<\/strong><\/h5><p id=\"u28740-5\" class=\"Link\"><a class=\"nonblock\" href=\"https:\/\/www.banque-france.fr\/system\/files\/2023-08\/Banque%20de%20France%20%E2%80%93%20uemoa.pdf\" target=\"_blank\" rel=\"noopener\"><span id=\"u28740-3\">&#8211; Trait\u00e9 de l\u2019UEMOA<\/span><\/a><\/p><p id=\"u28740-8\" class=\"Link\"><a class=\"nonblock\" href=\"https:\/\/www.uemoa.int\/en\/node\/1014\" target=\"_blank\" rel=\"noopener\">&#8211; Plan d\u2019action pour la paix et la s\u00e9curit\u00e9 dans l\u2019espace UEMOA<\/a><\/p><p id=\"u28740-12\" class=\"Link\">&#8211;<a class=\"nonblock\" href=\"https:\/\/www.uemoa.int\/actualites\/prevention-des-crises-et-conflits-en-afrique-de-louest-signature-dun-memorandum-dentente\" target=\"_blank\" rel=\"noopener\">\u00a0M\u00e9morandum d\u2019entente sur la pr\u00e9vention des crises et des conflits en Afrique de l\u2019Ouest<\/a><\/p><p id=\"u28740-15\" class=\"Link\"><a class=\"nonblock\" href=\"https:\/\/www.uemoa.int\/actualites\/accord-cadre-de-cooperation-en-matiere-de-securite-et-de-renseignement-entre-les-etats\" target=\"_blank\" rel=\"noopener\">&#8211; Accord-cadre en mati\u00e8re de s\u00e9curit\u00e9 et de renseignements<\/a><\/p>\t\t\t\t\t\t\t\t<\/div>\n\t\t\t\t<\/div>\n\t\t\t\t\t<\/div>\n\t\t\t\t<\/div>\n\t\t\t\t<\/div>\n\t\t","protected":false},"excerpt":{"rendered":"<p>Carte actualis\u00e9e \u00e0 la suite de la r\u00e9solution 2797 du Conseil de s\u00e9curit\u00e9 des Nations unies (2025). Publications &#8211; Trait\u00e9 de l\u2019UEMOA &#8211; Plan d\u2019action pour la paix et la s\u00e9curit\u00e9 dans l\u2019espace UEMOA &#8211;\u00a0M\u00e9morandum d\u2019entente sur la pr\u00e9vention des crises et des conflits en Afrique de l\u2019Ouest &#8211; Accord-cadre en mati\u00e8re de s\u00e9curit\u00e9 et [&hellip;]<\/p>\n","protected":false},"author":1,"featured_media":0,"parent":0,"menu_order":0,"comment_status":"closed","ping_status":"closed","template":"","meta":{"footnotes":""},"class_list":["post-1392","page","type-page","status-publish","hentry"],"aioseo_notices":[],"_links":{"self":[{"href":"https:\/\/africansecuritynetwork.org\/HSGO4\/index.php\/wp-json\/wp\/v2\/pages\/1392","targetHints":{"allow":["GET"]}}],"collection":[{"href":"https:\/\/africansecuritynetwork.org\/HSGO4\/index.php\/wp-json\/wp\/v2\/pages"}],"about":[{"href":"https:\/\/africansecuritynetwork.org\/HSGO4\/index.php\/wp-json\/wp\/v2\/types\/page"}],"author":[{"embeddable":true,"href":"https:\/\/africansecuritynetwork.org\/HSGO4\/index.php\/wp-json\/wp\/v2\/users\/1"}],"replies":[{"embeddable":true,"href":"https:\/\/africansecuritynetwork.org\/HSGO4\/index.php\/wp-json\/wp\/v2\/comments?post=1392"}],"version-history":[{"count":10,"href":"https:\/\/africansecuritynetwork.org\/HSGO4\/index.php\/wp-json\/wp\/v2\/pages\/1392\/revisions"}],"predecessor-version":[{"id":6824,"href":"https:\/\/africansecuritynetwork.org\/HSGO4\/index.php\/wp-json\/wp\/v2\/pages\/1392\/revisions\/6824"}],"wp:attachment":[{"href":"https:\/\/africansecuritynetwork.org\/HSGO4\/index.php\/wp-json\/wp\/v2\/media?parent=1392"}],"curies":[{"name":"wp","href":"https:\/\/api.w.org\/{rel}","templated":true}]}}