{"id":1284,"date":"2024-12-15T09:37:32","date_gmt":"2024-12-15T09:37:32","guid":{"rendered":"https:\/\/africansecuritynetwork.org\/HSGO4\/?page_id=1284"},"modified":"2025-06-05T06:57:12","modified_gmt":"2025-06-05T06:57:12","slug":"securite-et-organisations-multilaterales-africaines","status":"publish","type":"page","link":"https:\/\/africansecuritynetwork.org\/HSGO4\/index.php\/securite-et-organisations-multilaterales-africaines\/","title":{"rendered":"S\u00e9curit\u00e9 et organisations multilat\u00e9rales africaines"},"content":{"rendered":"\t\t<div data-elementor-type=\"wp-page\" data-elementor-id=\"1284\" class=\"elementor elementor-1284\" data-elementor-post-type=\"page\">\n\t\t\t\t<div class=\"elementor-element elementor-element-e143dd4 e-flex e-con-boxed e-con e-parent\" data-id=\"e143dd4\" data-element_type=\"container\">\n\t\t\t\t\t<div class=\"e-con-inner\">\n\t\t\t\t<div class=\"elementor-element elementor-element-9d61e8b elementor-widget-divider--view-line elementor-widget elementor-widget-divider\" data-id=\"9d61e8b\" data-element_type=\"widget\" data-widget_type=\"divider.default\">\n\t\t\t\t\t\t\t<div class=\"elementor-divider\">\n\t\t\t<span class=\"elementor-divider-separator\">\n\t\t\t\t\t\t<\/span>\n\t\t<\/div>\n\t\t\t\t\t\t<\/div>\n\t\t\t\t\t<\/div>\n\t\t\t\t<\/div>\n\t\t<div class=\"elementor-element elementor-element-efcffa0 e-flex e-con-boxed e-con e-parent\" data-id=\"efcffa0\" data-element_type=\"container\">\n\t\t\t\t\t<div class=\"e-con-inner\">\n\t\t\t\t<div class=\"elementor-element elementor-element-c9a5167 elementor-widget elementor-widget-heading\" data-id=\"c9a5167\" data-element_type=\"widget\" data-widget_type=\"heading.default\">\n\t\t\t\t\t<h2 class=\"elementor-heading-title elementor-size-default\">S\u00e9curit\u00e9 et organisations multilat\u00e9rales africaines<\/h2>\t\t\t\t<\/div>\n\t\t\t\t\t<\/div>\n\t\t\t\t<\/div>\n\t\t<div class=\"elementor-element elementor-element-131730d e-flex e-con-boxed e-con e-parent\" data-id=\"131730d\" data-element_type=\"container\">\n\t\t\t\t\t<div class=\"e-con-inner\">\n\t\t\t\t<div class=\"elementor-element elementor-element-30fe138 elementor-widget-divider--view-line elementor-widget elementor-widget-divider\" data-id=\"30fe138\" data-element_type=\"widget\" data-widget_type=\"divider.default\">\n\t\t\t\t\t\t\t<div class=\"elementor-divider\">\n\t\t\t<span class=\"elementor-divider-separator\">\n\t\t\t\t\t\t<\/span>\n\t\t<\/div>\n\t\t\t\t\t\t<\/div>\n\t\t\t\t\t<\/div>\n\t\t\t\t<\/div>\n\t\t<div class=\"elementor-element elementor-element-d0538f9 e-flex e-con-boxed e-con e-parent\" data-id=\"d0538f9\" data-element_type=\"container\">\n\t\t\t\t\t<div class=\"e-con-inner\">\n\t\t<div class=\"elementor-element elementor-element-b3413b2 e-con-full e-flex e-con e-child\" data-id=\"b3413b2\" data-element_type=\"container\">\n\t\t\t\t<div class=\"elementor-element elementor-element-add6224 elementor-align-justify elementor-widget elementor-widget-button\" data-id=\"add6224\" data-element_type=\"widget\" data-widget_type=\"button.default\">\n\t\t\t\t\t\t\t\t\t\t<a class=\"elementor-button elementor-button-link elementor-size-sm elementor-animation-grow\" href=\"https:\/\/africansecuritynetwork.org\/HSGO4\/index.php\/architecture-de-paix-et-de-securite-de-lafrique-de-louest\/\">\n\t\t\t\t\t\t<span class=\"elementor-button-content-wrapper\">\n\t\t\t\t\t\t\t\t\t<span class=\"elementor-button-text\">Architecture de paix et de s\u00e9curit\u00e9 de l'Afrique de l'Ouest<\/span>\n\t\t\t\t\t<\/span>\n\t\t\t\t\t<\/a>\n\t\t\t\t\t\t\t\t<\/div>\n\t\t\t\t<\/div>\n\t\t<div class=\"elementor-element elementor-element-5d0ee07 e-con-full e-flex e-con e-child\" data-id=\"5d0ee07\" data-element_type=\"container\">\n\t\t\t\t<div class=\"elementor-element elementor-element-6736f15 elementor-align-justify elementor-widget elementor-widget-button\" data-id=\"6736f15\" data-element_type=\"widget\" data-widget_type=\"button.default\">\n\t\t\t\t\t\t\t\t\t\t<a class=\"elementor-button elementor-button-link elementor-size-sm elementor-animation-grow\" href=\"https:\/\/africansecuritynetwork.org\/HSGO4\/index.php\/architecture-de-paix-et-de-securite-de-lafrique-centrale\/\">\n\t\t\t\t\t\t<span class=\"elementor-button-content-wrapper\">\n\t\t\t\t\t\t\t\t\t<span class=\"elementor-button-text\">Architecture de paix et de s\u00e9curit\u00e9 de l'Afrique centrale<\/span>\n\t\t\t\t\t<\/span>\n\t\t\t\t\t<\/a>\n\t\t\t\t\t\t\t\t<\/div>\n\t\t\t\t<\/div>\n\t\t<div class=\"elementor-element elementor-element-cf5c324 e-con-full e-flex e-con e-child\" data-id=\"cf5c324\" data-element_type=\"container\">\n\t\t\t\t<div class=\"elementor-element elementor-element-3031c18 elementor-align-justify elementor-widget elementor-widget-button\" data-id=\"3031c18\" data-element_type=\"widget\" data-widget_type=\"button.default\">\n\t\t\t\t\t\t\t\t\t\t<a class=\"elementor-button elementor-button-link elementor-size-sm elementor-animation-grow\" href=\"https:\/\/africansecuritynetwork.org\/HSGO4\/index.php\/architecture-de-paix-et-de-securite-de-lafrique-de-lest\/\">\n\t\t\t\t\t\t<span class=\"elementor-button-content-wrapper\">\n\t\t\t\t\t\t\t\t\t<span class=\"elementor-button-text\">Architecture de paix et de s\u00e9curit\u00e9 de l'Afrique de l'Est<\/span>\n\t\t\t\t\t<\/span>\n\t\t\t\t\t<\/a>\n\t\t\t\t\t\t\t\t<\/div>\n\t\t\t\t<\/div>\n\t\t<div class=\"elementor-element elementor-element-8754e4b e-con-full e-flex e-con e-child\" data-id=\"8754e4b\" data-element_type=\"container\">\n\t\t\t\t<div class=\"elementor-element elementor-element-5cfe3e7 elementor-align-justify elementor-widget elementor-widget-button\" data-id=\"5cfe3e7\" data-element_type=\"widget\" data-widget_type=\"button.default\">\n\t\t\t\t\t\t\t\t\t\t<a class=\"elementor-button elementor-button-link elementor-size-sm elementor-animation-grow\" href=\"https:\/\/africansecuritynetwork.org\/HSGO4\/index.php\/architecture-de-paix-et-de-securite-de-lafrique-australe\/\">\n\t\t\t\t\t\t<span class=\"elementor-button-content-wrapper\">\n\t\t\t\t\t\t\t\t\t<span class=\"elementor-button-text\">Architecture de paix et de s\u00e9curit\u00e9 de l\u2019Afrique Australe<\/span>\n\t\t\t\t\t<\/span>\n\t\t\t\t\t<\/a>\n\t\t\t\t\t\t\t\t<\/div>\n\t\t\t\t<\/div>\n\t\t<div class=\"elementor-element elementor-element-1496af0 e-con-full e-flex e-con e-child\" data-id=\"1496af0\" data-element_type=\"container\">\n\t\t\t\t<div class=\"elementor-element elementor-element-ba15bfb elementor-align-justify elementor-widget__width-inherit elementor-widget elementor-widget-button\" data-id=\"ba15bfb\" data-element_type=\"widget\" data-widget_type=\"button.default\">\n\t\t\t\t\t\t\t\t\t\t<a class=\"elementor-button elementor-button-link elementor-size-sm elementor-animation-grow\" href=\"https:\/\/africansecuritynetwork.org\/HSGO4\/index.php\/union-africaine-ua\/\">\n\t\t\t\t\t\t<span class=\"elementor-button-content-wrapper\">\n\t\t\t\t\t\t\t\t\t<span class=\"elementor-button-text\">Union africaine (UA)  <\/br>                    <\/span>\n\t\t\t\t\t<\/span>\n\t\t\t\t\t<\/a>\n\t\t\t\t\t\t\t\t<\/div>\n\t\t\t\t<\/div>\n\t\t\t\t\t<\/div>\n\t\t\t\t<\/div>\n\t\t\t\t<\/div>\n\t\t","protected":false},"excerpt":{"rendered":"<p>S\u00e9curit\u00e9 et organisations multilat\u00e9rales africaines Architecture de paix et de s\u00e9curit\u00e9 de l&#8217;Afrique de l&#8217;Ouest Architecture de paix et de s\u00e9curit\u00e9 de l&#8217;Afrique centrale Architecture de paix et de s\u00e9curit\u00e9 de l&#8217;Afrique de l&#8217;Est Architecture de paix et de s\u00e9curit\u00e9 de l\u2019Afrique Australe Union africaine (UA)<\/p>\n","protected":false},"author":1,"featured_media":0,"parent":0,"menu_order":0,"comment_status":"closed","ping_status":"closed","template":"","meta":{"footnotes":""},"class_list":["post-1284","page","type-page","status-publish","hentry"],"aioseo_notices":[],"_links":{"self":[{"href":"https:\/\/africansecuritynetwork.org\/HSGO4\/index.php\/wp-json\/wp\/v2\/pages\/1284","targetHints":{"allow":["GET"]}}],"collection":[{"href":"https:\/\/africansecuritynetwork.org\/HSGO4\/index.php\/wp-json\/wp\/v2\/pages"}],"about":[{"href":"https:\/\/africansecuritynetwork.org\/HSGO4\/index.php\/wp-json\/wp\/v2\/types\/page"}],"author":[{"embeddable":true,"href":"https:\/\/africansecuritynetwork.org\/HSGO4\/index.php\/wp-json\/wp\/v2\/users\/1"}],"replies":[{"embeddable":true,"href":"https:\/\/africansecuritynetwork.org\/HSGO4\/index.php\/wp-json\/wp\/v2\/comments?post=1284"}],"version-history":[{"count":94,"href":"https:\/\/africansecuritynetwork.org\/HSGO4\/index.php\/wp-json\/wp\/v2\/pages\/1284\/revisions"}],"predecessor-version":[{"id":3922,"href":"https:\/\/africansecuritynetwork.org\/HSGO4\/index.php\/wp-json\/wp\/v2\/pages\/1284\/revisions\/3922"}],"wp:attachment":[{"href":"https:\/\/africansecuritynetwork.org\/HSGO4\/index.php\/wp-json\/wp\/v2\/media?parent=1284"}],"curies":[{"name":"wp","href":"https:\/\/api.w.org\/{rel}","templated":true}]}}