{"id":1282,"date":"2024-12-15T09:36:49","date_gmt":"2024-12-15T09:36:49","guid":{"rendered":"https:\/\/africansecuritynetwork.org\/HSGO4\/?page_id=1282"},"modified":"2025-11-26T18:06:39","modified_gmt":"2025-11-26T18:06:39","slug":"publications-de-lassn","status":"publish","type":"page","link":"https:\/\/africansecuritynetwork.org\/HSGO4\/index.php\/publications-de-lassn\/","title":{"rendered":"Publications de l&#8217;ASSN"},"content":{"rendered":"\t\t<div data-elementor-type=\"wp-page\" data-elementor-id=\"1282\" class=\"elementor elementor-1282\" data-elementor-post-type=\"page\">\n\t\t\t\t<div class=\"elementor-element elementor-element-e7700b0 e-flex e-con-boxed e-con e-parent\" data-id=\"e7700b0\" data-element_type=\"container\">\n\t\t\t\t\t<div class=\"e-con-inner\">\n\t\t\t\t<div class=\"elementor-element elementor-element-c59137c elementor-widget elementor-widget-n-accordion\" data-id=\"c59137c\" data-element_type=\"widget\" data-settings=\"{&quot;default_state&quot;:&quot;all_collapsed&quot;,&quot;max_items_expended&quot;:&quot;one&quot;,&quot;n_accordion_animation_duration&quot;:{&quot;unit&quot;:&quot;ms&quot;,&quot;size&quot;:400,&quot;sizes&quot;:[]}}\" data-widget_type=\"nested-accordion.default\">\n\t\t\t\t\t\t\t<div class=\"e-n-accordion\" aria-label=\"Accordion. Open links with Enter or Space, close with Escape, and navigate with Arrow Keys\">\n\t\t\t\t\t\t<details id=\"e-n-accordion-item-2070\" class=\"e-n-accordion-item\" >\n\t\t\t\t<summary class=\"e-n-accordion-item-title\" data-accordion-index=\"1\" tabindex=\"0\" aria-expanded=\"false\" aria-controls=\"e-n-accordion-item-2070\" >\n\t\t\t\t\t<span class='e-n-accordion-item-title-header'><div class=\"e-n-accordion-item-title-text\"> R\u00e9publique D\u00e9mocratique du Congo <\/div><\/span>\n\t\t\t\t\t\t\t<span class='e-n-accordion-item-title-icon'>\n\t\t\t<span class='e-opened' ><svg aria-hidden=\"true\" class=\"e-font-icon-svg e-fas-minus\" viewBox=\"0 0 448 512\" xmlns=\"http:\/\/www.w3.org\/2000\/svg\"><path d=\"M416 208H32c-17.67 0-32 14.33-32 32v32c0 17.67 14.33 32 32 32h384c17.67 0 32-14.33 32-32v-32c0-17.67-14.33-32-32-32z\"><\/path><\/svg><\/span>\n\t\t\t<span class='e-closed'><svg aria-hidden=\"true\" class=\"e-font-icon-svg e-fas-prescription-bottle\" viewBox=\"0 0 384 512\" xmlns=\"http:\/\/www.w3.org\/2000\/svg\"><path d=\"M32 192h120c4.4 0 8 3.6 8 8v16c0 4.4-3.6 8-8 8H32v64h120c4.4 0 8 3.6 8 8v16c0 4.4-3.6 8-8 8H32v64h120c4.4 0 8 3.6 8 8v16c0 4.4-3.6 8-8 8H32v64c0 17.6 14.4 32 32 32h256c17.6 0 32-14.4 32-32V128H32v64zM360 0H24C10.8 0 0 10.8 0 24v48c0 13.2 10.8 24 24 24h336c13.2 0 24-10.8 24-24V24c0-13.2-10.8-24-24-24z\"><\/path><\/svg><\/span>\n\t\t<\/span>\n\n\t\t\t\t\t\t<\/summary>\n\t\t\t\t<div role=\"region\" aria-labelledby=\"e-n-accordion-item-2070\" class=\"elementor-element elementor-element-44d1128 e-con-full e-flex e-con e-child\" data-id=\"44d1128\" data-element_type=\"container\">\n\t\t<div role=\"region\" aria-labelledby=\"e-n-accordion-item-2070\" class=\"elementor-element elementor-element-1be2058 e-flex e-con-boxed e-con e-child\" data-id=\"1be2058\" data-element_type=\"container\">\n\t\t\t\t\t<div class=\"e-con-inner\">\n\t\t\t\t<div class=\"elementor-element elementor-element-7bd1808 elementor-widget elementor-widget-text-editor\" data-id=\"7bd1808\" data-element_type=\"widget\" data-widget_type=\"text-editor.default\">\n\t\t\t\t\t\t\t\t\t<p class=\"Titulo_Articulos\"><a class=\"nonblock\" href=\"https:\/\/www.africansecuritynetwork.org\/HSGO50\/assets\/rdc1_etude-sur-lagence-nationale-de-renseignements-en-re%cc%81publique-de%cc%81mocratique-du-congo-et-quelques-orientations-strate%cc%81giques-de-re%cc%81forme-1.pdf\" target=\"_blank\" rel=\"noopener\">\u00c9tude sur l\u2019Agence Nationale de Renseignements en R\u00e9publique D\u00e9mocratique du Congo et quelques orientations strat\u00e9giques de r\u00e9forme<\/a><\/p><p class=\"Titulo_Articulos\"><a class=\"nonblock\" href=\"https:\/\/www.africansecuritynetwork.org\/HSGO50\/assets\/rdc2_rapport-webinaire-le-role-de-lunion-europeenne-dans-le-suivi-et-levaluation-de-la-reforme-du-secteur-de-la-securite-en-republique-democratique-du-congo-rdc-1.pdf\" target=\"_blank\" rel=\"noopener\">Le r\u00f4le de l\u2019Union Europ\u00e9enne dans le suivi et l\u2019\u00e9valuation de la r\u00e9forme du secteur de la s\u00e9curit\u00e9 en R\u00e9publique D\u00e9mocratique du Congo<\/a><\/p><p class=\"Titulo_Articulos\"><a class=\"nonblock\" href=\"https:\/\/www.africansecuritynetwork.org\/HSGO50\/assets\/rdc1_etude-sur-lagence-nationale-de-renseignements-en-re%cc%81publique-de%cc%81mocratique-du-congo-et-quelques-orientations-strate%cc%81giques-de-re%cc%81forme-1.pdf\" target=\"_blank\" rel=\"noopener\">Les de\u0301fis et les enjeux du contro\u0302le des armes le\u0301ge\u0300res et des processus de De\u0301sarmement, De\u0301mobilisation et Re\u0301inte\u0301gration\/Re\u0301insertion en Re\u0301publique De\u0301mocratique du Congo.<\/a><\/p><p class=\"Titulo_Articulos\"><a class=\"nonblock\" href=\"https:\/\/www.africansecuritynetwork.org\/HSGO50\/assets\/rdc4_rapport-sur-les-perceptions-des-populations-des-villes-de-kinshasa-goma-et-bukavu-sur-la-police-nationale-congolaise.pdf\" target=\"_blank\" rel=\"noopener\">Rapport sur les perceptions des populations des villes de Kinshasa, Goma et Bukavu sur la Police nationale congolaise<\/a>\u00a0.<\/p><p class=\"Titulo_Articulos\"><a class=\"nonblock\" href=\"https:\/\/www.africansecuritynetwork.org\/HSGO50\/assets\/rdc5_depart-de-la-monusco-force-conjointe-de-leac-et-nouvelles-nominations-les-innombrables-defis-dune-armee-congolaise-en-quete-de-reconnaissance.pdf\" target=\"_blank\" rel=\"noopener\">D\u00e9part de la MONUSCO, force conjointe de l\u2019EAC et nouvelles nominations : les innombrables d\u00e9fis d\u2019une arm\u00e9e congolaise en qu\u00eate de reconnaissance<\/a>.<\/p>\t\t\t\t\t\t\t\t<\/div>\n\t\t\t\t\t<\/div>\n\t\t\t\t<\/div>\n\t\t\t\t<\/div>\n\t\t\t\t\t<\/details>\n\t\t\t\t\t\t<details id=\"e-n-accordion-item-2071\" class=\"e-n-accordion-item\" >\n\t\t\t\t<summary class=\"e-n-accordion-item-title\" data-accordion-index=\"2\" tabindex=\"-1\" aria-expanded=\"false\" aria-controls=\"e-n-accordion-item-2071\" >\n\t\t\t\t\t<span class='e-n-accordion-item-title-header'><div class=\"e-n-accordion-item-title-text\"> Mali <\/div><\/span>\n\t\t\t\t\t\t\t<span class='e-n-accordion-item-title-icon'>\n\t\t\t<span class='e-opened' ><svg aria-hidden=\"true\" class=\"e-font-icon-svg e-fas-minus\" viewBox=\"0 0 448 512\" xmlns=\"http:\/\/www.w3.org\/2000\/svg\"><path d=\"M416 208H32c-17.67 0-32 14.33-32 32v32c0 17.67 14.33 32 32 32h384c17.67 0 32-14.33 32-32v-32c0-17.67-14.33-32-32-32z\"><\/path><\/svg><\/span>\n\t\t\t<span class='e-closed'><svg aria-hidden=\"true\" class=\"e-font-icon-svg e-fas-prescription-bottle\" viewBox=\"0 0 384 512\" xmlns=\"http:\/\/www.w3.org\/2000\/svg\"><path d=\"M32 192h120c4.4 0 8 3.6 8 8v16c0 4.4-3.6 8-8 8H32v64h120c4.4 0 8 3.6 8 8v16c0 4.4-3.6 8-8 8H32v64h120c4.4 0 8 3.6 8 8v16c0 4.4-3.6 8-8 8H32v64c0 17.6 14.4 32 32 32h256c17.6 0 32-14.4 32-32V128H32v64zM360 0H24C10.8 0 0 10.8 0 24v48c0 13.2 10.8 24 24 24h336c13.2 0 24-10.8 24-24V24c0-13.2-10.8-24-24-24z\"><\/path><\/svg><\/span>\n\t\t<\/span>\n\n\t\t\t\t\t\t<\/summary>\n\t\t\t\t<div role=\"region\" aria-labelledby=\"e-n-accordion-item-2071\" class=\"elementor-element elementor-element-e04b72c e-con-full e-flex e-con e-child\" data-id=\"e04b72c\" data-element_type=\"container\">\n\t\t<div role=\"region\" aria-labelledby=\"e-n-accordion-item-2071\" class=\"elementor-element elementor-element-032c554 e-flex e-con-boxed e-con e-child\" data-id=\"032c554\" data-element_type=\"container\">\n\t\t\t\t\t<div class=\"e-con-inner\">\n\t\t\t\t<div class=\"elementor-element elementor-element-d71b7b9 elementor-widget elementor-widget-text-editor\" data-id=\"d71b7b9\" data-element_type=\"widget\" data-widget_type=\"text-editor.default\">\n\t\t\t\t\t\t\t\t\t<p class=\"Titulo_Articulos\"><a class=\"nonblock\" href=\"https:\/\/www.africansecuritynetwork.org\/HSGO50\/assets\/pub_e%cc%81tude-add-groupes-arme%cc%81s-gao.pdf\" target=\"_blank\" rel=\"noopener\">Etude sur la situation se\u0301curitaire de la re\u0301gion de Gao et la sociologie des diffe\u0301rents groupes arme\u0301s.<\/a><\/p><p class=\"Titulo_Articulos\"><a class=\"nonblock\" href=\"https:\/\/www.africansecuritynetwork.org\/HSGO50\/assets\/pub_genre-et-secteur-securite-mali.pdf\" target=\"_blank\" rel=\"noopener\">Genre et r\u00e9forme du secteur de la s\u00e9curit\u00e9 au Mali.<\/a><\/p><p class=\"Titulo_Articulos\"><a class=\"nonblock\" href=\"https:\/\/www.africansecuritynetwork.org\/HSGO50\/assets\/pub_le-role-des-femmes-dans-la-gestion-des-conflits-dans-la-region-de-gao-assn.pdf\" target=\"_blank\" rel=\"noopener\">Le r\u00f4le des femmes dans la gestion des conflits dans la r\u00e9gion de Gao.<\/a><\/p><p class=\"Titulo_Articulos\"><a class=\"nonblock\" href=\"https:\/\/www.africansecuritynetwork.org\/HSGO50\/assets\/pub_les-dispositions-institutionnelles-et-legales-adoptees-depuis-aout-2020-en-matiere-de-securite-au-mali-2.pdf\" target=\"_blank\" rel=\"noopener\">Les dispositions institutionnelles et l\u00e9gales adopt\u00e9es depuis ao\u00fbt 2020 en mati\u00e8re de s\u00e9curit\u00e9 au Mali.<\/a><\/p><p class=\"Titulo_Articulos\"><a class=\"nonblock\" href=\"https:\/\/www.africansecuritynetwork.org\/HSGO50\/assets\/pub_les-institutions-locales-et-coutumie%cc%80res-de-gestion-des-conflits-dans-la-re%cc%81gion-de-gao-dv.pdf\" target=\"_blank\" rel=\"noopener\">Les institutions locales et coutumie\u0300res de gestion des conflits dans la re\u0301gion de Gao.<\/a><\/p><p class=\"Titulo_Articulos\"><a class=\"nonblock\" href=\"https:\/\/www.africansecuritynetwork.org\/HSGO50\/assets\/pub_rapport-de-synthese-des-dialogues-communautaires-sur-la-securite-dans-la-region-de-gao.pdf\" target=\"_blank\" rel=\"noopener\">Rapport de synth\u00e8se des dialogues et concertations communautaires sur la s\u00e9curit\u00e9\u0301 dans la r\u00e9gion de Gao.<br \/><\/a><\/p>\t\t\t\t\t\t\t\t<\/div>\n\t\t\t\t\t<\/div>\n\t\t\t\t<\/div>\n\t\t\t\t<\/div>\n\t\t\t\t\t<\/details>\n\t\t\t\t\t\t<details id=\"e-n-accordion-item-2072\" class=\"e-n-accordion-item\" >\n\t\t\t\t<summary class=\"e-n-accordion-item-title\" data-accordion-index=\"3\" tabindex=\"-1\" aria-expanded=\"false\" aria-controls=\"e-n-accordion-item-2072\" >\n\t\t\t\t\t<span class='e-n-accordion-item-title-header'><div class=\"e-n-accordion-item-title-text\"> Soudan du Sud <\/div><\/span>\n\t\t\t\t\t\t\t<span class='e-n-accordion-item-title-icon'>\n\t\t\t<span class='e-opened' ><svg aria-hidden=\"true\" class=\"e-font-icon-svg e-fas-minus\" viewBox=\"0 0 448 512\" xmlns=\"http:\/\/www.w3.org\/2000\/svg\"><path d=\"M416 208H32c-17.67 0-32 14.33-32 32v32c0 17.67 14.33 32 32 32h384c17.67 0 32-14.33 32-32v-32c0-17.67-14.33-32-32-32z\"><\/path><\/svg><\/span>\n\t\t\t<span class='e-closed'><svg aria-hidden=\"true\" class=\"e-font-icon-svg e-fas-prescription-bottle\" viewBox=\"0 0 384 512\" xmlns=\"http:\/\/www.w3.org\/2000\/svg\"><path d=\"M32 192h120c4.4 0 8 3.6 8 8v16c0 4.4-3.6 8-8 8H32v64h120c4.4 0 8 3.6 8 8v16c0 4.4-3.6 8-8 8H32v64h120c4.4 0 8 3.6 8 8v16c0 4.4-3.6 8-8 8H32v64c0 17.6 14.4 32 32 32h256c17.6 0 32-14.4 32-32V128H32v64zM360 0H24C10.8 0 0 10.8 0 24v48c0 13.2 10.8 24 24 24h336c13.2 0 24-10.8 24-24V24c0-13.2-10.8-24-24-24z\"><\/path><\/svg><\/span>\n\t\t<\/span>\n\n\t\t\t\t\t\t<\/summary>\n\t\t\t\t<div role=\"region\" aria-labelledby=\"e-n-accordion-item-2072\" class=\"elementor-element elementor-element-c1e7b0c e-con-full e-flex e-con e-child\" data-id=\"c1e7b0c\" data-element_type=\"container\">\n\t\t<div role=\"region\" aria-labelledby=\"e-n-accordion-item-2072\" class=\"elementor-element elementor-element-73f3629 e-flex e-con-boxed e-con e-child\" data-id=\"73f3629\" data-element_type=\"container\">\n\t\t\t\t\t<div class=\"e-con-inner\">\n\t\t\t\t<div class=\"elementor-element elementor-element-a2d2a60 elementor-widget elementor-widget-text-editor\" data-id=\"a2d2a60\" data-element_type=\"widget\" data-widget_type=\"text-editor.default\">\n\t\t\t\t\t\t\t\t\t<p class=\"Titulo_Articulos\"><a class=\"nonblock\" href=\"https:\/\/www.africansecuritynetwork.org\/HSGO50\/assets\/sds_revitalized-peace-agreement.pdf\" target=\"_blank\" rel=\"noopener\">The Revitalized Peace Agreement \u2013 2018<\/a>.<\/p><p class=\"Titulo_Articulos\"><a class=\"nonblock\" href=\"https:\/\/www.africansecuritynetwork.org\/HSGO50\/assets\/sds_national-security-policy-strategy-of-south-sudan-draft.pdf\" target=\"_blank\" rel=\"noopener\">The National Consultative Process on the National Security Strategy<\/a>.<\/p><p class=\"Titulo_Articulos\"><a class=\"nonblock\" href=\"https:\/\/www.africansecuritynetwork.org\/HSGO50\/assets\/sds_prisons-service-act-2011.pdf\" target=\"_blank\" rel=\"noopener\">The Prisons Service Act<\/a>.<\/p><p class=\"Titulo_Articulos\"><a class=\"nonblock\" href=\"https:\/\/www.africansecuritynetwork.org\/HSGO50\/assets\/sds_original_-national_security_service_act.pdf\" target=\"_blank\" rel=\"noopener\">The National Security Service Act<\/a>.<\/p>\t\t\t\t\t\t\t\t<\/div>\n\t\t\t\t\t<\/div>\n\t\t\t\t<\/div>\n\t\t\t\t<\/div>\n\t\t\t\t\t<\/details>\n\t\t\t\t\t\t<details id=\"e-n-accordion-item-2073\" class=\"e-n-accordion-item\" >\n\t\t\t\t<summary class=\"e-n-accordion-item-title\" data-accordion-index=\"4\" tabindex=\"-1\" aria-expanded=\"false\" aria-controls=\"e-n-accordion-item-2073\" >\n\t\t\t\t\t<span class='e-n-accordion-item-title-header'><div class=\"e-n-accordion-item-title-text\"> Niger <\/div><\/span>\n\t\t\t\t\t\t\t<span class='e-n-accordion-item-title-icon'>\n\t\t\t<span class='e-opened' ><svg aria-hidden=\"true\" class=\"e-font-icon-svg e-fas-minus\" viewBox=\"0 0 448 512\" xmlns=\"http:\/\/www.w3.org\/2000\/svg\"><path d=\"M416 208H32c-17.67 0-32 14.33-32 32v32c0 17.67 14.33 32 32 32h384c17.67 0 32-14.33 32-32v-32c0-17.67-14.33-32-32-32z\"><\/path><\/svg><\/span>\n\t\t\t<span class='e-closed'><svg aria-hidden=\"true\" class=\"e-font-icon-svg e-fas-prescription-bottle\" viewBox=\"0 0 384 512\" xmlns=\"http:\/\/www.w3.org\/2000\/svg\"><path d=\"M32 192h120c4.4 0 8 3.6 8 8v16c0 4.4-3.6 8-8 8H32v64h120c4.4 0 8 3.6 8 8v16c0 4.4-3.6 8-8 8H32v64h120c4.4 0 8 3.6 8 8v16c0 4.4-3.6 8-8 8H32v64c0 17.6 14.4 32 32 32h256c17.6 0 32-14.4 32-32V128H32v64zM360 0H24C10.8 0 0 10.8 0 24v48c0 13.2 10.8 24 24 24h336c13.2 0 24-10.8 24-24V24c0-13.2-10.8-24-24-24z\"><\/path><\/svg><\/span>\n\t\t<\/span>\n\n\t\t\t\t\t\t<\/summary>\n\t\t\t\t<div role=\"region\" aria-labelledby=\"e-n-accordion-item-2073\" class=\"elementor-element elementor-element-d1370eb e-flex e-con-boxed e-con e-child\" data-id=\"d1370eb\" data-element_type=\"container\">\n\t\t\t\t\t<div class=\"e-con-inner\">\n\t\t<div role=\"region\" aria-labelledby=\"e-n-accordion-item-2073\" class=\"elementor-element elementor-element-8dca12e e-con-full e-flex e-con e-child\" data-id=\"8dca12e\" data-element_type=\"container\">\n\t\t\t\t<div class=\"elementor-element elementor-element-3825867 elementor-widget elementor-widget-text-editor\" data-id=\"3825867\" data-element_type=\"widget\" data-widget_type=\"text-editor.default\">\n\t\t\t\t\t\t\t\t\t<p class=\"Titulo_Articulos\"><a class=\"nonblock\" href=\"https:\/\/www.africansecuritynetwork.org\/HSGO50\/assets\/ngr_bilan-de-la-mesure-dinterdiction-de-lusage-des-motos-dans-les-zones-dinse%cc%81curite%cc%81-dans-la-re%cc%81gion-de-tillabe%cc%81ri.pdf\" target=\"_blank\" rel=\"noopener\">Bilan de la mesure d\u2019interdiction de l\u2019usage des motos dans les zones d\u2019inse\u0301curite\u0301 dans la re\u0301gion de Tillabe\u0301ri.<\/a><\/p><p class=\"Titulo_Articulos\"><a class=\"nonblock\" href=\"https:\/\/www.africansecuritynetwork.org\/HSGO50\/assets\/ngr_cartographie-des-acteurs-de-la-se%cc%81curite%cc%81-dans-les-re%cc%81gions-de-maradi-tahoua-et-tillaberi.pdf\" target=\"_blank\" rel=\"noopener\">Cartographie des acteurs de la s\u00e9curit\u00e9 dans les r\u00e9gions de Maradi, Tahoua et Tillab\u00e9ri.<\/a><\/p><p class=\"Titulo_Articulos\"><a class=\"nonblock\" href=\"https:\/\/www.africansecuritynetwork.org\/HSGO50\/assets\/ngr_observatoire-de-la-gouvernance-de-securite-rapport-de-monitoring-n%c2%b01.pdf\" target=\"_blank\" rel=\"noopener\">Observatoire de la gouvernance de s\u00e9curit\u00e9 : rapport de monitoring N\u00b0 1.<\/a><\/p><p class=\"Titulo_Articulos\"><a class=\"nonblock\" href=\"https:\/\/www.africansecuritynetwork.org\/HSGO50\/assets\/ngr_observatoire-de-la-gouvernance-de-securite-rapport-de-monitoring-n%c2%b02.pdf\" target=\"_blank\" rel=\"noopener\">Observatoire de la gouvernance de s\u00e9curit\u00e9 : rapport de monitoring N\u00b0 2.<\/a><\/p><p class=\"Titulo_Articulos\"><a class=\"nonblock\" href=\"https:\/\/www.africansecuritynetwork.org\/HSGO50\/assets\/ngr_etude-sur-les-operations-militaires-et-la-protection-des-civils-au-niger-assn.pdf\" target=\"_blank\" rel=\"noopener\">Op\u00e9rations militaires et protection des civils au Niger.<\/a><\/p><p class=\"Titulo_Articulos\"><a class=\"nonblock\" href=\"https:\/\/www.africansecuritynetwork.org\/HSGO50\/assets\/ngr_re%cc%81flexions-sur-lexamen-par-le-parlement-nige%cc%81rien-de-la-question-du-rede%cc%81ploiement-des-forces-e%cc%81trange%cc%80res-sur-le-sol-nige%cc%81rien-%e2%80%93-dr-kossi-agokla.pdf\" target=\"_blank\" rel=\"noopener\">R\u00e9flexions sur l\u2019examen par le Parlement nig\u00e9rien de la question du red\u00e9ploiement des forces \u00e9trang\u00e8res sur le sol nig\u00e9rien.<\/a><\/p>\t\t\t\t\t\t\t\t<\/div>\n\t\t\t\t<\/div>\n\t\t\t\t\t<\/div>\n\t\t\t\t<\/div>\n\t\t\t\t\t<\/details>\n\t\t\t\t\t<\/div>\n\t\t\t\t\t\t<\/div>\n\t\t\t\t\t<\/div>\n\t\t\t\t<\/div>\n\t\t\t\t<\/div>\n\t\t","protected":false},"excerpt":{"rendered":"<p>R\u00e9publique D\u00e9mocratique du Congo \u00c9tude sur l\u2019Agence Nationale de Renseignements en R\u00e9publique D\u00e9mocratique du Congo et quelques orientations strat\u00e9giques de r\u00e9forme Le r\u00f4le de l\u2019Union Europ\u00e9enne dans le suivi et l\u2019\u00e9valuation de la r\u00e9forme du secteur de la s\u00e9curit\u00e9 en R\u00e9publique D\u00e9mocratique du Congo Les de\u0301fis et les enjeux du contro\u0302le des armes le\u0301ge\u0300res et [&hellip;]<\/p>\n","protected":false},"author":1,"featured_media":0,"parent":0,"menu_order":0,"comment_status":"closed","ping_status":"closed","template":"","meta":{"footnotes":""},"class_list":["post-1282","page","type-page","status-publish","hentry"],"aioseo_notices":[],"_links":{"self":[{"href":"https:\/\/africansecuritynetwork.org\/HSGO4\/index.php\/wp-json\/wp\/v2\/pages\/1282","targetHints":{"allow":["GET"]}}],"collection":[{"href":"https:\/\/africansecuritynetwork.org\/HSGO4\/index.php\/wp-json\/wp\/v2\/pages"}],"about":[{"href":"https:\/\/africansecuritynetwork.org\/HSGO4\/index.php\/wp-json\/wp\/v2\/types\/page"}],"author":[{"embeddable":true,"href":"https:\/\/africansecuritynetwork.org\/HSGO4\/index.php\/wp-json\/wp\/v2\/users\/1"}],"replies":[{"embeddable":true,"href":"https:\/\/africansecuritynetwork.org\/HSGO4\/index.php\/wp-json\/wp\/v2\/comments?post=1282"}],"version-history":[{"count":8,"href":"https:\/\/africansecuritynetwork.org\/HSGO4\/index.php\/wp-json\/wp\/v2\/pages\/1282\/revisions"}],"predecessor-version":[{"id":6430,"href":"https:\/\/africansecuritynetwork.org\/HSGO4\/index.php\/wp-json\/wp\/v2\/pages\/1282\/revisions\/6430"}],"wp:attachment":[{"href":"https:\/\/africansecuritynetwork.org\/HSGO4\/index.php\/wp-json\/wp\/v2\/media?parent=1282"}],"curies":[{"name":"wp","href":"https:\/\/api.w.org\/{rel}","templated":true}]}}