{"id":1169,"date":"2024-12-10T19:52:22","date_gmt":"2024-12-10T19:52:22","guid":{"rendered":"https:\/\/africansecuritynetwork.org\/HSGO4\/?page_id=1169"},"modified":"2024-12-11T06:50:33","modified_gmt":"2024-12-11T06:50:33","slug":"securite_hybride","status":"publish","type":"page","link":"https:\/\/africansecuritynetwork.org\/HSGO4\/index.php\/securite_hybride\/","title":{"rendered":"securite_hybride"},"content":{"rendered":"\t\t<div data-elementor-type=\"wp-page\" data-elementor-id=\"1169\" class=\"elementor elementor-1169\" data-elementor-post-type=\"page\">\n\t\t\t\t<div class=\"elementor-element elementor-element-f7f5402 e-flex e-con-boxed e-con e-parent\" data-id=\"f7f5402\" data-element_type=\"container\">\n\t\t\t\t\t<div class=\"e-con-inner\">\n\t\t\t\t<div class=\"elementor-element elementor-element-0f9603d elementor-widget elementor-widget-text-editor\" data-id=\"0f9603d\" data-element_type=\"widget\" data-widget_type=\"text-editor.default\">\n\t\t\t\t\t\t\t\t\t<h5><strong>Hybridit\u00e9 et informalit\u00e9<\/strong><\/h5>\t\t\t\t\t\t\t\t<\/div>\n\t\t\t\t\t<\/div>\n\t\t\t\t<\/div>\n\t\t<div class=\"elementor-element elementor-element-9497d67 e-flex e-con-boxed e-con e-parent\" data-id=\"9497d67\" data-element_type=\"container\" data-settings=\"{&quot;background_background&quot;:&quot;classic&quot;}\">\n\t\t\t\t\t<div class=\"e-con-inner\">\n\t\t\t\t<div class=\"elementor-element elementor-element-1239a65 elementor-widget elementor-widget-text-editor\" data-id=\"1239a65\" data-element_type=\"widget\" data-widget_type=\"text-editor.default\">\n\t\t\t\t\t\t\t\t\t<p class=\"Titulo_Articulos\">Voelker Boege, M. A. Brown, Kevin Clements (2009).<\/p><p class=\"Texto_articulos\"><a class=\"nonblock\" href=\"https:\/\/doi.org\/10.1080\/10402650802689997\" target=\"_blank\" rel=\"noopener\">\u201cHybrid Political Orders, Not Fragile States\u201d.<\/a>\u00a0Peace Review 21(1), p. 13\u201321.<\/p><p class=\"Titulo_Articulos\">Fairlie Chappuis (2023).<\/p><p class=\"Texto_articulos\"><a class=\"nonblock\" href=\"https:\/\/www.dcaf.ch\/hybrid-security-challenges-and-opportunities-security-sector-reform\" target=\"_blank\" rel=\"noopener\">Hybrid Security: Challenges and Opportunities for Security Sector Reform.<\/a><\/p><p class=\"Texto_articulos\">DCAF \u2013 Geneva Centre for Security and Governance.<\/p><p class=\"Titulo_Articulos\"><a class=\"nonblock\" href=\"https:\/\/www.in-formality.com\/wiki\/index.php?title=Download_the_Global_Encyclopaedia_of_Informality\" target=\"_blank\" rel=\"noopener\">Global Encyclopedia on Informality<\/a><\/p>\t\t\t\t\t\t\t\t<\/div>\n\t\t\t\t\t<\/div>\n\t\t\t\t<\/div>\n\t\t<div class=\"elementor-element elementor-element-ff0bce8 e-flex e-con-boxed e-con e-parent\" data-id=\"ff0bce8\" data-element_type=\"container\">\n\t\t\t\t\t<div class=\"e-con-inner\">\n\t\t\t\t<div class=\"elementor-element elementor-element-b0ece31 elementor-widget elementor-widget-text-editor\" data-id=\"b0ece31\" data-element_type=\"widget\" data-widget_type=\"text-editor.default\">\n\t\t\t\t\t\t\t\t\t<h5><strong>S\u00e9curit\u00e9 hybride en Afrique<\/strong><\/h5>\t\t\t\t\t\t\t\t<\/div>\n\t\t\t\t\t<\/div>\n\t\t\t\t<\/div>\n\t\t<div class=\"elementor-element elementor-element-7e05461 e-flex e-con-boxed e-con e-parent\" data-id=\"7e05461\" data-element_type=\"container\" data-settings=\"{&quot;background_background&quot;:&quot;classic&quot;}\">\n\t\t\t\t\t<div class=\"e-con-inner\">\n\t\t\t\t<div class=\"elementor-element elementor-element-a5824ba elementor-widget elementor-widget-text-editor\" data-id=\"a5824ba\" data-element_type=\"widget\" data-widget_type=\"text-editor.default\">\n\t\t\t\t\t\t\t\t\t<h6 class=\"Titulo_Articulos\">Niagale Bagayoko, Eboe Hutchful, Robin Luckham (2016)<\/h6><h6 class=\"Texto_articulos\"><a class=\"nonblock\" href=\"https:\/\/www.researchgate.net\/publication\/297677490_Hybrid_security_governance_in_Africa_rethinking_the_foundations_of_security_justice_and_legitimate_public_authority\" target=\"_blank\" rel=\"noopener\">Hybrid security governance in Africa: rethinking the foundations of security, justice and legitimate public authority.<\/a><br \/>Conflict, Security &amp; Development, 16:1, 1-32.<\/h6><h6 class=\"Titulo_Articulos\">Niagale Bagayoko, Eboe Hutchful, Robin Luckham<\/h6><h6 class=\"Texto_articulos\"><a class=\"nonblock\" href=\"https:\/\/www.cairn.info\/revue-afrique-contemporaine1-2016-4-page-93.htm\" target=\"_blank\" rel=\"noopener\">\u00ab Hybridit\u00e9 et gouvernance de la s\u00e9curit\u00e9 en Afrique. Entretien \u00bb<\/a>, Afrique contemporaine, 2016\/4 (N\u00b0 260), p. 93-109.<\/h6><h6 class=\"Titulo_Articulos\">Niagale Bagayoko, Eboe Hutchful, Robin Luckham<\/h6><h6 class=\"Texto_articulos\"><a class=\"nonblock\" href=\"https:\/\/www.cairn-int.info\/journal-afrique-contemporaine1-2016-4-page-93.htm\" target=\"_blank\" rel=\"noopener\">&#8220;Hybridity and the governance of security in Africa. Interview&#8221;<\/a>. Afrique contemporaine, 2016\/4 (No 260), p. 93-109.<\/h6><h6 class=\"Titulo_Articulos\">Niagal\u00e9 Bagayoko (2022)<\/h6><p class=\"Texto_articulos\"><a class=\"nonblock\" href=\"https:\/\/www.tandfonline.com\/doi\/full\/10.1080\/14678802.2022.2097776\" target=\"_blank\" rel=\"noopener\">Explaining the failure of internationally-supported defence and security reforms in Sahelian states.<\/a><\/p><h6 class=\"Texto_articulos\">Conflict, Security &amp; Development 22:3, p. 243-269.<\/h6><h6 class=\"Titulo_Articulos\">Niagal\u00e9 Bagayoko (2023).<\/h6><p class=\"Texto_articulos\"><a class=\"nonblock\" href=\"https:\/\/africansecuritynetwork.org\/HSGO\/assets\/1.sahe%cc%81liennes.pdf\" target=\"_blank\" rel=\"noopener\">Les forces arm\u00e9es sah\u00e9liennes entre informalit\u00e9 et hybridit\u00e9.<\/a><\/p><h6 class=\"Titulo_Articulos\">Niagale Bagayoko, Eboe Hutchful (2024)<\/h6><h6 class=\"Texto_articulos\"><a class=\"nonblock\" href=\"https:\/\/www.africansecuritynetwork.org\/assn\/wp-content\/uploads\/2024\/10\/The-Hybridisation-of-Security-Niagale-Bagayoko-Eboe-Hutchful-ASSN.pdf\" target=\"_blank\" rel=\"noopener\">The Hybridisation of Security \/ L\u2019hybridation de la s\u00e9curit\u00e9<\/a><br \/>Written by Professor Eboe Hutchful, Executive Secretary of the ASSN, and Dr. Niagal\u00e9 Bagayoko, Chair of the ASSN.<\/h6>\t\t\t\t\t\t\t\t<\/div>\n\t\t\t\t\t<\/div>\n\t\t\t\t<\/div>\n\t\t\t\t<\/div>\n\t\t","protected":false},"excerpt":{"rendered":"<p>Hybridit\u00e9 et informalit\u00e9 Voelker Boege, M. A. Brown, Kevin Clements (2009). \u201cHybrid Political Orders, Not Fragile States\u201d.\u00a0Peace Review 21(1), p. 13\u201321. Fairlie Chappuis (2023). Hybrid Security: Challenges and Opportunities for Security Sector Reform. DCAF \u2013 Geneva Centre for Security and Governance. Global Encyclopedia on Informality S\u00e9curit\u00e9 hybride en Afrique Niagale Bagayoko, Eboe Hutchful, Robin Luckham [&hellip;]<\/p>\n","protected":false},"author":1,"featured_media":0,"parent":0,"menu_order":0,"comment_status":"closed","ping_status":"closed","template":"elementor_header_footer","meta":{"footnotes":""},"class_list":["post-1169","page","type-page","status-publish","hentry"],"aioseo_notices":[],"_links":{"self":[{"href":"https:\/\/africansecuritynetwork.org\/HSGO4\/index.php\/wp-json\/wp\/v2\/pages\/1169","targetHints":{"allow":["GET"]}}],"collection":[{"href":"https:\/\/africansecuritynetwork.org\/HSGO4\/index.php\/wp-json\/wp\/v2\/pages"}],"about":[{"href":"https:\/\/africansecuritynetwork.org\/HSGO4\/index.php\/wp-json\/wp\/v2\/types\/page"}],"author":[{"embeddable":true,"href":"https:\/\/africansecuritynetwork.org\/HSGO4\/index.php\/wp-json\/wp\/v2\/users\/1"}],"replies":[{"embeddable":true,"href":"https:\/\/africansecuritynetwork.org\/HSGO4\/index.php\/wp-json\/wp\/v2\/comments?post=1169"}],"version-history":[{"count":10,"href":"https:\/\/africansecuritynetwork.org\/HSGO4\/index.php\/wp-json\/wp\/v2\/pages\/1169\/revisions"}],"predecessor-version":[{"id":1229,"href":"https:\/\/africansecuritynetwork.org\/HSGO4\/index.php\/wp-json\/wp\/v2\/pages\/1169\/revisions\/1229"}],"wp:attachment":[{"href":"https:\/\/africansecuritynetwork.org\/HSGO4\/index.php\/wp-json\/wp\/v2\/media?parent=1169"}],"curies":[{"name":"wp","href":"https:\/\/api.w.org\/{rel}","templated":true}]}}